{"id":4488,"date":"2018-04-12T07:29:40","date_gmt":"2018-04-12T05:29:40","guid":{"rendered":"https:\/\/myheritagelanguage.com\/about\/"},"modified":"2018-11-17T15:03:53","modified_gmt":"2018-11-17T13:03:53","slug":"about","status":"publish","type":"page","link":"https:\/\/myheritagelanguage.com\/bkms\/about\/","title":{"rendered":"O Nama"},"content":{"rendered":"<p>U seriji priru\u010dnika &#8220;Materijali za nastavu maternjeg jezika u dopunskim \u0161kolama&#8221; predstavljen je niz osnovnih didakti\u010dkih principa i metoda u aktuelnoj nastavi zapadnoevropskih i severnoevropskih \u0161kola. Razli\u010diti priru\u010dnici nude informacije o teorijskim osnovama, kao i mno\u0161tvo konkretnih predloga za nastavnu praksu. Zahvaljuju\u0107i novoj internet-stranici mogu\u0107e je lako nala\u017eenje i preuzimanje svih materijala. Cilj je pru\u017eanje potpore nastavnicima dopunskih \u0161irom sveta u ostvarivanju svog va\u017enog i zahtevnog zadatka.<\/p>\n<p><!-- ROW 1 --><\/p>\n<div class=\"row\">\n<p><!-- COL 1.1--><\/p>\n<div class=\"col-sm-6\" style=\"padding-top: 20px;\">\n<a href=\"\/bkms\/about\/about-hlt\"><\/p>\n<div class=\"row\">\n<div class=\"col-sm-12\">\n<h2>O dopunskim \u0161kolama<\/h2>\n<\/div>\n<div class=\"col-sm-12\"><img loading=\"lazy\" class=\"alignnone size-large wp-image-1638\" src=\"\/wp-content\/uploads\/2018\/07\/5I3A9392-Kopie-1024x404.jpg\" alt=\"\" width=\"1024\" height=\"404\" srcset=\"https:\/\/myheritagelanguage.com\/wp-content\/uploads\/2018\/07\/5I3A9392-Kopie-1024x404.jpg 1024w, https:\/\/myheritagelanguage.com\/wp-content\/uploads\/2018\/07\/5I3A9392-Kopie-300x119.jpg 300w, https:\/\/myheritagelanguage.com\/wp-content\/uploads\/2018\/07\/5I3A9392-Kopie-768x303.jpg 768w, https:\/\/myheritagelanguage.com\/wp-content\/uploads\/2018\/07\/5I3A9392-Kopie.jpg 1200w\" sizes=\"(max-width: 1024px) 100vw, 1024px\" \/><\/div>\n<div class=\"col-sm-12\" style=\"padding-top: 5px;\">Izrazom \u201cnastava maternjeg jezika u dopunskim \u0161kolama\u201d, odnosno \u201cnastava jezika porekla\u201d (nem. Herkunftssprachlicher Unterricht \u2013 HSU; u \u0160vajcarskoj: Unterricht in heimatlicher Sprache und Kultur \u2013 HSK) <span style=\"color: #337ab7; text-decoration: underline;\">Pro\u010ditaj vi\u0161e<\/span><\/div>\n<\/div>\n<p><\/a><br \/>\n&nbsp;<\/p>\n<\/div>\n<p><!-- COL 1.2--><\/p>\n<div class=\"col-sm-6\" style=\"padding-top: 20px;\">\n<a href=\"\/bkms\/about\/about-us\"><\/p>\n<div class=\"row\">\n<div class=\"col-sm-12\">\n<h2>O nama<\/h2>\n<\/div>\n<div class=\"col-sm-12\"><img loading=\"lazy\" class=\"alignnone size-large wp-image-1638\" src=\"\/wp-content\/uploads\/2018\/07\/5I3A9272-Kopie.jpg\" alt=\"\" width=\"1024\" height=\"404\" \/><\/div>\n<div class=\"col-sm-12\" style=\"padding-top: 5px;\">Serija priru\u010dnika Materijali za nastavu maternjeg jezika u dopunskim \u0161kolama nastala je saradnjom brojnih autora i autorki, obrazovnih stru\u010dnjaka i nastavnika. <span style=\"color: #337ab7; text-decoration: underline;\">Pro\u010ditaj vi\u0161e<\/span><\/div>\n<\/div>\n<\/div>\n<p><\/a><br \/>\n&nbsp;<\/p>\n<\/div>\n<p><!-- ROW 2 --><\/p>\n<div class=\"row\">\n<p><!-- COL 2.1--><\/p>\n<div class=\"col-sm-6\" style=\"padding-top: 20px;\">\n<a href=\"\/bkms\/about\/about-phzh\"><\/p>\n<div class=\"row\">\n<div class=\"col-sm-12\">\n<h2>O Pedago\u0161koj visokoj \u0161koli (U\u010diteljskom fakultetu) u Cirihu<\/h2>\n<\/div>\n<div class=\"col-sm-12\"><img loading=\"lazy\" class=\"alignnone size-full wp-image-1665\" src=\"\/wp-content\/uploads\/2018\/07\/about_phzh_teazer.jpg\" alt=\"\" width=\"900\" height=\"355\" srcset=\"https:\/\/myheritagelanguage.com\/wp-content\/uploads\/2018\/07\/about_phzh_teazer.jpg 900w, https:\/\/myheritagelanguage.com\/wp-content\/uploads\/2018\/07\/about_phzh_teazer-300x118.jpg 300w, https:\/\/myheritagelanguage.com\/wp-content\/uploads\/2018\/07\/about_phzh_teazer-768x303.jpg 768w\" sizes=\"(max-width: 900px) 100vw, 900px\" \/><\/div>\n<div class=\"col-sm-12\" style=\"padding-top: 5px;\">Pedago\u0161ka visoka \u0161kola (U\u010diteljski fakultet) u Cirihu (PH Z\u00fcrich) je ustanova za obrazovanje i usavr\u0161avanje nastavnika u Kantonu Cirih. <span style=\"color: #337ab7; text-decoration: underline;\">Pro\u010ditaj vi\u0161e<\/span><\/div>\n<\/div>\n<p><\/a>\n<\/div>\n<p><!-- COL 2.2--><\/p>\n<div class=\"col-sm-6\" style=\"padding-top: 20px;\">\n<a href=\"\/bkms\/about\/donors\"><\/p>\n<div class=\"row\">\n<div class=\"col-sm-12\">\n<h2>Partneri<\/h2>\n<\/div>\n<div class=\"col-sm-12\"><img loading=\"lazy\" class=\"alignnone size-full wp-image-1701\" src=\"https:\/\/myheritagelanguage.com\/wp-content\/uploads\/2018\/10\/donors_teaser_800x315.jpg\" alt=\"\" width=\"800\" height=\"316\" \/><\/div>\n<div class=\"col-sm-12\" style=\"padding-top: 5px;\">Realizacija serije priru\u010dnika za nastavu maternjeg jezika u dopunskim \u0161kolama ne bi bila mogu\u0107a bez prijateljske podr\u0161ke na\u0161ih partnera <span style=\"color: #337ab7; text-decoration: underline;\">Pro\u010ditaj vi\u0161e<\/span><\/div>\n<\/div>\n<\/div>\n<p><\/a>\n<\/div>\n","protected":false},"excerpt":{"rendered":"<p>U seriji priru\u010dnika &#8220;Materijali za nastavu maternjeg jezika u dopunskim \u0161kolama&#8221; predstavljen je niz osnovnih didakti\u010dkih principa i metoda u aktuelnoj nastavi zapadnoevropskih i severnoevropskih \u0161kola. Razli\u010diti priru\u010dnici nude informacije o teorijskim osnovama, kao i mno\u0161tvo konkretnih predloga za nastavnu praksu. Zahvaljuju\u0107i novoj internet-stranici mogu\u0107e je lako nala\u017eenje i preuzimanje svih materijala. Cilj je pru\u017eanje [&hellip;]<\/p>\n","protected":false},"author":1,"featured_media":0,"parent":0,"menu_order":0,"comment_status":"closed","ping_status":"closed","template":"page-full.php","meta":[],"yoast_head":"<!-- This site is optimized with the Yoast SEO plugin v17.0 - https:\/\/yoast.com\/wordpress\/plugins\/seo\/ -->\n<meta name=\"robots\" content=\"index, follow, max-snippet:-1, max-image-preview:large, max-video-preview:-1\" \/>\n<link rel=\"canonical\" href=\"https:\/\/myheritagelanguage.com\/bkms\/about\/\" \/>\n<meta property=\"og:locale\" content=\"en_US\" \/>\n<meta property=\"og:type\" content=\"article\" \/>\n<meta property=\"og:title\" content=\"O Nama | HLT\" \/>\n<meta property=\"og:description\" content=\"U seriji priru\u010dnika &#8220;Materijali za nastavu maternjeg jezika u dopunskim \u0161kolama&#8221; predstavljen je niz osnovnih didakti\u010dkih principa i metoda u aktuelnoj nastavi zapadnoevropskih i severnoevropskih \u0161kola. Razli\u010diti priru\u010dnici nude informacije o teorijskim osnovama, kao i mno\u0161tvo konkretnih predloga za nastavnu praksu. Zahvaljuju\u0107i novoj internet-stranici mogu\u0107e je lako nala\u017eenje i preuzimanje svih materijala. Cilj je pru\u017eanje [&hellip;]\" \/>\n<meta property=\"og:url\" content=\"https:\/\/myheritagelanguage.com\/bkms\/about\/\" \/>\n<meta property=\"og:site_name\" content=\"HLT\" \/>\n<meta property=\"article:modified_time\" content=\"2018-11-17T13:03:53+00:00\" \/>\n<meta property=\"og:image\" content=\"https:\/\/myheritagelanguage.com\/wp-content\/uploads\/2018\/07\/5I3A9392-Kopie-1024x404.jpg\" \/>\n<meta name=\"twitter:card\" content=\"summary\" \/>\n<meta name=\"twitter:label1\" content=\"Est. reading time\" \/>\n\t<meta name=\"twitter:data1\" content=\"1 minute\" \/>\n<script type=\"application\/ld+json\" class=\"yoast-schema-graph\">{\"@context\":\"https:\/\/schema.org\",\"@graph\":[{\"@type\":\"WebSite\",\"@id\":\"https:\/\/myheritagelanguage.com\/bkms\/#website\",\"url\":\"https:\/\/myheritagelanguage.com\/bkms\/\",\"name\":\"HLT\",\"description\":\"Heritage Language Teaching\",\"potentialAction\":[{\"@type\":\"SearchAction\",\"target\":{\"@type\":\"EntryPoint\",\"urlTemplate\":\"https:\/\/myheritagelanguage.com\/bkms\/?s={search_term_string}\"},\"query-input\":\"required name=search_term_string\"}],\"inLanguage\":\"sr-SP\"},{\"@type\":\"ImageObject\",\"@id\":\"https:\/\/myheritagelanguage.com\/bkms\/about\/#primaryimage\",\"inLanguage\":\"sr-SP\",\"url\":\"\/wp-content\/uploads\/2018\/07\/5I3A9392-Kopie-1024x404.jpg\",\"contentUrl\":\"\/wp-content\/uploads\/2018\/07\/5I3A9392-Kopie-1024x404.jpg\"},{\"@type\":\"WebPage\",\"@id\":\"https:\/\/myheritagelanguage.com\/bkms\/about\/#webpage\",\"url\":\"https:\/\/myheritagelanguage.com\/bkms\/about\/\",\"name\":\"O Nama | HLT\",\"isPartOf\":{\"@id\":\"https:\/\/myheritagelanguage.com\/bkms\/#website\"},\"primaryImageOfPage\":{\"@id\":\"https:\/\/myheritagelanguage.com\/bkms\/about\/#primaryimage\"},\"datePublished\":\"2018-04-12T05:29:40+00:00\",\"dateModified\":\"2018-11-17T13:03:53+00:00\",\"breadcrumb\":{\"@id\":\"https:\/\/myheritagelanguage.com\/bkms\/about\/#breadcrumb\"},\"inLanguage\":\"sr-SP\",\"potentialAction\":[{\"@type\":\"ReadAction\",\"target\":[\"https:\/\/myheritagelanguage.com\/bkms\/about\/\"]}]},{\"@type\":\"BreadcrumbList\",\"@id\":\"https:\/\/myheritagelanguage.com\/bkms\/about\/#breadcrumb\",\"itemListElement\":[{\"@type\":\"ListItem\",\"position\":1,\"name\":\"Home\",\"item\":\"https:\/\/myheritagelanguage.com\/bkms\/\"},{\"@type\":\"ListItem\",\"position\":2,\"name\":\"O Nama\"}]}]}<\/script>\n<!-- \/ Yoast SEO plugin. -->","yoast_head_json":{"robots":{"index":"index","follow":"follow","max-snippet":"max-snippet:-1","max-image-preview":"max-image-preview:large","max-video-preview":"max-video-preview:-1"},"canonical":"https:\/\/myheritagelanguage.com\/bkms\/about\/","og_locale":"en_US","og_type":"article","og_title":"O Nama | HLT","og_description":"U seriji priru\u010dnika &#8220;Materijali za nastavu maternjeg jezika u dopunskim \u0161kolama&#8221; predstavljen je niz osnovnih didakti\u010dkih principa i metoda u aktuelnoj nastavi zapadnoevropskih i severnoevropskih \u0161kola. Razli\u010diti priru\u010dnici nude informacije o teorijskim osnovama, kao i mno\u0161tvo konkretnih predloga za nastavnu praksu. Zahvaljuju\u0107i novoj internet-stranici mogu\u0107e je lako nala\u017eenje i preuzimanje svih materijala. Cilj je pru\u017eanje [&hellip;]","og_url":"https:\/\/myheritagelanguage.com\/bkms\/about\/","og_site_name":"HLT","article_modified_time":"2018-11-17T13:03:53+00:00","og_image":[{"url":"https:\/\/myheritagelanguage.com\/wp-content\/uploads\/2018\/07\/5I3A9392-Kopie-1024x404.jpg"}],"twitter_card":"summary","twitter_misc":{"Est. reading time":"1 minute"},"schema":{"@context":"https:\/\/schema.org","@graph":[{"@type":"WebSite","@id":"https:\/\/myheritagelanguage.com\/bkms\/#website","url":"https:\/\/myheritagelanguage.com\/bkms\/","name":"HLT","description":"Heritage Language Teaching","potentialAction":[{"@type":"SearchAction","target":{"@type":"EntryPoint","urlTemplate":"https:\/\/myheritagelanguage.com\/bkms\/?s={search_term_string}"},"query-input":"required name=search_term_string"}],"inLanguage":"sr-SP"},{"@type":"ImageObject","@id":"https:\/\/myheritagelanguage.com\/bkms\/about\/#primaryimage","inLanguage":"sr-SP","url":"\/wp-content\/uploads\/2018\/07\/5I3A9392-Kopie-1024x404.jpg","contentUrl":"\/wp-content\/uploads\/2018\/07\/5I3A9392-Kopie-1024x404.jpg"},{"@type":"WebPage","@id":"https:\/\/myheritagelanguage.com\/bkms\/about\/#webpage","url":"https:\/\/myheritagelanguage.com\/bkms\/about\/","name":"O Nama | HLT","isPartOf":{"@id":"https:\/\/myheritagelanguage.com\/bkms\/#website"},"primaryImageOfPage":{"@id":"https:\/\/myheritagelanguage.com\/bkms\/about\/#primaryimage"},"datePublished":"2018-04-12T05:29:40+00:00","dateModified":"2018-11-17T13:03:53+00:00","breadcrumb":{"@id":"https:\/\/myheritagelanguage.com\/bkms\/about\/#breadcrumb"},"inLanguage":"sr-SP","potentialAction":[{"@type":"ReadAction","target":["https:\/\/myheritagelanguage.com\/bkms\/about\/"]}]},{"@type":"BreadcrumbList","@id":"https:\/\/myheritagelanguage.com\/bkms\/about\/#breadcrumb","itemListElement":[{"@type":"ListItem","position":1,"name":"Home","item":"https:\/\/myheritagelanguage.com\/bkms\/"},{"@type":"ListItem","position":2,"name":"O Nama"}]}]}},"_links":{"self":[{"href":"https:\/\/myheritagelanguage.com\/bkms\/wp-json\/wp\/v2\/pages\/4488"}],"collection":[{"href":"https:\/\/myheritagelanguage.com\/bkms\/wp-json\/wp\/v2\/pages"}],"about":[{"href":"https:\/\/myheritagelanguage.com\/bkms\/wp-json\/wp\/v2\/types\/page"}],"author":[{"embeddable":true,"href":"https:\/\/myheritagelanguage.com\/bkms\/wp-json\/wp\/v2\/users\/1"}],"replies":[{"embeddable":true,"href":"https:\/\/myheritagelanguage.com\/bkms\/wp-json\/wp\/v2\/comments?post=4488"}],"version-history":[{"count":6,"href":"https:\/\/myheritagelanguage.com\/bkms\/wp-json\/wp\/v2\/pages\/4488\/revisions"}],"predecessor-version":[{"id":5631,"href":"https:\/\/myheritagelanguage.com\/bkms\/wp-json\/wp\/v2\/pages\/4488\/revisions\/5631"}],"wp:attachment":[{"href":"https:\/\/myheritagelanguage.com\/bkms\/wp-json\/wp\/v2\/media?parent=4488"}],"curies":[{"name":"wp","href":"https:\/\/api.w.org\/{rel}","templated":true}]}}