{"id":4491,"date":"2018-04-12T07:29:54","date_gmt":"2018-04-12T05:29:54","guid":{"rendered":"https:\/\/myheritagelanguage.com\/about\/about-hlt\/"},"modified":"2018-10-18T18:40:22","modified_gmt":"2018-10-18T16:40:22","slug":"about-hlt","status":"publish","type":"page","link":"https:\/\/myheritagelanguage.com\/bkms\/about\/about-hlt\/","title":{"rendered":"O dopunskim \u0161kolama"},"content":{"rendered":"<p>&nbsp;<\/p>\n<h2>\u0160ta podrazumeva nastava maternjeg jezika u dopunskim \u0161kolama?<\/h2>\n<p>Izrazom \u201cnastava maternjeg jezika u dopunskim \u0161kolama\u201d, odnosno \u201cnastava jezika porekla\u201d (nem. Herkunftssprachlicher Unterricht \u2013 HSU; u \u0160vajcarskoj: Unterricht in heimatlicher Sprache und Kultur \u2013 HSK) ozna\u010dava se fakultativna dopunska nastava koju u mnogim imigracionim zemljama mogu poha\u0111ati u\u010denici s migracionim poreklom, a koja se izvodi na njihovom maternjem, odnosno, prvom jeziku, ili jeziku porekla. U zavisnosti od zemlje i podru\u010dja, ova nastava se naziva nastavom maternjeg jezika, ili nastavom jezika i kulture zemlje porekla. Na francuskom govornom podru\u010dju re\u010d je o ELCO<br \/>\n(enseignement de langue et culture d\u2019origine), a na engleskom o tzv. supplementary schools.<\/p>\n<p>Nastava maternjeg jezika u dopunskim \u0161kolama po pravilu se nudi u\u010denicima od prvog do devetog razreda. Naj\u010de\u0161\u0107e se izvodi nakon redovne \u0161kolske nastave, ili tokom slobodnih popodneva, s fondom od dva \u010dasa nedeljno. U razredima dopunske \u0161kole \u010desto se nalaze u\u010denici razli\u010ditog uzrasta i dva do tri razli\u010dita \u0161kolska nivoa (vrti\u0107, osnovna \u0161kola i ni\u017ei razredi srednje \u0161kole). Nastavnici i nastavnice u ovim \u0161kolama su govornici maternjeg jezika (native speakers) i profesori jezika.<\/p>\n<h2>Koji su ciljevi nastave maternjeg jezika u dopunskim \u0161kolama?<\/h2>\n<div class=\"row\">\n<div class=\"col-sm-6\" style=\"padding-top: 10px;\">\n<p>Nastava u dopunskim \u0161kolama ima dva glavna cilja: s jedne strane, u\u010denici treba da pobolj\u0161aju poznavanje jezika i kulture svoje zemlje porekla, dok, s druge strane, dopunske \u0161kole maternjeg jezika treba da doprinesu orijentaciji i integraciji u\u010denika u \u0161kolski sistem i u dru\u0161tvo imigracione zemlje. Taj drugi aspekat je posebno zna\u010dajan za one u\u010denike koji se po zavr\u0161etku \u0161kolovanja ne\u0107e vra\u0107ati u zemlju porekla. U tom smislu, dopunske \u0161kole imaju va\u017enu ulogu u procesu gra\u0111enja uravnote\u017eenog bilingvalnog i bikulturalnog identiteta kod u\u010denika. One istovremeno doprinose prepoznavanju vi\u0161ejezi\u010dnosti kao izuzetno bitnog resursa za dru\u0161tvo svake zemlje.<\/p>\n<\/div>\n<div class=\"col-sm-6\" style=\"padding-top: 10px;\"><img loading=\"lazy\" class=\"alignnone size-large wp-image-1650\" src=\"https:\/\/myheritagelanguage.com\/wp-content\/uploads\/2018\/07\/5I3A9867-Kopie-1024x404.jpg\" alt=\"\" width=\"1024\" height=\"404\" srcset=\"https:\/\/myheritagelanguage.com\/wp-content\/uploads\/2018\/07\/5I3A9867-Kopie-1024x404.jpg 1024w, https:\/\/myheritagelanguage.com\/wp-content\/uploads\/2018\/07\/5I3A9867-Kopie-300x119.jpg 300w, https:\/\/myheritagelanguage.com\/wp-content\/uploads\/2018\/07\/5I3A9867-Kopie-768x303.jpg 768w, https:\/\/myheritagelanguage.com\/wp-content\/uploads\/2018\/07\/5I3A9867-Kopie.jpg 1200w\" sizes=\"(max-width: 1024px) 100vw, 1024px\" \/><\/div>\n<\/div>\n<p>&nbsp;<\/p>\n<h2>Ko organizuje nastavu dopunskih \u0161kola i kako one mogu biti integrisane u redovnu nastavu?<\/h2>\n<p>Na\u010din organizacije dopunskih \u0161kola zavisi od zemlje porekla. \u010casove jezika, ako je to mogu\u0107e, finansiraju imigracione zemlje, konzulati ili ambasade zemalja porekla, ili neke privatne institucije. Zbog razli\u010ditih oblika finansiranja, i razlike u primanjima nastavnika u dopunskim \u0161kolama \u010desto su velike.<\/p>\n<p>U kojoj meri \u0107e nastava maternjeg jezika u dopunskim \u0161kolama biti integrisana u lokalni \u0161kolski sistem zavisi od imigracione zemlje. Indikatori za procenu te integrisanosti su slede\u0107i: je li nastava dopunske \u0161kole integrisana u raspored \u010dasova regularne \u0161kole, postoje li kooperacioni projekti dopunske i regularne \u0161kole, ima li usavr\u0161avanja specijalizovanih za nastavnike u dopunskim \u0161kolama, kao i kolika su njihova primanja. <\/p>\n<h2>Pred kojim izazovima stoji nastava maternjeg jezika u dopunskim \u0161kolama?<\/h2>\n<p>Najva\u017eniji zazovi koji se postavljaju pred nastavu maternjeg jezika u dopunskim \u0161kolama su slede\u0107i:<\/p>\n<ul>\n<li>Velika ponuda van\u0161kolskih aktivnosti predstavlja konkurenciju poha\u0111anju dopunske \u0161kole maternjeg jezika. Posledica toga je stalno smanjivanje broja u\u010denika u dopunskim \u0161kolama maternjeg jezika. <\/li>\n<li>Pad broja u\u010denika je posebno izra\u017een tamo gde nastava u dopunskim \u0161kolama nije integrisana u redovnu \u0161kolu, \u0161to predstavlja dodatni problem. <\/li>\n<li>Nastava jezika se naj\u010de\u0161\u0107e odvija u grupama u\u010denika s neujedna\u010denim uzrastom i nivoom znanja jezika. To zna\u010di da se radi sa razli\u010ditim predispozicijama i potrebama u\u010denika.<\/li>\n<li>\uf02d\tUslovi zapo\u0161ljavanja i zarada nastavnika u dopunskim \u0161kolama maternjeg jezika uglavnom su nezadovoljavaju\u0107i. <\/li>\n<li>\uf02d\tVrlo se retko ukazuju prilike za saradnju s nastavnicima u redovnim \u0161kolama.<\/li>\n<\/ul>\n<div class=\"row\">\n<div class=\"col-sm-6\" style=\"padding-top: 10px;\"><img loading=\"lazy\" class=\"alignnone size-large wp-image-1649\" src=\"https:\/\/myheritagelanguage.com\/wp-content\/uploads\/2018\/07\/5I3A9851-Kopie-1024x404.jpg\" alt=\"\" width=\"1024\" height=\"404\" srcset=\"https:\/\/myheritagelanguage.com\/wp-content\/uploads\/2018\/07\/5I3A9851-Kopie-1024x404.jpg 1024w, https:\/\/myheritagelanguage.com\/wp-content\/uploads\/2018\/07\/5I3A9851-Kopie-300x119.jpg 300w, https:\/\/myheritagelanguage.com\/wp-content\/uploads\/2018\/07\/5I3A9851-Kopie-768x303.jpg 768w, https:\/\/myheritagelanguage.com\/wp-content\/uploads\/2018\/07\/5I3A9851-Kopie.jpg 1200w\" sizes=\"(max-width: 1024px) 100vw, 1024px\" \/><\/div>\n<div class=\"col-sm-6\" style=\"padding-top: 10px;\"><img loading=\"lazy\" class=\"alignnone size-large wp-image-1646\" src=\"https:\/\/myheritagelanguage.com\/wp-content\/uploads\/2018\/07\/5I3A9558-Kopie-1024x404.jpg\" alt=\"\" width=\"1024\" height=\"404\" srcset=\"https:\/\/myheritagelanguage.com\/wp-content\/uploads\/2018\/07\/5I3A9558-Kopie-1024x404.jpg 1024w, https:\/\/myheritagelanguage.com\/wp-content\/uploads\/2018\/07\/5I3A9558-Kopie-300x119.jpg 300w, https:\/\/myheritagelanguage.com\/wp-content\/uploads\/2018\/07\/5I3A9558-Kopie-768x303.jpg 768w, https:\/\/myheritagelanguage.com\/wp-content\/uploads\/2018\/07\/5I3A9558-Kopie.jpg 1200w\" sizes=\"(max-width: 1024px) 100vw, 1024px\" \/><\/div>\n<\/div>\n","protected":false},"excerpt":{"rendered":"<p>&nbsp; \u0160ta podrazumeva nastava maternjeg jezika u dopunskim \u0161kolama? Izrazom \u201cnastava maternjeg jezika u dopunskim \u0161kolama\u201d, odnosno \u201cnastava jezika porekla\u201d (nem. Herkunftssprachlicher Unterricht \u2013 HSU; u \u0160vajcarskoj: Unterricht in heimatlicher Sprache und Kultur \u2013 HSK) ozna\u010dava se fakultativna dopunska nastava koju u mnogim imigracionim zemljama mogu poha\u0111ati u\u010denici s migracionim poreklom, a koja se izvodi [&hellip;]<\/p>\n","protected":false},"author":1,"featured_media":4493,"parent":4488,"menu_order":0,"comment_status":"closed","ping_status":"closed","template":"page-full.php","meta":[],"yoast_head":"<!-- This site is optimized with the Yoast SEO plugin v17.0 - https:\/\/yoast.com\/wordpress\/plugins\/seo\/ -->\n<meta name=\"robots\" content=\"index, follow, max-snippet:-1, max-image-preview:large, max-video-preview:-1\" \/>\n<link rel=\"canonical\" href=\"https:\/\/myheritagelanguage.com\/bkms\/about\/about-hlt\/\" \/>\n<meta property=\"og:locale\" content=\"en_US\" \/>\n<meta property=\"og:type\" content=\"article\" \/>\n<meta property=\"og:title\" content=\"O dopunskim \u0161kolama | HLT\" \/>\n<meta property=\"og:description\" content=\"&nbsp; \u0160ta podrazumeva nastava maternjeg jezika u dopunskim \u0161kolama? Izrazom \u201cnastava maternjeg jezika u dopunskim \u0161kolama\u201d, odnosno \u201cnastava jezika porekla\u201d (nem. Herkunftssprachlicher Unterricht \u2013 HSU; u \u0160vajcarskoj: Unterricht in heimatlicher Sprache und Kultur \u2013 HSK) ozna\u010dava se fakultativna dopunska nastava koju u mnogim imigracionim zemljama mogu poha\u0111ati u\u010denici s migracionim poreklom, a koja se izvodi [&hellip;]\" \/>\n<meta property=\"og:url\" content=\"https:\/\/myheritagelanguage.com\/bkms\/about\/about-hlt\/\" \/>\n<meta property=\"og:site_name\" content=\"HLT\" \/>\n<meta property=\"article:modified_time\" content=\"2018-10-18T16:40:22+00:00\" \/>\n<meta property=\"og:image\" content=\"https:\/\/myheritagelanguage.com\/wp-content\/uploads\/2018\/07\/5I3A9392-Kopie.jpg\" \/>\n\t<meta property=\"og:image:width\" content=\"1200\" \/>\n\t<meta property=\"og:image:height\" content=\"474\" \/>\n<meta name=\"twitter:card\" content=\"summary\" \/>\n<meta name=\"twitter:label1\" content=\"Est. reading time\" \/>\n\t<meta name=\"twitter:data1\" content=\"3 minutes\" \/>\n<script type=\"application\/ld+json\" class=\"yoast-schema-graph\">{\"@context\":\"https:\/\/schema.org\",\"@graph\":[{\"@type\":\"WebSite\",\"@id\":\"https:\/\/myheritagelanguage.com\/bkms\/#website\",\"url\":\"https:\/\/myheritagelanguage.com\/bkms\/\",\"name\":\"HLT\",\"description\":\"Heritage Language Teaching\",\"potentialAction\":[{\"@type\":\"SearchAction\",\"target\":{\"@type\":\"EntryPoint\",\"urlTemplate\":\"https:\/\/myheritagelanguage.com\/bkms\/?s={search_term_string}\"},\"query-input\":\"required name=search_term_string\"}],\"inLanguage\":\"sr-SP\"},{\"@type\":\"ImageObject\",\"@id\":\"https:\/\/myheritagelanguage.com\/bkms\/about\/about-hlt\/#primaryimage\",\"inLanguage\":\"sr-SP\",\"url\":\"https:\/\/myheritagelanguage.com\/wp-content\/uploads\/2018\/07\/5I3A9392-Kopie.jpg\",\"contentUrl\":\"https:\/\/myheritagelanguage.com\/wp-content\/uploads\/2018\/07\/5I3A9392-Kopie.jpg\",\"width\":1200,\"height\":474},{\"@type\":\"WebPage\",\"@id\":\"https:\/\/myheritagelanguage.com\/bkms\/about\/about-hlt\/#webpage\",\"url\":\"https:\/\/myheritagelanguage.com\/bkms\/about\/about-hlt\/\",\"name\":\"O dopunskim \\u0161kolama | HLT\",\"isPartOf\":{\"@id\":\"https:\/\/myheritagelanguage.com\/bkms\/#website\"},\"primaryImageOfPage\":{\"@id\":\"https:\/\/myheritagelanguage.com\/bkms\/about\/about-hlt\/#primaryimage\"},\"datePublished\":\"2018-04-12T05:29:54+00:00\",\"dateModified\":\"2018-10-18T16:40:22+00:00\",\"breadcrumb\":{\"@id\":\"https:\/\/myheritagelanguage.com\/bkms\/about\/about-hlt\/#breadcrumb\"},\"inLanguage\":\"sr-SP\",\"potentialAction\":[{\"@type\":\"ReadAction\",\"target\":[\"https:\/\/myheritagelanguage.com\/bkms\/about\/about-hlt\/\"]}]},{\"@type\":\"BreadcrumbList\",\"@id\":\"https:\/\/myheritagelanguage.com\/bkms\/about\/about-hlt\/#breadcrumb\",\"itemListElement\":[{\"@type\":\"ListItem\",\"position\":1,\"name\":\"Home\",\"item\":\"https:\/\/myheritagelanguage.com\/bkms\/\"},{\"@type\":\"ListItem\",\"position\":2,\"name\":\"O Nama\",\"item\":\"https:\/\/myheritagelanguage.com\/bkms\/about\/\"},{\"@type\":\"ListItem\",\"position\":3,\"name\":\"O dopunskim \\u0161kolama\"}]}]}<\/script>\n<!-- \/ Yoast SEO plugin. -->","yoast_head_json":{"robots":{"index":"index","follow":"follow","max-snippet":"max-snippet:-1","max-image-preview":"max-image-preview:large","max-video-preview":"max-video-preview:-1"},"canonical":"https:\/\/myheritagelanguage.com\/bkms\/about\/about-hlt\/","og_locale":"en_US","og_type":"article","og_title":"O dopunskim \u0161kolama | HLT","og_description":"&nbsp; \u0160ta podrazumeva nastava maternjeg jezika u dopunskim \u0161kolama? Izrazom \u201cnastava maternjeg jezika u dopunskim \u0161kolama\u201d, odnosno \u201cnastava jezika porekla\u201d (nem. Herkunftssprachlicher Unterricht \u2013 HSU; u \u0160vajcarskoj: Unterricht in heimatlicher Sprache und Kultur \u2013 HSK) ozna\u010dava se fakultativna dopunska nastava koju u mnogim imigracionim zemljama mogu poha\u0111ati u\u010denici s migracionim poreklom, a koja se izvodi [&hellip;]","og_url":"https:\/\/myheritagelanguage.com\/bkms\/about\/about-hlt\/","og_site_name":"HLT","article_modified_time":"2018-10-18T16:40:22+00:00","og_image":[{"width":1200,"height":474,"url":"https:\/\/myheritagelanguage.com\/wp-content\/uploads\/2018\/07\/5I3A9392-Kopie.jpg","path":"\/home\/httpd\/vhosts\/myheritagelanguage.com\/httpdocs\/wp-content\/uploads\/2018\/07\/5I3A9392-Kopie.jpg","size":"full","id":4493,"alt":"","pixels":568800,"type":"image\/jpeg"}],"twitter_card":"summary","twitter_misc":{"Est. reading time":"3 minutes"},"schema":{"@context":"https:\/\/schema.org","@graph":[{"@type":"WebSite","@id":"https:\/\/myheritagelanguage.com\/bkms\/#website","url":"https:\/\/myheritagelanguage.com\/bkms\/","name":"HLT","description":"Heritage Language Teaching","potentialAction":[{"@type":"SearchAction","target":{"@type":"EntryPoint","urlTemplate":"https:\/\/myheritagelanguage.com\/bkms\/?s={search_term_string}"},"query-input":"required name=search_term_string"}],"inLanguage":"sr-SP"},{"@type":"ImageObject","@id":"https:\/\/myheritagelanguage.com\/bkms\/about\/about-hlt\/#primaryimage","inLanguage":"sr-SP","url":"https:\/\/myheritagelanguage.com\/wp-content\/uploads\/2018\/07\/5I3A9392-Kopie.jpg","contentUrl":"https:\/\/myheritagelanguage.com\/wp-content\/uploads\/2018\/07\/5I3A9392-Kopie.jpg","width":1200,"height":474},{"@type":"WebPage","@id":"https:\/\/myheritagelanguage.com\/bkms\/about\/about-hlt\/#webpage","url":"https:\/\/myheritagelanguage.com\/bkms\/about\/about-hlt\/","name":"O dopunskim \u0161kolama | HLT","isPartOf":{"@id":"https:\/\/myheritagelanguage.com\/bkms\/#website"},"primaryImageOfPage":{"@id":"https:\/\/myheritagelanguage.com\/bkms\/about\/about-hlt\/#primaryimage"},"datePublished":"2018-04-12T05:29:54+00:00","dateModified":"2018-10-18T16:40:22+00:00","breadcrumb":{"@id":"https:\/\/myheritagelanguage.com\/bkms\/about\/about-hlt\/#breadcrumb"},"inLanguage":"sr-SP","potentialAction":[{"@type":"ReadAction","target":["https:\/\/myheritagelanguage.com\/bkms\/about\/about-hlt\/"]}]},{"@type":"BreadcrumbList","@id":"https:\/\/myheritagelanguage.com\/bkms\/about\/about-hlt\/#breadcrumb","itemListElement":[{"@type":"ListItem","position":1,"name":"Home","item":"https:\/\/myheritagelanguage.com\/bkms\/"},{"@type":"ListItem","position":2,"name":"O Nama","item":"https:\/\/myheritagelanguage.com\/bkms\/about\/"},{"@type":"ListItem","position":3,"name":"O dopunskim \u0161kolama"}]}]}},"_links":{"self":[{"href":"https:\/\/myheritagelanguage.com\/bkms\/wp-json\/wp\/v2\/pages\/4491"}],"collection":[{"href":"https:\/\/myheritagelanguage.com\/bkms\/wp-json\/wp\/v2\/pages"}],"about":[{"href":"https:\/\/myheritagelanguage.com\/bkms\/wp-json\/wp\/v2\/types\/page"}],"author":[{"embeddable":true,"href":"https:\/\/myheritagelanguage.com\/bkms\/wp-json\/wp\/v2\/users\/1"}],"replies":[{"embeddable":true,"href":"https:\/\/myheritagelanguage.com\/bkms\/wp-json\/wp\/v2\/comments?post=4491"}],"version-history":[{"count":2,"href":"https:\/\/myheritagelanguage.com\/bkms\/wp-json\/wp\/v2\/pages\/4491\/revisions"}],"predecessor-version":[{"id":4496,"href":"https:\/\/myheritagelanguage.com\/bkms\/wp-json\/wp\/v2\/pages\/4491\/revisions\/4496"}],"up":[{"embeddable":true,"href":"https:\/\/myheritagelanguage.com\/bkms\/wp-json\/wp\/v2\/pages\/4488"}],"wp:featuredmedia":[{"embeddable":true,"href":"https:\/\/myheritagelanguage.com\/bkms\/wp-json\/wp\/v2\/media\/4493"}],"wp:attachment":[{"href":"https:\/\/myheritagelanguage.com\/bkms\/wp-json\/wp\/v2\/media?parent=4491"}],"curies":[{"name":"wp","href":"https:\/\/api.w.org\/{rel}","templated":true}]}}