{"id":4518,"date":"2018-06-21T15:20:56","date_gmt":"2018-06-21T13:20:56","guid":{"rendered":"https:\/\/myheritagelanguage.com\/about\/donors\/"},"modified":"2025-04-30T11:07:59","modified_gmt":"2025-04-30T09:07:59","slug":"donors","status":"publish","type":"page","link":"https:\/\/myheritagelanguage.com\/bkms\/about\/donors\/","title":{"rendered":"Partneri"},"content":{"rendered":"<p><img loading=\"lazy\" class=\"aligncenter size-full wp-image-5580\" src=\"http:\/\/hlt.cwd.gr\/wp-content\/uploads\/2018\/10\/donors_teaser.jpg\" alt=\"\" width=\"1200\" height=\"474\" srcset=\"https:\/\/myheritagelanguage.com\/wp-content\/uploads\/2018\/10\/donors_teaser.jpg 1200w, https:\/\/myheritagelanguage.com\/wp-content\/uploads\/2018\/10\/donors_teaser-300x119.jpg 300w, https:\/\/myheritagelanguage.com\/wp-content\/uploads\/2018\/10\/donors_teaser-768x303.jpg 768w, https:\/\/myheritagelanguage.com\/wp-content\/uploads\/2018\/10\/donors_teaser-1024x404.jpg 1024w\" sizes=\"(max-width: 1200px) 100vw, 1200px\" \/><\/p>\n<p>Realizacija serije priru\u010dnika za nastavu maternjeg jezika u dopunskim \u0161kolama ne bi bila mogu\u0107a bez prijateljske podr\u0161ke na\u0161ih partnera. Srda\u010dno se zahvaljujemo:<\/p>\n<div>\n<p><a href=\"https:\/\/www.zh.ch\/de\/bildungsdirektion\/volksschulamt.html\" target=\"_blank\" rel=\"noopener\">Kantonalnom sekretarijatu za obrazovanje u Cirihu, Sektoru za interkulturalnu pedagogiju<\/a><\/p>\n<p><img loading=\"lazy\" class=\"alignnone size-full wp-image-5550\" src=\"https:\/\/myheritagelanguage.com\/wp-content\/uploads\/2018\/10\/01_KZBV.jpg\" alt=\"\" width=\"293\" height=\"100\" \/><\/p>\n<\/div>\n<hr style=\"border-top: 1px solid #625e5e;\" \/>\n<div>\n<p><a href=\"https:\/\/www.bak.admin.ch\/bak\/de\/home.html\" target=\"_blank\" rel=\"noopener\">Saveznom ministarstvu kulture u \u0160vajcarskoj<\/a><\/p>\n<p><img loading=\"lazy\" class=\"alignnone size-full wp-image-5556\" src=\"https:\/\/myheritagelanguage.com\/wp-content\/uploads\/2018\/10\/02_FOC.jpg\" alt=\"\" width=\"541\" height=\"80\" srcset=\"https:\/\/myheritagelanguage.com\/wp-content\/uploads\/2018\/10\/02_FOC.jpg 541w, https:\/\/myheritagelanguage.com\/wp-content\/uploads\/2018\/10\/02_FOC-300x44.jpg 300w\" sizes=\"(max-width: 541px) 100vw, 541px\" \/><\/p>\n<\/div>\n<hr style=\"border-top: 1px solid #625e5e;\" \/>\n<div>\n<p><a href=\"https:\/\/www.zh.ch\/de\/sport-kultur\/swisslos-fonds.html\" target=\"_blank\" rel=\"noopener\">Fondovima Kantonalne lutrije u Cirihu<\/a><\/p>\n<p><img loading=\"lazy\" class=\"alignnone size-full wp-image-5562\" src=\"https:\/\/myheritagelanguage.com\/wp-content\/uploads\/2018\/10\/03_.LFCZjpg.jpg\" alt=\"\" width=\"251\" height=\"80\" \/><\/p>\n<\/div>\n<hr style=\"border-top: 1px solid #625e5e;\" \/>\n<div>\n<p><a href=\"https:\/\/ofv.ch\/\" target=\"_blank\" rel=\"noopener\">Izdava\u010dkoj ku\u0107i Orell F\u00fcssli<\/a><\/p>\n<p><img loading=\"lazy\" class=\"alignnone size-full wp-image-5568\" src=\"https:\/\/myheritagelanguage.com\/wp-content\/uploads\/2018\/10\/04_OFV.jpg\" alt=\"\" width=\"264\" height=\"81\" \/><\/p>\n<\/div>\n<hr style=\"border-top: 1px solid #625e5e;\" \/>\n<div>\n<p><a href=\"http:\/\/amuse.eurac.edu\/en\/home\/default.html\" target=\"_blank\" rel=\"noopener\">Projektu AMuSE u okviru Programa Lifelong Learning Evropske unije<\/a><\/p>\n<p><img loading=\"lazy\" class=\"alignnone size-full wp-image-5574\" src=\"https:\/\/myheritagelanguage.com\/wp-content\/uploads\/2018\/10\/05_A_LLP.jpg\" alt=\"\" width=\"396\" height=\"81\" srcset=\"https:\/\/myheritagelanguage.com\/wp-content\/uploads\/2018\/10\/05_A_LLP.jpg 396w, https:\/\/myheritagelanguage.com\/wp-content\/uploads\/2018\/10\/05_A_LLP-300x61.jpg 300w\" sizes=\"(max-width: 396px) 100vw, 396px\" \/><\/p>\n<\/div>\n<p>&nbsp;<\/p>\n","protected":false},"excerpt":{"rendered":"<p>Realizacija serije priru\u010dnika za nastavu maternjeg jezika u dopunskim \u0161kolama ne bi bila mogu\u0107a bez prijateljske podr\u0161ke na\u0161ih partnera. Srda\u010dno se zahvaljujemo: Kantonalnom sekretarijatu za obrazovanje u Cirihu, Sektoru za interkulturalnu pedagogiju Saveznom ministarstvu kulture u \u0160vajcarskoj Fondovima Kantonalne lutrije u Cirihu Izdava\u010dkoj ku\u0107i Orell F\u00fcssli Projektu AMuSE u okviru Programa Lifelong Learning Evropske unije [&hellip;]<\/p>\n","protected":false},"author":3,"featured_media":0,"parent":4488,"menu_order":4,"comment_status":"closed","ping_status":"closed","template":"page-full.php","meta":[],"yoast_head":"<!-- This site is optimized with the Yoast SEO plugin v17.0 - https:\/\/yoast.com\/wordpress\/plugins\/seo\/ -->\n<meta name=\"robots\" content=\"index, follow, max-snippet:-1, max-image-preview:large, max-video-preview:-1\" \/>\n<link rel=\"canonical\" href=\"https:\/\/myheritagelanguage.com\/bkms\/about\/donors\/\" \/>\n<meta property=\"og:locale\" content=\"en_US\" \/>\n<meta property=\"og:type\" content=\"article\" \/>\n<meta property=\"og:title\" content=\"Partneri | HLT\" \/>\n<meta property=\"og:description\" content=\"Realizacija serije priru\u010dnika za nastavu maternjeg jezika u dopunskim \u0161kolama ne bi bila mogu\u0107a bez prijateljske podr\u0161ke na\u0161ih partnera. Srda\u010dno se zahvaljujemo: Kantonalnom sekretarijatu za obrazovanje u Cirihu, Sektoru za interkulturalnu pedagogiju Saveznom ministarstvu kulture u \u0160vajcarskoj Fondovima Kantonalne lutrije u Cirihu Izdava\u010dkoj ku\u0107i Orell F\u00fcssli Projektu AMuSE u okviru Programa Lifelong Learning Evropske unije [&hellip;]\" \/>\n<meta property=\"og:url\" content=\"https:\/\/myheritagelanguage.com\/bkms\/about\/donors\/\" \/>\n<meta property=\"og:site_name\" content=\"HLT\" \/>\n<meta property=\"article:modified_time\" content=\"2025-04-30T09:07:59+00:00\" \/>\n<meta property=\"og:image\" content=\"http:\/\/hlt.cwd.gr\/wp-content\/uploads\/2018\/10\/donors_teaser.jpg\" \/>\n<meta name=\"twitter:card\" content=\"summary\" \/>\n<script type=\"application\/ld+json\" class=\"yoast-schema-graph\">{\"@context\":\"https:\/\/schema.org\",\"@graph\":[{\"@type\":\"WebSite\",\"@id\":\"https:\/\/myheritagelanguage.com\/bkms\/#website\",\"url\":\"https:\/\/myheritagelanguage.com\/bkms\/\",\"name\":\"HLT\",\"description\":\"Heritage Language Teaching\",\"potentialAction\":[{\"@type\":\"SearchAction\",\"target\":{\"@type\":\"EntryPoint\",\"urlTemplate\":\"https:\/\/myheritagelanguage.com\/bkms\/?s={search_term_string}\"},\"query-input\":\"required name=search_term_string\"}],\"inLanguage\":\"sr-SP\"},{\"@type\":\"ImageObject\",\"@id\":\"https:\/\/myheritagelanguage.com\/bkms\/about\/donors\/#primaryimage\",\"inLanguage\":\"sr-SP\",\"url\":\"http:\/\/hlt.cwd.gr\/wp-content\/uploads\/2018\/10\/donors_teaser.jpg\",\"contentUrl\":\"http:\/\/hlt.cwd.gr\/wp-content\/uploads\/2018\/10\/donors_teaser.jpg\"},{\"@type\":\"WebPage\",\"@id\":\"https:\/\/myheritagelanguage.com\/bkms\/about\/donors\/#webpage\",\"url\":\"https:\/\/myheritagelanguage.com\/bkms\/about\/donors\/\",\"name\":\"Partneri | HLT\",\"isPartOf\":{\"@id\":\"https:\/\/myheritagelanguage.com\/bkms\/#website\"},\"primaryImageOfPage\":{\"@id\":\"https:\/\/myheritagelanguage.com\/bkms\/about\/donors\/#primaryimage\"},\"datePublished\":\"2018-06-21T13:20:56+00:00\",\"dateModified\":\"2025-04-30T09:07:59+00:00\",\"breadcrumb\":{\"@id\":\"https:\/\/myheritagelanguage.com\/bkms\/about\/donors\/#breadcrumb\"},\"inLanguage\":\"sr-SP\",\"potentialAction\":[{\"@type\":\"ReadAction\",\"target\":[\"https:\/\/myheritagelanguage.com\/bkms\/about\/donors\/\"]}]},{\"@type\":\"BreadcrumbList\",\"@id\":\"https:\/\/myheritagelanguage.com\/bkms\/about\/donors\/#breadcrumb\",\"itemListElement\":[{\"@type\":\"ListItem\",\"position\":1,\"name\":\"Home\",\"item\":\"https:\/\/myheritagelanguage.com\/bkms\/\"},{\"@type\":\"ListItem\",\"position\":2,\"name\":\"O Nama\",\"item\":\"https:\/\/myheritagelanguage.com\/bkms\/about\/\"},{\"@type\":\"ListItem\",\"position\":3,\"name\":\"Partneri\"}]}]}<\/script>\n<!-- \/ Yoast SEO plugin. -->","yoast_head_json":{"robots":{"index":"index","follow":"follow","max-snippet":"max-snippet:-1","max-image-preview":"max-image-preview:large","max-video-preview":"max-video-preview:-1"},"canonical":"https:\/\/myheritagelanguage.com\/bkms\/about\/donors\/","og_locale":"en_US","og_type":"article","og_title":"Partneri | HLT","og_description":"Realizacija serije priru\u010dnika za nastavu maternjeg jezika u dopunskim \u0161kolama ne bi bila mogu\u0107a bez prijateljske podr\u0161ke na\u0161ih partnera. Srda\u010dno se zahvaljujemo: Kantonalnom sekretarijatu za obrazovanje u Cirihu, Sektoru za interkulturalnu pedagogiju Saveznom ministarstvu kulture u \u0160vajcarskoj Fondovima Kantonalne lutrije u Cirihu Izdava\u010dkoj ku\u0107i Orell F\u00fcssli Projektu AMuSE u okviru Programa Lifelong Learning Evropske unije [&hellip;]","og_url":"https:\/\/myheritagelanguage.com\/bkms\/about\/donors\/","og_site_name":"HLT","article_modified_time":"2025-04-30T09:07:59+00:00","og_image":[{"url":"http:\/\/hlt.cwd.gr\/wp-content\/uploads\/2018\/10\/donors_teaser.jpg"}],"twitter_card":"summary","schema":{"@context":"https:\/\/schema.org","@graph":[{"@type":"WebSite","@id":"https:\/\/myheritagelanguage.com\/bkms\/#website","url":"https:\/\/myheritagelanguage.com\/bkms\/","name":"HLT","description":"Heritage Language Teaching","potentialAction":[{"@type":"SearchAction","target":{"@type":"EntryPoint","urlTemplate":"https:\/\/myheritagelanguage.com\/bkms\/?s={search_term_string}"},"query-input":"required name=search_term_string"}],"inLanguage":"sr-SP"},{"@type":"ImageObject","@id":"https:\/\/myheritagelanguage.com\/bkms\/about\/donors\/#primaryimage","inLanguage":"sr-SP","url":"http:\/\/hlt.cwd.gr\/wp-content\/uploads\/2018\/10\/donors_teaser.jpg","contentUrl":"http:\/\/hlt.cwd.gr\/wp-content\/uploads\/2018\/10\/donors_teaser.jpg"},{"@type":"WebPage","@id":"https:\/\/myheritagelanguage.com\/bkms\/about\/donors\/#webpage","url":"https:\/\/myheritagelanguage.com\/bkms\/about\/donors\/","name":"Partneri | HLT","isPartOf":{"@id":"https:\/\/myheritagelanguage.com\/bkms\/#website"},"primaryImageOfPage":{"@id":"https:\/\/myheritagelanguage.com\/bkms\/about\/donors\/#primaryimage"},"datePublished":"2018-06-21T13:20:56+00:00","dateModified":"2025-04-30T09:07:59+00:00","breadcrumb":{"@id":"https:\/\/myheritagelanguage.com\/bkms\/about\/donors\/#breadcrumb"},"inLanguage":"sr-SP","potentialAction":[{"@type":"ReadAction","target":["https:\/\/myheritagelanguage.com\/bkms\/about\/donors\/"]}]},{"@type":"BreadcrumbList","@id":"https:\/\/myheritagelanguage.com\/bkms\/about\/donors\/#breadcrumb","itemListElement":[{"@type":"ListItem","position":1,"name":"Home","item":"https:\/\/myheritagelanguage.com\/bkms\/"},{"@type":"ListItem","position":2,"name":"O Nama","item":"https:\/\/myheritagelanguage.com\/bkms\/about\/"},{"@type":"ListItem","position":3,"name":"Partneri"}]}]}},"_links":{"self":[{"href":"https:\/\/myheritagelanguage.com\/bkms\/wp-json\/wp\/v2\/pages\/4518"}],"collection":[{"href":"https:\/\/myheritagelanguage.com\/bkms\/wp-json\/wp\/v2\/pages"}],"about":[{"href":"https:\/\/myheritagelanguage.com\/bkms\/wp-json\/wp\/v2\/types\/page"}],"author":[{"embeddable":true,"href":"https:\/\/myheritagelanguage.com\/bkms\/wp-json\/wp\/v2\/users\/3"}],"replies":[{"embeddable":true,"href":"https:\/\/myheritagelanguage.com\/bkms\/wp-json\/wp\/v2\/comments?post=4518"}],"version-history":[{"count":7,"href":"https:\/\/myheritagelanguage.com\/bkms\/wp-json\/wp\/v2\/pages\/4518\/revisions"}],"predecessor-version":[{"id":18070,"href":"https:\/\/myheritagelanguage.com\/bkms\/wp-json\/wp\/v2\/pages\/4518\/revisions\/18070"}],"up":[{"embeddable":true,"href":"https:\/\/myheritagelanguage.com\/bkms\/wp-json\/wp\/v2\/pages\/4488"}],"wp:attachment":[{"href":"https:\/\/myheritagelanguage.com\/bkms\/wp-json\/wp\/v2\/media?parent=4518"}],"curies":[{"name":"wp","href":"https:\/\/api.w.org\/{rel}","templated":true}]}}