{"id":3953,"date":"2018-04-12T07:29:40","date_gmt":"2018-04-12T05:29:40","guid":{"rendered":"https:\/\/myheritagelanguage.com\/about\/"},"modified":"2025-04-24T10:38:02","modified_gmt":"2025-04-24T08:38:02","slug":"about","status":"publish","type":"page","link":"https:\/\/myheritagelanguage.com\/de\/about\/","title":{"rendered":"\u00dcber Uns"},"content":{"rendered":"<p>Die Reihe \u00abMaterialien f\u00fcr den herkunftssprachlichen Unterricht\u00bb stellt didaktische Prinzipien und Methoden vor, die f\u00fcr den aktuellen Unterricht an west- und nordeurop\u00e4ischen Schulen wegleitend sind. Die verschiedenen B\u00e4nde der Reihe bieten theoretische Hintergrundinformationen sowie viele konkrete Vorschl\u00e4ge f\u00fcr die schulische Praxis. Dank der neu geschaffenen Webseite sind alle Materialien leicht zug\u00e4nglich und stehen zum Download bereit. Das Ziel ist, Lehrpersonen des herkunftssprachlichen Unterrichts weltweit bei ihrer wichtigen und anspruchsvollen Aufgabe zu unterst\u00fctzen.<\/p>\n<p><!-- ROW 1 --><\/p>\n<div class=\"row\">\n<p><!-- COL 1.1--><\/p>\n<div class=\"col-sm-6\" style=\"padding-top: 20px;\">\n<a href=\"\/de\/about\/about-hlt\"><\/p>\n<div class=\"row\">\n<div class=\"col-sm-12\">\n<h2>\u00dcber den HSU<\/h2>\n<\/div>\n<div class=\"col-sm-12\"><img loading=\"lazy\" class=\"alignnone size-large wp-image-1638\" src=\"\/wp-content\/uploads\/2018\/07\/5I3A9392-Kopie-1024x404.jpg\" alt=\"\" width=\"1024\" height=\"404\" srcset=\"https:\/\/myheritagelanguage.com\/wp-content\/uploads\/2018\/07\/5I3A9392-Kopie-1024x404.jpg 1024w, https:\/\/myheritagelanguage.com\/wp-content\/uploads\/2018\/07\/5I3A9392-Kopie-300x119.jpg 300w, https:\/\/myheritagelanguage.com\/wp-content\/uploads\/2018\/07\/5I3A9392-Kopie-768x303.jpg 768w, https:\/\/myheritagelanguage.com\/wp-content\/uploads\/2018\/07\/5I3A9392-Kopie.jpg 1200w\" sizes=\"(max-width: 1024px) 100vw, 1024px\" \/><\/div>\n<div class=\"col-sm-12\" style=\"padding-top: 5px;\">Als herkunftssprachlichen Unterricht bezeichnet man den fakultativen Erg\u00e4nzungsunterricht, der in vielen Einwanderungsl\u00e4ndern f\u00fcr Sch\u00fcler:innen mit Migrationshintergrund in deren Erst- oder Herkunftssprache angeboten wird. <span style=\"color: #337ab7; text-decoration: underline;\">Lesen Sie mehr<\/span><\/div>\n<\/div>\n<p><\/a><br \/>\n&nbsp;<\/p>\n<\/div>\n<p><!-- COL 1.2--><\/p>\n<div class=\"col-sm-6\" style=\"padding-top: 20px;\">\n<a href=\"\/de\/about\/about-us\"><\/p>\n<div class=\"row\">\n<div class=\"col-sm-12\">\n<h2>\u00dcber uns<\/h2>\n<\/div>\n<div class=\"col-sm-12\"><img loading=\"lazy\" class=\"alignnone size-large wp-image-1638\" src=\"\/wp-content\/uploads\/2018\/07\/5I3A9272-Kopie.jpg\" alt=\"\" width=\"1024\" height=\"404\" \/><\/div>\n<div class=\"col-sm-12\" style=\"padding-top: 5px;\">Die Reihe Materialien f\u00fcr den herkunftssprachlichen Unterricht ist aus der Zusammenarbeit zahlreicher Autor:innen, Bildungsexpert:innen und Lehrpersonen hervorgegangen, die von der Abteilung Internationale Bildungsentwicklung der P\u00e4dagogischen Hochschule Z\u00fcrich koordiniert wurde. <span style=\"color: #337ab7; text-decoration: underline;\">Lesen Sie mehr<\/span><\/div>\n<\/div>\n<\/div>\n<p><\/a><br \/>\n&nbsp;<\/p>\n<\/div>\n<p><!-- ROW 2 --><\/p>\n<div class=\"row\">\n<p><!-- COL 2.1--><\/p>\n<div class=\"col-sm-6\" style=\"padding-top: 20px;\">\n<a href=\"\/de\/about\/about-phzh\"><\/p>\n<div class=\"row\">\n<div class=\"col-sm-12\">\n<h2>\u00dcber die PHZH<\/h2>\n<\/div>\n<div class=\"col-sm-12\"><img loading=\"lazy\" class=\"alignnone size-full wp-image-1665\" src=\"\/wp-content\/uploads\/2018\/07\/about_phzh_teazer.jpg\" alt=\"\" width=\"900\" height=\"355\" srcset=\"https:\/\/myheritagelanguage.com\/wp-content\/uploads\/2018\/07\/about_phzh_teazer.jpg 900w, https:\/\/myheritagelanguage.com\/wp-content\/uploads\/2018\/07\/about_phzh_teazer-300x118.jpg 300w, https:\/\/myheritagelanguage.com\/wp-content\/uploads\/2018\/07\/about_phzh_teazer-768x303.jpg 768w\" sizes=\"(max-width: 900px) 100vw, 900px\" \/><\/div>\n<div class=\"col-sm-12\" style=\"padding-top: 5px;\">Die P\u00e4dagogische Hochschule Z\u00fcrich (PH Z\u00fcrich) ist die Aus- und Weiterbildungsst\u00e4tte f\u00fcr Lehrpersonen im Kanton Z\u00fcrich. <span style=\"color: #337ab7; text-decoration: underline;\">Lesen Sie mehr<\/span><\/div>\n<\/div>\n<p><\/a><br \/>\n&nbsp;<\/p>\n<\/div>\n<p><!-- COL 2.2--><\/p>\n<div class=\"col-sm-6\" style=\"padding-top: 20px;\">\n<a href=\"\/de\/about\/donors\"><\/p>\n<div class=\"row\">\n<div class=\"col-sm-12\">\n<h2>Partner<\/h2>\n<\/div>\n<div class=\"col-sm-12\"><img loading=\"lazy\" class=\"alignnone size-full wp-image-1701\" src=\"https:\/\/myheritagelanguage.com\/wp-content\/uploads\/2018\/10\/donors_teaser_800x315.jpg\" alt=\"\" width=\"800\" height=\"316\" \/><\/div>\n<div class=\"col-sm-12\" style=\"padding-top: 5px;\">Die Reihe Materialien f\u00fcr den herkunftssprachlichen Unterricht w\u00e4re ohne die freundliche Unterst\u00fctzung unserer Partner nicht m\u00f6glich gewesen. <span style=\"color: #337ab7; text-decoration: underline;\">Lesen Sie mehr<\/span><\/div>\n<\/div>\n<p><\/a><br \/>\n&nbsp;<\/p>\n<\/div>\n","protected":false},"excerpt":{"rendered":"<p>Die Reihe \u00abMaterialien f\u00fcr den herkunftssprachlichen Unterricht\u00bb stellt didaktische Prinzipien und Methoden vor, die f\u00fcr den aktuellen Unterricht an west- und nordeurop\u00e4ischen Schulen wegleitend sind. Die verschiedenen B\u00e4nde der Reihe bieten theoretische Hintergrundinformationen sowie viele konkrete Vorschl\u00e4ge f\u00fcr die schulische Praxis. Dank der neu geschaffenen Webseite sind alle Materialien leicht zug\u00e4nglich und stehen zum Download [&hellip;]<\/p>\n","protected":false},"author":1,"featured_media":0,"parent":0,"menu_order":0,"comment_status":"closed","ping_status":"closed","template":"page-full.php","meta":[],"yoast_head":"<!-- This site is optimized with the Yoast SEO plugin v17.0 - https:\/\/yoast.com\/wordpress\/plugins\/seo\/ -->\n<meta name=\"robots\" content=\"index, follow, max-snippet:-1, max-image-preview:large, max-video-preview:-1\" \/>\n<link rel=\"canonical\" href=\"https:\/\/myheritagelanguage.com\/de\/about\/\" \/>\n<meta property=\"og:locale\" content=\"de_DE\" \/>\n<meta property=\"og:type\" content=\"article\" \/>\n<meta property=\"og:title\" content=\"\u00dcber Uns | HLT\" \/>\n<meta property=\"og:description\" content=\"Die Reihe \u00abMaterialien f\u00fcr den herkunftssprachlichen Unterricht\u00bb stellt didaktische Prinzipien und Methoden vor, die f\u00fcr den aktuellen Unterricht an west- und nordeurop\u00e4ischen Schulen wegleitend sind. Die verschiedenen B\u00e4nde der Reihe bieten theoretische Hintergrundinformationen sowie viele konkrete Vorschl\u00e4ge f\u00fcr die schulische Praxis. Dank der neu geschaffenen Webseite sind alle Materialien leicht zug\u00e4nglich und stehen zum Download [&hellip;]\" \/>\n<meta property=\"og:url\" content=\"https:\/\/myheritagelanguage.com\/de\/about\/\" \/>\n<meta property=\"og:site_name\" content=\"HLT\" \/>\n<meta property=\"article:modified_time\" content=\"2025-04-24T08:38:02+00:00\" \/>\n<meta property=\"og:image\" content=\"https:\/\/myheritagelanguage.com\/wp-content\/uploads\/2018\/07\/5I3A9392-Kopie-1024x404.jpg\" \/>\n<meta name=\"twitter:card\" content=\"summary\" \/>\n<meta name=\"twitter:label1\" content=\"Gesch\u00e4tzte Lesezeit\" \/>\n\t<meta name=\"twitter:data1\" content=\"1 Minute\" \/>\n<script type=\"application\/ld+json\" class=\"yoast-schema-graph\">{\"@context\":\"https:\/\/schema.org\",\"@graph\":[{\"@type\":\"WebSite\",\"@id\":\"https:\/\/myheritagelanguage.com\/de\/#website\",\"url\":\"https:\/\/myheritagelanguage.com\/de\/\",\"name\":\"HLT\",\"description\":\"Heritage Language Teaching\",\"potentialAction\":[{\"@type\":\"SearchAction\",\"target\":{\"@type\":\"EntryPoint\",\"urlTemplate\":\"https:\/\/myheritagelanguage.com\/de\/?s={search_term_string}\"},\"query-input\":\"required name=search_term_string\"}],\"inLanguage\":\"de-DE\"},{\"@type\":\"ImageObject\",\"@id\":\"https:\/\/myheritagelanguage.com\/de\/about\/#primaryimage\",\"inLanguage\":\"de-DE\",\"url\":\"\/wp-content\/uploads\/2018\/07\/5I3A9392-Kopie-1024x404.jpg\",\"contentUrl\":\"\/wp-content\/uploads\/2018\/07\/5I3A9392-Kopie-1024x404.jpg\"},{\"@type\":\"WebPage\",\"@id\":\"https:\/\/myheritagelanguage.com\/de\/about\/#webpage\",\"url\":\"https:\/\/myheritagelanguage.com\/de\/about\/\",\"name\":\"\\u00dcber Uns | HLT\",\"isPartOf\":{\"@id\":\"https:\/\/myheritagelanguage.com\/de\/#website\"},\"primaryImageOfPage\":{\"@id\":\"https:\/\/myheritagelanguage.com\/de\/about\/#primaryimage\"},\"datePublished\":\"2018-04-12T05:29:40+00:00\",\"dateModified\":\"2025-04-24T08:38:02+00:00\",\"breadcrumb\":{\"@id\":\"https:\/\/myheritagelanguage.com\/de\/about\/#breadcrumb\"},\"inLanguage\":\"de-DE\",\"potentialAction\":[{\"@type\":\"ReadAction\",\"target\":[\"https:\/\/myheritagelanguage.com\/de\/about\/\"]}]},{\"@type\":\"BreadcrumbList\",\"@id\":\"https:\/\/myheritagelanguage.com\/de\/about\/#breadcrumb\",\"itemListElement\":[{\"@type\":\"ListItem\",\"position\":1,\"name\":\"Home\",\"item\":\"https:\/\/myheritagelanguage.com\/de\/\"},{\"@type\":\"ListItem\",\"position\":2,\"name\":\"\\u00dcber Uns\"}]}]}<\/script>\n<!-- \/ Yoast SEO plugin. -->","yoast_head_json":{"robots":{"index":"index","follow":"follow","max-snippet":"max-snippet:-1","max-image-preview":"max-image-preview:large","max-video-preview":"max-video-preview:-1"},"canonical":"https:\/\/myheritagelanguage.com\/de\/about\/","og_locale":"de_DE","og_type":"article","og_title":"\u00dcber Uns | HLT","og_description":"Die Reihe \u00abMaterialien f\u00fcr den herkunftssprachlichen Unterricht\u00bb stellt didaktische Prinzipien und Methoden vor, die f\u00fcr den aktuellen Unterricht an west- und nordeurop\u00e4ischen Schulen wegleitend sind. Die verschiedenen B\u00e4nde der Reihe bieten theoretische Hintergrundinformationen sowie viele konkrete Vorschl\u00e4ge f\u00fcr die schulische Praxis. Dank der neu geschaffenen Webseite sind alle Materialien leicht zug\u00e4nglich und stehen zum Download [&hellip;]","og_url":"https:\/\/myheritagelanguage.com\/de\/about\/","og_site_name":"HLT","article_modified_time":"2025-04-24T08:38:02+00:00","og_image":[{"url":"https:\/\/myheritagelanguage.com\/wp-content\/uploads\/2018\/07\/5I3A9392-Kopie-1024x404.jpg"}],"twitter_card":"summary","twitter_misc":{"Gesch\u00e4tzte Lesezeit":"1 Minute"},"schema":{"@context":"https:\/\/schema.org","@graph":[{"@type":"WebSite","@id":"https:\/\/myheritagelanguage.com\/de\/#website","url":"https:\/\/myheritagelanguage.com\/de\/","name":"HLT","description":"Heritage Language Teaching","potentialAction":[{"@type":"SearchAction","target":{"@type":"EntryPoint","urlTemplate":"https:\/\/myheritagelanguage.com\/de\/?s={search_term_string}"},"query-input":"required name=search_term_string"}],"inLanguage":"de-DE"},{"@type":"ImageObject","@id":"https:\/\/myheritagelanguage.com\/de\/about\/#primaryimage","inLanguage":"de-DE","url":"\/wp-content\/uploads\/2018\/07\/5I3A9392-Kopie-1024x404.jpg","contentUrl":"\/wp-content\/uploads\/2018\/07\/5I3A9392-Kopie-1024x404.jpg"},{"@type":"WebPage","@id":"https:\/\/myheritagelanguage.com\/de\/about\/#webpage","url":"https:\/\/myheritagelanguage.com\/de\/about\/","name":"\u00dcber Uns | HLT","isPartOf":{"@id":"https:\/\/myheritagelanguage.com\/de\/#website"},"primaryImageOfPage":{"@id":"https:\/\/myheritagelanguage.com\/de\/about\/#primaryimage"},"datePublished":"2018-04-12T05:29:40+00:00","dateModified":"2025-04-24T08:38:02+00:00","breadcrumb":{"@id":"https:\/\/myheritagelanguage.com\/de\/about\/#breadcrumb"},"inLanguage":"de-DE","potentialAction":[{"@type":"ReadAction","target":["https:\/\/myheritagelanguage.com\/de\/about\/"]}]},{"@type":"BreadcrumbList","@id":"https:\/\/myheritagelanguage.com\/de\/about\/#breadcrumb","itemListElement":[{"@type":"ListItem","position":1,"name":"Home","item":"https:\/\/myheritagelanguage.com\/de\/"},{"@type":"ListItem","position":2,"name":"\u00dcber Uns"}]}]}},"_links":{"self":[{"href":"https:\/\/myheritagelanguage.com\/de\/wp-json\/wp\/v2\/pages\/3953"}],"collection":[{"href":"https:\/\/myheritagelanguage.com\/de\/wp-json\/wp\/v2\/pages"}],"about":[{"href":"https:\/\/myheritagelanguage.com\/de\/wp-json\/wp\/v2\/types\/page"}],"author":[{"embeddable":true,"href":"https:\/\/myheritagelanguage.com\/de\/wp-json\/wp\/v2\/users\/1"}],"replies":[{"embeddable":true,"href":"https:\/\/myheritagelanguage.com\/de\/wp-json\/wp\/v2\/comments?post=3953"}],"version-history":[{"count":9,"href":"https:\/\/myheritagelanguage.com\/de\/wp-json\/wp\/v2\/pages\/3953\/revisions"}],"predecessor-version":[{"id":17954,"href":"https:\/\/myheritagelanguage.com\/de\/wp-json\/wp\/v2\/pages\/3953\/revisions\/17954"}],"wp:attachment":[{"href":"https:\/\/myheritagelanguage.com\/de\/wp-json\/wp\/v2\/media?parent=3953"}],"curies":[{"name":"wp","href":"https:\/\/api.w.org\/{rel}","templated":true}]}}