{"id":3958,"date":"2018-04-12T07:29:54","date_gmt":"2018-04-12T05:29:54","guid":{"rendered":"https:\/\/myheritagelanguage.com\/about\/about-hlt\/"},"modified":"2025-04-24T10:40:21","modified_gmt":"2025-04-24T08:40:21","slug":"about-hlt","status":"publish","type":"page","link":"https:\/\/myheritagelanguage.com\/de\/about\/about-hlt\/","title":{"rendered":"\u00dcber den HSU"},"content":{"rendered":"<p>&nbsp;&nbsp;<\/p>\n<h2>Was ist der herkunftssprachliche Unterricht (HSU)?<\/h2>\n<p>Als herkunftssprachlichen Unterricht (HSU; in der Schweiz HSK) bezeichnet man den fakultativen Erg\u00e4nzungsunterricht, der in vielen Einwanderungsl\u00e4ndern f\u00fcr Sch\u00fcler:innen mit Migrationshintergrund in deren Erst- oder Herkunftssprache angeboten wird. Je nach Land und Region wird der HSU muttersprachlicher Unterricht oder Unterricht in Heimatlicher Sprache und Kultur genannt. Im franz\u00f6sischen Sprachraum spricht man von ELCO (enseignement de langue et culture d\u2019origine), im englischen von supplementary schools.<\/p>\n<p>Herkunftssprachlicher Unterricht wird normalerweise von der ersten bis zur neunten Klasse angeboten. Er findet meist anschliessend an den regul\u00e4ren Unterricht oder an freien Nachmittagen w\u00e4hrend zwei Lektionen pro Woche statt. Oft finden sich in der gleichen HSU-Klasse Sch\u00fcler:innen unterschiedlichen Alters und von zwei oder drei Schulstufen (Kindergarten, Primar- und Sekundarstufe I). Die Lehrpersonen des HSU sind native speakers (Erstsprachler:innen) und ausgebildete Lehrkr\u00e4fte.<br \/>\n&nbsp;<\/p>\n<h2>Was sind die Ziele des HSU?<\/h2>\n<div class=\"row\">\n<div class=\"col-sm-6\" style=\"padding-top:10px\">\n<p>Der herkunftssprachliche Unterricht verfolgt zwei Hauptziele: Die Sch\u00fcler:innen sollen einerseits in der Sprache und Kultur ihrer Herkunft gef\u00f6rdert werden. Andererseits soll der HSU aber auch zur Orientierung und Integration der Sch\u00fcler:innen ins Schulsystem und in die Gesellschaft des Einwanderungslandes beitragen. Der zweite Aspekt ist besonders wichtig f\u00fcr diejenigen Sch\u00fcler:innen, die nach Abschluss der Schule nicht in ihr Herkunftsland zur\u00fcckkehren werden. In diesem Sinne spielt der HSU eine wichtige Rolle auf dem Weg zu einer ausgewogenen bilingualen und bikulturellen Identit\u00e4t. Gleichzeitig tr\u00e4gt er dazu bei, dass Mehrsprachigkeit als eine eminent wichtige Ressource f\u00fcr die Gesellschaft erkannt wird.<\/p>\n<\/div>\n<div class=\"col-sm-6\" style=\"padding-top:10px\">\n<img loading=\"lazy\" src=\"https:\/\/myheritagelanguage.com\/wp-content\/uploads\/2018\/07\/5I3A9867-Kopie-1024x404.jpg\" alt=\"\" width=\"1024\" height=\"404\" class=\"alignnone size-large wp-image-1650\" srcset=\"https:\/\/myheritagelanguage.com\/wp-content\/uploads\/2018\/07\/5I3A9867-Kopie-1024x404.jpg 1024w, https:\/\/myheritagelanguage.com\/wp-content\/uploads\/2018\/07\/5I3A9867-Kopie-300x119.jpg 300w, https:\/\/myheritagelanguage.com\/wp-content\/uploads\/2018\/07\/5I3A9867-Kopie-768x303.jpg 768w, https:\/\/myheritagelanguage.com\/wp-content\/uploads\/2018\/07\/5I3A9867-Kopie.jpg 1200w\" sizes=\"(max-width: 1024px) 100vw, 1024px\" \/>\n<\/div>\n<\/div>\n<p>&nbsp;<\/p>\n<h2>Wer organisiert den HSU, und wie kann er in die Regelschule integriert werden?<\/h2>\n<p>Wie der HSU organisiert ist, h\u00e4ngt oft vom Herkunftsland ab. Die Kurse werden je nach M\u00f6glichkeit durch das Einwanderungsland, die Konsulate oder Botschaften des Herkunftslandes oder durch private Institutionen getragen. So unterscheidet sich je nach Finanzierungsquelle auch die Entl\u00f6hnung der HSU Lehrpersonen stark.<\/p>\n<p>Vom Einwanderungsland h\u00e4ngt ab, wie gut der herkunftssprachliche Unterricht in das lokale Schulsystem integriert ist. Indikatoren hierf\u00fcr sind, ob der HSU in den Stundenplan der Regelschule integriert ist, ob es Kooperationsprojekte zwischen HSU und Regelschule gibt, ob es spezifische Weiterbildungsangebote f\u00fcr HSU Lehrpersonen gibt und wie deren Bezahlung ist.<br \/>\n&nbsp;<\/p>\n<h2>Vor welchen Herausforderungen steht der HSU?<\/h2>\n<p>Die wichtigsten Herausforderungen des herkunftssprachlichen Unterrichts sind die folgenden:<\/p>\n<ul>\n<li>Die HSU Kurse werden durch zahlreiche Freizeitaktivit\u00e4ten konkurrenziert. Die Folge davon ist, dass die Zahl der Sch\u00fcler:innen vielerorts st\u00e4ndig sinkt. <\/li>\n<li>Dies ist vor allem dort der Fall, wo der herkunftssprachliche Unterricht nicht in das Regelschulsystem integriert ist, was ein zus\u00e4tzliches Problem darstellt.<\/li>\n<li>Die Kurse werden meist in Gruppen unterrichtet, die bez\u00fcglich Alter und Sprachniveaus sehr durchmischt sind. Die Sch\u00fcler:innen haben folglich sehr unterschiedliche Voraussetzungen und Bed\u00fcrfnisse. <\/li>\n<\/ul>\n<div class=\"row\">\n<div class=\"col-sm-6\" style=\"padding-top:10px\">\n<img loading=\"lazy\" src=\"https:\/\/myheritagelanguage.com\/wp-content\/uploads\/2018\/07\/5I3A9851-Kopie-1024x404.jpg\" alt=\"\" width=\"1024\" height=\"404\" class=\"alignnone size-large wp-image-1649\" srcset=\"https:\/\/myheritagelanguage.com\/wp-content\/uploads\/2018\/07\/5I3A9851-Kopie-1024x404.jpg 1024w, https:\/\/myheritagelanguage.com\/wp-content\/uploads\/2018\/07\/5I3A9851-Kopie-300x119.jpg 300w, https:\/\/myheritagelanguage.com\/wp-content\/uploads\/2018\/07\/5I3A9851-Kopie-768x303.jpg 768w, https:\/\/myheritagelanguage.com\/wp-content\/uploads\/2018\/07\/5I3A9851-Kopie.jpg 1200w\" sizes=\"(max-width: 1024px) 100vw, 1024px\" \/>\n<\/div>\n<div class=\"col-sm-6\" style=\"padding-top:10px\">\n<img loading=\"lazy\" src=\"https:\/\/myheritagelanguage.com\/wp-content\/uploads\/2018\/07\/5I3A9558-Kopie-1024x404.jpg\" alt=\"\" width=\"1024\" height=\"404\" class=\"alignnone size-large wp-image-1646\" srcset=\"https:\/\/myheritagelanguage.com\/wp-content\/uploads\/2018\/07\/5I3A9558-Kopie-1024x404.jpg 1024w, https:\/\/myheritagelanguage.com\/wp-content\/uploads\/2018\/07\/5I3A9558-Kopie-300x119.jpg 300w, https:\/\/myheritagelanguage.com\/wp-content\/uploads\/2018\/07\/5I3A9558-Kopie-768x303.jpg 768w, https:\/\/myheritagelanguage.com\/wp-content\/uploads\/2018\/07\/5I3A9558-Kopie.jpg 1200w\" sizes=\"(max-width: 1024px) 100vw, 1024px\" \/>\n<\/div>\n<\/div>\n","protected":false},"excerpt":{"rendered":"<p>&nbsp;&nbsp; Was ist der herkunftssprachliche Unterricht (HSU)? Als herkunftssprachlichen Unterricht (HSU; in der Schweiz HSK) bezeichnet man den fakultativen Erg\u00e4nzungsunterricht, der in vielen Einwanderungsl\u00e4ndern f\u00fcr Sch\u00fcler:innen mit Migrationshintergrund in deren Erst- oder Herkunftssprache angeboten wird. Je nach Land und Region wird der HSU muttersprachlicher Unterricht oder Unterricht in Heimatlicher Sprache und Kultur genannt. Im franz\u00f6sischen [&hellip;]<\/p>\n","protected":false},"author":1,"featured_media":3960,"parent":3953,"menu_order":0,"comment_status":"closed","ping_status":"closed","template":"page-full.php","meta":[],"yoast_head":"<!-- This site is optimized with the Yoast SEO plugin v17.0 - https:\/\/yoast.com\/wordpress\/plugins\/seo\/ -->\n<meta name=\"robots\" content=\"index, follow, max-snippet:-1, max-image-preview:large, max-video-preview:-1\" \/>\n<link rel=\"canonical\" href=\"https:\/\/myheritagelanguage.com\/de\/about\/about-hlt\/\" \/>\n<meta property=\"og:locale\" content=\"de_DE\" \/>\n<meta property=\"og:type\" content=\"article\" \/>\n<meta property=\"og:title\" content=\"\u00dcber den HSU | HLT\" \/>\n<meta property=\"og:description\" content=\"&nbsp;&nbsp; Was ist der herkunftssprachliche Unterricht (HSU)? Als herkunftssprachlichen Unterricht (HSU; in der Schweiz HSK) bezeichnet man den fakultativen Erg\u00e4nzungsunterricht, der in vielen Einwanderungsl\u00e4ndern f\u00fcr Sch\u00fcler:innen mit Migrationshintergrund in deren Erst- oder Herkunftssprache angeboten wird. Je nach Land und Region wird der HSU muttersprachlicher Unterricht oder Unterricht in Heimatlicher Sprache und Kultur genannt. Im franz\u00f6sischen [&hellip;]\" \/>\n<meta property=\"og:url\" content=\"https:\/\/myheritagelanguage.com\/de\/about\/about-hlt\/\" \/>\n<meta property=\"og:site_name\" content=\"HLT\" \/>\n<meta property=\"article:modified_time\" content=\"2025-04-24T08:40:21+00:00\" \/>\n<meta property=\"og:image\" content=\"https:\/\/myheritagelanguage.com\/wp-content\/uploads\/2018\/07\/5I3A9392-Kopie.jpg\" \/>\n\t<meta property=\"og:image:width\" content=\"1200\" \/>\n\t<meta property=\"og:image:height\" content=\"474\" \/>\n<meta name=\"twitter:card\" content=\"summary\" \/>\n<meta name=\"twitter:label1\" content=\"Gesch\u00e4tzte Lesezeit\" \/>\n\t<meta name=\"twitter:data1\" content=\"2 Minuten\" \/>\n<script type=\"application\/ld+json\" class=\"yoast-schema-graph\">{\"@context\":\"https:\/\/schema.org\",\"@graph\":[{\"@type\":\"WebSite\",\"@id\":\"https:\/\/myheritagelanguage.com\/de\/#website\",\"url\":\"https:\/\/myheritagelanguage.com\/de\/\",\"name\":\"HLT\",\"description\":\"Heritage Language Teaching\",\"potentialAction\":[{\"@type\":\"SearchAction\",\"target\":{\"@type\":\"EntryPoint\",\"urlTemplate\":\"https:\/\/myheritagelanguage.com\/de\/?s={search_term_string}\"},\"query-input\":\"required name=search_term_string\"}],\"inLanguage\":\"de-DE\"},{\"@type\":\"ImageObject\",\"@id\":\"https:\/\/myheritagelanguage.com\/de\/about\/about-hlt\/#primaryimage\",\"inLanguage\":\"de-DE\",\"url\":\"https:\/\/myheritagelanguage.com\/wp-content\/uploads\/2018\/07\/5I3A9392-Kopie.jpg\",\"contentUrl\":\"https:\/\/myheritagelanguage.com\/wp-content\/uploads\/2018\/07\/5I3A9392-Kopie.jpg\",\"width\":1200,\"height\":474},{\"@type\":\"WebPage\",\"@id\":\"https:\/\/myheritagelanguage.com\/de\/about\/about-hlt\/#webpage\",\"url\":\"https:\/\/myheritagelanguage.com\/de\/about\/about-hlt\/\",\"name\":\"\\u00dcber den HSU | HLT\",\"isPartOf\":{\"@id\":\"https:\/\/myheritagelanguage.com\/de\/#website\"},\"primaryImageOfPage\":{\"@id\":\"https:\/\/myheritagelanguage.com\/de\/about\/about-hlt\/#primaryimage\"},\"datePublished\":\"2018-04-12T05:29:54+00:00\",\"dateModified\":\"2025-04-24T08:40:21+00:00\",\"breadcrumb\":{\"@id\":\"https:\/\/myheritagelanguage.com\/de\/about\/about-hlt\/#breadcrumb\"},\"inLanguage\":\"de-DE\",\"potentialAction\":[{\"@type\":\"ReadAction\",\"target\":[\"https:\/\/myheritagelanguage.com\/de\/about\/about-hlt\/\"]}]},{\"@type\":\"BreadcrumbList\",\"@id\":\"https:\/\/myheritagelanguage.com\/de\/about\/about-hlt\/#breadcrumb\",\"itemListElement\":[{\"@type\":\"ListItem\",\"position\":1,\"name\":\"Home\",\"item\":\"https:\/\/myheritagelanguage.com\/de\/\"},{\"@type\":\"ListItem\",\"position\":2,\"name\":\"\\u00dcber Uns\",\"item\":\"https:\/\/myheritagelanguage.com\/de\/about\/\"},{\"@type\":\"ListItem\",\"position\":3,\"name\":\"\\u00dcber den HSU\"}]}]}<\/script>\n<!-- \/ Yoast SEO plugin. -->","yoast_head_json":{"robots":{"index":"index","follow":"follow","max-snippet":"max-snippet:-1","max-image-preview":"max-image-preview:large","max-video-preview":"max-video-preview:-1"},"canonical":"https:\/\/myheritagelanguage.com\/de\/about\/about-hlt\/","og_locale":"de_DE","og_type":"article","og_title":"\u00dcber den HSU | HLT","og_description":"&nbsp;&nbsp; Was ist der herkunftssprachliche Unterricht (HSU)? Als herkunftssprachlichen Unterricht (HSU; in der Schweiz HSK) bezeichnet man den fakultativen Erg\u00e4nzungsunterricht, der in vielen Einwanderungsl\u00e4ndern f\u00fcr Sch\u00fcler:innen mit Migrationshintergrund in deren Erst- oder Herkunftssprache angeboten wird. Je nach Land und Region wird der HSU muttersprachlicher Unterricht oder Unterricht in Heimatlicher Sprache und Kultur genannt. Im franz\u00f6sischen [&hellip;]","og_url":"https:\/\/myheritagelanguage.com\/de\/about\/about-hlt\/","og_site_name":"HLT","article_modified_time":"2025-04-24T08:40:21+00:00","og_image":[{"width":1200,"height":474,"url":"https:\/\/myheritagelanguage.com\/wp-content\/uploads\/2018\/07\/5I3A9392-Kopie.jpg","path":"\/home\/httpd\/vhosts\/myheritagelanguage.com\/httpdocs\/wp-content\/uploads\/2018\/07\/5I3A9392-Kopie.jpg","size":"full","id":3960,"alt":"","pixels":568800,"type":"image\/jpeg"}],"twitter_card":"summary","twitter_misc":{"Gesch\u00e4tzte Lesezeit":"2 Minuten"},"schema":{"@context":"https:\/\/schema.org","@graph":[{"@type":"WebSite","@id":"https:\/\/myheritagelanguage.com\/de\/#website","url":"https:\/\/myheritagelanguage.com\/de\/","name":"HLT","description":"Heritage Language Teaching","potentialAction":[{"@type":"SearchAction","target":{"@type":"EntryPoint","urlTemplate":"https:\/\/myheritagelanguage.com\/de\/?s={search_term_string}"},"query-input":"required name=search_term_string"}],"inLanguage":"de-DE"},{"@type":"ImageObject","@id":"https:\/\/myheritagelanguage.com\/de\/about\/about-hlt\/#primaryimage","inLanguage":"de-DE","url":"https:\/\/myheritagelanguage.com\/wp-content\/uploads\/2018\/07\/5I3A9392-Kopie.jpg","contentUrl":"https:\/\/myheritagelanguage.com\/wp-content\/uploads\/2018\/07\/5I3A9392-Kopie.jpg","width":1200,"height":474},{"@type":"WebPage","@id":"https:\/\/myheritagelanguage.com\/de\/about\/about-hlt\/#webpage","url":"https:\/\/myheritagelanguage.com\/de\/about\/about-hlt\/","name":"\u00dcber den HSU | HLT","isPartOf":{"@id":"https:\/\/myheritagelanguage.com\/de\/#website"},"primaryImageOfPage":{"@id":"https:\/\/myheritagelanguage.com\/de\/about\/about-hlt\/#primaryimage"},"datePublished":"2018-04-12T05:29:54+00:00","dateModified":"2025-04-24T08:40:21+00:00","breadcrumb":{"@id":"https:\/\/myheritagelanguage.com\/de\/about\/about-hlt\/#breadcrumb"},"inLanguage":"de-DE","potentialAction":[{"@type":"ReadAction","target":["https:\/\/myheritagelanguage.com\/de\/about\/about-hlt\/"]}]},{"@type":"BreadcrumbList","@id":"https:\/\/myheritagelanguage.com\/de\/about\/about-hlt\/#breadcrumb","itemListElement":[{"@type":"ListItem","position":1,"name":"Home","item":"https:\/\/myheritagelanguage.com\/de\/"},{"@type":"ListItem","position":2,"name":"\u00dcber Uns","item":"https:\/\/myheritagelanguage.com\/de\/about\/"},{"@type":"ListItem","position":3,"name":"\u00dcber den HSU"}]}]}},"_links":{"self":[{"href":"https:\/\/myheritagelanguage.com\/de\/wp-json\/wp\/v2\/pages\/3958"}],"collection":[{"href":"https:\/\/myheritagelanguage.com\/de\/wp-json\/wp\/v2\/pages"}],"about":[{"href":"https:\/\/myheritagelanguage.com\/de\/wp-json\/wp\/v2\/types\/page"}],"author":[{"embeddable":true,"href":"https:\/\/myheritagelanguage.com\/de\/wp-json\/wp\/v2\/users\/1"}],"replies":[{"embeddable":true,"href":"https:\/\/myheritagelanguage.com\/de\/wp-json\/wp\/v2\/comments?post=3958"}],"version-history":[{"count":4,"href":"https:\/\/myheritagelanguage.com\/de\/wp-json\/wp\/v2\/pages\/3958\/revisions"}],"predecessor-version":[{"id":17957,"href":"https:\/\/myheritagelanguage.com\/de\/wp-json\/wp\/v2\/pages\/3958\/revisions\/17957"}],"up":[{"embeddable":true,"href":"https:\/\/myheritagelanguage.com\/de\/wp-json\/wp\/v2\/pages\/3953"}],"wp:featuredmedia":[{"embeddable":true,"href":"https:\/\/myheritagelanguage.com\/de\/wp-json\/wp\/v2\/media\/3960"}],"wp:attachment":[{"href":"https:\/\/myheritagelanguage.com\/de\/wp-json\/wp\/v2\/media?parent=3958"}],"curies":[{"name":"wp","href":"https:\/\/api.w.org\/{rel}","templated":true}]}}