{"id":3976,"date":"2018-04-12T07:30:09","date_gmt":"2018-04-12T05:30:09","guid":{"rendered":"https:\/\/myheritagelanguage.com\/about\/about-phzh\/"},"modified":"2025-04-24T10:50:08","modified_gmt":"2025-04-24T08:50:08","slug":"about-phzh","status":"publish","type":"page","link":"https:\/\/myheritagelanguage.com\/de\/about\/about-phzh\/","title":{"rendered":"\u00dcber die PHZH"},"content":{"rendered":"<p>Die P\u00e4dagogische Hochschule Z\u00fcrich (PH Z\u00fcrich) ist die Aus- und Weiterbildungsst\u00e4tte f\u00fcr Lehrpersonen im Kanton Z\u00fcrich.<\/p>\n<p><img loading=\"lazy\" class=\"aligncenter wp-image-1389 size-large\" src=\"https:\/\/myheritagelanguage.com\/wp-content\/uploads\/2018\/06\/phzh_01-1024x683.jpg\" alt=\"\" width=\"1024\" height=\"683\" srcset=\"https:\/\/myheritagelanguage.com\/wp-content\/uploads\/2018\/06\/phzh_01.jpg 1024w, https:\/\/myheritagelanguage.com\/wp-content\/uploads\/2018\/06\/phzh_01-300x200.jpg 300w, https:\/\/myheritagelanguage.com\/wp-content\/uploads\/2018\/06\/phzh_01-768x512.jpg 768w\" sizes=\"(max-width: 1024px) 100vw, 1024px\" \/><\/p>\n<p>Sie wurde im Herbst 2002 durch die Zusammenlegung von elf bisherigen Institutionen der Lehrerausbildung gegr\u00fcndet. Die PH Z\u00fcrich geh\u00f6rt dem Z\u00fcrcher Fachhochschulrat an und gliedert sich in folgende Bereiche:<\/p>\n<ul>\n<li>Ausbildung f\u00fcr angehende Lehrpersonen aller Stufen<\/li>\n<li>Weiterbildung und Dienstleistungen f\u00fcr Lehrpersonen, Schulleitende und Schulbeh\u00f6rden<\/li>\n<li>Forschung und Entwicklung<\/li>\n<\/ul>\n<p>Rund 3800 Studierende, 21&#8217;000 Weiterbildungsteilnehmende, etwa 600 Dozierende, Wissenschaftliche Mitarbeitende und Assistierende sowie 300 Mitarbeitende in administrativen, technischen und betrieblichen Funktionen (in Voll- oder Teilpensum) sind an der PH Z\u00fcrich t\u00e4tig.<\/p>\n<p><img loading=\"lazy\" class=\"aligncenter wp-image-1390 size-large\" src=\"https:\/\/myheritagelanguage.com\/wp-content\/uploads\/2018\/06\/phzh_02-1024x683.jpg\" alt=\"\" width=\"1024\" height=\"683\" srcset=\"https:\/\/myheritagelanguage.com\/wp-content\/uploads\/2018\/06\/phzh_02-1024x683.jpg 1024w, https:\/\/myheritagelanguage.com\/wp-content\/uploads\/2018\/06\/phzh_02-300x200.jpg 300w, https:\/\/myheritagelanguage.com\/wp-content\/uploads\/2018\/06\/phzh_02-768x512.jpg 768w, https:\/\/myheritagelanguage.com\/wp-content\/uploads\/2018\/06\/phzh_02.jpg 2048w\" sizes=\"(max-width: 1024px) 100vw, 1024px\" \/><\/p>\n<p><img loading=\"lazy\" class=\"alignnone size-large wp-image-1391\" src=\"https:\/\/myheritagelanguage.com\/wp-content\/uploads\/2018\/06\/phzh_03-1024x683.jpg\" alt=\"\" width=\"1024\" height=\"683\" srcset=\"https:\/\/myheritagelanguage.com\/wp-content\/uploads\/2018\/06\/phzh_03-1024x683.jpg 1024w, https:\/\/myheritagelanguage.com\/wp-content\/uploads\/2018\/06\/phzh_03-300x200.jpg 300w, https:\/\/myheritagelanguage.com\/wp-content\/uploads\/2018\/06\/phzh_03-768x512.jpg 768w, https:\/\/myheritagelanguage.com\/wp-content\/uploads\/2018\/06\/phzh_03.jpg 2048w\" sizes=\"(max-width: 1024px) 100vw, 1024px\" \/><\/p>\n<p>&nbsp;<\/p>\n<p>Quelle: <a href=\"https:\/\/phzh.ch\/ueber-die-phzh\/\" target=\"_blank\" rel=\"noopener\">PHZH\u00a0<\/a><\/p>\n","protected":false},"excerpt":{"rendered":"<p>Die P\u00e4dagogische Hochschule Z\u00fcrich (PH Z\u00fcrich) ist die Aus- und Weiterbildungsst\u00e4tte f\u00fcr Lehrpersonen im Kanton Z\u00fcrich. Sie wurde im Herbst 2002 durch die Zusammenlegung von elf bisherigen Institutionen der Lehrerausbildung gegr\u00fcndet. Die PH Z\u00fcrich geh\u00f6rt dem Z\u00fcrcher Fachhochschulrat an und gliedert sich in folgende Bereiche: Ausbildung f\u00fcr angehende Lehrpersonen aller Stufen Weiterbildung und Dienstleistungen f\u00fcr [&hellip;]<\/p>\n","protected":false},"author":1,"featured_media":0,"parent":3953,"menu_order":0,"comment_status":"closed","ping_status":"closed","template":"","meta":[],"yoast_head":"<!-- This site is optimized with the Yoast SEO plugin v17.0 - https:\/\/yoast.com\/wordpress\/plugins\/seo\/ -->\n<meta name=\"robots\" content=\"index, follow, max-snippet:-1, max-image-preview:large, max-video-preview:-1\" \/>\n<link rel=\"canonical\" href=\"https:\/\/myheritagelanguage.com\/de\/about\/about-phzh\/\" \/>\n<meta property=\"og:locale\" content=\"de_DE\" \/>\n<meta property=\"og:type\" content=\"article\" \/>\n<meta property=\"og:title\" content=\"\u00dcber die PHZH | HLT\" \/>\n<meta property=\"og:description\" content=\"Die P\u00e4dagogische Hochschule Z\u00fcrich (PH Z\u00fcrich) ist die Aus- und Weiterbildungsst\u00e4tte f\u00fcr Lehrpersonen im Kanton Z\u00fcrich. Sie wurde im Herbst 2002 durch die Zusammenlegung von elf bisherigen Institutionen der Lehrerausbildung gegr\u00fcndet. Die PH Z\u00fcrich geh\u00f6rt dem Z\u00fcrcher Fachhochschulrat an und gliedert sich in folgende Bereiche: Ausbildung f\u00fcr angehende Lehrpersonen aller Stufen Weiterbildung und Dienstleistungen f\u00fcr [&hellip;]\" \/>\n<meta property=\"og:url\" content=\"https:\/\/myheritagelanguage.com\/de\/about\/about-phzh\/\" \/>\n<meta property=\"og:site_name\" content=\"HLT\" \/>\n<meta property=\"article:modified_time\" content=\"2025-04-24T08:50:08+00:00\" \/>\n<meta property=\"og:image\" content=\"https:\/\/myheritagelanguage.com\/wp-content\/uploads\/2018\/06\/phzh_01-1024x683.jpg\" \/>\n<meta name=\"twitter:card\" content=\"summary\" \/>\n<meta name=\"twitter:label1\" content=\"Gesch\u00e4tzte Lesezeit\" \/>\n\t<meta name=\"twitter:data1\" content=\"1 Minute\" \/>\n<script type=\"application\/ld+json\" class=\"yoast-schema-graph\">{\"@context\":\"https:\/\/schema.org\",\"@graph\":[{\"@type\":\"WebSite\",\"@id\":\"https:\/\/myheritagelanguage.com\/de\/#website\",\"url\":\"https:\/\/myheritagelanguage.com\/de\/\",\"name\":\"HLT\",\"description\":\"Heritage Language Teaching\",\"potentialAction\":[{\"@type\":\"SearchAction\",\"target\":{\"@type\":\"EntryPoint\",\"urlTemplate\":\"https:\/\/myheritagelanguage.com\/de\/?s={search_term_string}\"},\"query-input\":\"required name=search_term_string\"}],\"inLanguage\":\"de-DE\"},{\"@type\":\"ImageObject\",\"@id\":\"https:\/\/myheritagelanguage.com\/de\/about\/about-phzh\/#primaryimage\",\"inLanguage\":\"de-DE\",\"url\":\"https:\/\/myheritagelanguage.com\/wp-content\/uploads\/2018\/06\/phzh_01.jpg\",\"contentUrl\":\"https:\/\/myheritagelanguage.com\/wp-content\/uploads\/2018\/06\/phzh_01.jpg\",\"width\":1024,\"height\":683},{\"@type\":\"WebPage\",\"@id\":\"https:\/\/myheritagelanguage.com\/de\/about\/about-phzh\/#webpage\",\"url\":\"https:\/\/myheritagelanguage.com\/de\/about\/about-phzh\/\",\"name\":\"\\u00dcber die PHZH | HLT\",\"isPartOf\":{\"@id\":\"https:\/\/myheritagelanguage.com\/de\/#website\"},\"primaryImageOfPage\":{\"@id\":\"https:\/\/myheritagelanguage.com\/de\/about\/about-phzh\/#primaryimage\"},\"datePublished\":\"2018-04-12T05:30:09+00:00\",\"dateModified\":\"2025-04-24T08:50:08+00:00\",\"breadcrumb\":{\"@id\":\"https:\/\/myheritagelanguage.com\/de\/about\/about-phzh\/#breadcrumb\"},\"inLanguage\":\"de-DE\",\"potentialAction\":[{\"@type\":\"ReadAction\",\"target\":[\"https:\/\/myheritagelanguage.com\/de\/about\/about-phzh\/\"]}]},{\"@type\":\"BreadcrumbList\",\"@id\":\"https:\/\/myheritagelanguage.com\/de\/about\/about-phzh\/#breadcrumb\",\"itemListElement\":[{\"@type\":\"ListItem\",\"position\":1,\"name\":\"Home\",\"item\":\"https:\/\/myheritagelanguage.com\/de\/\"},{\"@type\":\"ListItem\",\"position\":2,\"name\":\"\\u00dcber Uns\",\"item\":\"https:\/\/myheritagelanguage.com\/de\/about\/\"},{\"@type\":\"ListItem\",\"position\":3,\"name\":\"\\u00dcber die PHZH\"}]}]}<\/script>\n<!-- \/ Yoast SEO plugin. -->","yoast_head_json":{"robots":{"index":"index","follow":"follow","max-snippet":"max-snippet:-1","max-image-preview":"max-image-preview:large","max-video-preview":"max-video-preview:-1"},"canonical":"https:\/\/myheritagelanguage.com\/de\/about\/about-phzh\/","og_locale":"de_DE","og_type":"article","og_title":"\u00dcber die PHZH | HLT","og_description":"Die P\u00e4dagogische Hochschule Z\u00fcrich (PH Z\u00fcrich) ist die Aus- und Weiterbildungsst\u00e4tte f\u00fcr Lehrpersonen im Kanton Z\u00fcrich. Sie wurde im Herbst 2002 durch die Zusammenlegung von elf bisherigen Institutionen der Lehrerausbildung gegr\u00fcndet. Die PH Z\u00fcrich geh\u00f6rt dem Z\u00fcrcher Fachhochschulrat an und gliedert sich in folgende Bereiche: Ausbildung f\u00fcr angehende Lehrpersonen aller Stufen Weiterbildung und Dienstleistungen f\u00fcr [&hellip;]","og_url":"https:\/\/myheritagelanguage.com\/de\/about\/about-phzh\/","og_site_name":"HLT","article_modified_time":"2025-04-24T08:50:08+00:00","og_image":[{"url":"https:\/\/myheritagelanguage.com\/wp-content\/uploads\/2018\/06\/phzh_01-1024x683.jpg"}],"twitter_card":"summary","twitter_misc":{"Gesch\u00e4tzte Lesezeit":"1 Minute"},"schema":{"@context":"https:\/\/schema.org","@graph":[{"@type":"WebSite","@id":"https:\/\/myheritagelanguage.com\/de\/#website","url":"https:\/\/myheritagelanguage.com\/de\/","name":"HLT","description":"Heritage Language Teaching","potentialAction":[{"@type":"SearchAction","target":{"@type":"EntryPoint","urlTemplate":"https:\/\/myheritagelanguage.com\/de\/?s={search_term_string}"},"query-input":"required name=search_term_string"}],"inLanguage":"de-DE"},{"@type":"ImageObject","@id":"https:\/\/myheritagelanguage.com\/de\/about\/about-phzh\/#primaryimage","inLanguage":"de-DE","url":"https:\/\/myheritagelanguage.com\/wp-content\/uploads\/2018\/06\/phzh_01.jpg","contentUrl":"https:\/\/myheritagelanguage.com\/wp-content\/uploads\/2018\/06\/phzh_01.jpg","width":1024,"height":683},{"@type":"WebPage","@id":"https:\/\/myheritagelanguage.com\/de\/about\/about-phzh\/#webpage","url":"https:\/\/myheritagelanguage.com\/de\/about\/about-phzh\/","name":"\u00dcber die PHZH | HLT","isPartOf":{"@id":"https:\/\/myheritagelanguage.com\/de\/#website"},"primaryImageOfPage":{"@id":"https:\/\/myheritagelanguage.com\/de\/about\/about-phzh\/#primaryimage"},"datePublished":"2018-04-12T05:30:09+00:00","dateModified":"2025-04-24T08:50:08+00:00","breadcrumb":{"@id":"https:\/\/myheritagelanguage.com\/de\/about\/about-phzh\/#breadcrumb"},"inLanguage":"de-DE","potentialAction":[{"@type":"ReadAction","target":["https:\/\/myheritagelanguage.com\/de\/about\/about-phzh\/"]}]},{"@type":"BreadcrumbList","@id":"https:\/\/myheritagelanguage.com\/de\/about\/about-phzh\/#breadcrumb","itemListElement":[{"@type":"ListItem","position":1,"name":"Home","item":"https:\/\/myheritagelanguage.com\/de\/"},{"@type":"ListItem","position":2,"name":"\u00dcber Uns","item":"https:\/\/myheritagelanguage.com\/de\/about\/"},{"@type":"ListItem","position":3,"name":"\u00dcber die PHZH"}]}]}},"_links":{"self":[{"href":"https:\/\/myheritagelanguage.com\/de\/wp-json\/wp\/v2\/pages\/3976"}],"collection":[{"href":"https:\/\/myheritagelanguage.com\/de\/wp-json\/wp\/v2\/pages"}],"about":[{"href":"https:\/\/myheritagelanguage.com\/de\/wp-json\/wp\/v2\/types\/page"}],"author":[{"embeddable":true,"href":"https:\/\/myheritagelanguage.com\/de\/wp-json\/wp\/v2\/users\/1"}],"replies":[{"embeddable":true,"href":"https:\/\/myheritagelanguage.com\/de\/wp-json\/wp\/v2\/comments?post=3976"}],"version-history":[{"count":4,"href":"https:\/\/myheritagelanguage.com\/de\/wp-json\/wp\/v2\/pages\/3976\/revisions"}],"predecessor-version":[{"id":17962,"href":"https:\/\/myheritagelanguage.com\/de\/wp-json\/wp\/v2\/pages\/3976\/revisions\/17962"}],"up":[{"embeddable":true,"href":"https:\/\/myheritagelanguage.com\/de\/wp-json\/wp\/v2\/pages\/3953"}],"wp:attachment":[{"href":"https:\/\/myheritagelanguage.com\/de\/wp-json\/wp\/v2\/media?parent=3976"}],"curies":[{"name":"wp","href":"https:\/\/api.w.org\/{rel}","templated":true}]}}