{"id":3980,"date":"2018-04-12T07:30:20","date_gmt":"2018-04-12T05:30:20","guid":{"rendered":"https:\/\/myheritagelanguage.com\/about\/about-us\/"},"modified":"2025-04-24T11:24:11","modified_gmt":"2025-04-24T09:24:11","slug":"about-us","status":"publish","type":"page","link":"https:\/\/myheritagelanguage.com\/de\/about\/about-us\/","title":{"rendered":"\u00dcber uns"},"content":{"rendered":"<p>&nbsp;<\/p>\n<h2>Die Abteilung Internationale Bildungsentwicklung<\/h2>\n<p>Die Reihe Materialien f\u00fcr den herkunftssprachlichen Unterricht ist aus der Zusammenarbeit zahlreicher Autor:innen, Bildungsexpert:innen und Lehrpersonen hervorgegangen, die von der Abteilung Internationale Bildungsentwicklung (IB) der P\u00e4dagogischen Hochschule Z\u00fcrich koordiniert wurde. Die Abteilung IB ist im Bereich der p\u00e4dagogischen Entwicklungszusammenarbeit aktiv, haupts\u00e4chlich in S\u00fcdosteuropa und Nordafrika. Als Teil der P\u00e4dagogischen Hochschule Z\u00fcrich hat die Abteilung IB die M\u00f6glichkeit, auf ausgewiesene Spezialist:innen im Bildungsbereich und auf Dozierende in der Lehrpersonenausbildung in der Schweiz und im Ausland zur\u00fcckzugreifen.<\/p>\n<p>Die Lehrpersonenausbildung besch\u00e4ftigt sich intensiv mit den Herausforderungen, die von Sch\u00fcler:innen mit Migrationshintergrund bew\u00e4ltigt werden m\u00fcssen. Dazu geh\u00f6ren das Erlernen der Bildungssprache und das Bed\u00fcrfnis, gleichzeitig die Herkunftssprache zu bewahren. Das ist auch der Grund, warum die Abteilung IB ihr Netzwerk von Expert:innen im Bereich der Fachdidaktik, der P\u00e4dagogik und der Mehrsprachigkeit f\u00fcr die Publikation der Materialien f\u00fcr den herkunftssprachlichen Unterricht beigezogen hat.<\/p>\n<p>Weitere Arbeitsschwerpunkte der Abteilung IB sind Demokratiebildung, Life und Future Skills, Transkulturelles Lernen, Lehren und Lernen, Inklusion und Berufliche Orientierung.<\/p>\n<p><a href=\"https:\/\/phzh.ch\/ipe\/\" target=\"_blank\" rel=\"noopener\">Mehr Informationen zur Abteilung IB<\/a><\/p>\n<p>&nbsp;<\/p>\n<h2>Der Herausgeber der Reihe Materialien f\u00fcr den herkunftssprachlichen Unterricht<\/h2>\n<p>Die treibende Kraft hinter der Publikation f\u00fcr den herkunftssprachlichen Unterricht war Prof. Dr. Dr. Basil Schader. Er war langj\u00e4hriger Dozent f\u00fcr Fachdidaktik Deutsch, Deutsch als Zweitsprache und interkulturelle P\u00e4dagogik an der P\u00e4dagogischen Hochschule Z\u00fcrich und ist Autor zahlreicher Schul- und Lehrb\u00fccher. Durch seine Studien (Germanistik, P\u00e4dagogik, Ethnologie) und sein Zweitdoktorat in albanischer Sprache an der Universit\u00e4t von Tirana war ihm die Komplexit\u00e4t des herkunftssprachlichen Unterrichts sehr bewusst. Seine profunden Kenntnisse in diesem Gebiet verdankt er auch seinem langj\u00e4hrigen Engagement f\u00fcr die albanischen HSU-Lehrpersonen im Kanton Z\u00fcrich. Als Spezialist im Bereich des interkulturellen Sprachunterrichts verf\u00fcgt er \u00fcber ein ausgedehntes Netzwerk an Expert:innen, die zu den Materialien f\u00fcr den herkunftssprachlichen Unterricht beitragen konnten.<\/p>\n","protected":false},"excerpt":{"rendered":"<p>&nbsp; Die Abteilung Internationale Bildungsentwicklung Die Reihe Materialien f\u00fcr den herkunftssprachlichen Unterricht ist aus der Zusammenarbeit zahlreicher Autor:innen, Bildungsexpert:innen und Lehrpersonen hervorgegangen, die von der Abteilung Internationale Bildungsentwicklung (IB) der P\u00e4dagogischen Hochschule Z\u00fcrich koordiniert wurde. Die Abteilung IB ist im Bereich der p\u00e4dagogischen Entwicklungszusammenarbeit aktiv, haupts\u00e4chlich in S\u00fcdosteuropa und Nordafrika. Als Teil der P\u00e4dagogischen Hochschule [&hellip;]<\/p>\n","protected":false},"author":1,"featured_media":3959,"parent":3953,"menu_order":0,"comment_status":"closed","ping_status":"closed","template":"page-full.php","meta":[],"yoast_head":"<!-- This site is optimized with the Yoast SEO plugin v17.0 - https:\/\/yoast.com\/wordpress\/plugins\/seo\/ -->\n<meta name=\"robots\" content=\"index, follow, max-snippet:-1, max-image-preview:large, max-video-preview:-1\" \/>\n<link rel=\"canonical\" href=\"https:\/\/myheritagelanguage.com\/de\/about\/about-us\/\" \/>\n<meta property=\"og:locale\" content=\"de_DE\" \/>\n<meta property=\"og:type\" content=\"article\" \/>\n<meta property=\"og:title\" content=\"\u00dcber uns | HLT\" \/>\n<meta property=\"og:description\" content=\"&nbsp; Die Abteilung Internationale Bildungsentwicklung Die Reihe Materialien f\u00fcr den herkunftssprachlichen Unterricht ist aus der Zusammenarbeit zahlreicher Autor:innen, Bildungsexpert:innen und Lehrpersonen hervorgegangen, die von der Abteilung Internationale Bildungsentwicklung (IB) der P\u00e4dagogischen Hochschule Z\u00fcrich koordiniert wurde. Die Abteilung IB ist im Bereich der p\u00e4dagogischen Entwicklungszusammenarbeit aktiv, haupts\u00e4chlich in S\u00fcdosteuropa und Nordafrika. Als Teil der P\u00e4dagogischen Hochschule [&hellip;]\" \/>\n<meta property=\"og:url\" content=\"https:\/\/myheritagelanguage.com\/de\/about\/about-us\/\" \/>\n<meta property=\"og:site_name\" content=\"HLT\" \/>\n<meta property=\"article:modified_time\" content=\"2025-04-24T09:24:11+00:00\" \/>\n<meta property=\"og:image\" content=\"https:\/\/myheritagelanguage.com\/wp-content\/uploads\/2018\/07\/5I3A9272-Kopie.jpg\" \/>\n\t<meta property=\"og:image:width\" content=\"1200\" \/>\n\t<meta property=\"og:image:height\" content=\"474\" \/>\n<meta name=\"twitter:card\" content=\"summary\" \/>\n<meta name=\"twitter:label1\" content=\"Gesch\u00e4tzte Lesezeit\" \/>\n\t<meta name=\"twitter:data1\" content=\"2 Minuten\" \/>\n<script type=\"application\/ld+json\" class=\"yoast-schema-graph\">{\"@context\":\"https:\/\/schema.org\",\"@graph\":[{\"@type\":\"WebSite\",\"@id\":\"https:\/\/myheritagelanguage.com\/de\/#website\",\"url\":\"https:\/\/myheritagelanguage.com\/de\/\",\"name\":\"HLT\",\"description\":\"Heritage Language Teaching\",\"potentialAction\":[{\"@type\":\"SearchAction\",\"target\":{\"@type\":\"EntryPoint\",\"urlTemplate\":\"https:\/\/myheritagelanguage.com\/de\/?s={search_term_string}\"},\"query-input\":\"required name=search_term_string\"}],\"inLanguage\":\"de-DE\"},{\"@type\":\"ImageObject\",\"@id\":\"https:\/\/myheritagelanguage.com\/de\/about\/about-us\/#primaryimage\",\"inLanguage\":\"de-DE\",\"url\":\"https:\/\/myheritagelanguage.com\/wp-content\/uploads\/2018\/07\/5I3A9272-Kopie.jpg\",\"contentUrl\":\"https:\/\/myheritagelanguage.com\/wp-content\/uploads\/2018\/07\/5I3A9272-Kopie.jpg\",\"width\":1200,\"height\":474},{\"@type\":\"WebPage\",\"@id\":\"https:\/\/myheritagelanguage.com\/de\/about\/about-us\/#webpage\",\"url\":\"https:\/\/myheritagelanguage.com\/de\/about\/about-us\/\",\"name\":\"\\u00dcber uns | HLT\",\"isPartOf\":{\"@id\":\"https:\/\/myheritagelanguage.com\/de\/#website\"},\"primaryImageOfPage\":{\"@id\":\"https:\/\/myheritagelanguage.com\/de\/about\/about-us\/#primaryimage\"},\"datePublished\":\"2018-04-12T05:30:20+00:00\",\"dateModified\":\"2025-04-24T09:24:11+00:00\",\"breadcrumb\":{\"@id\":\"https:\/\/myheritagelanguage.com\/de\/about\/about-us\/#breadcrumb\"},\"inLanguage\":\"de-DE\",\"potentialAction\":[{\"@type\":\"ReadAction\",\"target\":[\"https:\/\/myheritagelanguage.com\/de\/about\/about-us\/\"]}]},{\"@type\":\"BreadcrumbList\",\"@id\":\"https:\/\/myheritagelanguage.com\/de\/about\/about-us\/#breadcrumb\",\"itemListElement\":[{\"@type\":\"ListItem\",\"position\":1,\"name\":\"Home\",\"item\":\"https:\/\/myheritagelanguage.com\/de\/\"},{\"@type\":\"ListItem\",\"position\":2,\"name\":\"\\u00dcber Uns\",\"item\":\"https:\/\/myheritagelanguage.com\/de\/about\/\"},{\"@type\":\"ListItem\",\"position\":3,\"name\":\"\\u00dcber uns\"}]}]}<\/script>\n<!-- \/ Yoast SEO plugin. -->","yoast_head_json":{"robots":{"index":"index","follow":"follow","max-snippet":"max-snippet:-1","max-image-preview":"max-image-preview:large","max-video-preview":"max-video-preview:-1"},"canonical":"https:\/\/myheritagelanguage.com\/de\/about\/about-us\/","og_locale":"de_DE","og_type":"article","og_title":"\u00dcber uns | HLT","og_description":"&nbsp; Die Abteilung Internationale Bildungsentwicklung Die Reihe Materialien f\u00fcr den herkunftssprachlichen Unterricht ist aus der Zusammenarbeit zahlreicher Autor:innen, Bildungsexpert:innen und Lehrpersonen hervorgegangen, die von der Abteilung Internationale Bildungsentwicklung (IB) der P\u00e4dagogischen Hochschule Z\u00fcrich koordiniert wurde. Die Abteilung IB ist im Bereich der p\u00e4dagogischen Entwicklungszusammenarbeit aktiv, haupts\u00e4chlich in S\u00fcdosteuropa und Nordafrika. Als Teil der P\u00e4dagogischen Hochschule [&hellip;]","og_url":"https:\/\/myheritagelanguage.com\/de\/about\/about-us\/","og_site_name":"HLT","article_modified_time":"2025-04-24T09:24:11+00:00","og_image":[{"width":1200,"height":474,"url":"https:\/\/myheritagelanguage.com\/wp-content\/uploads\/2018\/07\/5I3A9272-Kopie.jpg","path":"\/home\/httpd\/vhosts\/myheritagelanguage.com\/httpdocs\/wp-content\/uploads\/2018\/07\/5I3A9272-Kopie.jpg","size":"full","id":3959,"alt":"","pixels":568800,"type":"image\/jpeg"}],"twitter_card":"summary","twitter_misc":{"Gesch\u00e4tzte Lesezeit":"2 Minuten"},"schema":{"@context":"https:\/\/schema.org","@graph":[{"@type":"WebSite","@id":"https:\/\/myheritagelanguage.com\/de\/#website","url":"https:\/\/myheritagelanguage.com\/de\/","name":"HLT","description":"Heritage Language Teaching","potentialAction":[{"@type":"SearchAction","target":{"@type":"EntryPoint","urlTemplate":"https:\/\/myheritagelanguage.com\/de\/?s={search_term_string}"},"query-input":"required name=search_term_string"}],"inLanguage":"de-DE"},{"@type":"ImageObject","@id":"https:\/\/myheritagelanguage.com\/de\/about\/about-us\/#primaryimage","inLanguage":"de-DE","url":"https:\/\/myheritagelanguage.com\/wp-content\/uploads\/2018\/07\/5I3A9272-Kopie.jpg","contentUrl":"https:\/\/myheritagelanguage.com\/wp-content\/uploads\/2018\/07\/5I3A9272-Kopie.jpg","width":1200,"height":474},{"@type":"WebPage","@id":"https:\/\/myheritagelanguage.com\/de\/about\/about-us\/#webpage","url":"https:\/\/myheritagelanguage.com\/de\/about\/about-us\/","name":"\u00dcber uns | HLT","isPartOf":{"@id":"https:\/\/myheritagelanguage.com\/de\/#website"},"primaryImageOfPage":{"@id":"https:\/\/myheritagelanguage.com\/de\/about\/about-us\/#primaryimage"},"datePublished":"2018-04-12T05:30:20+00:00","dateModified":"2025-04-24T09:24:11+00:00","breadcrumb":{"@id":"https:\/\/myheritagelanguage.com\/de\/about\/about-us\/#breadcrumb"},"inLanguage":"de-DE","potentialAction":[{"@type":"ReadAction","target":["https:\/\/myheritagelanguage.com\/de\/about\/about-us\/"]}]},{"@type":"BreadcrumbList","@id":"https:\/\/myheritagelanguage.com\/de\/about\/about-us\/#breadcrumb","itemListElement":[{"@type":"ListItem","position":1,"name":"Home","item":"https:\/\/myheritagelanguage.com\/de\/"},{"@type":"ListItem","position":2,"name":"\u00dcber Uns","item":"https:\/\/myheritagelanguage.com\/de\/about\/"},{"@type":"ListItem","position":3,"name":"\u00dcber uns"}]}]}},"_links":{"self":[{"href":"https:\/\/myheritagelanguage.com\/de\/wp-json\/wp\/v2\/pages\/3980"}],"collection":[{"href":"https:\/\/myheritagelanguage.com\/de\/wp-json\/wp\/v2\/pages"}],"about":[{"href":"https:\/\/myheritagelanguage.com\/de\/wp-json\/wp\/v2\/types\/page"}],"author":[{"embeddable":true,"href":"https:\/\/myheritagelanguage.com\/de\/wp-json\/wp\/v2\/users\/1"}],"replies":[{"embeddable":true,"href":"https:\/\/myheritagelanguage.com\/de\/wp-json\/wp\/v2\/comments?post=3980"}],"version-history":[{"count":4,"href":"https:\/\/myheritagelanguage.com\/de\/wp-json\/wp\/v2\/pages\/3980\/revisions"}],"predecessor-version":[{"id":17959,"href":"https:\/\/myheritagelanguage.com\/de\/wp-json\/wp\/v2\/pages\/3980\/revisions\/17959"}],"up":[{"embeddable":true,"href":"https:\/\/myheritagelanguage.com\/de\/wp-json\/wp\/v2\/pages\/3953"}],"wp:featuredmedia":[{"embeddable":true,"href":"https:\/\/myheritagelanguage.com\/de\/wp-json\/wp\/v2\/media\/3959"}],"wp:attachment":[{"href":"https:\/\/myheritagelanguage.com\/de\/wp-json\/wp\/v2\/media?parent=3980"}],"curies":[{"name":"wp","href":"https:\/\/api.w.org\/{rel}","templated":true}]}}