{"id":3983,"date":"2018-06-21T15:20:56","date_gmt":"2018-06-21T13:20:56","guid":{"rendered":"https:\/\/myheritagelanguage.com\/about\/donors\/"},"modified":"2025-04-30T11:09:09","modified_gmt":"2025-04-30T09:09:09","slug":"donors","status":"publish","type":"page","link":"https:\/\/myheritagelanguage.com\/de\/about\/donors\/","title":{"rendered":"Partner"},"content":{"rendered":"<p><img loading=\"lazy\" class=\"aligncenter size-full wp-image-5580\" src=\"https:\/\/myheritagelanguage.com\/wp-content\/uploads\/2018\/10\/donors_teaser.jpg\" alt=\"\" width=\"1200\" height=\"474\" srcset=\"https:\/\/myheritagelanguage.com\/wp-content\/uploads\/2018\/10\/donors_teaser.jpg 1200w, https:\/\/myheritagelanguage.com\/wp-content\/uploads\/2018\/10\/donors_teaser-300x119.jpg 300w, https:\/\/myheritagelanguage.com\/wp-content\/uploads\/2018\/10\/donors_teaser-768x303.jpg 768w, https:\/\/myheritagelanguage.com\/wp-content\/uploads\/2018\/10\/donors_teaser-1024x404.jpg 1024w\" sizes=\"(max-width: 1200px) 100vw, 1200px\" \/><\/p>\n<p>Die Reihe Materialien f\u00fcr den herkunftssprachlichen Unterricht w\u00e4re ohne die freundliche Unterst\u00fctzung unserer Partner nicht m\u00f6glich gewesen. Daf\u00fcr m\u00f6chten wir uns herzlich bedanken bei:<\/p>\n<div>\n<p><a href=\"https:\/\/www.zh.ch\/de\/bildungsdirektion\/volksschulamt.html\" target=\"_blank\" rel=\"noopener\">Volksschulamt des Kantons Z\u00fcrich,\u00a0Sektor interkulturelle P\u00e4dagogik<\/a><\/p>\n<p><img loading=\"lazy\" class=\"alignnone size-full wp-image-5550\" src=\"https:\/\/myheritagelanguage.com\/wp-content\/uploads\/2018\/10\/01_KZBV.jpg\" alt=\"\" width=\"293\" height=\"100\" \/><\/p>\n<\/div>\n<hr style=\"border-top: 1px solid #625e5e;\" \/>\n<div>\n<p><a href=\"https:\/\/www.bak.admin.ch\/bak\/de\/home.html\" target=\"_blank\" rel=\"noopener\">Bundesamt f\u00fcr Kultur<\/a><\/p>\n<p><img loading=\"lazy\" class=\"alignnone size-full wp-image-5556\" src=\"https:\/\/myheritagelanguage.com\/wp-content\/uploads\/2018\/10\/02_FOC.jpg\" alt=\"\" width=\"541\" height=\"80\" srcset=\"https:\/\/myheritagelanguage.com\/wp-content\/uploads\/2018\/10\/02_FOC.jpg 541w, https:\/\/myheritagelanguage.com\/wp-content\/uploads\/2018\/10\/02_FOC-300x44.jpg 300w\" sizes=\"(max-width: 541px) 100vw, 541px\" \/><\/p>\n<\/div>\n<hr style=\"border-top: 1px solid #625e5e;\" \/>\n<div>\n<p><a href=\"https:\/\/www.zh.ch\/de\/sport-kultur\/swisslos-fonds.html\" target=\"_blank\" rel=\"noopener\">Lotteriefonds des Kantons Z\u00fcrich<\/a><\/p>\n<p><img loading=\"lazy\" class=\"alignnone size-full wp-image-5562\" src=\"https:\/\/myheritagelanguage.com\/wp-content\/uploads\/2018\/10\/03_.LFCZjpg.jpg\" alt=\"\" width=\"251\" height=\"80\" \/><\/p>\n<\/div>\n<hr style=\"border-top: 1px solid #625e5e;\" \/>\n<div>\n<p><a href=\"https:\/\/ofv.ch\/\" target=\"_blank\" rel=\"noopener\">Orell F\u00fcssli Verlag<\/a><\/p>\n<p><img loading=\"lazy\" class=\"alignnone size-full wp-image-5568\" src=\"https:\/\/myheritagelanguage.com\/wp-content\/uploads\/2018\/10\/04_OFV.jpg\" alt=\"\" width=\"264\" height=\"81\" \/><\/p>\n<\/div>\n<hr style=\"border-top: 1px solid #625e5e;\" \/>\n<div>\n<p><a href=\"http:\/\/amuse.eurac.edu\/en\/home\/default.html\" target=\"_blank\" rel=\"noopener\">Projekt AMuSE im Rahmen des Lifelong Learning Programms der Europ\u00e4ischen Union<\/a><\/p>\n<p><img loading=\"lazy\" class=\"alignnone size-full wp-image-5574\" src=\"https:\/\/myheritagelanguage.com\/wp-content\/uploads\/2018\/10\/05_A_LLP.jpg\" alt=\"\" width=\"396\" height=\"81\" srcset=\"https:\/\/myheritagelanguage.com\/wp-content\/uploads\/2018\/10\/05_A_LLP.jpg 396w, https:\/\/myheritagelanguage.com\/wp-content\/uploads\/2018\/10\/05_A_LLP-300x61.jpg 300w\" sizes=\"(max-width: 396px) 100vw, 396px\" \/><\/p>\n<\/div>\n<p>&nbsp;<\/p>\n","protected":false},"excerpt":{"rendered":"<p>Die Reihe Materialien f\u00fcr den herkunftssprachlichen Unterricht w\u00e4re ohne die freundliche Unterst\u00fctzung unserer Partner nicht m\u00f6glich gewesen. Daf\u00fcr m\u00f6chten wir uns herzlich bedanken bei: Volksschulamt des Kantons Z\u00fcrich,\u00a0Sektor interkulturelle P\u00e4dagogik Bundesamt f\u00fcr Kultur Lotteriefonds des Kantons Z\u00fcrich Orell F\u00fcssli Verlag Projekt AMuSE im Rahmen des Lifelong Learning Programms der Europ\u00e4ischen Union &nbsp;<\/p>\n","protected":false},"author":3,"featured_media":0,"parent":3953,"menu_order":4,"comment_status":"closed","ping_status":"closed","template":"page-full.php","meta":[],"yoast_head":"<!-- This site is optimized with the Yoast SEO plugin v17.0 - https:\/\/yoast.com\/wordpress\/plugins\/seo\/ -->\n<meta name=\"robots\" content=\"index, follow, max-snippet:-1, max-image-preview:large, max-video-preview:-1\" \/>\n<link rel=\"canonical\" href=\"https:\/\/myheritagelanguage.com\/de\/about\/donors\/\" \/>\n<meta property=\"og:locale\" content=\"de_DE\" \/>\n<meta property=\"og:type\" content=\"article\" \/>\n<meta property=\"og:title\" content=\"Partner | HLT\" \/>\n<meta property=\"og:description\" content=\"Die Reihe Materialien f\u00fcr den herkunftssprachlichen Unterricht w\u00e4re ohne die freundliche Unterst\u00fctzung unserer Partner nicht m\u00f6glich gewesen. Daf\u00fcr m\u00f6chten wir uns herzlich bedanken bei: Volksschulamt des Kantons Z\u00fcrich,\u00a0Sektor interkulturelle P\u00e4dagogik Bundesamt f\u00fcr Kultur Lotteriefonds des Kantons Z\u00fcrich Orell F\u00fcssli Verlag Projekt AMuSE im Rahmen des Lifelong Learning Programms der Europ\u00e4ischen Union &nbsp;\" \/>\n<meta property=\"og:url\" content=\"https:\/\/myheritagelanguage.com\/de\/about\/donors\/\" \/>\n<meta property=\"og:site_name\" content=\"HLT\" \/>\n<meta property=\"article:modified_time\" content=\"2025-04-30T09:09:09+00:00\" \/>\n<meta property=\"og:image\" content=\"https:\/\/myheritagelanguage.com\/wp-content\/uploads\/2018\/10\/donors_teaser.jpg\" \/>\n<meta name=\"twitter:card\" content=\"summary\" \/>\n<script type=\"application\/ld+json\" class=\"yoast-schema-graph\">{\"@context\":\"https:\/\/schema.org\",\"@graph\":[{\"@type\":\"WebSite\",\"@id\":\"https:\/\/myheritagelanguage.com\/de\/#website\",\"url\":\"https:\/\/myheritagelanguage.com\/de\/\",\"name\":\"HLT\",\"description\":\"Heritage Language Teaching\",\"potentialAction\":[{\"@type\":\"SearchAction\",\"target\":{\"@type\":\"EntryPoint\",\"urlTemplate\":\"https:\/\/myheritagelanguage.com\/de\/?s={search_term_string}\"},\"query-input\":\"required name=search_term_string\"}],\"inLanguage\":\"de-DE\"},{\"@type\":\"ImageObject\",\"@id\":\"https:\/\/myheritagelanguage.com\/de\/about\/donors\/#primaryimage\",\"inLanguage\":\"de-DE\",\"url\":\"https:\/\/myheritagelanguage.com\/wp-content\/uploads\/2018\/10\/donors_teaser.jpg\",\"contentUrl\":\"https:\/\/myheritagelanguage.com\/wp-content\/uploads\/2018\/10\/donors_teaser.jpg\",\"width\":1200,\"height\":474},{\"@type\":\"WebPage\",\"@id\":\"https:\/\/myheritagelanguage.com\/de\/about\/donors\/#webpage\",\"url\":\"https:\/\/myheritagelanguage.com\/de\/about\/donors\/\",\"name\":\"Partner | HLT\",\"isPartOf\":{\"@id\":\"https:\/\/myheritagelanguage.com\/de\/#website\"},\"primaryImageOfPage\":{\"@id\":\"https:\/\/myheritagelanguage.com\/de\/about\/donors\/#primaryimage\"},\"datePublished\":\"2018-06-21T13:20:56+00:00\",\"dateModified\":\"2025-04-30T09:09:09+00:00\",\"breadcrumb\":{\"@id\":\"https:\/\/myheritagelanguage.com\/de\/about\/donors\/#breadcrumb\"},\"inLanguage\":\"de-DE\",\"potentialAction\":[{\"@type\":\"ReadAction\",\"target\":[\"https:\/\/myheritagelanguage.com\/de\/about\/donors\/\"]}]},{\"@type\":\"BreadcrumbList\",\"@id\":\"https:\/\/myheritagelanguage.com\/de\/about\/donors\/#breadcrumb\",\"itemListElement\":[{\"@type\":\"ListItem\",\"position\":1,\"name\":\"Home\",\"item\":\"https:\/\/myheritagelanguage.com\/de\/\"},{\"@type\":\"ListItem\",\"position\":2,\"name\":\"\\u00dcber Uns\",\"item\":\"https:\/\/myheritagelanguage.com\/de\/about\/\"},{\"@type\":\"ListItem\",\"position\":3,\"name\":\"Partner\"}]}]}<\/script>\n<!-- \/ Yoast SEO plugin. -->","yoast_head_json":{"robots":{"index":"index","follow":"follow","max-snippet":"max-snippet:-1","max-image-preview":"max-image-preview:large","max-video-preview":"max-video-preview:-1"},"canonical":"https:\/\/myheritagelanguage.com\/de\/about\/donors\/","og_locale":"de_DE","og_type":"article","og_title":"Partner | HLT","og_description":"Die Reihe Materialien f\u00fcr den herkunftssprachlichen Unterricht w\u00e4re ohne die freundliche Unterst\u00fctzung unserer Partner nicht m\u00f6glich gewesen. Daf\u00fcr m\u00f6chten wir uns herzlich bedanken bei: Volksschulamt des Kantons Z\u00fcrich,\u00a0Sektor interkulturelle P\u00e4dagogik Bundesamt f\u00fcr Kultur Lotteriefonds des Kantons Z\u00fcrich Orell F\u00fcssli Verlag Projekt AMuSE im Rahmen des Lifelong Learning Programms der Europ\u00e4ischen Union &nbsp;","og_url":"https:\/\/myheritagelanguage.com\/de\/about\/donors\/","og_site_name":"HLT","article_modified_time":"2025-04-30T09:09:09+00:00","og_image":[{"url":"https:\/\/myheritagelanguage.com\/wp-content\/uploads\/2018\/10\/donors_teaser.jpg"}],"twitter_card":"summary","schema":{"@context":"https:\/\/schema.org","@graph":[{"@type":"WebSite","@id":"https:\/\/myheritagelanguage.com\/de\/#website","url":"https:\/\/myheritagelanguage.com\/de\/","name":"HLT","description":"Heritage Language Teaching","potentialAction":[{"@type":"SearchAction","target":{"@type":"EntryPoint","urlTemplate":"https:\/\/myheritagelanguage.com\/de\/?s={search_term_string}"},"query-input":"required name=search_term_string"}],"inLanguage":"de-DE"},{"@type":"ImageObject","@id":"https:\/\/myheritagelanguage.com\/de\/about\/donors\/#primaryimage","inLanguage":"de-DE","url":"https:\/\/myheritagelanguage.com\/wp-content\/uploads\/2018\/10\/donors_teaser.jpg","contentUrl":"https:\/\/myheritagelanguage.com\/wp-content\/uploads\/2018\/10\/donors_teaser.jpg","width":1200,"height":474},{"@type":"WebPage","@id":"https:\/\/myheritagelanguage.com\/de\/about\/donors\/#webpage","url":"https:\/\/myheritagelanguage.com\/de\/about\/donors\/","name":"Partner | HLT","isPartOf":{"@id":"https:\/\/myheritagelanguage.com\/de\/#website"},"primaryImageOfPage":{"@id":"https:\/\/myheritagelanguage.com\/de\/about\/donors\/#primaryimage"},"datePublished":"2018-06-21T13:20:56+00:00","dateModified":"2025-04-30T09:09:09+00:00","breadcrumb":{"@id":"https:\/\/myheritagelanguage.com\/de\/about\/donors\/#breadcrumb"},"inLanguage":"de-DE","potentialAction":[{"@type":"ReadAction","target":["https:\/\/myheritagelanguage.com\/de\/about\/donors\/"]}]},{"@type":"BreadcrumbList","@id":"https:\/\/myheritagelanguage.com\/de\/about\/donors\/#breadcrumb","itemListElement":[{"@type":"ListItem","position":1,"name":"Home","item":"https:\/\/myheritagelanguage.com\/de\/"},{"@type":"ListItem","position":2,"name":"\u00dcber Uns","item":"https:\/\/myheritagelanguage.com\/de\/about\/"},{"@type":"ListItem","position":3,"name":"Partner"}]}]}},"_links":{"self":[{"href":"https:\/\/myheritagelanguage.com\/de\/wp-json\/wp\/v2\/pages\/3983"}],"collection":[{"href":"https:\/\/myheritagelanguage.com\/de\/wp-json\/wp\/v2\/pages"}],"about":[{"href":"https:\/\/myheritagelanguage.com\/de\/wp-json\/wp\/v2\/types\/page"}],"author":[{"embeddable":true,"href":"https:\/\/myheritagelanguage.com\/de\/wp-json\/wp\/v2\/users\/3"}],"replies":[{"embeddable":true,"href":"https:\/\/myheritagelanguage.com\/de\/wp-json\/wp\/v2\/comments?post=3983"}],"version-history":[{"count":7,"href":"https:\/\/myheritagelanguage.com\/de\/wp-json\/wp\/v2\/pages\/3983\/revisions"}],"predecessor-version":[{"id":18071,"href":"https:\/\/myheritagelanguage.com\/de\/wp-json\/wp\/v2\/pages\/3983\/revisions\/18071"}],"up":[{"embeddable":true,"href":"https:\/\/myheritagelanguage.com\/de\/wp-json\/wp\/v2\/pages\/3953"}],"wp:attachment":[{"href":"https:\/\/myheritagelanguage.com\/de\/wp-json\/wp\/v2\/media?parent=3983"}],"curies":[{"name":"wp","href":"https:\/\/api.w.org\/{rel}","templated":true}]}}