{"id":9233,"date":"2018-04-12T07:30:20","date_gmt":"2018-04-12T05:30:20","guid":{"rendered":"https:\/\/myheritagelanguage.com\/about-us\/"},"modified":"2025-04-24T11:23:53","modified_gmt":"2025-04-24T09:23:53","slug":"about-us","status":"publish","type":"page","link":"https:\/\/myheritagelanguage.com\/fr\/about\/about-us\/","title":{"rendered":"\u00c0 propos"},"content":{"rendered":"<p>&nbsp;<\/p>\n<h2>Le D\u00e9partement IPE<\/h2>\n<p>La s\u00e9rie <em>Mat\u00e9riel pour l\u2019enseignement de la langue et de la culture d\u2019origine<\/em> est n\u00e9e de la collaboration fructueuse de nombreux auteurs, experts et enseignants. Elle a \u00e9t\u00e9 coordonn\u00e9e par le D\u00e9partement du d\u00e9veloppement international de l\u2019\u00e9ducation (IPE\u00a0: Projets Internationaux en \u00c9ducation) de la Haute \u00e9cole p\u00e9dagogique de Zurich (PHZH).<\/p>\n<p>Le D\u00e9partement IPE joue un r\u00f4le actif dans le domaine du d\u00e9veloppement des collaborations p\u00e9dagogiques, principalement en Europe de l\u2019Est, dans les Balkans, en Asie et en Afrique. Par son appartenance \u00e0 la Haute \u00e9cole p\u00e9dagogique de Zurich (PHZH), le D\u00e9partement IPE a la possibilit\u00e9 de recourir \u00e0 des sp\u00e9cialistes reconnus dans le domaine de l\u2019\u00e9ducation et \u00e0 des formateurs d\u2019enseignants en Suisse et \u00e0 l\u2019\u00e9tranger.<\/p>\n<p>La formation des enseignants aborde de mani\u00e8re approfondie les d\u00e9fis que les \u00e9l\u00e8ves issus de l&rsquo;immigration doivent relever. Cela inclut l&rsquo;apprentissage de la langue d&rsquo;enseignement et la n\u00e9cessit\u00e9 de pr\u00e9server en parall\u00e8le la langue d&rsquo;origine. C&rsquo;est aussi pour cette raison que le D\u00e9partement IPE a mis \u00e0 contribution son r\u00e9seau d&rsquo;experts dans le domaine de la didactique, de la p\u00e9dagogie et du plurilinguisme en vue de la publication du mat\u00e9riel destin\u00e9 \u00e0 l&rsquo;enseignement de la langue et de la culture d&rsquo;origine.<\/p>\n<p>Parmi les autres domaines d\u2019activit\u00e9s du D\u00e9partement IPE, on recense l&rsquo;\u00e9ducation politique, l&rsquo;orientation professionnelle et la promotion des comp\u00e9tences n\u00e9cessaires dans la vie courante.<\/p>\n<p><a href=\"https:\/\/ipe.phzh.ch\/\">Pour de plus amples informations sur le D\u00e9partement IPE<\/a><\/p>\n<p>&nbsp;<\/p>\n<h2>L\u2019\u00e9diteur de la s\u00e9rie Mat\u00e9riel pour l\u2019enseignement de la langue et de la culture d\u2019origine<\/h2>\n<p>Le Prof. Dr. Dr. Basil Schader a jou\u00e9 un r\u00f4le moteur dans la publication de cette s\u00e9rie. Il a enseign\u00e9 pendant de nombreuses ann\u00e9es la didactique de l\u2019allemand, l\u2019allemand langue seconde et la p\u00e9dagogie interculturelle \u00e0 la Haute \u00e9cole p\u00e9dagogique de Zurich (PHZH) et il est l\u2019auteur de nombreux manuels scolaires et p\u00e9dagogiques. Ses \u00e9tudes en germanistique, p\u00e9dagogie et ethnologie, ainsi que son deuxi\u00e8me doctorat sur la langue albanaise obtenu \u00e0 l\u2019Universit\u00e9 de Tirana, lui ont permis d\u2019approcher au plus pr\u00e8s la complexit\u00e9 propre \u00e0 l\u2019enseignement de la langue et de la culture d\u2019origine. Il doit \u00e9galement ses connaissances approfondies dans ce domaine \u00e0 ses nombreuses ann\u00e9es d&rsquo;engagement en faveur des enseignants LCO d&rsquo;albanais, dans le canton de Zurich. En tant que sp\u00e9cialiste de l&rsquo;enseignement interculturel des langues, il dispose d&rsquo;un large r\u00e9seau d&rsquo;experts, lesquels ont contribu\u00e9 \u00e0 l&rsquo;\u00e9laboration du mat\u00e9riel d&rsquo;enseignement pour la langue et la culture d&rsquo;origine.<\/p>\n","protected":false},"excerpt":{"rendered":"<p>&nbsp; Le D\u00e9partement IPE La s\u00e9rie Mat\u00e9riel pour l\u2019enseignement de la langue et de la culture d\u2019origine est n\u00e9e de la collaboration fructueuse de nombreux auteurs, experts et enseignants. Elle a \u00e9t\u00e9 coordonn\u00e9e par le D\u00e9partement du d\u00e9veloppement international de l\u2019\u00e9ducation (IPE\u00a0: Projets Internationaux en \u00c9ducation) de la Haute \u00e9cole p\u00e9dagogique de Zurich (PHZH). Le [&hellip;]<\/p>\n","protected":false},"author":1,"featured_media":9234,"parent":9243,"menu_order":0,"comment_status":"closed","ping_status":"closed","template":"page-full.php","meta":[],"yoast_head":"<!-- This site is optimized with the Yoast SEO plugin v17.0 - https:\/\/yoast.com\/wordpress\/plugins\/seo\/ -->\n<meta name=\"robots\" content=\"index, follow, max-snippet:-1, max-image-preview:large, max-video-preview:-1\" \/>\n<link rel=\"canonical\" href=\"https:\/\/myheritagelanguage.com\/fr\/about\/about-us\/\" \/>\n<meta property=\"og:locale\" content=\"fr_FR\" \/>\n<meta property=\"og:type\" content=\"article\" \/>\n<meta property=\"og:title\" content=\"\u00c0 propos | HLT\" \/>\n<meta property=\"og:description\" content=\"&nbsp; Le D\u00e9partement IPE La s\u00e9rie Mat\u00e9riel pour l\u2019enseignement de la langue et de la culture d\u2019origine est n\u00e9e de la collaboration fructueuse de nombreux auteurs, experts et enseignants. Elle a \u00e9t\u00e9 coordonn\u00e9e par le D\u00e9partement du d\u00e9veloppement international de l\u2019\u00e9ducation (IPE\u00a0: Projets Internationaux en \u00c9ducation) de la Haute \u00e9cole p\u00e9dagogique de Zurich (PHZH). Le [&hellip;]\" \/>\n<meta property=\"og:url\" content=\"https:\/\/myheritagelanguage.com\/fr\/about\/about-us\/\" \/>\n<meta property=\"og:site_name\" content=\"HLT\" \/>\n<meta property=\"article:modified_time\" content=\"2025-04-24T09:23:53+00:00\" \/>\n<meta property=\"og:image\" content=\"https:\/\/myheritagelanguage.com\/wp-content\/uploads\/2018\/07\/5I3A9272-Kopie.jpg\" \/>\n\t<meta property=\"og:image:width\" content=\"1200\" \/>\n\t<meta property=\"og:image:height\" content=\"474\" \/>\n<meta name=\"twitter:card\" content=\"summary\" \/>\n<meta name=\"twitter:label1\" content=\"Dur\u00e9e de lecture est.\" \/>\n\t<meta name=\"twitter:data1\" content=\"2 minutes\" \/>\n<script type=\"application\/ld+json\" class=\"yoast-schema-graph\">{\"@context\":\"https:\/\/schema.org\",\"@graph\":[{\"@type\":\"WebSite\",\"@id\":\"https:\/\/myheritagelanguage.com\/fr\/#website\",\"url\":\"https:\/\/myheritagelanguage.com\/fr\/\",\"name\":\"HLT\",\"description\":\"Heritage Language Teaching\",\"potentialAction\":[{\"@type\":\"SearchAction\",\"target\":{\"@type\":\"EntryPoint\",\"urlTemplate\":\"https:\/\/myheritagelanguage.com\/fr\/?s={search_term_string}\"},\"query-input\":\"required name=search_term_string\"}],\"inLanguage\":\"fr-FR\"},{\"@type\":\"ImageObject\",\"@id\":\"https:\/\/myheritagelanguage.com\/fr\/about\/about-us\/#primaryimage\",\"inLanguage\":\"fr-FR\",\"url\":\"https:\/\/myheritagelanguage.com\/wp-content\/uploads\/2018\/07\/5I3A9272-Kopie.jpg\",\"contentUrl\":\"https:\/\/myheritagelanguage.com\/wp-content\/uploads\/2018\/07\/5I3A9272-Kopie.jpg\",\"width\":1200,\"height\":474},{\"@type\":\"WebPage\",\"@id\":\"https:\/\/myheritagelanguage.com\/fr\/about\/about-us\/#webpage\",\"url\":\"https:\/\/myheritagelanguage.com\/fr\/about\/about-us\/\",\"name\":\"\\u00c0 propos | HLT\",\"isPartOf\":{\"@id\":\"https:\/\/myheritagelanguage.com\/fr\/#website\"},\"primaryImageOfPage\":{\"@id\":\"https:\/\/myheritagelanguage.com\/fr\/about\/about-us\/#primaryimage\"},\"datePublished\":\"2018-04-12T05:30:20+00:00\",\"dateModified\":\"2025-04-24T09:23:53+00:00\",\"breadcrumb\":{\"@id\":\"https:\/\/myheritagelanguage.com\/fr\/about\/about-us\/#breadcrumb\"},\"inLanguage\":\"fr-FR\",\"potentialAction\":[{\"@type\":\"ReadAction\",\"target\":[\"https:\/\/myheritagelanguage.com\/fr\/about\/about-us\/\"]}]},{\"@type\":\"BreadcrumbList\",\"@id\":\"https:\/\/myheritagelanguage.com\/fr\/about\/about-us\/#breadcrumb\",\"itemListElement\":[{\"@type\":\"ListItem\",\"position\":1,\"name\":\"Home\",\"item\":\"https:\/\/myheritagelanguage.com\/fr\/\"},{\"@type\":\"ListItem\",\"position\":2,\"name\":\"\\u00c0 propos\",\"item\":\"https:\/\/myheritagelanguage.com\/fr\/about\/\"},{\"@type\":\"ListItem\",\"position\":3,\"name\":\"\\u00c0 propos\"}]}]}<\/script>\n<!-- \/ Yoast SEO plugin. -->","yoast_head_json":{"robots":{"index":"index","follow":"follow","max-snippet":"max-snippet:-1","max-image-preview":"max-image-preview:large","max-video-preview":"max-video-preview:-1"},"canonical":"https:\/\/myheritagelanguage.com\/fr\/about\/about-us\/","og_locale":"fr_FR","og_type":"article","og_title":"\u00c0 propos | HLT","og_description":"&nbsp; Le D\u00e9partement IPE La s\u00e9rie Mat\u00e9riel pour l\u2019enseignement de la langue et de la culture d\u2019origine est n\u00e9e de la collaboration fructueuse de nombreux auteurs, experts et enseignants. Elle a \u00e9t\u00e9 coordonn\u00e9e par le D\u00e9partement du d\u00e9veloppement international de l\u2019\u00e9ducation (IPE\u00a0: Projets Internationaux en \u00c9ducation) de la Haute \u00e9cole p\u00e9dagogique de Zurich (PHZH). Le [&hellip;]","og_url":"https:\/\/myheritagelanguage.com\/fr\/about\/about-us\/","og_site_name":"HLT","article_modified_time":"2025-04-24T09:23:53+00:00","og_image":[{"width":1200,"height":474,"url":"https:\/\/myheritagelanguage.com\/wp-content\/uploads\/2018\/07\/5I3A9272-Kopie.jpg","path":"\/home\/httpd\/vhosts\/myheritagelanguage.com\/httpdocs\/wp-content\/uploads\/2018\/07\/5I3A9272-Kopie.jpg","size":"full","id":9234,"alt":"","pixels":568800,"type":"image\/jpeg"}],"twitter_card":"summary","twitter_misc":{"Dur\u00e9e de lecture est.":"2 minutes"},"schema":{"@context":"https:\/\/schema.org","@graph":[{"@type":"WebSite","@id":"https:\/\/myheritagelanguage.com\/fr\/#website","url":"https:\/\/myheritagelanguage.com\/fr\/","name":"HLT","description":"Heritage Language Teaching","potentialAction":[{"@type":"SearchAction","target":{"@type":"EntryPoint","urlTemplate":"https:\/\/myheritagelanguage.com\/fr\/?s={search_term_string}"},"query-input":"required name=search_term_string"}],"inLanguage":"fr-FR"},{"@type":"ImageObject","@id":"https:\/\/myheritagelanguage.com\/fr\/about\/about-us\/#primaryimage","inLanguage":"fr-FR","url":"https:\/\/myheritagelanguage.com\/wp-content\/uploads\/2018\/07\/5I3A9272-Kopie.jpg","contentUrl":"https:\/\/myheritagelanguage.com\/wp-content\/uploads\/2018\/07\/5I3A9272-Kopie.jpg","width":1200,"height":474},{"@type":"WebPage","@id":"https:\/\/myheritagelanguage.com\/fr\/about\/about-us\/#webpage","url":"https:\/\/myheritagelanguage.com\/fr\/about\/about-us\/","name":"\u00c0 propos | HLT","isPartOf":{"@id":"https:\/\/myheritagelanguage.com\/fr\/#website"},"primaryImageOfPage":{"@id":"https:\/\/myheritagelanguage.com\/fr\/about\/about-us\/#primaryimage"},"datePublished":"2018-04-12T05:30:20+00:00","dateModified":"2025-04-24T09:23:53+00:00","breadcrumb":{"@id":"https:\/\/myheritagelanguage.com\/fr\/about\/about-us\/#breadcrumb"},"inLanguage":"fr-FR","potentialAction":[{"@type":"ReadAction","target":["https:\/\/myheritagelanguage.com\/fr\/about\/about-us\/"]}]},{"@type":"BreadcrumbList","@id":"https:\/\/myheritagelanguage.com\/fr\/about\/about-us\/#breadcrumb","itemListElement":[{"@type":"ListItem","position":1,"name":"Home","item":"https:\/\/myheritagelanguage.com\/fr\/"},{"@type":"ListItem","position":2,"name":"\u00c0 propos","item":"https:\/\/myheritagelanguage.com\/fr\/about\/"},{"@type":"ListItem","position":3,"name":"\u00c0 propos"}]}]}},"_links":{"self":[{"href":"https:\/\/myheritagelanguage.com\/fr\/wp-json\/wp\/v2\/pages\/9233"}],"collection":[{"href":"https:\/\/myheritagelanguage.com\/fr\/wp-json\/wp\/v2\/pages"}],"about":[{"href":"https:\/\/myheritagelanguage.com\/fr\/wp-json\/wp\/v2\/types\/page"}],"author":[{"embeddable":true,"href":"https:\/\/myheritagelanguage.com\/fr\/wp-json\/wp\/v2\/users\/1"}],"replies":[{"embeddable":true,"href":"https:\/\/myheritagelanguage.com\/fr\/wp-json\/wp\/v2\/comments?post=9233"}],"version-history":[{"count":3,"href":"https:\/\/myheritagelanguage.com\/fr\/wp-json\/wp\/v2\/pages\/9233\/revisions"}],"predecessor-version":[{"id":17967,"href":"https:\/\/myheritagelanguage.com\/fr\/wp-json\/wp\/v2\/pages\/9233\/revisions\/17967"}],"up":[{"embeddable":true,"href":"https:\/\/myheritagelanguage.com\/fr\/wp-json\/wp\/v2\/pages\/9243"}],"wp:featuredmedia":[{"embeddable":true,"href":"https:\/\/myheritagelanguage.com\/fr\/wp-json\/wp\/v2\/media\/9234"}],"wp:attachment":[{"href":"https:\/\/myheritagelanguage.com\/fr\/wp-json\/wp\/v2\/media?parent=9233"}],"curies":[{"name":"wp","href":"https:\/\/api.w.org\/{rel}","templated":true}]}}