{"id":9237,"date":"2018-04-12T07:30:09","date_gmt":"2018-04-12T05:30:09","guid":{"rendered":"https:\/\/myheritagelanguage.com\/about-phzh\/"},"modified":"2025-04-24T11:30:21","modified_gmt":"2025-04-24T09:30:21","slug":"about-phzh","status":"publish","type":"page","link":"https:\/\/myheritagelanguage.com\/fr\/about\/about-phzh\/","title":{"rendered":"\u00c0 propos de la PHZH"},"content":{"rendered":"<p>La Haute \u00e9cole p\u00e9dagogique de Zurich (PHZH) est un \u00e9tablissement d\u00e9di\u00e9 \u00e0 la formation initiale et continue des enseignants du canton de Zurich.<\/p>\n<p><img loading=\"lazy\" class=\"aligncenter wp-image-1389 size-large\" src=\"https:\/\/myheritagelanguage.com\/wp-content\/uploads\/2018\/06\/phzh_01-1024x683.jpg\" alt=\"\" width=\"1024\" height=\"683\" srcset=\"https:\/\/myheritagelanguage.com\/wp-content\/uploads\/2018\/06\/phzh_01.jpg 1024w, https:\/\/myheritagelanguage.com\/wp-content\/uploads\/2018\/06\/phzh_01-300x200.jpg 300w, https:\/\/myheritagelanguage.com\/wp-content\/uploads\/2018\/06\/phzh_01-768x512.jpg 768w\" sizes=\"(max-width: 1024px) 100vw, 1024px\" \/><\/p>\n<p>La Haute \u00e9cole p\u00e9dagogique de Zurich (PHZH) a \u00e9t\u00e9 fond\u00e9e \u00e0 l\u2019automne 2002 gr\u00e2ce au regroupement de onze institutions de formation d\u2019enseignants pr\u00e9existantes. La PH Zurich est membre de l\u2019Association cantonale des hautes \u00e9coles sp\u00e9cialis\u00e9es et se subdivise en trois domaines&nbsp;:<\/p>\n<ul>\n<li>Formation initiale des futurs enseignants \u00e0 tous les niveaux<\/li>\n<li>Formation continue et services destin\u00e9s aux enseignants, directeurs d\u2019\u00e9cole et autorit\u00e9s scolaires<\/li>\n<li>Recherche et d\u00e9veloppement<\/li>\n<\/ul>\n<p>On y recense approximativement 3\u00a0800\u00a0\u00e9tudiants, 21\u00a0000\u00a0participants aux formations continues, 600\u00a0enseignants, collaborateurs scientifiques et assistants ainsi que 300\u00a0collaborateurs dans les fonctions administratives, techniques et op\u00e9rationnelles (\u00e0 temps plein ou partiel).<\/p>\n<p><img loading=\"lazy\" class=\"aligncenter wp-image-1390 size-large\" src=\"https:\/\/myheritagelanguage.com\/wp-content\/uploads\/2018\/06\/phzh_02-1024x683.jpg\" alt=\"\" width=\"1024\" height=\"683\" srcset=\"https:\/\/myheritagelanguage.com\/wp-content\/uploads\/2018\/06\/phzh_02-1024x683.jpg 1024w, https:\/\/myheritagelanguage.com\/wp-content\/uploads\/2018\/06\/phzh_02-300x200.jpg 300w, https:\/\/myheritagelanguage.com\/wp-content\/uploads\/2018\/06\/phzh_02-768x512.jpg 768w, https:\/\/myheritagelanguage.com\/wp-content\/uploads\/2018\/06\/phzh_02.jpg 2048w\" sizes=\"(max-width: 1024px) 100vw, 1024px\" \/><\/p>\n<p><img loading=\"lazy\" class=\"alignnone size-large wp-image-1391\" src=\"https:\/\/myheritagelanguage.com\/wp-content\/uploads\/2018\/06\/phzh_03-1024x683.jpg\" alt=\"\" width=\"1024\" height=\"683\" srcset=\"https:\/\/myheritagelanguage.com\/wp-content\/uploads\/2018\/06\/phzh_03-1024x683.jpg 1024w, https:\/\/myheritagelanguage.com\/wp-content\/uploads\/2018\/06\/phzh_03-300x200.jpg 300w, https:\/\/myheritagelanguage.com\/wp-content\/uploads\/2018\/06\/phzh_03-768x512.jpg 768w, https:\/\/myheritagelanguage.com\/wp-content\/uploads\/2018\/06\/phzh_03.jpg 2048w\" sizes=\"(max-width: 1024px) 100vw, 1024px\" \/><\/p>\n<p>&nbsp;<\/p>\n<p>Source: <a href=\"https:\/\/phzh.ch\/en\/about-phzh\/\" target=\"_blank\" rel=\"noopener noreferrer\">PHZH\u00a0<\/a><\/p>\n","protected":false},"excerpt":{"rendered":"<p>La Haute \u00e9cole p\u00e9dagogique de Zurich (PHZH) est un \u00e9tablissement d\u00e9di\u00e9 \u00e0 la formation initiale et continue des enseignants du canton de Zurich. La Haute \u00e9cole p\u00e9dagogique de Zurich (PHZH) a \u00e9t\u00e9 fond\u00e9e \u00e0 l\u2019automne 2002 gr\u00e2ce au regroupement de onze institutions de formation d\u2019enseignants pr\u00e9existantes. La PH Zurich est membre de l\u2019Association cantonale des [&hellip;]<\/p>\n","protected":false},"author":1,"featured_media":0,"parent":9243,"menu_order":0,"comment_status":"closed","ping_status":"closed","template":"","meta":[],"yoast_head":"<!-- This site is optimized with the Yoast SEO plugin v17.0 - https:\/\/yoast.com\/wordpress\/plugins\/seo\/ -->\n<meta name=\"robots\" content=\"index, follow, max-snippet:-1, max-image-preview:large, max-video-preview:-1\" \/>\n<link rel=\"canonical\" href=\"https:\/\/myheritagelanguage.com\/fr\/about\/about-phzh\/\" \/>\n<meta property=\"og:locale\" content=\"fr_FR\" \/>\n<meta property=\"og:type\" content=\"article\" \/>\n<meta property=\"og:title\" content=\"\u00c0 propos de la PHZH | HLT\" \/>\n<meta property=\"og:description\" content=\"La Haute \u00e9cole p\u00e9dagogique de Zurich (PHZH) est un \u00e9tablissement d\u00e9di\u00e9 \u00e0 la formation initiale et continue des enseignants du canton de Zurich. La Haute \u00e9cole p\u00e9dagogique de Zurich (PHZH) a \u00e9t\u00e9 fond\u00e9e \u00e0 l\u2019automne 2002 gr\u00e2ce au regroupement de onze institutions de formation d\u2019enseignants pr\u00e9existantes. La PH Zurich est membre de l\u2019Association cantonale des [&hellip;]\" \/>\n<meta property=\"og:url\" content=\"https:\/\/myheritagelanguage.com\/fr\/about\/about-phzh\/\" \/>\n<meta property=\"og:site_name\" content=\"HLT\" \/>\n<meta property=\"article:modified_time\" content=\"2025-04-24T09:30:21+00:00\" \/>\n<meta property=\"og:image\" content=\"https:\/\/myheritagelanguage.com\/wp-content\/uploads\/2018\/06\/phzh_01-1024x683.jpg\" \/>\n<meta name=\"twitter:card\" content=\"summary\" \/>\n<meta name=\"twitter:label1\" content=\"Dur\u00e9e de lecture est.\" \/>\n\t<meta name=\"twitter:data1\" content=\"1 minute\" \/>\n<script type=\"application\/ld+json\" class=\"yoast-schema-graph\">{\"@context\":\"https:\/\/schema.org\",\"@graph\":[{\"@type\":\"WebSite\",\"@id\":\"https:\/\/myheritagelanguage.com\/fr\/#website\",\"url\":\"https:\/\/myheritagelanguage.com\/fr\/\",\"name\":\"HLT\",\"description\":\"Heritage Language Teaching\",\"potentialAction\":[{\"@type\":\"SearchAction\",\"target\":{\"@type\":\"EntryPoint\",\"urlTemplate\":\"https:\/\/myheritagelanguage.com\/fr\/?s={search_term_string}\"},\"query-input\":\"required name=search_term_string\"}],\"inLanguage\":\"fr-FR\"},{\"@type\":\"ImageObject\",\"@id\":\"https:\/\/myheritagelanguage.com\/fr\/about\/about-phzh\/#primaryimage\",\"inLanguage\":\"fr-FR\",\"url\":\"https:\/\/myheritagelanguage.com\/wp-content\/uploads\/2018\/06\/phzh_01.jpg\",\"contentUrl\":\"https:\/\/myheritagelanguage.com\/wp-content\/uploads\/2018\/06\/phzh_01.jpg\",\"width\":1024,\"height\":683},{\"@type\":\"WebPage\",\"@id\":\"https:\/\/myheritagelanguage.com\/fr\/about\/about-phzh\/#webpage\",\"url\":\"https:\/\/myheritagelanguage.com\/fr\/about\/about-phzh\/\",\"name\":\"\\u00c0 propos de la PHZH | HLT\",\"isPartOf\":{\"@id\":\"https:\/\/myheritagelanguage.com\/fr\/#website\"},\"primaryImageOfPage\":{\"@id\":\"https:\/\/myheritagelanguage.com\/fr\/about\/about-phzh\/#primaryimage\"},\"datePublished\":\"2018-04-12T05:30:09+00:00\",\"dateModified\":\"2025-04-24T09:30:21+00:00\",\"breadcrumb\":{\"@id\":\"https:\/\/myheritagelanguage.com\/fr\/about\/about-phzh\/#breadcrumb\"},\"inLanguage\":\"fr-FR\",\"potentialAction\":[{\"@type\":\"ReadAction\",\"target\":[\"https:\/\/myheritagelanguage.com\/fr\/about\/about-phzh\/\"]}]},{\"@type\":\"BreadcrumbList\",\"@id\":\"https:\/\/myheritagelanguage.com\/fr\/about\/about-phzh\/#breadcrumb\",\"itemListElement\":[{\"@type\":\"ListItem\",\"position\":1,\"name\":\"Home\",\"item\":\"https:\/\/myheritagelanguage.com\/fr\/\"},{\"@type\":\"ListItem\",\"position\":2,\"name\":\"\\u00c0 propos\",\"item\":\"https:\/\/myheritagelanguage.com\/fr\/about\/\"},{\"@type\":\"ListItem\",\"position\":3,\"name\":\"\\u00c0 propos de la PHZH\"}]}]}<\/script>\n<!-- \/ Yoast SEO plugin. -->","yoast_head_json":{"robots":{"index":"index","follow":"follow","max-snippet":"max-snippet:-1","max-image-preview":"max-image-preview:large","max-video-preview":"max-video-preview:-1"},"canonical":"https:\/\/myheritagelanguage.com\/fr\/about\/about-phzh\/","og_locale":"fr_FR","og_type":"article","og_title":"\u00c0 propos de la PHZH | HLT","og_description":"La Haute \u00e9cole p\u00e9dagogique de Zurich (PHZH) est un \u00e9tablissement d\u00e9di\u00e9 \u00e0 la formation initiale et continue des enseignants du canton de Zurich. La Haute \u00e9cole p\u00e9dagogique de Zurich (PHZH) a \u00e9t\u00e9 fond\u00e9e \u00e0 l\u2019automne 2002 gr\u00e2ce au regroupement de onze institutions de formation d\u2019enseignants pr\u00e9existantes. La PH Zurich est membre de l\u2019Association cantonale des [&hellip;]","og_url":"https:\/\/myheritagelanguage.com\/fr\/about\/about-phzh\/","og_site_name":"HLT","article_modified_time":"2025-04-24T09:30:21+00:00","og_image":[{"url":"https:\/\/myheritagelanguage.com\/wp-content\/uploads\/2018\/06\/phzh_01-1024x683.jpg"}],"twitter_card":"summary","twitter_misc":{"Dur\u00e9e de lecture est.":"1 minute"},"schema":{"@context":"https:\/\/schema.org","@graph":[{"@type":"WebSite","@id":"https:\/\/myheritagelanguage.com\/fr\/#website","url":"https:\/\/myheritagelanguage.com\/fr\/","name":"HLT","description":"Heritage Language Teaching","potentialAction":[{"@type":"SearchAction","target":{"@type":"EntryPoint","urlTemplate":"https:\/\/myheritagelanguage.com\/fr\/?s={search_term_string}"},"query-input":"required name=search_term_string"}],"inLanguage":"fr-FR"},{"@type":"ImageObject","@id":"https:\/\/myheritagelanguage.com\/fr\/about\/about-phzh\/#primaryimage","inLanguage":"fr-FR","url":"https:\/\/myheritagelanguage.com\/wp-content\/uploads\/2018\/06\/phzh_01.jpg","contentUrl":"https:\/\/myheritagelanguage.com\/wp-content\/uploads\/2018\/06\/phzh_01.jpg","width":1024,"height":683},{"@type":"WebPage","@id":"https:\/\/myheritagelanguage.com\/fr\/about\/about-phzh\/#webpage","url":"https:\/\/myheritagelanguage.com\/fr\/about\/about-phzh\/","name":"\u00c0 propos de la PHZH | HLT","isPartOf":{"@id":"https:\/\/myheritagelanguage.com\/fr\/#website"},"primaryImageOfPage":{"@id":"https:\/\/myheritagelanguage.com\/fr\/about\/about-phzh\/#primaryimage"},"datePublished":"2018-04-12T05:30:09+00:00","dateModified":"2025-04-24T09:30:21+00:00","breadcrumb":{"@id":"https:\/\/myheritagelanguage.com\/fr\/about\/about-phzh\/#breadcrumb"},"inLanguage":"fr-FR","potentialAction":[{"@type":"ReadAction","target":["https:\/\/myheritagelanguage.com\/fr\/about\/about-phzh\/"]}]},{"@type":"BreadcrumbList","@id":"https:\/\/myheritagelanguage.com\/fr\/about\/about-phzh\/#breadcrumb","itemListElement":[{"@type":"ListItem","position":1,"name":"Home","item":"https:\/\/myheritagelanguage.com\/fr\/"},{"@type":"ListItem","position":2,"name":"\u00c0 propos","item":"https:\/\/myheritagelanguage.com\/fr\/about\/"},{"@type":"ListItem","position":3,"name":"\u00c0 propos de la PHZH"}]}]}},"_links":{"self":[{"href":"https:\/\/myheritagelanguage.com\/fr\/wp-json\/wp\/v2\/pages\/9237"}],"collection":[{"href":"https:\/\/myheritagelanguage.com\/fr\/wp-json\/wp\/v2\/pages"}],"about":[{"href":"https:\/\/myheritagelanguage.com\/fr\/wp-json\/wp\/v2\/types\/page"}],"author":[{"embeddable":true,"href":"https:\/\/myheritagelanguage.com\/fr\/wp-json\/wp\/v2\/users\/1"}],"replies":[{"embeddable":true,"href":"https:\/\/myheritagelanguage.com\/fr\/wp-json\/wp\/v2\/comments?post=9237"}],"version-history":[{"count":2,"href":"https:\/\/myheritagelanguage.com\/fr\/wp-json\/wp\/v2\/pages\/9237\/revisions"}],"predecessor-version":[{"id":17974,"href":"https:\/\/myheritagelanguage.com\/fr\/wp-json\/wp\/v2\/pages\/9237\/revisions\/17974"}],"up":[{"embeddable":true,"href":"https:\/\/myheritagelanguage.com\/fr\/wp-json\/wp\/v2\/pages\/9243"}],"wp:attachment":[{"href":"https:\/\/myheritagelanguage.com\/fr\/wp-json\/wp\/v2\/media?parent=9237"}],"curies":[{"name":"wp","href":"https:\/\/api.w.org\/{rel}","templated":true}]}}