{"id":9239,"date":"2018-04-12T07:29:54","date_gmt":"2018-04-12T05:29:54","guid":{"rendered":"https:\/\/myheritagelanguage.com\/about-hlt\/"},"modified":"2020-12-17T09:08:06","modified_gmt":"2020-12-17T07:08:06","slug":"about-hlt","status":"publish","type":"page","link":"https:\/\/myheritagelanguage.com\/fr\/about\/about-hlt\/","title":{"rendered":"\u00c0 propos de l\u2019enseignement LCO"},"content":{"rendered":"<p>&nbsp;<\/p>\n<h2>Qu\u2019est-ce que l\u2019enseignement de la langue et de la culture d\u2019origine? (LCO)<\/h2>\n<p>Par enseignement de la langue et de la culture d\u2019origine (ELCO en France&nbsp;; enseignement LCO en Suisse), on d\u00e9signe un enseignement compl\u00e9mentaire facultatif dans la langue premi\u00e8re ou langue d\u2019origine, propos\u00e9 dans de nombreux pays d\u2019immigration aux \u00e9l\u00e8ves ayant un pass\u00e9 migratoire.<\/p>\n<p>Selon le pays ou la r\u00e9gion, l\u2019enseignement LCO est appel\u00e9 \u00ab enseignement de la langue maternelle \u00bb ou \u00ab enseignement dans la langue et culture d\u2019origine \u00bb. En Allemagne et en Autriche, on parle de \u00ab Herkunftssprachlicher Unterricht \u00bb (HSU), en Suisse al\u00e9manique de \u00ab Unterricht in Heimatlicher Sprache und Kultur \u00bb (HSK) et en anglais de \u00ab supplementary schools \u00bb.<\/p>\n<p>L\u2019enseignement LCO est g\u00e9n\u00e9ralement propos\u00e9 de la 1re \u00e0 la 9e classe. La plupart du temps, les cours ont lieu en fin de journ\u00e9e, apr\u00e8s les cours ordinaires ou bien lors des apr\u00e8s-midis libres, au rythme de deux le\u00e7ons par semaine. Les classes LCO comprennent souvent des \u00e9l\u00e8ves de niveaux et d\u2019\u00e2ges diff\u00e9rents (jardin d\u2019enfants, niveaux primaire et secondaire I). Les enseignants LCO sont des locuteurs natifs (de la langue premi\u00e8re), dot\u00e9s d\u2019une formation p\u00e9dagogique.<\/p>\n<p>&nbsp;<\/p>\n<h2>Quels sont les objectifs de l\u2019enseignement LCO&nbsp;?<\/h2>\n<div class=\"row\">\n<div class=\"col-sm-6\" style=\"padding-top: 10px;\">\n<p>L\u2019enseignement de la langue et de la culture d\u2019origine poursuit deux objectifs principaux&nbsp;: d\u2019une part, aider les \u00e9l\u00e8ves dans l\u2019apprentissage de leur langue et culture d\u2019origine, d\u2019autre part favoriser leur bonne orientation et int\u00e9gration au sein du syst\u00e8me scolaire et de la soci\u00e9t\u00e9 du pays d\u2019immigration. Ce deuxi\u00e8me aspect est particuli\u00e8rement important pour les \u00e9l\u00e8ves qui ne retourneront pas dans leur pays d\u2019origine \u00e0 l\u2019issue de leur scolarit\u00e9. En ce sens, l\u2019enseignement LCO joue un r\u00f4le d\u00e9terminant dans la construction d\u2019une identit\u00e9 bilingue et biculturelle \u00e9quilibr\u00e9e. En m\u00eame temps, il contribue \u00e0 la reconnaissance du plurilinguisme comme ressource cruciale pour la soci\u00e9t\u00e9.<\/p>\n<\/div>\n<div class=\"col-sm-6\" style=\"padding-top: 10px;\"><img loading=\"lazy\" class=\"alignnone size-large wp-image-1650\" src=\"https:\/\/myheritagelanguage.com\/wp-content\/uploads\/2018\/07\/5I3A9867-Kopie-1024x404.jpg\" alt=\"\" width=\"1024\" height=\"404\" srcset=\"https:\/\/myheritagelanguage.com\/wp-content\/uploads\/2018\/07\/5I3A9867-Kopie-1024x404.jpg 1024w, https:\/\/myheritagelanguage.com\/wp-content\/uploads\/2018\/07\/5I3A9867-Kopie-300x119.jpg 300w, https:\/\/myheritagelanguage.com\/wp-content\/uploads\/2018\/07\/5I3A9867-Kopie-768x303.jpg 768w, https:\/\/myheritagelanguage.com\/wp-content\/uploads\/2018\/07\/5I3A9867-Kopie.jpg 1200w\" sizes=\"(max-width: 1024px) 100vw, 1024px\" \/><\/div>\n<\/div>\n<p>&nbsp;<\/p>\n<h2>Qui organise l\u2019enseignement LCO et comment peut-il \u00eatre int\u00e9gr\u00e9 \u00e0 l\u2019\u00e9cole ordinaire?<\/h2>\n<p>L\u2019organisation de l\u2019enseignement LCO varie souvent selon le pays d\u2019origine. Dans la mesure du possible, les cours sont soutenus par le pays d\u2019accueil, les consulats ou ambassades du pays d\u2019origine ou des institutions priv\u00e9es. Par cons\u00e9quent, les sources de financement et la r\u00e9mun\u00e9ration des enseignants LCO diff\u00e8rent consid\u00e9rablement d\u2019un pays \u00e0 l\u2019autre.<\/p>\n<p>La bonne int\u00e9gration de l\u2019enseignement LCO au sein du syst\u00e8me scolaire local d\u00e9pend du pays d\u2019immigration. Les indicateurs d\u2019une bonne int\u00e9gration sont les suivants&nbsp;: la pr\u00e9sence de l\u2019enseignement LCO dans l\u2019emploi du temps scolaire normal, d\u2019\u00e9ventuels projets de coop\u00e9ration entre cours LCO et ordinaires, des offres de formation continue \u00e0 destination des enseignants LCO et leur prise en charge.<br \/>\n&nbsp;<\/p>\n<h2>\u00c0 quels d\u00e9fis l\u2019enseignement LCO est-il confront\u00e9?<\/h2>\n<p>Les principaux d\u00e9fis de l\u2019enseignement LCO sont les suivants:<\/p>\n<ul>\n<li>les cours LCO \u00e9tant en concurrence avec de nombreuses activit\u00e9s de loisirs, le nombre d\u2019\u00e9l\u00e8ves qui les fr\u00e9quentent est en constante diminution dans de nombreux pays\u00a0;<\/li>\n<li>c\u2019est surtout le cas dans les pays o\u00f9 l\u2019enseignement LCO n\u2019est pas int\u00e9gr\u00e9 au syst\u00e8me scolaire ordinaire, ce qui constitue un probl\u00e8me suppl\u00e9mentaire\u00a0;<\/li>\n<li>les cours s\u2019adressant en grande partie \u00e0 des groupes d\u2019\u00e2ge et de niveau linguistique tr\u00e8s h\u00e9t\u00e9rog\u00e8nes, les \u00e9l\u00e8ves ont des connaissances pr\u00e9alables et des besoins tr\u00e8s diff\u00e9rents\u00a0;<\/li>\n<li>les conditions de travail et la r\u00e9mun\u00e9ration des enseignants LCO sont souvent insatisfaisantes&nbsp;;<\/li>\n<li>les occasions de travailler en collaboration avec les enseignants du syst\u00e8me scolaire ordinaire sont souvent rares.<\/li>\n<\/ul>\n<div class=\"row\">\n<div class=\"col-sm-6\" style=\"padding-top: 10px;\"><img loading=\"lazy\" class=\"alignnone size-large wp-image-1649\" src=\"https:\/\/myheritagelanguage.com\/wp-content\/uploads\/2018\/07\/5I3A9851-Kopie-1024x404.jpg\" alt=\"\" width=\"1024\" height=\"404\" srcset=\"https:\/\/myheritagelanguage.com\/wp-content\/uploads\/2018\/07\/5I3A9851-Kopie-1024x404.jpg 1024w, https:\/\/myheritagelanguage.com\/wp-content\/uploads\/2018\/07\/5I3A9851-Kopie-300x119.jpg 300w, https:\/\/myheritagelanguage.com\/wp-content\/uploads\/2018\/07\/5I3A9851-Kopie-768x303.jpg 768w, https:\/\/myheritagelanguage.com\/wp-content\/uploads\/2018\/07\/5I3A9851-Kopie.jpg 1200w\" sizes=\"(max-width: 1024px) 100vw, 1024px\" \/><\/div>\n<div class=\"col-sm-6\" style=\"padding-top: 10px;\"><img loading=\"lazy\" class=\"alignnone size-large wp-image-1646\" src=\"https:\/\/myheritagelanguage.com\/wp-content\/uploads\/2018\/07\/5I3A9558-Kopie-1024x404.jpg\" alt=\"\" width=\"1024\" height=\"404\" srcset=\"https:\/\/myheritagelanguage.com\/wp-content\/uploads\/2018\/07\/5I3A9558-Kopie-1024x404.jpg 1024w, https:\/\/myheritagelanguage.com\/wp-content\/uploads\/2018\/07\/5I3A9558-Kopie-300x119.jpg 300w, https:\/\/myheritagelanguage.com\/wp-content\/uploads\/2018\/07\/5I3A9558-Kopie-768x303.jpg 768w, https:\/\/myheritagelanguage.com\/wp-content\/uploads\/2018\/07\/5I3A9558-Kopie.jpg 1200w\" sizes=\"(max-width: 1024px) 100vw, 1024px\" \/><\/div>\n<\/div>\n","protected":false},"excerpt":{"rendered":"<p>&nbsp; Qu\u2019est-ce que l\u2019enseignement de la langue et de la culture d\u2019origine? (LCO) Par enseignement de la langue et de la culture d\u2019origine (ELCO en France&nbsp;; enseignement LCO en Suisse), on d\u00e9signe un enseignement compl\u00e9mentaire facultatif dans la langue premi\u00e8re ou langue d\u2019origine, propos\u00e9 dans de nombreux pays d\u2019immigration aux \u00e9l\u00e8ves ayant un pass\u00e9 migratoire. [&hellip;]<\/p>\n","protected":false},"author":1,"featured_media":9240,"parent":9243,"menu_order":0,"comment_status":"closed","ping_status":"closed","template":"page-full.php","meta":[],"yoast_head":"<!-- This site is optimized with the Yoast SEO plugin v17.0 - https:\/\/yoast.com\/wordpress\/plugins\/seo\/ -->\n<meta name=\"robots\" content=\"index, follow, max-snippet:-1, max-image-preview:large, max-video-preview:-1\" \/>\n<link rel=\"canonical\" href=\"https:\/\/myheritagelanguage.com\/fr\/about\/about-hlt\/\" \/>\n<meta property=\"og:locale\" content=\"fr_FR\" \/>\n<meta property=\"og:type\" content=\"article\" \/>\n<meta property=\"og:title\" content=\"\u00c0 propos de l\u2019enseignement LCO | HLT\" \/>\n<meta property=\"og:description\" content=\"&nbsp; Qu\u2019est-ce que l\u2019enseignement de la langue et de la culture d\u2019origine? (LCO) Par enseignement de la langue et de la culture d\u2019origine (ELCO en France&nbsp;; enseignement LCO en Suisse), on d\u00e9signe un enseignement compl\u00e9mentaire facultatif dans la langue premi\u00e8re ou langue d\u2019origine, propos\u00e9 dans de nombreux pays d\u2019immigration aux \u00e9l\u00e8ves ayant un pass\u00e9 migratoire. [&hellip;]\" \/>\n<meta property=\"og:url\" content=\"https:\/\/myheritagelanguage.com\/fr\/about\/about-hlt\/\" \/>\n<meta property=\"og:site_name\" content=\"HLT\" \/>\n<meta property=\"article:modified_time\" content=\"2020-12-17T07:08:06+00:00\" \/>\n<meta property=\"og:image\" content=\"https:\/\/myheritagelanguage.com\/wp-content\/uploads\/2018\/07\/5I3A9392-Kopie.jpg\" \/>\n\t<meta property=\"og:image:width\" content=\"1200\" \/>\n\t<meta property=\"og:image:height\" content=\"474\" \/>\n<meta name=\"twitter:card\" content=\"summary\" \/>\n<meta name=\"twitter:label1\" content=\"Dur\u00e9e de lecture est.\" \/>\n\t<meta name=\"twitter:data1\" content=\"3 minutes\" \/>\n<script type=\"application\/ld+json\" class=\"yoast-schema-graph\">{\"@context\":\"https:\/\/schema.org\",\"@graph\":[{\"@type\":\"WebSite\",\"@id\":\"https:\/\/myheritagelanguage.com\/fr\/#website\",\"url\":\"https:\/\/myheritagelanguage.com\/fr\/\",\"name\":\"HLT\",\"description\":\"Heritage Language Teaching\",\"potentialAction\":[{\"@type\":\"SearchAction\",\"target\":{\"@type\":\"EntryPoint\",\"urlTemplate\":\"https:\/\/myheritagelanguage.com\/fr\/?s={search_term_string}\"},\"query-input\":\"required name=search_term_string\"}],\"inLanguage\":\"fr-FR\"},{\"@type\":\"ImageObject\",\"@id\":\"https:\/\/myheritagelanguage.com\/fr\/about\/about-hlt\/#primaryimage\",\"inLanguage\":\"fr-FR\",\"url\":\"https:\/\/myheritagelanguage.com\/wp-content\/uploads\/2018\/07\/5I3A9392-Kopie.jpg\",\"contentUrl\":\"https:\/\/myheritagelanguage.com\/wp-content\/uploads\/2018\/07\/5I3A9392-Kopie.jpg\",\"width\":1200,\"height\":474},{\"@type\":\"WebPage\",\"@id\":\"https:\/\/myheritagelanguage.com\/fr\/about\/about-hlt\/#webpage\",\"url\":\"https:\/\/myheritagelanguage.com\/fr\/about\/about-hlt\/\",\"name\":\"\\u00c0 propos de l\\u2019enseignement LCO | HLT\",\"isPartOf\":{\"@id\":\"https:\/\/myheritagelanguage.com\/fr\/#website\"},\"primaryImageOfPage\":{\"@id\":\"https:\/\/myheritagelanguage.com\/fr\/about\/about-hlt\/#primaryimage\"},\"datePublished\":\"2018-04-12T05:29:54+00:00\",\"dateModified\":\"2020-12-17T07:08:06+00:00\",\"breadcrumb\":{\"@id\":\"https:\/\/myheritagelanguage.com\/fr\/about\/about-hlt\/#breadcrumb\"},\"inLanguage\":\"fr-FR\",\"potentialAction\":[{\"@type\":\"ReadAction\",\"target\":[\"https:\/\/myheritagelanguage.com\/fr\/about\/about-hlt\/\"]}]},{\"@type\":\"BreadcrumbList\",\"@id\":\"https:\/\/myheritagelanguage.com\/fr\/about\/about-hlt\/#breadcrumb\",\"itemListElement\":[{\"@type\":\"ListItem\",\"position\":1,\"name\":\"Home\",\"item\":\"https:\/\/myheritagelanguage.com\/fr\/\"},{\"@type\":\"ListItem\",\"position\":2,\"name\":\"\\u00c0 propos\",\"item\":\"https:\/\/myheritagelanguage.com\/fr\/about\/\"},{\"@type\":\"ListItem\",\"position\":3,\"name\":\"\\u00c0 propos de l\\u2019enseignement LCO\"}]}]}<\/script>\n<!-- \/ Yoast SEO plugin. -->","yoast_head_json":{"robots":{"index":"index","follow":"follow","max-snippet":"max-snippet:-1","max-image-preview":"max-image-preview:large","max-video-preview":"max-video-preview:-1"},"canonical":"https:\/\/myheritagelanguage.com\/fr\/about\/about-hlt\/","og_locale":"fr_FR","og_type":"article","og_title":"\u00c0 propos de l\u2019enseignement LCO | HLT","og_description":"&nbsp; Qu\u2019est-ce que l\u2019enseignement de la langue et de la culture d\u2019origine? (LCO) Par enseignement de la langue et de la culture d\u2019origine (ELCO en France&nbsp;; enseignement LCO en Suisse), on d\u00e9signe un enseignement compl\u00e9mentaire facultatif dans la langue premi\u00e8re ou langue d\u2019origine, propos\u00e9 dans de nombreux pays d\u2019immigration aux \u00e9l\u00e8ves ayant un pass\u00e9 migratoire. [&hellip;]","og_url":"https:\/\/myheritagelanguage.com\/fr\/about\/about-hlt\/","og_site_name":"HLT","article_modified_time":"2020-12-17T07:08:06+00:00","og_image":[{"width":1200,"height":474,"url":"https:\/\/myheritagelanguage.com\/wp-content\/uploads\/2018\/07\/5I3A9392-Kopie.jpg","path":"\/home\/httpd\/vhosts\/myheritagelanguage.com\/httpdocs\/wp-content\/uploads\/2018\/07\/5I3A9392-Kopie.jpg","size":"full","id":9240,"alt":"","pixels":568800,"type":"image\/jpeg"}],"twitter_card":"summary","twitter_misc":{"Dur\u00e9e de lecture est.":"3 minutes"},"schema":{"@context":"https:\/\/schema.org","@graph":[{"@type":"WebSite","@id":"https:\/\/myheritagelanguage.com\/fr\/#website","url":"https:\/\/myheritagelanguage.com\/fr\/","name":"HLT","description":"Heritage Language Teaching","potentialAction":[{"@type":"SearchAction","target":{"@type":"EntryPoint","urlTemplate":"https:\/\/myheritagelanguage.com\/fr\/?s={search_term_string}"},"query-input":"required name=search_term_string"}],"inLanguage":"fr-FR"},{"@type":"ImageObject","@id":"https:\/\/myheritagelanguage.com\/fr\/about\/about-hlt\/#primaryimage","inLanguage":"fr-FR","url":"https:\/\/myheritagelanguage.com\/wp-content\/uploads\/2018\/07\/5I3A9392-Kopie.jpg","contentUrl":"https:\/\/myheritagelanguage.com\/wp-content\/uploads\/2018\/07\/5I3A9392-Kopie.jpg","width":1200,"height":474},{"@type":"WebPage","@id":"https:\/\/myheritagelanguage.com\/fr\/about\/about-hlt\/#webpage","url":"https:\/\/myheritagelanguage.com\/fr\/about\/about-hlt\/","name":"\u00c0 propos de l\u2019enseignement LCO | HLT","isPartOf":{"@id":"https:\/\/myheritagelanguage.com\/fr\/#website"},"primaryImageOfPage":{"@id":"https:\/\/myheritagelanguage.com\/fr\/about\/about-hlt\/#primaryimage"},"datePublished":"2018-04-12T05:29:54+00:00","dateModified":"2020-12-17T07:08:06+00:00","breadcrumb":{"@id":"https:\/\/myheritagelanguage.com\/fr\/about\/about-hlt\/#breadcrumb"},"inLanguage":"fr-FR","potentialAction":[{"@type":"ReadAction","target":["https:\/\/myheritagelanguage.com\/fr\/about\/about-hlt\/"]}]},{"@type":"BreadcrumbList","@id":"https:\/\/myheritagelanguage.com\/fr\/about\/about-hlt\/#breadcrumb","itemListElement":[{"@type":"ListItem","position":1,"name":"Home","item":"https:\/\/myheritagelanguage.com\/fr\/"},{"@type":"ListItem","position":2,"name":"\u00c0 propos","item":"https:\/\/myheritagelanguage.com\/fr\/about\/"},{"@type":"ListItem","position":3,"name":"\u00c0 propos de l\u2019enseignement LCO"}]}]}},"_links":{"self":[{"href":"https:\/\/myheritagelanguage.com\/fr\/wp-json\/wp\/v2\/pages\/9239"}],"collection":[{"href":"https:\/\/myheritagelanguage.com\/fr\/wp-json\/wp\/v2\/pages"}],"about":[{"href":"https:\/\/myheritagelanguage.com\/fr\/wp-json\/wp\/v2\/types\/page"}],"author":[{"embeddable":true,"href":"https:\/\/myheritagelanguage.com\/fr\/wp-json\/wp\/v2\/users\/1"}],"replies":[{"embeddable":true,"href":"https:\/\/myheritagelanguage.com\/fr\/wp-json\/wp\/v2\/comments?post=9239"}],"version-history":[{"count":5,"href":"https:\/\/myheritagelanguage.com\/fr\/wp-json\/wp\/v2\/pages\/9239\/revisions"}],"predecessor-version":[{"id":13468,"href":"https:\/\/myheritagelanguage.com\/fr\/wp-json\/wp\/v2\/pages\/9239\/revisions\/13468"}],"up":[{"embeddable":true,"href":"https:\/\/myheritagelanguage.com\/fr\/wp-json\/wp\/v2\/pages\/9243"}],"wp:featuredmedia":[{"embeddable":true,"href":"https:\/\/myheritagelanguage.com\/fr\/wp-json\/wp\/v2\/media\/9240"}],"wp:attachment":[{"href":"https:\/\/myheritagelanguage.com\/fr\/wp-json\/wp\/v2\/media?parent=9239"}],"curies":[{"name":"wp","href":"https:\/\/api.w.org\/{rel}","templated":true}]}}