{"id":9243,"date":"2018-04-12T07:29:40","date_gmt":"2018-04-12T05:29:40","guid":{"rendered":"https:\/\/myheritagelanguage.com\/about\/"},"modified":"2025-04-24T11:26:31","modified_gmt":"2025-04-24T09:26:31","slug":"about","status":"publish","type":"page","link":"https:\/\/myheritagelanguage.com\/fr\/about\/","title":{"rendered":"\u00c0 propos"},"content":{"rendered":"<p>La s\u00e9rie Mat\u00e9riel pour l&rsquo;enseignement de la langue et de la culture d&rsquo;origine pr\u00e9sente les principes et m\u00e9thodes didactiques, actuellement en usage dans les \u00e9coles de l&rsquo;ouest et du nord de l&rsquo;Europe. Les diff\u00e9rents volumes de la s\u00e9rie proposent des informations g\u00e9n\u00e9rales th\u00e9oriques ainsi que des suggestions concr\u00e8tes pour la pratique en classe. Gr\u00e2ce \u00e0 ce nouveau site internet, tout le mat\u00e9riel est facilement accessible et t\u00e9l\u00e9chargeable. L&rsquo;objectif est de soutenir les enseignants de langue et culture d\u2019origine du monde entier dans leur t\u00e2che importante et exigeante.<\/p>\n<p><!-- ROW 1 --><\/p>\n<div class=\"row\">\n<p><!-- COL 1.1--><\/p>\n<div class=\"col-sm-6\" style=\"padding-top: 20px;\">\n<div class=\"row\">\n<div class=\"col-sm-12\">\n<h2>\u00c0 propos de l\u2019enseignement LCO<\/h2>\n<\/div>\n<div class=\"col-sm-12\"><img loading=\"lazy\" class=\"alignnone size-large wp-image-1638\" src=\"\/wp-content\/uploads\/2018\/07\/5I3A9392-Kopie-1024x404.jpg\" alt=\"\" width=\"1024\" height=\"404\" srcset=\"https:\/\/myheritagelanguage.com\/wp-content\/uploads\/2018\/07\/5I3A9392-Kopie-1024x404.jpg 1024w, https:\/\/myheritagelanguage.com\/wp-content\/uploads\/2018\/07\/5I3A9392-Kopie-300x119.jpg 300w, https:\/\/myheritagelanguage.com\/wp-content\/uploads\/2018\/07\/5I3A9392-Kopie-768x303.jpg 768w, https:\/\/myheritagelanguage.com\/wp-content\/uploads\/2018\/07\/5I3A9392-Kopie.jpg 1200w\" sizes=\"(max-width: 1024px) 100vw, 1024px\" \/><\/div>\n<div class=\"col-sm-12\" style=\"padding-top: 5px;\">Par enseignement de la langue et de la culture d\u2019origine (ELCO en France&nbsp;; enseignement LCO en Suisse), on d\u00e9signe un enseignement compl\u00e9mentaire facultatif dans la langue premi\u00e8re ou langue d\u2019origine, propos\u00e9 dans de nombreux pays d\u2019immigration aux \u00e9l\u00e8ves ayant un pass\u00e9 migratoire. <a style=\"color: #337ab7; text-decoration: underline;\" href=\"https:\/\/myheritagelanguage.com\/fr\/about-hlt\/\">Pour en savoir plus<\/a><\/div>\n<\/div>\n<p>&nbsp;<\/p>\n<\/div>\n<p><!-- COL 1.2--><\/p>\n<div class=\"col-sm-6\" style=\"padding-top: 20px;\">\n<div class=\"row\">\n<div class=\"col-sm-12\">\n<h2>Le D\u00e9partement IPE<\/h2>\n<\/div>\n<div class=\"col-sm-12\"><img loading=\"lazy\" class=\"alignnone size-large wp-image-1638\" src=\"\/wp-content\/uploads\/2018\/07\/5I3A9272-Kopie.jpg\" alt=\"\" width=\"1024\" height=\"404\" \/><\/div>\n<div class=\"col-sm-12\" style=\"padding-top: 5px;\">La s\u00e9rie Mat\u00e9riel pour l\u2019enseignement de la langue et de la culture d\u2019origine est n\u00e9e de la collaboration fructueuse de nombreux auteurs, experts et enseignants. Elle a \u00e9t\u00e9 coordonn\u00e9e par le D\u00e9partement du d\u00e9veloppement international de l\u2019\u00e9ducation (IPE&nbsp;: Projets Internationaux en \u00c9ducation) de la Haute \u00e9cole p\u00e9dagogique de Zurich (PHZH). <a style=\"color: #337ab7; text-decoration: underline;\" href=\"https:\/\/myheritagelanguage.com\/fr\/about-us\/\">Pour en savoir plus<\/a><\/div>\n<\/div>\n<\/div>\n<p>&nbsp;<\/p>\n<\/div>\n<p><!-- ROW 2 --><\/p>\n<div class=\"row\">\n<p><!-- COL 2.1--><\/p>\n<div class=\"col-sm-6\" style=\"padding-top: 20px;\">\n<div class=\"row\">\n<div class=\"col-sm-12\">\n<h2>\u00c0 propos de la PHZH<\/h2>\n<\/div>\n<div class=\"col-sm-12\"><img loading=\"lazy\" class=\"alignnone size-full wp-image-1665\" src=\"\/wp-content\/uploads\/2018\/07\/about_phzh_teazer.jpg\" alt=\"\" width=\"900\" height=\"355\" srcset=\"https:\/\/myheritagelanguage.com\/wp-content\/uploads\/2018\/07\/about_phzh_teazer.jpg 900w, https:\/\/myheritagelanguage.com\/wp-content\/uploads\/2018\/07\/about_phzh_teazer-300x118.jpg 300w, https:\/\/myheritagelanguage.com\/wp-content\/uploads\/2018\/07\/about_phzh_teazer-768x303.jpg 768w\" sizes=\"(max-width: 900px) 100vw, 900px\" \/><\/div>\n<div class=\"col-sm-12\" style=\"padding-top: 5px;\">La Haute \u00e9cole p\u00e9dagogique de Zurich (PHZH) est un \u00e9tablissement d\u00e9di\u00e9 \u00e0 la formation initiale et continue des enseignants du canton de Zurich. <a style=\"color: #337ab7; text-decoration: underline;\" href=\"https:\/\/myheritagelanguage.com\/fr\/about-phzh\/\">Pour en savoir plus<\/a><\/div>\n<\/div>\n<p>&nbsp;<\/p>\n<\/div>\n<p><!-- COL 2.2--><\/p>\n<div class=\"col-sm-6\" style=\"padding-top: 20px;\">\n<div class=\"row\">\n<div class=\"col-sm-12\">\n<h2>Partenaires<\/h2>\n<\/div>\n<div class=\"col-sm-12\"><img loading=\"lazy\" class=\"alignnone size-full wp-image-1701\" src=\"https:\/\/myheritagelanguage.com\/wp-content\/uploads\/2018\/10\/donors_teaser_800x315.jpg\" alt=\"\" width=\"800\" height=\"316\" \/><\/div>\n<div class=\"col-sm-12\" style=\"padding-top: 5px;\">La s\u00e9rie Mat\u00e9riel pour l\u2019enseignement de la langue et de la culture d\u2019origine n\u2019aurait pu voir le jour sans l\u2019aimable soutien de nos partenaires <a style=\"color: #337ab7; text-decoration: underline;\" href=\"https:\/\/myheritagelanguage.com\/fr\/donors\/\">Pour en savoir plus<\/a><\/div>\n<\/div>\n<\/div>\n<p>&nbsp;<\/p>\n<\/div>\n","protected":false},"excerpt":{"rendered":"<p>La s\u00e9rie Mat\u00e9riel pour l&rsquo;enseignement de la langue et de la culture d&rsquo;origine pr\u00e9sente les principes et m\u00e9thodes didactiques, actuellement en usage dans les \u00e9coles de l&rsquo;ouest et du nord de l&rsquo;Europe. Les diff\u00e9rents volumes de la s\u00e9rie proposent des informations g\u00e9n\u00e9rales th\u00e9oriques ainsi que des suggestions concr\u00e8tes pour la pratique en classe. Gr\u00e2ce \u00e0 [&hellip;]<\/p>\n","protected":false},"author":1,"featured_media":0,"parent":0,"menu_order":0,"comment_status":"closed","ping_status":"closed","template":"page-full.php","meta":[],"yoast_head":"<!-- This site is optimized with the Yoast SEO plugin v17.0 - https:\/\/yoast.com\/wordpress\/plugins\/seo\/ -->\n<meta name=\"robots\" content=\"index, follow, max-snippet:-1, max-image-preview:large, max-video-preview:-1\" \/>\n<link rel=\"canonical\" href=\"https:\/\/myheritagelanguage.com\/fr\/about\/\" \/>\n<meta property=\"og:locale\" content=\"fr_FR\" \/>\n<meta property=\"og:type\" content=\"article\" \/>\n<meta property=\"og:title\" content=\"\u00c0 propos | HLT\" \/>\n<meta property=\"og:description\" content=\"La s\u00e9rie Mat\u00e9riel pour l&rsquo;enseignement de la langue et de la culture d&rsquo;origine pr\u00e9sente les principes et m\u00e9thodes didactiques, actuellement en usage dans les \u00e9coles de l&rsquo;ouest et du nord de l&rsquo;Europe. Les diff\u00e9rents volumes de la s\u00e9rie proposent des informations g\u00e9n\u00e9rales th\u00e9oriques ainsi que des suggestions concr\u00e8tes pour la pratique en classe. Gr\u00e2ce \u00e0 [&hellip;]\" \/>\n<meta property=\"og:url\" content=\"https:\/\/myheritagelanguage.com\/fr\/about\/\" \/>\n<meta property=\"og:site_name\" content=\"HLT\" \/>\n<meta property=\"article:modified_time\" content=\"2025-04-24T09:26:31+00:00\" \/>\n<meta property=\"og:image\" content=\"https:\/\/myheritagelanguage.com\/wp-content\/uploads\/2018\/07\/5I3A9392-Kopie-1024x404.jpg\" \/>\n<meta name=\"twitter:card\" content=\"summary\" \/>\n<meta name=\"twitter:label1\" content=\"Dur\u00e9e de lecture est.\" \/>\n\t<meta name=\"twitter:data1\" content=\"1 minute\" \/>\n<script type=\"application\/ld+json\" class=\"yoast-schema-graph\">{\"@context\":\"https:\/\/schema.org\",\"@graph\":[{\"@type\":\"WebSite\",\"@id\":\"https:\/\/myheritagelanguage.com\/fr\/#website\",\"url\":\"https:\/\/myheritagelanguage.com\/fr\/\",\"name\":\"HLT\",\"description\":\"Heritage Language Teaching\",\"potentialAction\":[{\"@type\":\"SearchAction\",\"target\":{\"@type\":\"EntryPoint\",\"urlTemplate\":\"https:\/\/myheritagelanguage.com\/fr\/?s={search_term_string}\"},\"query-input\":\"required name=search_term_string\"}],\"inLanguage\":\"fr-FR\"},{\"@type\":\"ImageObject\",\"@id\":\"https:\/\/myheritagelanguage.com\/fr\/about\/#primaryimage\",\"inLanguage\":\"fr-FR\",\"url\":\"\/wp-content\/uploads\/2018\/07\/5I3A9392-Kopie-1024x404.jpg\",\"contentUrl\":\"\/wp-content\/uploads\/2018\/07\/5I3A9392-Kopie-1024x404.jpg\"},{\"@type\":\"WebPage\",\"@id\":\"https:\/\/myheritagelanguage.com\/fr\/about\/#webpage\",\"url\":\"https:\/\/myheritagelanguage.com\/fr\/about\/\",\"name\":\"\\u00c0 propos | HLT\",\"isPartOf\":{\"@id\":\"https:\/\/myheritagelanguage.com\/fr\/#website\"},\"primaryImageOfPage\":{\"@id\":\"https:\/\/myheritagelanguage.com\/fr\/about\/#primaryimage\"},\"datePublished\":\"2018-04-12T05:29:40+00:00\",\"dateModified\":\"2025-04-24T09:26:31+00:00\",\"breadcrumb\":{\"@id\":\"https:\/\/myheritagelanguage.com\/fr\/about\/#breadcrumb\"},\"inLanguage\":\"fr-FR\",\"potentialAction\":[{\"@type\":\"ReadAction\",\"target\":[\"https:\/\/myheritagelanguage.com\/fr\/about\/\"]}]},{\"@type\":\"BreadcrumbList\",\"@id\":\"https:\/\/myheritagelanguage.com\/fr\/about\/#breadcrumb\",\"itemListElement\":[{\"@type\":\"ListItem\",\"position\":1,\"name\":\"Home\",\"item\":\"https:\/\/myheritagelanguage.com\/fr\/\"},{\"@type\":\"ListItem\",\"position\":2,\"name\":\"\\u00c0 propos\"}]}]}<\/script>\n<!-- \/ Yoast SEO plugin. -->","yoast_head_json":{"robots":{"index":"index","follow":"follow","max-snippet":"max-snippet:-1","max-image-preview":"max-image-preview:large","max-video-preview":"max-video-preview:-1"},"canonical":"https:\/\/myheritagelanguage.com\/fr\/about\/","og_locale":"fr_FR","og_type":"article","og_title":"\u00c0 propos | HLT","og_description":"La s\u00e9rie Mat\u00e9riel pour l&rsquo;enseignement de la langue et de la culture d&rsquo;origine pr\u00e9sente les principes et m\u00e9thodes didactiques, actuellement en usage dans les \u00e9coles de l&rsquo;ouest et du nord de l&rsquo;Europe. Les diff\u00e9rents volumes de la s\u00e9rie proposent des informations g\u00e9n\u00e9rales th\u00e9oriques ainsi que des suggestions concr\u00e8tes pour la pratique en classe. Gr\u00e2ce \u00e0 [&hellip;]","og_url":"https:\/\/myheritagelanguage.com\/fr\/about\/","og_site_name":"HLT","article_modified_time":"2025-04-24T09:26:31+00:00","og_image":[{"url":"https:\/\/myheritagelanguage.com\/wp-content\/uploads\/2018\/07\/5I3A9392-Kopie-1024x404.jpg"}],"twitter_card":"summary","twitter_misc":{"Dur\u00e9e de lecture est.":"1 minute"},"schema":{"@context":"https:\/\/schema.org","@graph":[{"@type":"WebSite","@id":"https:\/\/myheritagelanguage.com\/fr\/#website","url":"https:\/\/myheritagelanguage.com\/fr\/","name":"HLT","description":"Heritage Language Teaching","potentialAction":[{"@type":"SearchAction","target":{"@type":"EntryPoint","urlTemplate":"https:\/\/myheritagelanguage.com\/fr\/?s={search_term_string}"},"query-input":"required name=search_term_string"}],"inLanguage":"fr-FR"},{"@type":"ImageObject","@id":"https:\/\/myheritagelanguage.com\/fr\/about\/#primaryimage","inLanguage":"fr-FR","url":"\/wp-content\/uploads\/2018\/07\/5I3A9392-Kopie-1024x404.jpg","contentUrl":"\/wp-content\/uploads\/2018\/07\/5I3A9392-Kopie-1024x404.jpg"},{"@type":"WebPage","@id":"https:\/\/myheritagelanguage.com\/fr\/about\/#webpage","url":"https:\/\/myheritagelanguage.com\/fr\/about\/","name":"\u00c0 propos | HLT","isPartOf":{"@id":"https:\/\/myheritagelanguage.com\/fr\/#website"},"primaryImageOfPage":{"@id":"https:\/\/myheritagelanguage.com\/fr\/about\/#primaryimage"},"datePublished":"2018-04-12T05:29:40+00:00","dateModified":"2025-04-24T09:26:31+00:00","breadcrumb":{"@id":"https:\/\/myheritagelanguage.com\/fr\/about\/#breadcrumb"},"inLanguage":"fr-FR","potentialAction":[{"@type":"ReadAction","target":["https:\/\/myheritagelanguage.com\/fr\/about\/"]}]},{"@type":"BreadcrumbList","@id":"https:\/\/myheritagelanguage.com\/fr\/about\/#breadcrumb","itemListElement":[{"@type":"ListItem","position":1,"name":"Home","item":"https:\/\/myheritagelanguage.com\/fr\/"},{"@type":"ListItem","position":2,"name":"\u00c0 propos"}]}]}},"_links":{"self":[{"href":"https:\/\/myheritagelanguage.com\/fr\/wp-json\/wp\/v2\/pages\/9243"}],"collection":[{"href":"https:\/\/myheritagelanguage.com\/fr\/wp-json\/wp\/v2\/pages"}],"about":[{"href":"https:\/\/myheritagelanguage.com\/fr\/wp-json\/wp\/v2\/types\/page"}],"author":[{"embeddable":true,"href":"https:\/\/myheritagelanguage.com\/fr\/wp-json\/wp\/v2\/users\/1"}],"replies":[{"embeddable":true,"href":"https:\/\/myheritagelanguage.com\/fr\/wp-json\/wp\/v2\/comments?post=9243"}],"version-history":[{"count":3,"href":"https:\/\/myheritagelanguage.com\/fr\/wp-json\/wp\/v2\/pages\/9243\/revisions"}],"predecessor-version":[{"id":13473,"href":"https:\/\/myheritagelanguage.com\/fr\/wp-json\/wp\/v2\/pages\/9243\/revisions\/13473"}],"wp:attachment":[{"href":"https:\/\/myheritagelanguage.com\/fr\/wp-json\/wp\/v2\/media?parent=9243"}],"curies":[{"name":"wp","href":"https:\/\/api.w.org\/{rel}","templated":true}]}}