{"id":9252,"date":"2017-11-06T15:57:17","date_gmt":"2017-11-06T15:57:17","guid":{"rendered":"https:\/\/myheritagelanguage.com\/books\/"},"modified":"2021-05-22T08:40:16","modified_gmt":"2021-05-22T06:40:16","slug":"books","status":"publish","type":"page","link":"https:\/\/myheritagelanguage.com\/fr\/books\/","title":{"rendered":"Livres"},"content":{"rendered":"<p><span data-sheets-value=\"{&quot;1&quot;:2,&quot;2&quot;:&quot;En raison de la mobilit\u00e9 croissante, l'\u00e9cole est devenue un lieu multiculturel. Les enfants et les jeunes issus de l'immigration doivent acqu\u00e9rir la langue du pays d'accueil tout en conservant leur langue d'origine. Ce sont les enseignants LCO qui sont responsables de cette derni\u00e8re. Il est important pour la qualit\u00e9 et la reconnaissance de leur enseignement que leurs m\u00e9thodes p\u00e9dagogiques soient bien en phase avec les exp\u00e9riences de leurs \u00e9l\u00e8ves dans l'\u00e9cole ordinaire. La s\u00e9rie Mat\u00e9riel pour l'enseignement de la langue et de la culture d'origine offre pr\u00e9cis\u00e9ment aux enseignants le soutien dont ils ont besoin.&quot;}\" data-sheets-userformat=\"{&quot;2&quot;:15233,&quot;3&quot;:{&quot;1&quot;:0},&quot;10&quot;:1,&quot;11&quot;:4,&quot;12&quot;:0,&quot;14&quot;:{&quot;1&quot;:2,&quot;2&quot;:0},&quot;15&quot;:&quot;Calibri&quot;,&quot;16&quot;:11}\">En raison de la mobilit\u00e9 croissante, l&rsquo;\u00e9cole est devenue un lieu multiculturel. Les enfants et les jeunes issus de l&rsquo;immigration doivent acqu\u00e9rir la langue du pays d&rsquo;accueil tout en conservant leur langue d&rsquo;origine. Ce sont les enseignants LCO qui sont responsables de cette derni\u00e8re. Il est important pour la qualit\u00e9 et la reconnaissance de leur enseignement que leurs m\u00e9thodes p\u00e9dagogiques soient bien en phase avec les exp\u00e9riences de leurs \u00e9l\u00e8ves dans l&rsquo;\u00e9cole ordinaire. <\/span><\/p>\n<p><span data-sheets-value=\"{&quot;1&quot;:2,&quot;2&quot;:&quot;En raison de la mobilit\u00e9 croissante, l'\u00e9cole est devenue un lieu multiculturel. Les enfants et les jeunes issus de l'immigration doivent acqu\u00e9rir la langue du pays d'accueil tout en conservant leur langue d'origine. Ce sont les enseignants LCO qui sont responsables de cette derni\u00e8re. Il est important pour la qualit\u00e9 et la reconnaissance de leur enseignement que leurs m\u00e9thodes p\u00e9dagogiques soient bien en phase avec les exp\u00e9riences de leurs \u00e9l\u00e8ves dans l'\u00e9cole ordinaire. La s\u00e9rie Mat\u00e9riel pour l'enseignement de la langue et de la culture d'origine offre pr\u00e9cis\u00e9ment aux enseignants le soutien dont ils ont besoin.&quot;}\" data-sheets-userformat=\"{&quot;2&quot;:15233,&quot;3&quot;:{&quot;1&quot;:0},&quot;10&quot;:1,&quot;11&quot;:4,&quot;12&quot;:0,&quot;14&quot;:{&quot;1&quot;:2,&quot;2&quot;:0},&quot;15&quot;:&quot;Calibri&quot;,&quot;16&quot;:11}\">La s\u00e9rie Mat\u00e9riel pour l&rsquo;enseignement de la langue et de la culture d&rsquo;origine offre pr\u00e9cis\u00e9ment aux enseignants le soutien dont ils ont besoin.<\/span><\/p>\n","protected":false},"excerpt":{"rendered":"<p>En raison de la mobilit\u00e9 croissante, l&rsquo;\u00e9cole est devenue un lieu multiculturel. Les enfants et les jeunes issus de l&rsquo;immigration doivent acqu\u00e9rir la langue du pays d&rsquo;accueil tout en conservant leur langue d&rsquo;origine. Ce sont les enseignants LCO qui sont responsables de cette derni\u00e8re. Il est important pour la qualit\u00e9 et la reconnaissance de leur [&hellip;]<\/p>\n","protected":false},"author":1,"featured_media":0,"parent":0,"menu_order":0,"comment_status":"closed","ping_status":"closed","template":"","meta":[],"yoast_head":"<!-- This site is optimized with the Yoast SEO plugin v17.0 - https:\/\/yoast.com\/wordpress\/plugins\/seo\/ -->\n<meta name=\"robots\" content=\"index, follow, max-snippet:-1, max-image-preview:large, max-video-preview:-1\" \/>\n<link rel=\"canonical\" href=\"https:\/\/myheritagelanguage.com\/fr\/books\/\" \/>\n<meta property=\"og:locale\" content=\"fr_FR\" \/>\n<meta property=\"og:type\" content=\"article\" \/>\n<meta property=\"og:title\" content=\"Livres | HLT\" \/>\n<meta property=\"og:description\" content=\"En raison de la mobilit\u00e9 croissante, l&rsquo;\u00e9cole est devenue un lieu multiculturel. Les enfants et les jeunes issus de l&rsquo;immigration doivent acqu\u00e9rir la langue du pays d&rsquo;accueil tout en conservant leur langue d&rsquo;origine. Ce sont les enseignants LCO qui sont responsables de cette derni\u00e8re. Il est important pour la qualit\u00e9 et la reconnaissance de leur [&hellip;]\" \/>\n<meta property=\"og:url\" content=\"https:\/\/myheritagelanguage.com\/fr\/books\/\" \/>\n<meta property=\"og:site_name\" content=\"HLT\" \/>\n<meta property=\"article:modified_time\" content=\"2021-05-22T06:40:16+00:00\" \/>\n<meta name=\"twitter:card\" content=\"summary\" \/>\n<meta name=\"twitter:label1\" content=\"Dur\u00e9e de lecture est.\" \/>\n\t<meta name=\"twitter:data1\" content=\"1 minute\" \/>\n<script type=\"application\/ld+json\" class=\"yoast-schema-graph\">{\"@context\":\"https:\/\/schema.org\",\"@graph\":[{\"@type\":\"WebSite\",\"@id\":\"https:\/\/myheritagelanguage.com\/fr\/#website\",\"url\":\"https:\/\/myheritagelanguage.com\/fr\/\",\"name\":\"HLT\",\"description\":\"Heritage Language Teaching\",\"potentialAction\":[{\"@type\":\"SearchAction\",\"target\":{\"@type\":\"EntryPoint\",\"urlTemplate\":\"https:\/\/myheritagelanguage.com\/fr\/?s={search_term_string}\"},\"query-input\":\"required name=search_term_string\"}],\"inLanguage\":\"fr-FR\"},{\"@type\":\"WebPage\",\"@id\":\"https:\/\/myheritagelanguage.com\/fr\/books\/#webpage\",\"url\":\"https:\/\/myheritagelanguage.com\/fr\/books\/\",\"name\":\"Livres | HLT\",\"isPartOf\":{\"@id\":\"https:\/\/myheritagelanguage.com\/fr\/#website\"},\"datePublished\":\"2017-11-06T15:57:17+00:00\",\"dateModified\":\"2021-05-22T06:40:16+00:00\",\"breadcrumb\":{\"@id\":\"https:\/\/myheritagelanguage.com\/fr\/books\/#breadcrumb\"},\"inLanguage\":\"fr-FR\",\"potentialAction\":[{\"@type\":\"ReadAction\",\"target\":[\"https:\/\/myheritagelanguage.com\/fr\/books\/\"]}]},{\"@type\":\"BreadcrumbList\",\"@id\":\"https:\/\/myheritagelanguage.com\/fr\/books\/#breadcrumb\",\"itemListElement\":[{\"@type\":\"ListItem\",\"position\":1,\"name\":\"Home\",\"item\":\"https:\/\/myheritagelanguage.com\/fr\/\"},{\"@type\":\"ListItem\",\"position\":2,\"name\":\"Livres\"}]}]}<\/script>\n<!-- \/ Yoast SEO plugin. -->","yoast_head_json":{"robots":{"index":"index","follow":"follow","max-snippet":"max-snippet:-1","max-image-preview":"max-image-preview:large","max-video-preview":"max-video-preview:-1"},"canonical":"https:\/\/myheritagelanguage.com\/fr\/books\/","og_locale":"fr_FR","og_type":"article","og_title":"Livres | HLT","og_description":"En raison de la mobilit\u00e9 croissante, l&rsquo;\u00e9cole est devenue un lieu multiculturel. Les enfants et les jeunes issus de l&rsquo;immigration doivent acqu\u00e9rir la langue du pays d&rsquo;accueil tout en conservant leur langue d&rsquo;origine. Ce sont les enseignants LCO qui sont responsables de cette derni\u00e8re. Il est important pour la qualit\u00e9 et la reconnaissance de leur [&hellip;]","og_url":"https:\/\/myheritagelanguage.com\/fr\/books\/","og_site_name":"HLT","article_modified_time":"2021-05-22T06:40:16+00:00","twitter_card":"summary","twitter_misc":{"Dur\u00e9e de lecture est.":"1 minute"},"schema":{"@context":"https:\/\/schema.org","@graph":[{"@type":"WebSite","@id":"https:\/\/myheritagelanguage.com\/fr\/#website","url":"https:\/\/myheritagelanguage.com\/fr\/","name":"HLT","description":"Heritage Language Teaching","potentialAction":[{"@type":"SearchAction","target":{"@type":"EntryPoint","urlTemplate":"https:\/\/myheritagelanguage.com\/fr\/?s={search_term_string}"},"query-input":"required name=search_term_string"}],"inLanguage":"fr-FR"},{"@type":"WebPage","@id":"https:\/\/myheritagelanguage.com\/fr\/books\/#webpage","url":"https:\/\/myheritagelanguage.com\/fr\/books\/","name":"Livres | HLT","isPartOf":{"@id":"https:\/\/myheritagelanguage.com\/fr\/#website"},"datePublished":"2017-11-06T15:57:17+00:00","dateModified":"2021-05-22T06:40:16+00:00","breadcrumb":{"@id":"https:\/\/myheritagelanguage.com\/fr\/books\/#breadcrumb"},"inLanguage":"fr-FR","potentialAction":[{"@type":"ReadAction","target":["https:\/\/myheritagelanguage.com\/fr\/books\/"]}]},{"@type":"BreadcrumbList","@id":"https:\/\/myheritagelanguage.com\/fr\/books\/#breadcrumb","itemListElement":[{"@type":"ListItem","position":1,"name":"Home","item":"https:\/\/myheritagelanguage.com\/fr\/"},{"@type":"ListItem","position":2,"name":"Livres"}]}]}},"_links":{"self":[{"href":"https:\/\/myheritagelanguage.com\/fr\/wp-json\/wp\/v2\/pages\/9252"}],"collection":[{"href":"https:\/\/myheritagelanguage.com\/fr\/wp-json\/wp\/v2\/pages"}],"about":[{"href":"https:\/\/myheritagelanguage.com\/fr\/wp-json\/wp\/v2\/types\/page"}],"author":[{"embeddable":true,"href":"https:\/\/myheritagelanguage.com\/fr\/wp-json\/wp\/v2\/users\/1"}],"replies":[{"embeddable":true,"href":"https:\/\/myheritagelanguage.com\/fr\/wp-json\/wp\/v2\/comments?post=9252"}],"version-history":[{"count":3,"href":"https:\/\/myheritagelanguage.com\/fr\/wp-json\/wp\/v2\/pages\/9252\/revisions"}],"predecessor-version":[{"id":13685,"href":"https:\/\/myheritagelanguage.com\/fr\/wp-json\/wp\/v2\/pages\/9252\/revisions\/13685"}],"wp:attachment":[{"href":"https:\/\/myheritagelanguage.com\/fr\/wp-json\/wp\/v2\/media?parent=9252"}],"curies":[{"name":"wp","href":"https:\/\/api.w.org\/{rel}","templated":true}]}}