{"id":9235,"date":"2018-04-12T07:30:09","date_gmt":"2018-04-12T05:30:09","guid":{"rendered":"https:\/\/myheritagelanguage.com\/about-phzh\/"},"modified":"2025-04-24T11:30:52","modified_gmt":"2025-04-24T09:30:52","slug":"about-phzh","status":"publish","type":"page","link":"https:\/\/myheritagelanguage.com\/it\/about\/about-phzh\/","title":{"rendered":"Informazioni sulla PHZH (ASP)"},"content":{"rendered":"<p>L\u2019Alta Scuola Pedagogica di Zurigo (PH Z\u00fcrich) \u00e8 responsabile della formazione di base e della formazione continua dei docenti nel cantone di Zurigo.<\/p>\n<p><img loading=\"lazy\" class=\"aligncenter wp-image-1389 size-large\" src=\"https:\/\/myheritagelanguage.com\/wp-content\/uploads\/2018\/06\/phzh_01-1024x683.jpg\" alt=\"\" width=\"1024\" height=\"683\" srcset=\"https:\/\/myheritagelanguage.com\/wp-content\/uploads\/2018\/06\/phzh_01.jpg 1024w, https:\/\/myheritagelanguage.com\/wp-content\/uploads\/2018\/06\/phzh_01-300x200.jpg 300w, https:\/\/myheritagelanguage.com\/wp-content\/uploads\/2018\/06\/phzh_01-768x512.jpg 768w\" sizes=\"(max-width: 1024px) 100vw, 1024px\" \/><\/p>\n<p>La PH \u00e8 stata fondata nell\u2019autunno del 2002 con l\u2019accorpamento di ben undici istituzioni, gi\u00e0 esistenti, orientate alla formazione dei docenti. Essa fa parte della Z\u00fcrcher Fachhochschule ZFH (Scuola universitaria professionale zurighese) e si articola nei seguenti campi di attivit\u00e0:<\/p>\n<ul>\n<li>Formazione dei futuri docenti a tutti i livelli<\/li>\n<li>Formazione continua e servizio di consulenza e supporto per docenti, direttori e autorit\u00e0 scolastiche<\/li>\n<li>Ricerca e sviluppo<\/li>\n<\/ul>\n<p>Attualmente alla PH di Zurigo sono attivi circa 3800 studenti e 21.000 corsisti sono impegnati nella formazione continua. Vi lavorano (a tempo pieno o parziale) circa 600 docenti, collaboratori scientifici e assistenti nonch\u00e9 300 impiegati nelle funzioni amministrative e tecniche.<\/p>\n<p><img loading=\"lazy\" class=\"aligncenter wp-image-1390 size-large\" src=\"https:\/\/myheritagelanguage.com\/wp-content\/uploads\/2018\/06\/phzh_02-1024x683.jpg\" alt=\"\" width=\"1024\" height=\"683\" srcset=\"https:\/\/myheritagelanguage.com\/wp-content\/uploads\/2018\/06\/phzh_02-1024x683.jpg 1024w, https:\/\/myheritagelanguage.com\/wp-content\/uploads\/2018\/06\/phzh_02-300x200.jpg 300w, https:\/\/myheritagelanguage.com\/wp-content\/uploads\/2018\/06\/phzh_02-768x512.jpg 768w, https:\/\/myheritagelanguage.com\/wp-content\/uploads\/2018\/06\/phzh_02.jpg 2048w\" sizes=\"(max-width: 1024px) 100vw, 1024px\" \/><\/p>\n<p><img loading=\"lazy\" class=\"alignnone size-large wp-image-1391\" src=\"https:\/\/myheritagelanguage.com\/wp-content\/uploads\/2018\/06\/phzh_03-1024x683.jpg\" alt=\"\" width=\"1024\" height=\"683\" srcset=\"https:\/\/myheritagelanguage.com\/wp-content\/uploads\/2018\/06\/phzh_03-1024x683.jpg 1024w, https:\/\/myheritagelanguage.com\/wp-content\/uploads\/2018\/06\/phzh_03-300x200.jpg 300w, https:\/\/myheritagelanguage.com\/wp-content\/uploads\/2018\/06\/phzh_03-768x512.jpg 768w, https:\/\/myheritagelanguage.com\/wp-content\/uploads\/2018\/06\/phzh_03.jpg 2048w\" sizes=\"(max-width: 1024px) 100vw, 1024px\" \/><\/p>\n<p>&nbsp;<\/p>\n<p><strong>Fonte<\/strong>: <a href=\"https:\/\/phzh.ch\/en\/about-phzh\/\" target=\"_blank\" rel=\"noopener noreferrer\">PHZH\u00a0<\/a><\/p>\n","protected":false},"excerpt":{"rendered":"<p>L\u2019Alta Scuola Pedagogica di Zurigo (PH Z\u00fcrich) \u00e8 responsabile della formazione di base e della formazione continua dei docenti nel cantone di Zurigo. La PH \u00e8 stata fondata nell\u2019autunno del 2002 con l\u2019accorpamento di ben undici istituzioni, gi\u00e0 esistenti, orientate alla formazione dei docenti. Essa fa parte della Z\u00fcrcher Fachhochschule ZFH (Scuola universitaria professionale zurighese) [&hellip;]<\/p>\n","protected":false},"author":1,"featured_media":0,"parent":9245,"menu_order":0,"comment_status":"closed","ping_status":"closed","template":"","meta":[],"yoast_head":"<!-- This site is optimized with the Yoast SEO plugin v17.0 - https:\/\/yoast.com\/wordpress\/plugins\/seo\/ -->\n<meta name=\"robots\" content=\"index, follow, max-snippet:-1, max-image-preview:large, max-video-preview:-1\" \/>\n<link rel=\"canonical\" href=\"https:\/\/myheritagelanguage.com\/it\/about\/about-phzh\/\" \/>\n<meta property=\"og:locale\" content=\"it_IT\" \/>\n<meta property=\"og:type\" content=\"article\" \/>\n<meta property=\"og:title\" content=\"Informazioni sulla PHZH (ASP) | HLT\" \/>\n<meta property=\"og:description\" content=\"L\u2019Alta Scuola Pedagogica di Zurigo (PH Z\u00fcrich) \u00e8 responsabile della formazione di base e della formazione continua dei docenti nel cantone di Zurigo. La PH \u00e8 stata fondata nell\u2019autunno del 2002 con l\u2019accorpamento di ben undici istituzioni, gi\u00e0 esistenti, orientate alla formazione dei docenti. Essa fa parte della Z\u00fcrcher Fachhochschule ZFH (Scuola universitaria professionale zurighese) [&hellip;]\" \/>\n<meta property=\"og:url\" content=\"https:\/\/myheritagelanguage.com\/it\/about\/about-phzh\/\" \/>\n<meta property=\"og:site_name\" content=\"HLT\" \/>\n<meta property=\"article:modified_time\" content=\"2025-04-24T09:30:52+00:00\" \/>\n<meta property=\"og:image\" content=\"https:\/\/myheritagelanguage.com\/wp-content\/uploads\/2018\/06\/phzh_01-1024x683.jpg\" \/>\n<meta name=\"twitter:card\" content=\"summary\" \/>\n<meta name=\"twitter:label1\" content=\"Tempo di lettura stimato\" \/>\n\t<meta name=\"twitter:data1\" content=\"1 minuto\" \/>\n<script type=\"application\/ld+json\" class=\"yoast-schema-graph\">{\"@context\":\"https:\/\/schema.org\",\"@graph\":[{\"@type\":\"WebSite\",\"@id\":\"https:\/\/myheritagelanguage.com\/it\/#website\",\"url\":\"https:\/\/myheritagelanguage.com\/it\/\",\"name\":\"HLT\",\"description\":\"Heritage Language Teaching\",\"potentialAction\":[{\"@type\":\"SearchAction\",\"target\":{\"@type\":\"EntryPoint\",\"urlTemplate\":\"https:\/\/myheritagelanguage.com\/it\/?s={search_term_string}\"},\"query-input\":\"required name=search_term_string\"}],\"inLanguage\":\"it-IT\"},{\"@type\":\"ImageObject\",\"@id\":\"https:\/\/myheritagelanguage.com\/it\/about\/about-phzh\/#primaryimage\",\"inLanguage\":\"it-IT\",\"url\":\"https:\/\/myheritagelanguage.com\/wp-content\/uploads\/2018\/06\/phzh_01.jpg\",\"contentUrl\":\"https:\/\/myheritagelanguage.com\/wp-content\/uploads\/2018\/06\/phzh_01.jpg\",\"width\":1024,\"height\":683},{\"@type\":\"WebPage\",\"@id\":\"https:\/\/myheritagelanguage.com\/it\/about\/about-phzh\/#webpage\",\"url\":\"https:\/\/myheritagelanguage.com\/it\/about\/about-phzh\/\",\"name\":\"Informazioni sulla PHZH (ASP) | HLT\",\"isPartOf\":{\"@id\":\"https:\/\/myheritagelanguage.com\/it\/#website\"},\"primaryImageOfPage\":{\"@id\":\"https:\/\/myheritagelanguage.com\/it\/about\/about-phzh\/#primaryimage\"},\"datePublished\":\"2018-04-12T05:30:09+00:00\",\"dateModified\":\"2025-04-24T09:30:52+00:00\",\"breadcrumb\":{\"@id\":\"https:\/\/myheritagelanguage.com\/it\/about\/about-phzh\/#breadcrumb\"},\"inLanguage\":\"it-IT\",\"potentialAction\":[{\"@type\":\"ReadAction\",\"target\":[\"https:\/\/myheritagelanguage.com\/it\/about\/about-phzh\/\"]}]},{\"@type\":\"BreadcrumbList\",\"@id\":\"https:\/\/myheritagelanguage.com\/it\/about\/about-phzh\/#breadcrumb\",\"itemListElement\":[{\"@type\":\"ListItem\",\"position\":1,\"name\":\"Home\",\"item\":\"https:\/\/myheritagelanguage.com\/it\/\"},{\"@type\":\"ListItem\",\"position\":2,\"name\":\"CHI SIAMO\",\"item\":\"https:\/\/myheritagelanguage.com\/it\/about\/\"},{\"@type\":\"ListItem\",\"position\":3,\"name\":\"Informazioni sulla PHZH (ASP)\"}]}]}<\/script>\n<!-- \/ Yoast SEO plugin. -->","yoast_head_json":{"robots":{"index":"index","follow":"follow","max-snippet":"max-snippet:-1","max-image-preview":"max-image-preview:large","max-video-preview":"max-video-preview:-1"},"canonical":"https:\/\/myheritagelanguage.com\/it\/about\/about-phzh\/","og_locale":"it_IT","og_type":"article","og_title":"Informazioni sulla PHZH (ASP) | HLT","og_description":"L\u2019Alta Scuola Pedagogica di Zurigo (PH Z\u00fcrich) \u00e8 responsabile della formazione di base e della formazione continua dei docenti nel cantone di Zurigo. La PH \u00e8 stata fondata nell\u2019autunno del 2002 con l\u2019accorpamento di ben undici istituzioni, gi\u00e0 esistenti, orientate alla formazione dei docenti. Essa fa parte della Z\u00fcrcher Fachhochschule ZFH (Scuola universitaria professionale zurighese) [&hellip;]","og_url":"https:\/\/myheritagelanguage.com\/it\/about\/about-phzh\/","og_site_name":"HLT","article_modified_time":"2025-04-24T09:30:52+00:00","og_image":[{"url":"https:\/\/myheritagelanguage.com\/wp-content\/uploads\/2018\/06\/phzh_01-1024x683.jpg"}],"twitter_card":"summary","twitter_misc":{"Tempo di lettura stimato":"1 minuto"},"schema":{"@context":"https:\/\/schema.org","@graph":[{"@type":"WebSite","@id":"https:\/\/myheritagelanguage.com\/it\/#website","url":"https:\/\/myheritagelanguage.com\/it\/","name":"HLT","description":"Heritage Language Teaching","potentialAction":[{"@type":"SearchAction","target":{"@type":"EntryPoint","urlTemplate":"https:\/\/myheritagelanguage.com\/it\/?s={search_term_string}"},"query-input":"required name=search_term_string"}],"inLanguage":"it-IT"},{"@type":"ImageObject","@id":"https:\/\/myheritagelanguage.com\/it\/about\/about-phzh\/#primaryimage","inLanguage":"it-IT","url":"https:\/\/myheritagelanguage.com\/wp-content\/uploads\/2018\/06\/phzh_01.jpg","contentUrl":"https:\/\/myheritagelanguage.com\/wp-content\/uploads\/2018\/06\/phzh_01.jpg","width":1024,"height":683},{"@type":"WebPage","@id":"https:\/\/myheritagelanguage.com\/it\/about\/about-phzh\/#webpage","url":"https:\/\/myheritagelanguage.com\/it\/about\/about-phzh\/","name":"Informazioni sulla PHZH (ASP) | HLT","isPartOf":{"@id":"https:\/\/myheritagelanguage.com\/it\/#website"},"primaryImageOfPage":{"@id":"https:\/\/myheritagelanguage.com\/it\/about\/about-phzh\/#primaryimage"},"datePublished":"2018-04-12T05:30:09+00:00","dateModified":"2025-04-24T09:30:52+00:00","breadcrumb":{"@id":"https:\/\/myheritagelanguage.com\/it\/about\/about-phzh\/#breadcrumb"},"inLanguage":"it-IT","potentialAction":[{"@type":"ReadAction","target":["https:\/\/myheritagelanguage.com\/it\/about\/about-phzh\/"]}]},{"@type":"BreadcrumbList","@id":"https:\/\/myheritagelanguage.com\/it\/about\/about-phzh\/#breadcrumb","itemListElement":[{"@type":"ListItem","position":1,"name":"Home","item":"https:\/\/myheritagelanguage.com\/it\/"},{"@type":"ListItem","position":2,"name":"CHI SIAMO","item":"https:\/\/myheritagelanguage.com\/it\/about\/"},{"@type":"ListItem","position":3,"name":"Informazioni sulla PHZH (ASP)"}]}]}},"_links":{"self":[{"href":"https:\/\/myheritagelanguage.com\/it\/wp-json\/wp\/v2\/pages\/9235"}],"collection":[{"href":"https:\/\/myheritagelanguage.com\/it\/wp-json\/wp\/v2\/pages"}],"about":[{"href":"https:\/\/myheritagelanguage.com\/it\/wp-json\/wp\/v2\/types\/page"}],"author":[{"embeddable":true,"href":"https:\/\/myheritagelanguage.com\/it\/wp-json\/wp\/v2\/users\/1"}],"replies":[{"embeddable":true,"href":"https:\/\/myheritagelanguage.com\/it\/wp-json\/wp\/v2\/comments?post=9235"}],"version-history":[{"count":4,"href":"https:\/\/myheritagelanguage.com\/it\/wp-json\/wp\/v2\/pages\/9235\/revisions"}],"predecessor-version":[{"id":17975,"href":"https:\/\/myheritagelanguage.com\/it\/wp-json\/wp\/v2\/pages\/9235\/revisions\/17975"}],"up":[{"embeddable":true,"href":"https:\/\/myheritagelanguage.com\/it\/wp-json\/wp\/v2\/pages\/9245"}],"wp:attachment":[{"href":"https:\/\/myheritagelanguage.com\/it\/wp-json\/wp\/v2\/media?parent=9235"}],"curies":[{"name":"wp","href":"https:\/\/api.w.org\/{rel}","templated":true}]}}