{"id":5986,"date":"2018-04-12T07:29:54","date_gmt":"2018-04-12T05:29:54","guid":{"rendered":"https:\/\/myheritagelanguage.com\/about-hlt\/"},"modified":"2018-11-17T14:22:52","modified_gmt":"2018-11-17T12:22:52","slug":"about-hlt","status":"publish","type":"page","link":"https:\/\/myheritagelanguage.com\/pt-pt\/about\/about-hlt\/","title":{"rendered":"Acerca do ELH"},"content":{"rendered":"<p>&nbsp;&nbsp;<\/p>\n<h2>O que \u00e9 o Ensino da L\u00edngua de Heran\u00e7a (ELH)?<\/h2>\n<p>Designa-se Ensino da L\u00edngua de Heran\u00e7a (ELH; na Su\u00ed\u00e7a HSU) o ensino complementar facultativo que em muitos pa\u00edses de acolhimento \u00e9 oferecido aos alunos de background migrat\u00f3rio na sua l\u00edngua primeira ou de heran\u00e7a. Dependendo do pa\u00eds e da regi\u00e3o, o Ensino de l\u00edngua de heran\u00e7a \u00e9 denominado ensino de l\u00edngua materna ou ensino da l\u00edngua e cultura de origem. Fala-se de ELCO (Ensino da L\u00edngua e Cultura de Origem) nos espa\u00e7os de express\u00e3o francesa e de Escolas Complementares nos espa\u00e7os de express\u00e3o inglesa.  <\/p>\n<p>O ensino de l\u00edngua de heran\u00e7a \u00e9 geralmente oferecido do primeiro ao nono ano. Na maior parte dos casos, as aulas t\u00eam lugar ap\u00f3s o ensino regular ou nas tardes livres com a dura\u00e7\u00e3o de duas horas por semana. \u00c9 frequente encontrar-se na mesma aula de l\u00edngua de heran\u00e7a crian\u00e7as e jovens de diferentes faixas et\u00e1rias e de diferentes n\u00edveis de ensino (pr\u00e9-escolar, prim\u00e1rio e secund\u00e1rio I). Os professores do Ensino de l\u00edngua de heran\u00e7a s\u00e3o falantes nativos (l\u00edngua materna) e com forma\u00e7\u00e3o espec\u00edfica para a doc\u00eancia.<br \/>\n&nbsp;<\/p>\n<h2>Quais s\u00e3o os objetivos do ELH?<\/h2>\n<div class=\"row\">\n<div class=\"col-sm-6\" style=\"padding-top:10px\">\n<p>O Ensino da l\u00edngua de heran\u00e7a persegue dois objetivos principais: por um lado, os alunos devem desenvolver a sua l\u00edngua e cultura de origem e, por outro lado, o ELH tamb\u00e9m deve contribuir para a orienta\u00e7\u00e3o e integra\u00e7\u00e3o dos alunos no sistema escolar e na sociedade do pa\u00eds de acolhimento. O segundo aspeto \u00e9 particularmente importante para os alunos que ap\u00f3s a escolaridade n\u00e3o regressam ao seu pa\u00eds de origem. Por conseguinte, o ELH desempenha um papel importante no sentido de uma identidade bilingue e bicultural equilibrada. Simultaneamente ajuda a garantir que o multilinguismo seja reconhecido como um recurso determinantemente importante para a sociedade.<\/p>\n<\/div>\n<div class=\"col-sm-6\" style=\"padding-top:10px\">\n<img loading=\"lazy\" src=\"https:\/\/myheritagelanguage.com\/wp-content\/uploads\/2018\/07\/5I3A9867-Kopie-1024x404.jpg\" alt=\"\" width=\"1024\" height=\"404\" class=\"alignnone size-large wp-image-1650\" srcset=\"https:\/\/myheritagelanguage.com\/wp-content\/uploads\/2018\/07\/5I3A9867-Kopie-1024x404.jpg 1024w, https:\/\/myheritagelanguage.com\/wp-content\/uploads\/2018\/07\/5I3A9867-Kopie-300x119.jpg 300w, https:\/\/myheritagelanguage.com\/wp-content\/uploads\/2018\/07\/5I3A9867-Kopie-768x303.jpg 768w, https:\/\/myheritagelanguage.com\/wp-content\/uploads\/2018\/07\/5I3A9867-Kopie.jpg 1200w\" sizes=\"(max-width: 1024px) 100vw, 1024px\" \/>\n<\/div>\n<\/div>\n<p>&nbsp;<\/p>\n<h2>Quem organiza o ELH, e como pode ser integrado no ensino regular?<\/h2>\n<p>A organiza\u00e7\u00e3o do ELH depende frequentemente do pa\u00eds de origem. As aulas s\u00e3o oferecidas tanto quanto poss\u00edvel pelo pa\u00eds de acolhimento, pelos consulados ou embaixadas do pa\u00eds de origem ou por institui\u00e7\u00f5es privadas. Do mesmo modo, os sal\u00e1rios dos professores de l\u00edngua de heran\u00e7a variam muito consoante as fontes de financiamento.<\/p>\n<p>O sucesso da integra\u00e7\u00e3o do Ensino de l\u00edngua de heran\u00e7a no sistema de ensino local depende do pa\u00eds de acolhimento. Os respetivos indicadores s\u00e3o se o ELH \u00e9 integrado no hor\u00e1rio do ensino regular, se h\u00e1 projetos de coopera\u00e7\u00e3o entre o ELH e o ensino regular, se existe oferta espec\u00edfica de forma\u00e7\u00e3o cont\u00ednua para os professores de l\u00edngua de heran\u00e7a e como estes s\u00e3o pagos.<br \/>\n&nbsp;<\/p>\n<h2>Quais os desafios que o ELH enfrenta? <\/h2>\n<p>Os desafios mais importantes do ensino da l\u00edngua de heran\u00e7a s\u00e3o os seguintes:<\/p>\n<ul>\n<li>O ELH enfrenta a concorr\u00eancia de in\u00fameras atividades de lazer. Consequentemente o n\u00famero de alunos em muitas localidades diminui constantemente.<\/li>\n<li>Esta situa\u00e7\u00e3o constitui um problema acrescido nos lugares em que a o Ensino da l\u00edngua de heran\u00e7a n\u00e3o est\u00e1 integrado no sistema de ensino regular.<\/li>\n<li>Os cursos s\u00e3o geralmente lecionados em grupos heterog\u00e9neos em termos de idade e n\u00edvel de l\u00edngua. Os alunos revelam, portanto, exig\u00eancias e necessidades muito variadas.<\/li>\n<li>As condi\u00e7\u00f5es de trabalho e os sal\u00e1rios dos professores de l\u00edngua de heran\u00e7a s\u00e3o geralmente insatisfat\u00f3rios.<\/li>\n<li>Raramente h\u00e1 oportunidade de trabalhar em colabora\u00e7\u00e3o com os professores do ensino regular.<\/li>\n<\/ul>\n<div class=\"row\">\n<div class=\"col-sm-6\" style=\"padding-top:10px\">\n<img loading=\"lazy\" src=\"https:\/\/myheritagelanguage.com\/wp-content\/uploads\/2018\/07\/5I3A9851-Kopie-1024x404.jpg\" alt=\"\" width=\"1024\" height=\"404\" class=\"alignnone size-large wp-image-1649\" srcset=\"https:\/\/myheritagelanguage.com\/wp-content\/uploads\/2018\/07\/5I3A9851-Kopie-1024x404.jpg 1024w, https:\/\/myheritagelanguage.com\/wp-content\/uploads\/2018\/07\/5I3A9851-Kopie-300x119.jpg 300w, https:\/\/myheritagelanguage.com\/wp-content\/uploads\/2018\/07\/5I3A9851-Kopie-768x303.jpg 768w, https:\/\/myheritagelanguage.com\/wp-content\/uploads\/2018\/07\/5I3A9851-Kopie.jpg 1200w\" sizes=\"(max-width: 1024px) 100vw, 1024px\" \/>\n<\/div>\n<div class=\"col-sm-6\" style=\"padding-top:10px\">\n<img loading=\"lazy\" src=\"https:\/\/myheritagelanguage.com\/wp-content\/uploads\/2018\/07\/5I3A9558-Kopie-1024x404.jpg\" alt=\"\" width=\"1024\" height=\"404\" class=\"alignnone size-large wp-image-1646\" srcset=\"https:\/\/myheritagelanguage.com\/wp-content\/uploads\/2018\/07\/5I3A9558-Kopie-1024x404.jpg 1024w, https:\/\/myheritagelanguage.com\/wp-content\/uploads\/2018\/07\/5I3A9558-Kopie-300x119.jpg 300w, https:\/\/myheritagelanguage.com\/wp-content\/uploads\/2018\/07\/5I3A9558-Kopie-768x303.jpg 768w, https:\/\/myheritagelanguage.com\/wp-content\/uploads\/2018\/07\/5I3A9558-Kopie.jpg 1200w\" sizes=\"(max-width: 1024px) 100vw, 1024px\" \/>\n<\/div>\n<\/div>\n","protected":false},"excerpt":{"rendered":"<p>&nbsp;&nbsp; O que \u00e9 o Ensino da L\u00edngua de Heran\u00e7a (ELH)? Designa-se Ensino da L\u00edngua de Heran\u00e7a (ELH; na Su\u00ed\u00e7a HSU) o ensino complementar facultativo que em muitos pa\u00edses de acolhimento \u00e9 oferecido aos alunos de background migrat\u00f3rio na sua l\u00edngua primeira ou de heran\u00e7a. Dependendo do pa\u00eds e da regi\u00e3o, o Ensino de l\u00edngua [&hellip;]<\/p>\n","protected":false},"author":1,"featured_media":5988,"parent":6015,"menu_order":0,"comment_status":"closed","ping_status":"closed","template":"page-full.php","meta":[],"yoast_head":"<!-- This site is optimized with the Yoast SEO plugin v17.0 - https:\/\/yoast.com\/wordpress\/plugins\/seo\/ -->\n<meta name=\"robots\" content=\"index, follow, max-snippet:-1, max-image-preview:large, max-video-preview:-1\" \/>\n<link rel=\"canonical\" href=\"https:\/\/myheritagelanguage.com\/pt-pt\/about\/about-hlt\/\" \/>\n<meta property=\"og:locale\" content=\"pt_PT\" \/>\n<meta property=\"og:type\" content=\"article\" \/>\n<meta property=\"og:title\" content=\"Acerca do ELH | HLT\" \/>\n<meta property=\"og:description\" content=\"&nbsp;&nbsp; O que \u00e9 o Ensino da L\u00edngua de Heran\u00e7a (ELH)? Designa-se Ensino da L\u00edngua de Heran\u00e7a (ELH; na Su\u00ed\u00e7a HSU) o ensino complementar facultativo que em muitos pa\u00edses de acolhimento \u00e9 oferecido aos alunos de background migrat\u00f3rio na sua l\u00edngua primeira ou de heran\u00e7a. Dependendo do pa\u00eds e da regi\u00e3o, o Ensino de l\u00edngua [&hellip;]\" \/>\n<meta property=\"og:url\" content=\"https:\/\/myheritagelanguage.com\/pt-pt\/about\/about-hlt\/\" \/>\n<meta property=\"og:site_name\" content=\"HLT\" \/>\n<meta property=\"article:modified_time\" content=\"2018-11-17T12:22:52+00:00\" \/>\n<meta property=\"og:image\" content=\"https:\/\/myheritagelanguage.com\/wp-content\/uploads\/2018\/07\/5I3A9392-Kopie.jpg\" \/>\n\t<meta property=\"og:image:width\" content=\"1200\" \/>\n\t<meta property=\"og:image:height\" content=\"474\" \/>\n<meta name=\"twitter:card\" content=\"summary\" \/>\n<meta name=\"twitter:label1\" content=\"Tempo estimado de leitura\" \/>\n\t<meta name=\"twitter:data1\" content=\"3 minutos\" \/>\n<script type=\"application\/ld+json\" class=\"yoast-schema-graph\">{\"@context\":\"https:\/\/schema.org\",\"@graph\":[{\"@type\":\"WebSite\",\"@id\":\"https:\/\/myheritagelanguage.com\/pt-pt\/#website\",\"url\":\"https:\/\/myheritagelanguage.com\/pt-pt\/\",\"name\":\"HLT\",\"description\":\"Heritage Language Teaching\",\"potentialAction\":[{\"@type\":\"SearchAction\",\"target\":{\"@type\":\"EntryPoint\",\"urlTemplate\":\"https:\/\/myheritagelanguage.com\/pt-pt\/?s={search_term_string}\"},\"query-input\":\"required name=search_term_string\"}],\"inLanguage\":\"pt-PT\"},{\"@type\":\"ImageObject\",\"@id\":\"https:\/\/myheritagelanguage.com\/pt-pt\/about\/about-hlt\/#primaryimage\",\"inLanguage\":\"pt-PT\",\"url\":\"https:\/\/myheritagelanguage.com\/wp-content\/uploads\/2018\/07\/5I3A9392-Kopie.jpg\",\"contentUrl\":\"https:\/\/myheritagelanguage.com\/wp-content\/uploads\/2018\/07\/5I3A9392-Kopie.jpg\",\"width\":1200,\"height\":474},{\"@type\":\"WebPage\",\"@id\":\"https:\/\/myheritagelanguage.com\/pt-pt\/about\/about-hlt\/#webpage\",\"url\":\"https:\/\/myheritagelanguage.com\/pt-pt\/about\/about-hlt\/\",\"name\":\"Acerca do ELH | HLT\",\"isPartOf\":{\"@id\":\"https:\/\/myheritagelanguage.com\/pt-pt\/#website\"},\"primaryImageOfPage\":{\"@id\":\"https:\/\/myheritagelanguage.com\/pt-pt\/about\/about-hlt\/#primaryimage\"},\"datePublished\":\"2018-04-12T05:29:54+00:00\",\"dateModified\":\"2018-11-17T12:22:52+00:00\",\"breadcrumb\":{\"@id\":\"https:\/\/myheritagelanguage.com\/pt-pt\/about\/about-hlt\/#breadcrumb\"},\"inLanguage\":\"pt-PT\",\"potentialAction\":[{\"@type\":\"ReadAction\",\"target\":[\"https:\/\/myheritagelanguage.com\/pt-pt\/about\/about-hlt\/\"]}]},{\"@type\":\"BreadcrumbList\",\"@id\":\"https:\/\/myheritagelanguage.com\/pt-pt\/about\/about-hlt\/#breadcrumb\",\"itemListElement\":[{\"@type\":\"ListItem\",\"position\":1,\"name\":\"Home\",\"item\":\"https:\/\/myheritagelanguage.com\/pt-pt\/\"},{\"@type\":\"ListItem\",\"position\":2,\"name\":\"Acerca\",\"item\":\"https:\/\/myheritagelanguage.com\/pt-pt\/about\/\"},{\"@type\":\"ListItem\",\"position\":3,\"name\":\"Acerca do ELH\"}]}]}<\/script>\n<!-- \/ Yoast SEO plugin. -->","yoast_head_json":{"robots":{"index":"index","follow":"follow","max-snippet":"max-snippet:-1","max-image-preview":"max-image-preview:large","max-video-preview":"max-video-preview:-1"},"canonical":"https:\/\/myheritagelanguage.com\/pt-pt\/about\/about-hlt\/","og_locale":"pt_PT","og_type":"article","og_title":"Acerca do ELH | HLT","og_description":"&nbsp;&nbsp; O que \u00e9 o Ensino da L\u00edngua de Heran\u00e7a (ELH)? Designa-se Ensino da L\u00edngua de Heran\u00e7a (ELH; na Su\u00ed\u00e7a HSU) o ensino complementar facultativo que em muitos pa\u00edses de acolhimento \u00e9 oferecido aos alunos de background migrat\u00f3rio na sua l\u00edngua primeira ou de heran\u00e7a. Dependendo do pa\u00eds e da regi\u00e3o, o Ensino de l\u00edngua [&hellip;]","og_url":"https:\/\/myheritagelanguage.com\/pt-pt\/about\/about-hlt\/","og_site_name":"HLT","article_modified_time":"2018-11-17T12:22:52+00:00","og_image":[{"width":1200,"height":474,"url":"https:\/\/myheritagelanguage.com\/wp-content\/uploads\/2018\/07\/5I3A9392-Kopie.jpg","path":"\/home\/httpd\/vhosts\/myheritagelanguage.com\/httpdocs\/wp-content\/uploads\/2018\/07\/5I3A9392-Kopie.jpg","size":"full","id":5988,"alt":"","pixels":568800,"type":"image\/jpeg"}],"twitter_card":"summary","twitter_misc":{"Tempo estimado de leitura":"3 minutos"},"schema":{"@context":"https:\/\/schema.org","@graph":[{"@type":"WebSite","@id":"https:\/\/myheritagelanguage.com\/pt-pt\/#website","url":"https:\/\/myheritagelanguage.com\/pt-pt\/","name":"HLT","description":"Heritage Language Teaching","potentialAction":[{"@type":"SearchAction","target":{"@type":"EntryPoint","urlTemplate":"https:\/\/myheritagelanguage.com\/pt-pt\/?s={search_term_string}"},"query-input":"required name=search_term_string"}],"inLanguage":"pt-PT"},{"@type":"ImageObject","@id":"https:\/\/myheritagelanguage.com\/pt-pt\/about\/about-hlt\/#primaryimage","inLanguage":"pt-PT","url":"https:\/\/myheritagelanguage.com\/wp-content\/uploads\/2018\/07\/5I3A9392-Kopie.jpg","contentUrl":"https:\/\/myheritagelanguage.com\/wp-content\/uploads\/2018\/07\/5I3A9392-Kopie.jpg","width":1200,"height":474},{"@type":"WebPage","@id":"https:\/\/myheritagelanguage.com\/pt-pt\/about\/about-hlt\/#webpage","url":"https:\/\/myheritagelanguage.com\/pt-pt\/about\/about-hlt\/","name":"Acerca do ELH | HLT","isPartOf":{"@id":"https:\/\/myheritagelanguage.com\/pt-pt\/#website"},"primaryImageOfPage":{"@id":"https:\/\/myheritagelanguage.com\/pt-pt\/about\/about-hlt\/#primaryimage"},"datePublished":"2018-04-12T05:29:54+00:00","dateModified":"2018-11-17T12:22:52+00:00","breadcrumb":{"@id":"https:\/\/myheritagelanguage.com\/pt-pt\/about\/about-hlt\/#breadcrumb"},"inLanguage":"pt-PT","potentialAction":[{"@type":"ReadAction","target":["https:\/\/myheritagelanguage.com\/pt-pt\/about\/about-hlt\/"]}]},{"@type":"BreadcrumbList","@id":"https:\/\/myheritagelanguage.com\/pt-pt\/about\/about-hlt\/#breadcrumb","itemListElement":[{"@type":"ListItem","position":1,"name":"Home","item":"https:\/\/myheritagelanguage.com\/pt-pt\/"},{"@type":"ListItem","position":2,"name":"Acerca","item":"https:\/\/myheritagelanguage.com\/pt-pt\/about\/"},{"@type":"ListItem","position":3,"name":"Acerca do ELH"}]}]}},"_links":{"self":[{"href":"https:\/\/myheritagelanguage.com\/pt-pt\/wp-json\/wp\/v2\/pages\/5986"}],"collection":[{"href":"https:\/\/myheritagelanguage.com\/pt-pt\/wp-json\/wp\/v2\/pages"}],"about":[{"href":"https:\/\/myheritagelanguage.com\/pt-pt\/wp-json\/wp\/v2\/types\/page"}],"author":[{"embeddable":true,"href":"https:\/\/myheritagelanguage.com\/pt-pt\/wp-json\/wp\/v2\/users\/1"}],"replies":[{"embeddable":true,"href":"https:\/\/myheritagelanguage.com\/pt-pt\/wp-json\/wp\/v2\/comments?post=5986"}],"version-history":[{"count":2,"href":"https:\/\/myheritagelanguage.com\/pt-pt\/wp-json\/wp\/v2\/pages\/5986\/revisions"}],"predecessor-version":[{"id":5990,"href":"https:\/\/myheritagelanguage.com\/pt-pt\/wp-json\/wp\/v2\/pages\/5986\/revisions\/5990"}],"up":[{"embeddable":true,"href":"https:\/\/myheritagelanguage.com\/pt-pt\/wp-json\/wp\/v2\/pages\/6015"}],"wp:featuredmedia":[{"embeddable":true,"href":"https:\/\/myheritagelanguage.com\/pt-pt\/wp-json\/wp\/v2\/media\/5988"}],"wp:attachment":[{"href":"https:\/\/myheritagelanguage.com\/pt-pt\/wp-json\/wp\/v2\/media?parent=5986"}],"curies":[{"name":"wp","href":"https:\/\/api.w.org\/{rel}","templated":true}]}}