{"id":6004,"date":"2018-04-12T07:30:09","date_gmt":"2018-04-12T05:30:09","guid":{"rendered":"https:\/\/myheritagelanguage.com\/about-phzh\/"},"modified":"2025-04-24T11:31:20","modified_gmt":"2025-04-24T09:31:20","slug":"about-phzh","status":"publish","type":"page","link":"https:\/\/myheritagelanguage.com\/pt-pt\/about\/about-phzh\/","title":{"rendered":"Acerca da PHZH"},"content":{"rendered":"<p>A Escola Superior de Educa\u00e7\u00e3o de Zurique (PH Zurique) \u00e9 respons\u00e1vel pela forma\u00e7\u00e3o docente inicial e cont\u00ednua do Cant\u00e3o de Zurique.<\/p>\n<p><img loading=\"lazy\" class=\"aligncenter wp-image-1389 size-large\" src=\"http:\/\/hlt.cwd.gr\/wp-content\/uploads\/2018\/06\/phzh_01-1024x683.jpg\" alt=\"\" width=\"1024\" height=\"683\" srcset=\"https:\/\/myheritagelanguage.com\/wp-content\/uploads\/2018\/06\/phzh_01.jpg 1024w, https:\/\/myheritagelanguage.com\/wp-content\/uploads\/2018\/06\/phzh_01-300x200.jpg 300w, https:\/\/myheritagelanguage.com\/wp-content\/uploads\/2018\/06\/phzh_01-768x512.jpg 768w\" sizes=\"(max-width: 1024px) 100vw, 1024px\" \/><\/p>\n<p>Foi fundada no outono de 2002 fruto da fus\u00e3o das onze institui\u00e7\u00f5es de forma\u00e7\u00e3o de professores existentes. A Escola Superior de Educa\u00e7\u00e3o de Zurique pertence \u00e0 Associa\u00e7\u00e3o Cantonal de Escolas Superiores Especializadas e abrange as seguintes \u00e1reas:<\/p>\n<ul>\n<li>Forma\u00e7\u00e3o de futuros professores de todos os n\u00edveis de ensino<\/li>\n<li>Forma\u00e7\u00e3o continua e apoio profissional para professores, diretores e autoridades escolares<\/li>\n<li>Investiga\u00e7\u00e3o e desenvolvimento<\/li>\n<\/ul>\n<p>A PH de Zurique conta com cerca de 3800 estudantes e 21000 participantes em forma\u00e7\u00e3o cont\u00ednua. A\u00ed trabalham (a tempo inteiro ou parcial) cerca de 600 docentes, colaboradores cient\u00edficos e assistentes, assim como 300 funcion\u00e1rios administrativos, t\u00e9cnicos e outros operacionais.<\/p>\n<p><img loading=\"lazy\" class=\"aligncenter wp-image-1390 size-large\" src=\"http:\/\/hlt.cwd.gr\/wp-content\/uploads\/2018\/06\/phzh_02-1024x683.jpg\" alt=\"\" width=\"1024\" height=\"683\" srcset=\"https:\/\/myheritagelanguage.com\/wp-content\/uploads\/2018\/06\/phzh_02-1024x683.jpg 1024w, https:\/\/myheritagelanguage.com\/wp-content\/uploads\/2018\/06\/phzh_02-300x200.jpg 300w, https:\/\/myheritagelanguage.com\/wp-content\/uploads\/2018\/06\/phzh_02-768x512.jpg 768w, https:\/\/myheritagelanguage.com\/wp-content\/uploads\/2018\/06\/phzh_02.jpg 2048w\" sizes=\"(max-width: 1024px) 100vw, 1024px\" \/><\/p>\n<p><img loading=\"lazy\" class=\"alignnone size-large wp-image-1391\" src=\"http:\/\/hlt.cwd.gr\/wp-content\/uploads\/2018\/06\/phzh_03-1024x683.jpg\" alt=\"\" width=\"1024\" height=\"683\" srcset=\"https:\/\/myheritagelanguage.com\/wp-content\/uploads\/2018\/06\/phzh_03-1024x683.jpg 1024w, https:\/\/myheritagelanguage.com\/wp-content\/uploads\/2018\/06\/phzh_03-300x200.jpg 300w, https:\/\/myheritagelanguage.com\/wp-content\/uploads\/2018\/06\/phzh_03-768x512.jpg 768w, https:\/\/myheritagelanguage.com\/wp-content\/uploads\/2018\/06\/phzh_03.jpg 2048w\" sizes=\"(max-width: 1024px) 100vw, 1024px\" \/><\/p>\n<p>&nbsp;<\/p>\n<p>Fonte: <a href=\"https:\/\/phzh.ch\/en\/about-phzh\/\" target=\"_blank\" rel=\"noopener\">PHZH\u00a0<\/a><\/p>\n","protected":false},"excerpt":{"rendered":"<p>A Escola Superior de Educa\u00e7\u00e3o de Zurique (PH Zurique) \u00e9 respons\u00e1vel pela forma\u00e7\u00e3o docente inicial e cont\u00ednua do Cant\u00e3o de Zurique. Foi fundada no outono de 2002 fruto da fus\u00e3o das onze institui\u00e7\u00f5es de forma\u00e7\u00e3o de professores existentes. A Escola Superior de Educa\u00e7\u00e3o de Zurique pertence \u00e0 Associa\u00e7\u00e3o Cantonal de Escolas Superiores Especializadas e abrange [&hellip;]<\/p>\n","protected":false},"author":1,"featured_media":0,"parent":6015,"menu_order":0,"comment_status":"closed","ping_status":"closed","template":"","meta":[],"yoast_head":"<!-- This site is optimized with the Yoast SEO plugin v17.0 - https:\/\/yoast.com\/wordpress\/plugins\/seo\/ -->\n<meta name=\"robots\" content=\"index, follow, max-snippet:-1, max-image-preview:large, max-video-preview:-1\" \/>\n<link rel=\"canonical\" href=\"https:\/\/myheritagelanguage.com\/pt-pt\/about\/about-phzh\/\" \/>\n<meta property=\"og:locale\" content=\"pt_PT\" \/>\n<meta property=\"og:type\" content=\"article\" \/>\n<meta property=\"og:title\" content=\"Acerca da PHZH | HLT\" \/>\n<meta property=\"og:description\" content=\"A Escola Superior de Educa\u00e7\u00e3o de Zurique (PH Zurique) \u00e9 respons\u00e1vel pela forma\u00e7\u00e3o docente inicial e cont\u00ednua do Cant\u00e3o de Zurique. Foi fundada no outono de 2002 fruto da fus\u00e3o das onze institui\u00e7\u00f5es de forma\u00e7\u00e3o de professores existentes. A Escola Superior de Educa\u00e7\u00e3o de Zurique pertence \u00e0 Associa\u00e7\u00e3o Cantonal de Escolas Superiores Especializadas e abrange [&hellip;]\" \/>\n<meta property=\"og:url\" content=\"https:\/\/myheritagelanguage.com\/pt-pt\/about\/about-phzh\/\" \/>\n<meta property=\"og:site_name\" content=\"HLT\" \/>\n<meta property=\"article:modified_time\" content=\"2025-04-24T09:31:20+00:00\" \/>\n<meta property=\"og:image\" content=\"http:\/\/hlt.cwd.gr\/wp-content\/uploads\/2018\/06\/phzh_01-1024x683.jpg\" \/>\n<meta name=\"twitter:card\" content=\"summary\" \/>\n<meta name=\"twitter:label1\" content=\"Tempo estimado de leitura\" \/>\n\t<meta name=\"twitter:data1\" content=\"1 minuto\" \/>\n<script type=\"application\/ld+json\" class=\"yoast-schema-graph\">{\"@context\":\"https:\/\/schema.org\",\"@graph\":[{\"@type\":\"WebSite\",\"@id\":\"https:\/\/myheritagelanguage.com\/pt-pt\/#website\",\"url\":\"https:\/\/myheritagelanguage.com\/pt-pt\/\",\"name\":\"HLT\",\"description\":\"Heritage Language Teaching\",\"potentialAction\":[{\"@type\":\"SearchAction\",\"target\":{\"@type\":\"EntryPoint\",\"urlTemplate\":\"https:\/\/myheritagelanguage.com\/pt-pt\/?s={search_term_string}\"},\"query-input\":\"required name=search_term_string\"}],\"inLanguage\":\"pt-PT\"},{\"@type\":\"ImageObject\",\"@id\":\"https:\/\/myheritagelanguage.com\/pt-pt\/about\/about-phzh\/#primaryimage\",\"inLanguage\":\"pt-PT\",\"url\":\"http:\/\/hlt.cwd.gr\/wp-content\/uploads\/2018\/06\/phzh_01-1024x683.jpg\",\"contentUrl\":\"http:\/\/hlt.cwd.gr\/wp-content\/uploads\/2018\/06\/phzh_01-1024x683.jpg\"},{\"@type\":\"WebPage\",\"@id\":\"https:\/\/myheritagelanguage.com\/pt-pt\/about\/about-phzh\/#webpage\",\"url\":\"https:\/\/myheritagelanguage.com\/pt-pt\/about\/about-phzh\/\",\"name\":\"Acerca da PHZH | HLT\",\"isPartOf\":{\"@id\":\"https:\/\/myheritagelanguage.com\/pt-pt\/#website\"},\"primaryImageOfPage\":{\"@id\":\"https:\/\/myheritagelanguage.com\/pt-pt\/about\/about-phzh\/#primaryimage\"},\"datePublished\":\"2018-04-12T05:30:09+00:00\",\"dateModified\":\"2025-04-24T09:31:20+00:00\",\"breadcrumb\":{\"@id\":\"https:\/\/myheritagelanguage.com\/pt-pt\/about\/about-phzh\/#breadcrumb\"},\"inLanguage\":\"pt-PT\",\"potentialAction\":[{\"@type\":\"ReadAction\",\"target\":[\"https:\/\/myheritagelanguage.com\/pt-pt\/about\/about-phzh\/\"]}]},{\"@type\":\"BreadcrumbList\",\"@id\":\"https:\/\/myheritagelanguage.com\/pt-pt\/about\/about-phzh\/#breadcrumb\",\"itemListElement\":[{\"@type\":\"ListItem\",\"position\":1,\"name\":\"Home\",\"item\":\"https:\/\/myheritagelanguage.com\/pt-pt\/\"},{\"@type\":\"ListItem\",\"position\":2,\"name\":\"Acerca\",\"item\":\"https:\/\/myheritagelanguage.com\/pt-pt\/about\/\"},{\"@type\":\"ListItem\",\"position\":3,\"name\":\"Acerca da PHZH\"}]}]}<\/script>\n<!-- \/ Yoast SEO plugin. -->","yoast_head_json":{"robots":{"index":"index","follow":"follow","max-snippet":"max-snippet:-1","max-image-preview":"max-image-preview:large","max-video-preview":"max-video-preview:-1"},"canonical":"https:\/\/myheritagelanguage.com\/pt-pt\/about\/about-phzh\/","og_locale":"pt_PT","og_type":"article","og_title":"Acerca da PHZH | HLT","og_description":"A Escola Superior de Educa\u00e7\u00e3o de Zurique (PH Zurique) \u00e9 respons\u00e1vel pela forma\u00e7\u00e3o docente inicial e cont\u00ednua do Cant\u00e3o de Zurique. Foi fundada no outono de 2002 fruto da fus\u00e3o das onze institui\u00e7\u00f5es de forma\u00e7\u00e3o de professores existentes. A Escola Superior de Educa\u00e7\u00e3o de Zurique pertence \u00e0 Associa\u00e7\u00e3o Cantonal de Escolas Superiores Especializadas e abrange [&hellip;]","og_url":"https:\/\/myheritagelanguage.com\/pt-pt\/about\/about-phzh\/","og_site_name":"HLT","article_modified_time":"2025-04-24T09:31:20+00:00","og_image":[{"url":"http:\/\/hlt.cwd.gr\/wp-content\/uploads\/2018\/06\/phzh_01-1024x683.jpg"}],"twitter_card":"summary","twitter_misc":{"Tempo estimado de leitura":"1 minuto"},"schema":{"@context":"https:\/\/schema.org","@graph":[{"@type":"WebSite","@id":"https:\/\/myheritagelanguage.com\/pt-pt\/#website","url":"https:\/\/myheritagelanguage.com\/pt-pt\/","name":"HLT","description":"Heritage Language Teaching","potentialAction":[{"@type":"SearchAction","target":{"@type":"EntryPoint","urlTemplate":"https:\/\/myheritagelanguage.com\/pt-pt\/?s={search_term_string}"},"query-input":"required name=search_term_string"}],"inLanguage":"pt-PT"},{"@type":"ImageObject","@id":"https:\/\/myheritagelanguage.com\/pt-pt\/about\/about-phzh\/#primaryimage","inLanguage":"pt-PT","url":"http:\/\/hlt.cwd.gr\/wp-content\/uploads\/2018\/06\/phzh_01-1024x683.jpg","contentUrl":"http:\/\/hlt.cwd.gr\/wp-content\/uploads\/2018\/06\/phzh_01-1024x683.jpg"},{"@type":"WebPage","@id":"https:\/\/myheritagelanguage.com\/pt-pt\/about\/about-phzh\/#webpage","url":"https:\/\/myheritagelanguage.com\/pt-pt\/about\/about-phzh\/","name":"Acerca da PHZH | HLT","isPartOf":{"@id":"https:\/\/myheritagelanguage.com\/pt-pt\/#website"},"primaryImageOfPage":{"@id":"https:\/\/myheritagelanguage.com\/pt-pt\/about\/about-phzh\/#primaryimage"},"datePublished":"2018-04-12T05:30:09+00:00","dateModified":"2025-04-24T09:31:20+00:00","breadcrumb":{"@id":"https:\/\/myheritagelanguage.com\/pt-pt\/about\/about-phzh\/#breadcrumb"},"inLanguage":"pt-PT","potentialAction":[{"@type":"ReadAction","target":["https:\/\/myheritagelanguage.com\/pt-pt\/about\/about-phzh\/"]}]},{"@type":"BreadcrumbList","@id":"https:\/\/myheritagelanguage.com\/pt-pt\/about\/about-phzh\/#breadcrumb","itemListElement":[{"@type":"ListItem","position":1,"name":"Home","item":"https:\/\/myheritagelanguage.com\/pt-pt\/"},{"@type":"ListItem","position":2,"name":"Acerca","item":"https:\/\/myheritagelanguage.com\/pt-pt\/about\/"},{"@type":"ListItem","position":3,"name":"Acerca da PHZH"}]}]}},"_links":{"self":[{"href":"https:\/\/myheritagelanguage.com\/pt-pt\/wp-json\/wp\/v2\/pages\/6004"}],"collection":[{"href":"https:\/\/myheritagelanguage.com\/pt-pt\/wp-json\/wp\/v2\/pages"}],"about":[{"href":"https:\/\/myheritagelanguage.com\/pt-pt\/wp-json\/wp\/v2\/types\/page"}],"author":[{"embeddable":true,"href":"https:\/\/myheritagelanguage.com\/pt-pt\/wp-json\/wp\/v2\/users\/1"}],"replies":[{"embeddable":true,"href":"https:\/\/myheritagelanguage.com\/pt-pt\/wp-json\/wp\/v2\/comments?post=6004"}],"version-history":[{"count":3,"href":"https:\/\/myheritagelanguage.com\/pt-pt\/wp-json\/wp\/v2\/pages\/6004\/revisions"}],"predecessor-version":[{"id":17976,"href":"https:\/\/myheritagelanguage.com\/pt-pt\/wp-json\/wp\/v2\/pages\/6004\/revisions\/17976"}],"up":[{"embeddable":true,"href":"https:\/\/myheritagelanguage.com\/pt-pt\/wp-json\/wp\/v2\/pages\/6015"}],"wp:attachment":[{"href":"https:\/\/myheritagelanguage.com\/pt-pt\/wp-json\/wp\/v2\/media?parent=6004"}],"curies":[{"name":"wp","href":"https:\/\/api.w.org\/{rel}","templated":true}]}}