{"id":6008,"date":"2018-04-12T07:30:20","date_gmt":"2018-04-12T05:30:20","guid":{"rendered":"https:\/\/myheritagelanguage.com\/about-us\/"},"modified":"2025-04-24T11:25:22","modified_gmt":"2025-04-24T09:25:22","slug":"about-us","status":"publish","type":"page","link":"https:\/\/myheritagelanguage.com\/pt-pt\/about\/about-us\/","title":{"rendered":"Sobre n\u00f3s"},"content":{"rendered":"<p>&nbsp;<br \/>\n&nbsp;<\/p>\n<h2>PIE (Projetos Internacionais em Educa\u00e7\u00e3o) <\/h2>\n<p>A s\u00e9rie \u201cMateriais para o ensino da l\u00edngua de heran\u00e7a\u201d \u00e9 fruto da colabora\u00e7\u00e3o entre v\u00e1rios autores, especialistas em educa\u00e7\u00e3o e professores e foi coordenada pela sec\u00e7\u00e3o de Projetos Internacionais em Educa\u00e7\u00e3o (PIE) da Escola Superior de Educa\u00e7\u00e3o de Zurique. A sec\u00e7\u00e3o PIE colabora ativamente no campo do desenvolvimento educacional, principalmente na Europa de Leste, Balc\u00e3s, \u00c1sia e \u00c1frica. Estando integrada na Escola Superior de Educa\u00e7\u00e3o, a sec\u00e7\u00e3o PIE tem oportunidade de recorrer a especialistas na \u00e1rea da educa\u00e7\u00e3o e docentes da \u00e1rea da forma\u00e7\u00e3o de professores na Su\u00ed\u00e7a e no estrangeiro.<\/p>\n<p>A forma\u00e7\u00e3o de professores lida intensivamente com os desafios com que os alunos de background migrat\u00f3rio se confrontam, entre os quais a aprendizagem simult\u00e2nea da l\u00edngua de escolariza\u00e7\u00e3o e a necessidade de preservar a l\u00edngua de heran\u00e7a. Esta \u00e9 tamb\u00e9m a raz\u00e3o pela qual o PIE alargou a sua rede de especialistas ao campo da did\u00e1tica especializada, da pedagogia e do multilinguismo para a publica\u00e7\u00e3o de materiais para o ensino da l\u00edngua de heran\u00e7a. <\/p>\n<p>Outras \u00e1reas de especializa\u00e7\u00e3o dos PIE s\u00e3o a forma\u00e7\u00e3o para a cidadania, a orienta\u00e7\u00e3o profissional e a promo\u00e7\u00e3o das compet\u00eancias essenciais. <\/p>\n<p><a href=\"https:\/\/ipe.phzh.ch\/\" target=\"_blank\" rel=\"noopener\">Mais informa\u00e7\u00e3o sobre PIE em <\/a><\/p>\n<p>&nbsp;<\/p>\n<h2>O editor da s\u00e9rie \u201cMateriais para o ensino da l\u00edngua de heran\u00e7a\u201d<\/h2>\n<p>O impulsionador das publica\u00e7\u00f5es para o ensino da l\u00edngua de heran\u00e7a foi o Professor Doutor Basil Schader. Este acad\u00e9mico trabalhou durante muitos anos como docente especialista de did\u00e1tica do alem\u00e3o, alem\u00e3o como l\u00edngua segunda e pedagogia intercultural na Escola Superior de Educa\u00e7\u00e3o de Zurique e \u00e9 autor de in\u00fameros livros escolares e de comp\u00eandios. Atrav\u00e9s dos seus estudos (alem\u00e3o, pedagogia, etnologia) e do seu segundo doutoramento em l\u00edngua albanesa na Universidade de Tirana, tomou consci\u00eancia da complexidade do ensino da l\u00edngua de heran\u00e7a. Os seus profundos conhecimentos nesta \u00e1rea s\u00e3o fruto de longos anos de dedica\u00e7\u00e3o em prol dos professores de l\u00edngua e cultura de heran\u00e7a albanesas no cant\u00e3o de Zurique. Enquanto especialista no campo do ensino intercultural de l\u00ednguas tem acesso a uma extensa rede de peritos cujos contributos permitiram a constru\u00e7\u00e3o dos Materiais para o ensino da l\u00edngua de heran\u00e7a.<\/p>\n","protected":false},"excerpt":{"rendered":"<p>&nbsp; &nbsp; PIE (Projetos Internacionais em Educa\u00e7\u00e3o) A s\u00e9rie \u201cMateriais para o ensino da l\u00edngua de heran\u00e7a\u201d \u00e9 fruto da colabora\u00e7\u00e3o entre v\u00e1rios autores, especialistas em educa\u00e7\u00e3o e professores e foi coordenada pela sec\u00e7\u00e3o de Projetos Internacionais em Educa\u00e7\u00e3o (PIE) da Escola Superior de Educa\u00e7\u00e3o de Zurique. A sec\u00e7\u00e3o PIE colabora ativamente no campo do [&hellip;]<\/p>\n","protected":false},"author":1,"featured_media":5987,"parent":6015,"menu_order":0,"comment_status":"closed","ping_status":"closed","template":"page-full.php","meta":[],"yoast_head":"<!-- This site is optimized with the Yoast SEO plugin v17.0 - https:\/\/yoast.com\/wordpress\/plugins\/seo\/ -->\n<meta name=\"robots\" content=\"index, follow, max-snippet:-1, max-image-preview:large, max-video-preview:-1\" \/>\n<link rel=\"canonical\" href=\"https:\/\/myheritagelanguage.com\/pt-pt\/about\/about-us\/\" \/>\n<meta property=\"og:locale\" content=\"pt_PT\" \/>\n<meta property=\"og:type\" content=\"article\" \/>\n<meta property=\"og:title\" content=\"Sobre n\u00f3s | HLT\" \/>\n<meta property=\"og:description\" content=\"&nbsp; &nbsp; PIE (Projetos Internacionais em Educa\u00e7\u00e3o) A s\u00e9rie \u201cMateriais para o ensino da l\u00edngua de heran\u00e7a\u201d \u00e9 fruto da colabora\u00e7\u00e3o entre v\u00e1rios autores, especialistas em educa\u00e7\u00e3o e professores e foi coordenada pela sec\u00e7\u00e3o de Projetos Internacionais em Educa\u00e7\u00e3o (PIE) da Escola Superior de Educa\u00e7\u00e3o de Zurique. A sec\u00e7\u00e3o PIE colabora ativamente no campo do [&hellip;]\" \/>\n<meta property=\"og:url\" content=\"https:\/\/myheritagelanguage.com\/pt-pt\/about\/about-us\/\" \/>\n<meta property=\"og:site_name\" content=\"HLT\" \/>\n<meta property=\"article:modified_time\" content=\"2025-04-24T09:25:22+00:00\" \/>\n<meta property=\"og:image\" content=\"https:\/\/myheritagelanguage.com\/wp-content\/uploads\/2018\/07\/5I3A9272-Kopie.jpg\" \/>\n\t<meta property=\"og:image:width\" content=\"1200\" \/>\n\t<meta property=\"og:image:height\" content=\"474\" \/>\n<meta name=\"twitter:card\" content=\"summary\" \/>\n<meta name=\"twitter:label1\" content=\"Tempo estimado de leitura\" \/>\n\t<meta name=\"twitter:data1\" content=\"2 minutos\" \/>\n<script type=\"application\/ld+json\" class=\"yoast-schema-graph\">{\"@context\":\"https:\/\/schema.org\",\"@graph\":[{\"@type\":\"WebSite\",\"@id\":\"https:\/\/myheritagelanguage.com\/pt-pt\/#website\",\"url\":\"https:\/\/myheritagelanguage.com\/pt-pt\/\",\"name\":\"HLT\",\"description\":\"Heritage Language Teaching\",\"potentialAction\":[{\"@type\":\"SearchAction\",\"target\":{\"@type\":\"EntryPoint\",\"urlTemplate\":\"https:\/\/myheritagelanguage.com\/pt-pt\/?s={search_term_string}\"},\"query-input\":\"required name=search_term_string\"}],\"inLanguage\":\"pt-PT\"},{\"@type\":\"ImageObject\",\"@id\":\"https:\/\/myheritagelanguage.com\/pt-pt\/about\/about-us\/#primaryimage\",\"inLanguage\":\"pt-PT\",\"url\":\"https:\/\/myheritagelanguage.com\/wp-content\/uploads\/2018\/07\/5I3A9272-Kopie.jpg\",\"contentUrl\":\"https:\/\/myheritagelanguage.com\/wp-content\/uploads\/2018\/07\/5I3A9272-Kopie.jpg\",\"width\":1200,\"height\":474},{\"@type\":\"WebPage\",\"@id\":\"https:\/\/myheritagelanguage.com\/pt-pt\/about\/about-us\/#webpage\",\"url\":\"https:\/\/myheritagelanguage.com\/pt-pt\/about\/about-us\/\",\"name\":\"Sobre n\\u00f3s | HLT\",\"isPartOf\":{\"@id\":\"https:\/\/myheritagelanguage.com\/pt-pt\/#website\"},\"primaryImageOfPage\":{\"@id\":\"https:\/\/myheritagelanguage.com\/pt-pt\/about\/about-us\/#primaryimage\"},\"datePublished\":\"2018-04-12T05:30:20+00:00\",\"dateModified\":\"2025-04-24T09:25:22+00:00\",\"breadcrumb\":{\"@id\":\"https:\/\/myheritagelanguage.com\/pt-pt\/about\/about-us\/#breadcrumb\"},\"inLanguage\":\"pt-PT\",\"potentialAction\":[{\"@type\":\"ReadAction\",\"target\":[\"https:\/\/myheritagelanguage.com\/pt-pt\/about\/about-us\/\"]}]},{\"@type\":\"BreadcrumbList\",\"@id\":\"https:\/\/myheritagelanguage.com\/pt-pt\/about\/about-us\/#breadcrumb\",\"itemListElement\":[{\"@type\":\"ListItem\",\"position\":1,\"name\":\"Home\",\"item\":\"https:\/\/myheritagelanguage.com\/pt-pt\/\"},{\"@type\":\"ListItem\",\"position\":2,\"name\":\"Acerca\",\"item\":\"https:\/\/myheritagelanguage.com\/pt-pt\/about\/\"},{\"@type\":\"ListItem\",\"position\":3,\"name\":\"Sobre n\\u00f3s\"}]}]}<\/script>\n<!-- \/ Yoast SEO plugin. -->","yoast_head_json":{"robots":{"index":"index","follow":"follow","max-snippet":"max-snippet:-1","max-image-preview":"max-image-preview:large","max-video-preview":"max-video-preview:-1"},"canonical":"https:\/\/myheritagelanguage.com\/pt-pt\/about\/about-us\/","og_locale":"pt_PT","og_type":"article","og_title":"Sobre n\u00f3s | HLT","og_description":"&nbsp; &nbsp; PIE (Projetos Internacionais em Educa\u00e7\u00e3o) A s\u00e9rie \u201cMateriais para o ensino da l\u00edngua de heran\u00e7a\u201d \u00e9 fruto da colabora\u00e7\u00e3o entre v\u00e1rios autores, especialistas em educa\u00e7\u00e3o e professores e foi coordenada pela sec\u00e7\u00e3o de Projetos Internacionais em Educa\u00e7\u00e3o (PIE) da Escola Superior de Educa\u00e7\u00e3o de Zurique. A sec\u00e7\u00e3o PIE colabora ativamente no campo do [&hellip;]","og_url":"https:\/\/myheritagelanguage.com\/pt-pt\/about\/about-us\/","og_site_name":"HLT","article_modified_time":"2025-04-24T09:25:22+00:00","og_image":[{"width":1200,"height":474,"url":"https:\/\/myheritagelanguage.com\/wp-content\/uploads\/2018\/07\/5I3A9272-Kopie.jpg","path":"\/home\/httpd\/vhosts\/myheritagelanguage.com\/httpdocs\/wp-content\/uploads\/2018\/07\/5I3A9272-Kopie.jpg","size":"full","id":5987,"alt":"","pixels":568800,"type":"image\/jpeg"}],"twitter_card":"summary","twitter_misc":{"Tempo estimado de leitura":"2 minutos"},"schema":{"@context":"https:\/\/schema.org","@graph":[{"@type":"WebSite","@id":"https:\/\/myheritagelanguage.com\/pt-pt\/#website","url":"https:\/\/myheritagelanguage.com\/pt-pt\/","name":"HLT","description":"Heritage Language Teaching","potentialAction":[{"@type":"SearchAction","target":{"@type":"EntryPoint","urlTemplate":"https:\/\/myheritagelanguage.com\/pt-pt\/?s={search_term_string}"},"query-input":"required name=search_term_string"}],"inLanguage":"pt-PT"},{"@type":"ImageObject","@id":"https:\/\/myheritagelanguage.com\/pt-pt\/about\/about-us\/#primaryimage","inLanguage":"pt-PT","url":"https:\/\/myheritagelanguage.com\/wp-content\/uploads\/2018\/07\/5I3A9272-Kopie.jpg","contentUrl":"https:\/\/myheritagelanguage.com\/wp-content\/uploads\/2018\/07\/5I3A9272-Kopie.jpg","width":1200,"height":474},{"@type":"WebPage","@id":"https:\/\/myheritagelanguage.com\/pt-pt\/about\/about-us\/#webpage","url":"https:\/\/myheritagelanguage.com\/pt-pt\/about\/about-us\/","name":"Sobre n\u00f3s | HLT","isPartOf":{"@id":"https:\/\/myheritagelanguage.com\/pt-pt\/#website"},"primaryImageOfPage":{"@id":"https:\/\/myheritagelanguage.com\/pt-pt\/about\/about-us\/#primaryimage"},"datePublished":"2018-04-12T05:30:20+00:00","dateModified":"2025-04-24T09:25:22+00:00","breadcrumb":{"@id":"https:\/\/myheritagelanguage.com\/pt-pt\/about\/about-us\/#breadcrumb"},"inLanguage":"pt-PT","potentialAction":[{"@type":"ReadAction","target":["https:\/\/myheritagelanguage.com\/pt-pt\/about\/about-us\/"]}]},{"@type":"BreadcrumbList","@id":"https:\/\/myheritagelanguage.com\/pt-pt\/about\/about-us\/#breadcrumb","itemListElement":[{"@type":"ListItem","position":1,"name":"Home","item":"https:\/\/myheritagelanguage.com\/pt-pt\/"},{"@type":"ListItem","position":2,"name":"Acerca","item":"https:\/\/myheritagelanguage.com\/pt-pt\/about\/"},{"@type":"ListItem","position":3,"name":"Sobre n\u00f3s"}]}]}},"_links":{"self":[{"href":"https:\/\/myheritagelanguage.com\/pt-pt\/wp-json\/wp\/v2\/pages\/6008"}],"collection":[{"href":"https:\/\/myheritagelanguage.com\/pt-pt\/wp-json\/wp\/v2\/pages"}],"about":[{"href":"https:\/\/myheritagelanguage.com\/pt-pt\/wp-json\/wp\/v2\/types\/page"}],"author":[{"embeddable":true,"href":"https:\/\/myheritagelanguage.com\/pt-pt\/wp-json\/wp\/v2\/users\/1"}],"replies":[{"embeddable":true,"href":"https:\/\/myheritagelanguage.com\/pt-pt\/wp-json\/wp\/v2\/comments?post=6008"}],"version-history":[{"count":3,"href":"https:\/\/myheritagelanguage.com\/pt-pt\/wp-json\/wp\/v2\/pages\/6008\/revisions"}],"predecessor-version":[{"id":17969,"href":"https:\/\/myheritagelanguage.com\/pt-pt\/wp-json\/wp\/v2\/pages\/6008\/revisions\/17969"}],"up":[{"embeddable":true,"href":"https:\/\/myheritagelanguage.com\/pt-pt\/wp-json\/wp\/v2\/pages\/6015"}],"wp:featuredmedia":[{"embeddable":true,"href":"https:\/\/myheritagelanguage.com\/pt-pt\/wp-json\/wp\/v2\/media\/5987"}],"wp:attachment":[{"href":"https:\/\/myheritagelanguage.com\/pt-pt\/wp-json\/wp\/v2\/media?parent=6008"}],"curies":[{"name":"wp","href":"https:\/\/api.w.org\/{rel}","templated":true}]}}