{"id":6011,"date":"2018-06-21T15:20:56","date_gmt":"2018-06-21T13:20:56","guid":{"rendered":"https:\/\/myheritagelanguage.com\/donors\/"},"modified":"2025-04-30T11:10:02","modified_gmt":"2025-04-30T09:10:02","slug":"donors","status":"publish","type":"page","link":"https:\/\/myheritagelanguage.com\/pt-pt\/about\/donors\/","title":{"rendered":"Parceiros"},"content":{"rendered":"<p><img loading=\"lazy\" class=\"aligncenter size-full wp-image-5580\" src=\"http:\/\/hlt.cwd.gr\/wp-content\/uploads\/2018\/10\/donors_teaser.jpg\" alt=\"\" width=\"1200\" height=\"474\" srcset=\"https:\/\/myheritagelanguage.com\/wp-content\/uploads\/2018\/10\/donors_teaser.jpg 1200w, https:\/\/myheritagelanguage.com\/wp-content\/uploads\/2018\/10\/donors_teaser-300x119.jpg 300w, https:\/\/myheritagelanguage.com\/wp-content\/uploads\/2018\/10\/donors_teaser-768x303.jpg 768w, https:\/\/myheritagelanguage.com\/wp-content\/uploads\/2018\/10\/donors_teaser-1024x404.jpg 1024w\" sizes=\"(max-width: 1200px) 100vw, 1200px\" \/><\/p>\n<p>Sem o prest\u00e1vel apoio dos nossos parceiros n\u00e3o teria sido poss\u00edvel publicar o conjunto de materiais para o ensino de L\u00edngua de Heran\u00e7a.<\/p>\n<p>Gostar\u00edamos, por isso, de expressar os nossos agradecimentos a:<\/p>\n<div>\n<p><a href=\"https:\/\/www.zh.ch\/de\/bildungsdirektion\/volksschulamt.html\" target=\"_blank\" rel=\"noopener\">Departamento de Educa\u00e7\u00e3o do Cant\u00e3o de Zurique, Sec\u00e7\u00e3o de Pedagogia Intercultural<\/a><\/p>\n<p><img loading=\"lazy\" class=\"alignnone size-full wp-image-5550\" src=\"https:\/\/myheritagelanguage.com\/wp-content\/uploads\/2018\/10\/01_KZBV.jpg\" alt=\"\" width=\"293\" height=\"100\" \/><\/p>\n<\/div>\n<hr style=\"border-top: 1px solid #625e5e;\" \/>\n<div>\n<p><a href=\"https:\/\/www.bak.admin.ch\/bak\/en\/home.html\" target=\"_blank\" rel=\"noopener\">Minist\u00e9rio Federal da Cultura<\/a><\/p>\n<p><img loading=\"lazy\" class=\"alignnone size-full wp-image-5556\" src=\"https:\/\/myheritagelanguage.com\/wp-content\/uploads\/2018\/10\/02_FOC.jpg\" alt=\"\" width=\"541\" height=\"80\" srcset=\"https:\/\/myheritagelanguage.com\/wp-content\/uploads\/2018\/10\/02_FOC.jpg 541w, https:\/\/myheritagelanguage.com\/wp-content\/uploads\/2018\/10\/02_FOC-300x44.jpg 300w\" sizes=\"(max-width: 541px) 100vw, 541px\" \/><\/p>\n<\/div>\n<hr style=\"border-top: 1px solid #625e5e;\" \/>\n<div>\n<p><a href=\"https:\/\/www.zh.ch\/de\/sport-kultur\/swisslos-fonds.html\" target=\"_blank\" rel=\"noopener\">Fundos da Lotaria do Cant\u00e3o de Zurique<\/a><\/p>\n<p><img loading=\"lazy\" class=\"alignnone size-full wp-image-5562\" src=\"https:\/\/myheritagelanguage.com\/wp-content\/uploads\/2018\/10\/03_.LFCZjpg.jpg\" alt=\"\" width=\"251\" height=\"80\" \/><\/p>\n<\/div>\n<hr style=\"border-top: 1px solid #625e5e;\" \/>\n<div>\n<p><a href=\"https:\/\/ofv.ch\/\" target=\"_blank\" rel=\"noopener\">Editora Orell F\u00fcssli<\/a><\/p>\n<p><img loading=\"lazy\" class=\"alignnone size-full wp-image-5568\" src=\"https:\/\/myheritagelanguage.com\/wp-content\/uploads\/2018\/10\/04_OFV.jpg\" alt=\"\" width=\"264\" height=\"81\" \/><\/p>\n<\/div>\n<hr style=\"border-top: 1px solid #625e5e;\" \/>\n<div>\n<p><a href=\"http:\/\/amuse.eurac.edu\/en\/home\/default.html\" target=\"_blank\" rel=\"noopener\">Projeto AMuSE no \u00e2mbito do Programa de aprendizagem ao longo da vida da Uni\u00e3o Europeia<\/a><\/p>\n<p><img loading=\"lazy\" class=\"alignnone size-full wp-image-5574\" src=\"https:\/\/myheritagelanguage.com\/wp-content\/uploads\/2018\/10\/05_A_LLP.jpg\" alt=\"\" width=\"396\" height=\"81\" srcset=\"https:\/\/myheritagelanguage.com\/wp-content\/uploads\/2018\/10\/05_A_LLP.jpg 396w, https:\/\/myheritagelanguage.com\/wp-content\/uploads\/2018\/10\/05_A_LLP-300x61.jpg 300w\" sizes=\"(max-width: 396px) 100vw, 396px\" \/><\/p>\n<\/div>\n<p>&nbsp;<\/p>\n","protected":false},"excerpt":{"rendered":"<p>Sem o prest\u00e1vel apoio dos nossos parceiros n\u00e3o teria sido poss\u00edvel publicar o conjunto de materiais para o ensino de L\u00edngua de Heran\u00e7a. Gostar\u00edamos, por isso, de expressar os nossos agradecimentos a: Departamento de Educa\u00e7\u00e3o do Cant\u00e3o de Zurique, Sec\u00e7\u00e3o de Pedagogia Intercultural Minist\u00e9rio Federal da Cultura Fundos da Lotaria do Cant\u00e3o de Zurique Editora [&hellip;]<\/p>\n","protected":false},"author":3,"featured_media":0,"parent":6015,"menu_order":4,"comment_status":"closed","ping_status":"closed","template":"page-full.php","meta":[],"yoast_head":"<!-- This site is optimized with the Yoast SEO plugin v17.0 - https:\/\/yoast.com\/wordpress\/plugins\/seo\/ -->\n<meta name=\"robots\" content=\"index, follow, max-snippet:-1, max-image-preview:large, max-video-preview:-1\" \/>\n<link rel=\"canonical\" href=\"https:\/\/myheritagelanguage.com\/pt-pt\/about\/donors\/\" \/>\n<meta property=\"og:locale\" content=\"pt_PT\" \/>\n<meta property=\"og:type\" content=\"article\" \/>\n<meta property=\"og:title\" content=\"Parceiros | HLT\" \/>\n<meta property=\"og:description\" content=\"Sem o prest\u00e1vel apoio dos nossos parceiros n\u00e3o teria sido poss\u00edvel publicar o conjunto de materiais para o ensino de L\u00edngua de Heran\u00e7a. Gostar\u00edamos, por isso, de expressar os nossos agradecimentos a: Departamento de Educa\u00e7\u00e3o do Cant\u00e3o de Zurique, Sec\u00e7\u00e3o de Pedagogia Intercultural Minist\u00e9rio Federal da Cultura Fundos da Lotaria do Cant\u00e3o de Zurique Editora [&hellip;]\" \/>\n<meta property=\"og:url\" content=\"https:\/\/myheritagelanguage.com\/pt-pt\/about\/donors\/\" \/>\n<meta property=\"og:site_name\" content=\"HLT\" \/>\n<meta property=\"article:modified_time\" content=\"2025-04-30T09:10:02+00:00\" \/>\n<meta property=\"og:image\" content=\"http:\/\/hlt.cwd.gr\/wp-content\/uploads\/2018\/10\/donors_teaser.jpg\" \/>\n<meta name=\"twitter:card\" content=\"summary\" \/>\n<script type=\"application\/ld+json\" class=\"yoast-schema-graph\">{\"@context\":\"https:\/\/schema.org\",\"@graph\":[{\"@type\":\"WebSite\",\"@id\":\"https:\/\/myheritagelanguage.com\/pt-pt\/#website\",\"url\":\"https:\/\/myheritagelanguage.com\/pt-pt\/\",\"name\":\"HLT\",\"description\":\"Heritage Language Teaching\",\"potentialAction\":[{\"@type\":\"SearchAction\",\"target\":{\"@type\":\"EntryPoint\",\"urlTemplate\":\"https:\/\/myheritagelanguage.com\/pt-pt\/?s={search_term_string}\"},\"query-input\":\"required name=search_term_string\"}],\"inLanguage\":\"pt-PT\"},{\"@type\":\"ImageObject\",\"@id\":\"https:\/\/myheritagelanguage.com\/pt-pt\/about\/donors\/#primaryimage\",\"inLanguage\":\"pt-PT\",\"url\":\"http:\/\/hlt.cwd.gr\/wp-content\/uploads\/2018\/10\/donors_teaser.jpg\",\"contentUrl\":\"http:\/\/hlt.cwd.gr\/wp-content\/uploads\/2018\/10\/donors_teaser.jpg\"},{\"@type\":\"WebPage\",\"@id\":\"https:\/\/myheritagelanguage.com\/pt-pt\/about\/donors\/#webpage\",\"url\":\"https:\/\/myheritagelanguage.com\/pt-pt\/about\/donors\/\",\"name\":\"Parceiros | HLT\",\"isPartOf\":{\"@id\":\"https:\/\/myheritagelanguage.com\/pt-pt\/#website\"},\"primaryImageOfPage\":{\"@id\":\"https:\/\/myheritagelanguage.com\/pt-pt\/about\/donors\/#primaryimage\"},\"datePublished\":\"2018-06-21T13:20:56+00:00\",\"dateModified\":\"2025-04-30T09:10:02+00:00\",\"breadcrumb\":{\"@id\":\"https:\/\/myheritagelanguage.com\/pt-pt\/about\/donors\/#breadcrumb\"},\"inLanguage\":\"pt-PT\",\"potentialAction\":[{\"@type\":\"ReadAction\",\"target\":[\"https:\/\/myheritagelanguage.com\/pt-pt\/about\/donors\/\"]}]},{\"@type\":\"BreadcrumbList\",\"@id\":\"https:\/\/myheritagelanguage.com\/pt-pt\/about\/donors\/#breadcrumb\",\"itemListElement\":[{\"@type\":\"ListItem\",\"position\":1,\"name\":\"Home\",\"item\":\"https:\/\/myheritagelanguage.com\/pt-pt\/\"},{\"@type\":\"ListItem\",\"position\":2,\"name\":\"Acerca\",\"item\":\"https:\/\/myheritagelanguage.com\/pt-pt\/about\/\"},{\"@type\":\"ListItem\",\"position\":3,\"name\":\"Parceiros\"}]}]}<\/script>\n<!-- \/ Yoast SEO plugin. -->","yoast_head_json":{"robots":{"index":"index","follow":"follow","max-snippet":"max-snippet:-1","max-image-preview":"max-image-preview:large","max-video-preview":"max-video-preview:-1"},"canonical":"https:\/\/myheritagelanguage.com\/pt-pt\/about\/donors\/","og_locale":"pt_PT","og_type":"article","og_title":"Parceiros | HLT","og_description":"Sem o prest\u00e1vel apoio dos nossos parceiros n\u00e3o teria sido poss\u00edvel publicar o conjunto de materiais para o ensino de L\u00edngua de Heran\u00e7a. Gostar\u00edamos, por isso, de expressar os nossos agradecimentos a: Departamento de Educa\u00e7\u00e3o do Cant\u00e3o de Zurique, Sec\u00e7\u00e3o de Pedagogia Intercultural Minist\u00e9rio Federal da Cultura Fundos da Lotaria do Cant\u00e3o de Zurique Editora [&hellip;]","og_url":"https:\/\/myheritagelanguage.com\/pt-pt\/about\/donors\/","og_site_name":"HLT","article_modified_time":"2025-04-30T09:10:02+00:00","og_image":[{"url":"http:\/\/hlt.cwd.gr\/wp-content\/uploads\/2018\/10\/donors_teaser.jpg"}],"twitter_card":"summary","schema":{"@context":"https:\/\/schema.org","@graph":[{"@type":"WebSite","@id":"https:\/\/myheritagelanguage.com\/pt-pt\/#website","url":"https:\/\/myheritagelanguage.com\/pt-pt\/","name":"HLT","description":"Heritage Language Teaching","potentialAction":[{"@type":"SearchAction","target":{"@type":"EntryPoint","urlTemplate":"https:\/\/myheritagelanguage.com\/pt-pt\/?s={search_term_string}"},"query-input":"required name=search_term_string"}],"inLanguage":"pt-PT"},{"@type":"ImageObject","@id":"https:\/\/myheritagelanguage.com\/pt-pt\/about\/donors\/#primaryimage","inLanguage":"pt-PT","url":"http:\/\/hlt.cwd.gr\/wp-content\/uploads\/2018\/10\/donors_teaser.jpg","contentUrl":"http:\/\/hlt.cwd.gr\/wp-content\/uploads\/2018\/10\/donors_teaser.jpg"},{"@type":"WebPage","@id":"https:\/\/myheritagelanguage.com\/pt-pt\/about\/donors\/#webpage","url":"https:\/\/myheritagelanguage.com\/pt-pt\/about\/donors\/","name":"Parceiros | HLT","isPartOf":{"@id":"https:\/\/myheritagelanguage.com\/pt-pt\/#website"},"primaryImageOfPage":{"@id":"https:\/\/myheritagelanguage.com\/pt-pt\/about\/donors\/#primaryimage"},"datePublished":"2018-06-21T13:20:56+00:00","dateModified":"2025-04-30T09:10:02+00:00","breadcrumb":{"@id":"https:\/\/myheritagelanguage.com\/pt-pt\/about\/donors\/#breadcrumb"},"inLanguage":"pt-PT","potentialAction":[{"@type":"ReadAction","target":["https:\/\/myheritagelanguage.com\/pt-pt\/about\/donors\/"]}]},{"@type":"BreadcrumbList","@id":"https:\/\/myheritagelanguage.com\/pt-pt\/about\/donors\/#breadcrumb","itemListElement":[{"@type":"ListItem","position":1,"name":"Home","item":"https:\/\/myheritagelanguage.com\/pt-pt\/"},{"@type":"ListItem","position":2,"name":"Acerca","item":"https:\/\/myheritagelanguage.com\/pt-pt\/about\/"},{"@type":"ListItem","position":3,"name":"Parceiros"}]}]}},"_links":{"self":[{"href":"https:\/\/myheritagelanguage.com\/pt-pt\/wp-json\/wp\/v2\/pages\/6011"}],"collection":[{"href":"https:\/\/myheritagelanguage.com\/pt-pt\/wp-json\/wp\/v2\/pages"}],"about":[{"href":"https:\/\/myheritagelanguage.com\/pt-pt\/wp-json\/wp\/v2\/types\/page"}],"author":[{"embeddable":true,"href":"https:\/\/myheritagelanguage.com\/pt-pt\/wp-json\/wp\/v2\/users\/3"}],"replies":[{"embeddable":true,"href":"https:\/\/myheritagelanguage.com\/pt-pt\/wp-json\/wp\/v2\/comments?post=6011"}],"version-history":[{"count":6,"href":"https:\/\/myheritagelanguage.com\/pt-pt\/wp-json\/wp\/v2\/pages\/6011\/revisions"}],"predecessor-version":[{"id":18072,"href":"https:\/\/myheritagelanguage.com\/pt-pt\/wp-json\/wp\/v2\/pages\/6011\/revisions\/18072"}],"up":[{"embeddable":true,"href":"https:\/\/myheritagelanguage.com\/pt-pt\/wp-json\/wp\/v2\/pages\/6015"}],"wp:attachment":[{"href":"https:\/\/myheritagelanguage.com\/pt-pt\/wp-json\/wp\/v2\/media?parent=6011"}],"curies":[{"name":"wp","href":"https:\/\/api.w.org\/{rel}","templated":true}]}}