{"id":6015,"date":"2018-04-12T07:29:40","date_gmt":"2018-04-12T05:29:40","guid":{"rendered":"https:\/\/myheritagelanguage.com\/about\/"},"modified":"2018-11-17T15:03:11","modified_gmt":"2018-11-17T13:03:11","slug":"about","status":"publish","type":"page","link":"https:\/\/myheritagelanguage.com\/pt-pt\/about\/","title":{"rendered":"Acerca"},"content":{"rendered":"<p>&nbsp;<br \/>\nA s\u00e9rie &#8220;Materiais para o ensino da l\u00edngua de heran\u00e7a&#8221;apresenta uma introdu\u00e7\u00e3o \u00e0s metodologias de ensino atualmente utilizadas nas escolas do norte e do oeste da Europa. Os diferentes volumes n\u00e3o s\u00f3 fornecem informa\u00e7\u00f5es te\u00f3ricas fundamentais, mas tamb\u00e9m in\u00fameras sugest\u00f5es pr\u00e1ticas para o ensino di\u00e1rio. Gra\u00e7as ao presente s\u00edtio, todos os materiais  s\u00e3o de f\u00e1cil acesso e podem ser descarregados. O objetivo \u00e9 apoiar os professores de l\u00edngua de heran\u00e7a em todo o mundo na sua tarefa importante e constante desafio.<\/p>\n<p><!-- ROW 1 --><\/p>\n<div class=\"row\">\n<p><!-- COL 1.1--><\/p>\n<div class=\"col-sm-6\" style=\"padding-top: 20px;\">\n<a href=\"https:\/\/myheritagelanguage.com\/pt-pt\/about-hlt\/\"><\/p>\n<div class=\"row\">\n<div class=\"col-sm-12\">\n<h2>Acerca do ELH<\/h2>\n<\/div>\n<div class=\"col-sm-12\"><img loading=\"lazy\" class=\"alignnone size-large wp-image-1638\" src=\"\/wp-content\/uploads\/2018\/07\/5I3A9392-Kopie-1024x404.jpg\" alt=\"\" width=\"1024\" height=\"404\" srcset=\"https:\/\/myheritagelanguage.com\/wp-content\/uploads\/2018\/07\/5I3A9392-Kopie-1024x404.jpg 1024w, https:\/\/myheritagelanguage.com\/wp-content\/uploads\/2018\/07\/5I3A9392-Kopie-300x119.jpg 300w, https:\/\/myheritagelanguage.com\/wp-content\/uploads\/2018\/07\/5I3A9392-Kopie-768x303.jpg 768w, https:\/\/myheritagelanguage.com\/wp-content\/uploads\/2018\/07\/5I3A9392-Kopie.jpg 1200w\" sizes=\"(max-width: 1024px) 100vw, 1024px\" \/><\/div>\n<div class=\"col-sm-12\" style=\"padding-top: 5px;\">Designa-se Ensino da L\u00edngua de Heran\u00e7a (ELH; na Su\u00ed\u00e7a HSU) o ensino complementar facultativo que em muitos pa\u00edses de acolhimento \u00e9 oferecido aos alunos de background migrat\u00f3rio na sua l\u00edngua primeira ou de heran\u00e7a.<span style=\"color: #337ab7; text-decoration: underline;\">Ler mais<\/span><\/div>\n<\/div>\n<p><\/a><br \/>\n&nbsp;\n<\/div>\n<p><!-- COL 1.2--><\/p>\n<div class=\"col-sm-6\" style=\"padding-top: 20px;\">\n<a href=\"https:\/\/myheritagelanguage.com\/pt-pt\/about-us\/\"><\/p>\n<div class=\"row\">\n<div class=\"col-sm-12\">\n<h2>Sobre n\u00f3s<\/h2>\n<\/div>\n<div class=\"col-sm-12\"><img loading=\"lazy\" class=\"alignnone size-large wp-image-1638\" src=\"\/wp-content\/uploads\/2018\/07\/5I3A9272-Kopie.jpg\" alt=\"\" width=\"1024\" height=\"404\" \/><\/div>\n<div class=\"col-sm-12\" style=\"padding-top: 5px;\">A s\u00e9rie \u201cMateriais para o ensino da l\u00edngua de heran\u00e7a\u201d \u00e9 fruto da colabora\u00e7\u00e3o entre v\u00e1rios autores, especialistas em educa\u00e7\u00e3o e professores e foi coordenada pela sec\u00e7\u00e3o de Projetos Internacionais em Educa\u00e7\u00e3o (PIE) da Escola Superior de Educa\u00e7\u00e3o de Zurique. <span style=\"color: #337ab7; text-decoration: underline;\">Ler mais<\/span><\/div>\n<\/div>\n<\/div>\n<p><\/a><\/p>\n<\/div>\n<p><!-- ROW 2 --><\/p>\n<div class=\"row\">\n<p><!-- COL 2.1--><\/p>\n<div class=\"col-sm-6\" style=\"padding-top: 20px;\">\n<a href=\"https:\/\/myheritagelanguage.com\/pt-pt\/about-phzh\/\"><\/p>\n<div class=\"row\">\n<div class=\"col-sm-12\">\n<h2>Acerca da PHZH<\/h2>\n<\/div>\n<div class=\"col-sm-12\"><img loading=\"lazy\" class=\"alignnone size-full wp-image-1665\" src=\"\/wp-content\/uploads\/2018\/07\/about_phzh_teazer.jpg\" alt=\"\" width=\"900\" height=\"355\" srcset=\"https:\/\/myheritagelanguage.com\/wp-content\/uploads\/2018\/07\/about_phzh_teazer.jpg 900w, https:\/\/myheritagelanguage.com\/wp-content\/uploads\/2018\/07\/about_phzh_teazer-300x118.jpg 300w, https:\/\/myheritagelanguage.com\/wp-content\/uploads\/2018\/07\/about_phzh_teazer-768x303.jpg 768w\" sizes=\"(max-width: 900px) 100vw, 900px\" \/>\n<\/div>\n<div class=\"col-sm-12\" style=\"padding-top: 5px;\">A Escola Superior de Educa\u00e7\u00e3o de Zurique (PH Zurique) \u00e9 respons\u00e1vel pela forma\u00e7\u00e3o docente inicial e cont\u00ednua do Cant\u00e3o de Zurique. <span style=\"color: #337ab7; text-decoration: underline;\">Ler mais<\/span><\/div>\n<\/div>\n<p><\/a>\n<\/div>\n<p><!-- COL 2.2--><\/p>\n<div class=\"col-sm-6\" style=\"padding-top: 20px;\">\n<a href=\"https:\/\/myheritagelanguage.com\/pt-pt\/donors\/\"><\/p>\n<div class=\"row\">\n<div class=\"col-sm-12\">\n<h2>Parceiros<\/h2>\n<\/div>\n<div class=\"col-sm-12\">\n<img loading=\"lazy\" src=\"https:\/\/myheritagelanguage.com\/wp-content\/uploads\/2018\/10\/donors_teaser_800x315.jpg\" alt=\"\" width=\"800\" height=\"316\" class=\"alignnone size-full wp-image-1701\" \/>\n<\/div>\n<div class=\"col-sm-12\" style=\"padding-top: 5px;\">Sem o prest\u00e1vel apoio dos nossos parceiros n\u00e3o teria sido poss\u00edvel publicar o conjunto de materiais para o ensino de L\u00edngua de Heran\u00e7a. <span style=\"color: #337ab7; text-decoration: underline;\">Ler mais<\/span><\/div>\n<\/div>\n<\/div>\n<p><\/a>\n<\/div>\n","protected":false},"excerpt":{"rendered":"<p>&nbsp; A s\u00e9rie &#8220;Materiais para o ensino da l\u00edngua de heran\u00e7a&#8221;apresenta uma introdu\u00e7\u00e3o \u00e0s metodologias de ensino atualmente utilizadas nas escolas do norte e do oeste da Europa. Os diferentes volumes n\u00e3o s\u00f3 fornecem informa\u00e7\u00f5es te\u00f3ricas fundamentais, mas tamb\u00e9m in\u00fameras sugest\u00f5es pr\u00e1ticas para o ensino di\u00e1rio. Gra\u00e7as ao presente s\u00edtio, todos os materiais s\u00e3o de [&hellip;]<\/p>\n","protected":false},"author":1,"featured_media":0,"parent":0,"menu_order":0,"comment_status":"closed","ping_status":"closed","template":"page-full.php","meta":[],"yoast_head":"<!-- This site is optimized with the Yoast SEO plugin v17.0 - https:\/\/yoast.com\/wordpress\/plugins\/seo\/ -->\n<meta name=\"robots\" content=\"index, follow, max-snippet:-1, max-image-preview:large, max-video-preview:-1\" \/>\n<link rel=\"canonical\" href=\"https:\/\/myheritagelanguage.com\/pt-pt\/about\/\" \/>\n<meta property=\"og:locale\" content=\"pt_PT\" \/>\n<meta property=\"og:type\" content=\"article\" \/>\n<meta property=\"og:title\" content=\"Acerca | HLT\" \/>\n<meta property=\"og:description\" content=\"&nbsp; A s\u00e9rie &#8220;Materiais para o ensino da l\u00edngua de heran\u00e7a&#8221;apresenta uma introdu\u00e7\u00e3o \u00e0s metodologias de ensino atualmente utilizadas nas escolas do norte e do oeste da Europa. Os diferentes volumes n\u00e3o s\u00f3 fornecem informa\u00e7\u00f5es te\u00f3ricas fundamentais, mas tamb\u00e9m in\u00fameras sugest\u00f5es pr\u00e1ticas para o ensino di\u00e1rio. Gra\u00e7as ao presente s\u00edtio, todos os materiais s\u00e3o de [&hellip;]\" \/>\n<meta property=\"og:url\" content=\"https:\/\/myheritagelanguage.com\/pt-pt\/about\/\" \/>\n<meta property=\"og:site_name\" content=\"HLT\" \/>\n<meta property=\"article:modified_time\" content=\"2018-11-17T13:03:11+00:00\" \/>\n<meta property=\"og:image\" content=\"https:\/\/myheritagelanguage.com\/wp-content\/uploads\/2018\/07\/5I3A9392-Kopie-1024x404.jpg\" \/>\n<meta name=\"twitter:card\" content=\"summary\" \/>\n<meta name=\"twitter:label1\" content=\"Tempo estimado de leitura\" \/>\n\t<meta name=\"twitter:data1\" content=\"1 minuto\" \/>\n<script type=\"application\/ld+json\" class=\"yoast-schema-graph\">{\"@context\":\"https:\/\/schema.org\",\"@graph\":[{\"@type\":\"WebSite\",\"@id\":\"https:\/\/myheritagelanguage.com\/pt-pt\/#website\",\"url\":\"https:\/\/myheritagelanguage.com\/pt-pt\/\",\"name\":\"HLT\",\"description\":\"Heritage Language Teaching\",\"potentialAction\":[{\"@type\":\"SearchAction\",\"target\":{\"@type\":\"EntryPoint\",\"urlTemplate\":\"https:\/\/myheritagelanguage.com\/pt-pt\/?s={search_term_string}\"},\"query-input\":\"required name=search_term_string\"}],\"inLanguage\":\"pt-PT\"},{\"@type\":\"ImageObject\",\"@id\":\"https:\/\/myheritagelanguage.com\/pt-pt\/about\/#primaryimage\",\"inLanguage\":\"pt-PT\",\"url\":\"\/wp-content\/uploads\/2018\/07\/5I3A9392-Kopie-1024x404.jpg\",\"contentUrl\":\"\/wp-content\/uploads\/2018\/07\/5I3A9392-Kopie-1024x404.jpg\"},{\"@type\":\"WebPage\",\"@id\":\"https:\/\/myheritagelanguage.com\/pt-pt\/about\/#webpage\",\"url\":\"https:\/\/myheritagelanguage.com\/pt-pt\/about\/\",\"name\":\"Acerca | HLT\",\"isPartOf\":{\"@id\":\"https:\/\/myheritagelanguage.com\/pt-pt\/#website\"},\"primaryImageOfPage\":{\"@id\":\"https:\/\/myheritagelanguage.com\/pt-pt\/about\/#primaryimage\"},\"datePublished\":\"2018-04-12T05:29:40+00:00\",\"dateModified\":\"2018-11-17T13:03:11+00:00\",\"breadcrumb\":{\"@id\":\"https:\/\/myheritagelanguage.com\/pt-pt\/about\/#breadcrumb\"},\"inLanguage\":\"pt-PT\",\"potentialAction\":[{\"@type\":\"ReadAction\",\"target\":[\"https:\/\/myheritagelanguage.com\/pt-pt\/about\/\"]}]},{\"@type\":\"BreadcrumbList\",\"@id\":\"https:\/\/myheritagelanguage.com\/pt-pt\/about\/#breadcrumb\",\"itemListElement\":[{\"@type\":\"ListItem\",\"position\":1,\"name\":\"Home\",\"item\":\"https:\/\/myheritagelanguage.com\/pt-pt\/\"},{\"@type\":\"ListItem\",\"position\":2,\"name\":\"Acerca\"}]}]}<\/script>\n<!-- \/ Yoast SEO plugin. -->","yoast_head_json":{"robots":{"index":"index","follow":"follow","max-snippet":"max-snippet:-1","max-image-preview":"max-image-preview:large","max-video-preview":"max-video-preview:-1"},"canonical":"https:\/\/myheritagelanguage.com\/pt-pt\/about\/","og_locale":"pt_PT","og_type":"article","og_title":"Acerca | HLT","og_description":"&nbsp; A s\u00e9rie &#8220;Materiais para o ensino da l\u00edngua de heran\u00e7a&#8221;apresenta uma introdu\u00e7\u00e3o \u00e0s metodologias de ensino atualmente utilizadas nas escolas do norte e do oeste da Europa. Os diferentes volumes n\u00e3o s\u00f3 fornecem informa\u00e7\u00f5es te\u00f3ricas fundamentais, mas tamb\u00e9m in\u00fameras sugest\u00f5es pr\u00e1ticas para o ensino di\u00e1rio. Gra\u00e7as ao presente s\u00edtio, todos os materiais s\u00e3o de [&hellip;]","og_url":"https:\/\/myheritagelanguage.com\/pt-pt\/about\/","og_site_name":"HLT","article_modified_time":"2018-11-17T13:03:11+00:00","og_image":[{"url":"https:\/\/myheritagelanguage.com\/wp-content\/uploads\/2018\/07\/5I3A9392-Kopie-1024x404.jpg"}],"twitter_card":"summary","twitter_misc":{"Tempo estimado de leitura":"1 minuto"},"schema":{"@context":"https:\/\/schema.org","@graph":[{"@type":"WebSite","@id":"https:\/\/myheritagelanguage.com\/pt-pt\/#website","url":"https:\/\/myheritagelanguage.com\/pt-pt\/","name":"HLT","description":"Heritage Language Teaching","potentialAction":[{"@type":"SearchAction","target":{"@type":"EntryPoint","urlTemplate":"https:\/\/myheritagelanguage.com\/pt-pt\/?s={search_term_string}"},"query-input":"required name=search_term_string"}],"inLanguage":"pt-PT"},{"@type":"ImageObject","@id":"https:\/\/myheritagelanguage.com\/pt-pt\/about\/#primaryimage","inLanguage":"pt-PT","url":"\/wp-content\/uploads\/2018\/07\/5I3A9392-Kopie-1024x404.jpg","contentUrl":"\/wp-content\/uploads\/2018\/07\/5I3A9392-Kopie-1024x404.jpg"},{"@type":"WebPage","@id":"https:\/\/myheritagelanguage.com\/pt-pt\/about\/#webpage","url":"https:\/\/myheritagelanguage.com\/pt-pt\/about\/","name":"Acerca | HLT","isPartOf":{"@id":"https:\/\/myheritagelanguage.com\/pt-pt\/#website"},"primaryImageOfPage":{"@id":"https:\/\/myheritagelanguage.com\/pt-pt\/about\/#primaryimage"},"datePublished":"2018-04-12T05:29:40+00:00","dateModified":"2018-11-17T13:03:11+00:00","breadcrumb":{"@id":"https:\/\/myheritagelanguage.com\/pt-pt\/about\/#breadcrumb"},"inLanguage":"pt-PT","potentialAction":[{"@type":"ReadAction","target":["https:\/\/myheritagelanguage.com\/pt-pt\/about\/"]}]},{"@type":"BreadcrumbList","@id":"https:\/\/myheritagelanguage.com\/pt-pt\/about\/#breadcrumb","itemListElement":[{"@type":"ListItem","position":1,"name":"Home","item":"https:\/\/myheritagelanguage.com\/pt-pt\/"},{"@type":"ListItem","position":2,"name":"Acerca"}]}]}},"_links":{"self":[{"href":"https:\/\/myheritagelanguage.com\/pt-pt\/wp-json\/wp\/v2\/pages\/6015"}],"collection":[{"href":"https:\/\/myheritagelanguage.com\/pt-pt\/wp-json\/wp\/v2\/pages"}],"about":[{"href":"https:\/\/myheritagelanguage.com\/pt-pt\/wp-json\/wp\/v2\/types\/page"}],"author":[{"embeddable":true,"href":"https:\/\/myheritagelanguage.com\/pt-pt\/wp-json\/wp\/v2\/users\/1"}],"replies":[{"embeddable":true,"href":"https:\/\/myheritagelanguage.com\/pt-pt\/wp-json\/wp\/v2\/comments?post=6015"}],"version-history":[{"count":3,"href":"https:\/\/myheritagelanguage.com\/pt-pt\/wp-json\/wp\/v2\/pages\/6015\/revisions"}],"predecessor-version":[{"id":6023,"href":"https:\/\/myheritagelanguage.com\/pt-pt\/wp-json\/wp\/v2\/pages\/6015\/revisions\/6023"}],"wp:attachment":[{"href":"https:\/\/myheritagelanguage.com\/pt-pt\/wp-json\/wp\/v2\/media?parent=6015"}],"curies":[{"name":"wp","href":"https:\/\/api.w.org\/{rel}","templated":true}]}}