{"id":1753,"date":"2018-04-12T07:29:54","date_gmt":"2018-04-12T05:29:54","guid":{"rendered":"https:\/\/myheritagelanguage.com\/about-hlt\/"},"modified":"2018-07-21T14:04:09","modified_gmt":"2018-07-21T12:04:09","slug":"about-hlt","status":"publish","type":"page","link":"https:\/\/myheritagelanguage.com\/sq\/about\/about-hlt\/","title":{"rendered":"Mbi MGJP"},"content":{"rendered":"<p>&nbsp;&nbsp;<\/p>\n<h2>\u00c7far\u00eb \u00ebsht\u00eb m\u00ebsimi n\u00eb gjuh\u00ebn e prejardhjes (MGJP)?<\/h2>\n<p>Si m\u00ebsim n\u00eb gjuh\u00ebn e prejardhjes (MGJP, n\u00eb Zvic\u00ebr GJKA) em\u00ebrtohet m\u00ebsimi plot\u00ebsues fakultativ, i cili  n\u00eb shum\u00eb vende t\u00eb emigrimit u  ofrohet nx\u00ebn\u00ebsve\/-eve me sfond migrimi n\u00eb gjuh\u00ebn e tyre t\u00eb par\u00eb ose n\u00eb gjuh\u00ebn e prejardhjes. <\/p>\n<p>N\u00eb var\u00ebsi t\u00eb vendit dhe rajonit MGJP quhet m\u00ebsim n\u00eb gjuh\u00ebn amtare ose m\u00ebsimi n\u00eb gjuh\u00ebn dhe kultur\u00ebn e atdheut. N\u00eb bot\u00ebn fr\u00ebngjishtfol\u00ebse em\u00ebrtohet si ELCO (Enseignement de langue et culture d&#8217;origine), n\u00eb gjuh\u00ebn angleze si shkolla suplementare.<\/p>\n<p>M\u00ebsimi n\u00eb gjuh\u00ebn e prejardhjes zakonisht ofrohet nga klasa e par\u00eb deri n\u00eb klas\u00ebn e n\u00ebnt\u00eb. Zakonisht mbahet pas or\u00ebve t\u00eb rregullta t\u00eb m\u00ebsimit ose pasditeve t\u00eb lira gjat\u00eb dy or\u00ebve n\u00eb jav\u00eb. Shpesh gjenden n\u00eb t\u00eb nj\u00ebjt\u00ebn klas\u00eb nx\u00ebn\u00ebs\/-e t\u00eb grupmoshave t\u00eb ndryshme dhe t\u00eb dy ose tri niveleve (kopshti parashkollor, niveli primar dhe niveli sekundar I). M\u00ebsuesit\/-et e MGJP jan\u00eb m\u00ebsues\/e t\u00eb gjuh\u00ebs s\u00eb par\u00eb dhe m\u00ebsimdh\u00ebn\u00ebs t\u00eb arsimuar.<br \/>\n&nbsp;<\/p>\n<h2>Cilat jan\u00eb q\u00ebllimet e MGJP?<\/h2>\n<div class=\"row\">\n<div class=\"col-sm-6\" style=\"padding-top:10px\">\n<p>M\u00ebsimi n\u00eb gjuh\u00ebn e prejardhjes ndjek dy q\u00ebllime kryesore: Nga nj\u00ebra an\u00eb nx\u00ebn\u00ebsit\/et duhet t\u00eb p\u00ebrkrahen n\u00eb gjuh\u00ebn dhe kultur\u00ebn e prejardhjes s\u00eb tyre. Nga ana tjet\u00ebr, MGJP duhet gjithashtu t\u00eb kontribuoj\u00eb n\u00eb orientimin dhe integrimin e nx\u00ebn\u00ebsve\/-eve n\u00eb sistemin shkollor dhe n\u00eb shoq\u00ebrin\u00eb e vendit t\u00eb emigracionit. Aspekti i dyt\u00eb \u00ebsht\u00eb ve\u00e7an\u00ebrisht i r\u00ebnd\u00ebsish\u00ebm p\u00ebr ata nx\u00ebn\u00ebs\/-e t\u00eb cil\u00ebt nuk do t\u00eb kthehen n\u00eb vendin e tyre t\u00eb prejardhjes pas p\u00ebrfundimit t\u00eb shkoll\u00ebs. N\u00eb k\u00ebt\u00eb kuptim, MGJP luan nj\u00eb rol t\u00eb r\u00ebnd\u00ebsish\u00ebm n\u00eb rrug\u00ebn drejt nj\u00eb identiteti t\u00eb ekuilibruar dygjuh\u00ebsor dhe bikulturor. N\u00eb t\u00eb nj\u00ebjt\u00ebn koh\u00eb, ai ndihmon q\u00eb shum\u00ebgjuh\u00ebsia t\u00eb njihet si nj\u00eb burim i r\u00ebnd\u00ebsish\u00ebm p\u00ebr shoq\u00ebrin\u00eb.<\/p>\n<\/div>\n<div class=\"col-sm-6\" style=\"padding-top:10px\">\n<img loading=\"lazy\" src=\"https:\/\/myheritagelanguage.com\/wp-content\/uploads\/2018\/07\/5I3A9867-Kopie-1024x404.jpg\" alt=\"\" width=\"1024\" height=\"404\" class=\"alignnone size-large wp-image-1650\" srcset=\"https:\/\/myheritagelanguage.com\/wp-content\/uploads\/2018\/07\/5I3A9867-Kopie-1024x404.jpg 1024w, https:\/\/myheritagelanguage.com\/wp-content\/uploads\/2018\/07\/5I3A9867-Kopie-300x119.jpg 300w, https:\/\/myheritagelanguage.com\/wp-content\/uploads\/2018\/07\/5I3A9867-Kopie-768x303.jpg 768w, https:\/\/myheritagelanguage.com\/wp-content\/uploads\/2018\/07\/5I3A9867-Kopie.jpg 1200w\" sizes=\"(max-width: 1024px) 100vw, 1024px\" \/>\n<\/div>\n<\/div>\n<p>&nbsp;<\/p>\n<h2>Kush e organizon MGJP dhe si mund t\u00eb integrohet n\u00eb shkoll\u00ebn e rregullt?<\/h2>\n<p>Se si \u00ebsht\u00eb i organizuar MGJP  shpesh varet nga vendi i origjin\u00ebs. Kurset mb\u00ebshteten, p\u00ebr aq sa \u00ebsht\u00eb e mundur, nga vendi i imigracionit, konsullatat ose ambasadat e vendit t\u00eb prejardhjes ose nga institucionet private. K\u00ebshtu q\u00eb var\u00ebsisht nga burimi i financimit, pagat e m\u00ebsuesve t\u00eb MGJP ndryshojn\u00eb shum\u00eb.<\/p>\n<p>Nga vendi i emigracionit varet se sa mir\u00eb \u00ebsht\u00eb i integruar m\u00ebsimi n\u00eb gjuh\u00ebn e prejardhjes n\u00eb sistemin shkollor lokal. Treguesit p\u00ebr k\u00ebt\u00eb jan\u00eb n\u00ebse MGJP \u00ebsht\u00eb i integruar n\u00eb orarin e zakonsh\u00ebm t\u00eb shkoll\u00ebs, n\u00ebse ekzistojn\u00eb projekte bashk\u00ebpunimi midis MGJP dhe shkoll\u00ebs s\u00eb rregullt, n\u00ebse ka programe specifike t\u00eb arsimimit t\u00eb m\u00ebtejm\u00eb p\u00ebr m\u00ebsuesit e MGJP-s\u00eb dhe \u00e7far\u00eb \u00ebsht\u00eb pagesa e tyre.<\/p>\n<p>&nbsp;<\/p>\n<h2>Para \u00e7far\u00eb sfidash gjendet MGJP?<\/h2>\n<p>Sfidat m\u00eb t\u00eb r\u00ebnd\u00ebsishme t\u00eb m\u00ebsimit n\u00eb gjuh\u00ebn e prejardhjes jan\u00eb:<\/p>\n<ul>\n<li>Kurset e MGJP konkurrohen nga aktivitete t\u00eb shumta t\u00eb koh\u00ebs s\u00eb lir\u00eb. Pasoja e k\u00ebsaj \u00ebsht\u00eb q\u00eb numri i nx\u00ebn\u00ebsve\/-eve n\u00eb shum\u00eb vende \u00ebsht\u00eb vazhdimisht n\u00eb r\u00ebnie.<\/li>\n<li>Kjo \u00ebsht\u00eb ve\u00e7an\u00ebrisht e theksuar aty ku m\u00ebsimi n\u00eb gjuh\u00ebn e prejardhjes nuk \u00ebsht\u00eb i integruar n\u00eb sistemin e rregullt shkollor, gj\u00eb q\u00eb paraqet nj\u00eb problem shtes\u00eb<\/li>\n<li>Kurset zakonisht organizohen n\u00eb grupe q\u00eb jan\u00eb shum\u00eb t\u00eb p\u00ebrziera n\u00eb aspektin e mosh\u00ebs dhe nivelit t\u00eb gjuh\u00ebs. Prandaj nx\u00ebn\u00ebsit\/-et kan\u00eb parakushte dhe nevoja shum\u00eb t\u00eb ndryshme<\/li>\n<li>Kushtet e pun\u00ebsimit dhe paga e m\u00ebsuesve t\u00eb MGJP-s\u00eb zakonisht jan\u00eb t\u00eb pak\u00ebnaqshme<\/li>\n<li>Rrall\u00ebher\u00eb \u00ebsht\u00eb nj\u00eb mund\u00ebsi p\u00ebr t\u00eb bashk\u00ebpunuar me m\u00ebsuesit e shkoll\u00ebs s\u00eb rregullt<\/li>\n<\/ul>\n<div class=\"row\">\n<div class=\"col-sm-6\" style=\"padding-top:10px\">\n<img loading=\"lazy\" src=\"https:\/\/myheritagelanguage.com\/wp-content\/uploads\/2018\/07\/5I3A9851-Kopie-1024x404.jpg\" alt=\"\" width=\"1024\" height=\"404\" class=\"alignnone size-large wp-image-1649\" srcset=\"https:\/\/myheritagelanguage.com\/wp-content\/uploads\/2018\/07\/5I3A9851-Kopie-1024x404.jpg 1024w, https:\/\/myheritagelanguage.com\/wp-content\/uploads\/2018\/07\/5I3A9851-Kopie-300x119.jpg 300w, https:\/\/myheritagelanguage.com\/wp-content\/uploads\/2018\/07\/5I3A9851-Kopie-768x303.jpg 768w, https:\/\/myheritagelanguage.com\/wp-content\/uploads\/2018\/07\/5I3A9851-Kopie.jpg 1200w\" sizes=\"(max-width: 1024px) 100vw, 1024px\" \/>\n<\/div>\n<div class=\"col-sm-6\" style=\"padding-top:10px\">\n<img loading=\"lazy\" src=\"https:\/\/myheritagelanguage.com\/wp-content\/uploads\/2018\/07\/5I3A9558-Kopie-1024x404.jpg\" alt=\"\" width=\"1024\" height=\"404\" class=\"alignnone size-large wp-image-1646\" srcset=\"https:\/\/myheritagelanguage.com\/wp-content\/uploads\/2018\/07\/5I3A9558-Kopie-1024x404.jpg 1024w, https:\/\/myheritagelanguage.com\/wp-content\/uploads\/2018\/07\/5I3A9558-Kopie-300x119.jpg 300w, https:\/\/myheritagelanguage.com\/wp-content\/uploads\/2018\/07\/5I3A9558-Kopie-768x303.jpg 768w, https:\/\/myheritagelanguage.com\/wp-content\/uploads\/2018\/07\/5I3A9558-Kopie.jpg 1200w\" sizes=\"(max-width: 1024px) 100vw, 1024px\" \/>\n<\/div>\n<\/div>\n","protected":false},"excerpt":{"rendered":"<p>&nbsp;&nbsp; \u00c7far\u00eb \u00ebsht\u00eb m\u00ebsimi n\u00eb gjuh\u00ebn e prejardhjes (MGJP)? Si m\u00ebsim n\u00eb gjuh\u00ebn e prejardhjes (MGJP, n\u00eb Zvic\u00ebr GJKA) em\u00ebrtohet m\u00ebsimi plot\u00ebsues fakultativ, i cili n\u00eb shum\u00eb vende t\u00eb emigrimit u ofrohet nx\u00ebn\u00ebsve\/-eve me sfond migrimi n\u00eb gjuh\u00ebn e tyre t\u00eb par\u00eb ose n\u00eb gjuh\u00ebn e prejardhjes. N\u00eb var\u00ebsi t\u00eb vendit dhe rajonit MGJP quhet [&hellip;]<\/p>\n","protected":false},"author":1,"featured_media":1638,"parent":1754,"menu_order":0,"comment_status":"closed","ping_status":"closed","template":"page-full.php","meta":[],"yoast_head":"<!-- This site is optimized with the Yoast SEO plugin v17.0 - https:\/\/yoast.com\/wordpress\/plugins\/seo\/ -->\n<meta name=\"robots\" content=\"index, follow, max-snippet:-1, max-image-preview:large, max-video-preview:-1\" \/>\n<link rel=\"canonical\" href=\"https:\/\/myheritagelanguage.com\/sq\/about\/about-hlt\/\" \/>\n<meta property=\"og:locale\" content=\"sq_AL\" \/>\n<meta property=\"og:type\" content=\"article\" \/>\n<meta property=\"og:title\" content=\"Mbi MGJP | HLT\" \/>\n<meta property=\"og:description\" content=\"&nbsp;&nbsp; \u00c7far\u00eb \u00ebsht\u00eb m\u00ebsimi n\u00eb gjuh\u00ebn e prejardhjes (MGJP)? Si m\u00ebsim n\u00eb gjuh\u00ebn e prejardhjes (MGJP, n\u00eb Zvic\u00ebr GJKA) em\u00ebrtohet m\u00ebsimi plot\u00ebsues fakultativ, i cili n\u00eb shum\u00eb vende t\u00eb emigrimit u ofrohet nx\u00ebn\u00ebsve\/-eve me sfond migrimi n\u00eb gjuh\u00ebn e tyre t\u00eb par\u00eb ose n\u00eb gjuh\u00ebn e prejardhjes. N\u00eb var\u00ebsi t\u00eb vendit dhe rajonit MGJP quhet [&hellip;]\" \/>\n<meta property=\"og:url\" content=\"https:\/\/myheritagelanguage.com\/sq\/about\/about-hlt\/\" \/>\n<meta property=\"og:site_name\" content=\"HLT\" \/>\n<meta property=\"article:modified_time\" content=\"2018-07-21T12:04:09+00:00\" \/>\n<meta property=\"og:image\" content=\"https:\/\/myheritagelanguage.com\/wp-content\/uploads\/2018\/07\/5I3A9392-Kopie.jpg\" \/>\n\t<meta property=\"og:image:width\" content=\"1200\" \/>\n\t<meta property=\"og:image:height\" content=\"474\" \/>\n<meta name=\"twitter:card\" content=\"summary\" \/>\n<meta name=\"twitter:label1\" content=\"Est. reading time\" \/>\n\t<meta name=\"twitter:data1\" content=\"3 minuta\" \/>\n<script type=\"application\/ld+json\" class=\"yoast-schema-graph\">{\"@context\":\"https:\/\/schema.org\",\"@graph\":[{\"@type\":\"WebSite\",\"@id\":\"https:\/\/myheritagelanguage.com\/sq\/#website\",\"url\":\"https:\/\/myheritagelanguage.com\/sq\/\",\"name\":\"HLT\",\"description\":\"Heritage Language Teaching\",\"potentialAction\":[{\"@type\":\"SearchAction\",\"target\":{\"@type\":\"EntryPoint\",\"urlTemplate\":\"https:\/\/myheritagelanguage.com\/sq\/?s={search_term_string}\"},\"query-input\":\"required name=search_term_string\"}],\"inLanguage\":\"sq\"},{\"@type\":\"ImageObject\",\"@id\":\"https:\/\/myheritagelanguage.com\/sq\/about\/about-hlt\/#primaryimage\",\"inLanguage\":\"sq\",\"url\":\"https:\/\/myheritagelanguage.com\/wp-content\/uploads\/2018\/07\/5I3A9392-Kopie.jpg\",\"contentUrl\":\"https:\/\/myheritagelanguage.com\/wp-content\/uploads\/2018\/07\/5I3A9392-Kopie.jpg\",\"width\":1200,\"height\":474},{\"@type\":\"WebPage\",\"@id\":\"https:\/\/myheritagelanguage.com\/sq\/about\/about-hlt\/#webpage\",\"url\":\"https:\/\/myheritagelanguage.com\/sq\/about\/about-hlt\/\",\"name\":\"Mbi MGJP | HLT\",\"isPartOf\":{\"@id\":\"https:\/\/myheritagelanguage.com\/sq\/#website\"},\"primaryImageOfPage\":{\"@id\":\"https:\/\/myheritagelanguage.com\/sq\/about\/about-hlt\/#primaryimage\"},\"datePublished\":\"2018-04-12T05:29:54+00:00\",\"dateModified\":\"2018-07-21T12:04:09+00:00\",\"breadcrumb\":{\"@id\":\"https:\/\/myheritagelanguage.com\/sq\/about\/about-hlt\/#breadcrumb\"},\"inLanguage\":\"sq\",\"potentialAction\":[{\"@type\":\"ReadAction\",\"target\":[\"https:\/\/myheritagelanguage.com\/sq\/about\/about-hlt\/\"]}]},{\"@type\":\"BreadcrumbList\",\"@id\":\"https:\/\/myheritagelanguage.com\/sq\/about\/about-hlt\/#breadcrumb\",\"itemListElement\":[{\"@type\":\"ListItem\",\"position\":1,\"name\":\"Home\",\"item\":\"https:\/\/myheritagelanguage.com\/sq\/\"},{\"@type\":\"ListItem\",\"position\":2,\"name\":\"Rreth nesh\",\"item\":\"https:\/\/myheritagelanguage.com\/sq\/about\/\"},{\"@type\":\"ListItem\",\"position\":3,\"name\":\"Mbi MGJP\"}]}]}<\/script>\n<!-- \/ Yoast SEO plugin. -->","yoast_head_json":{"robots":{"index":"index","follow":"follow","max-snippet":"max-snippet:-1","max-image-preview":"max-image-preview:large","max-video-preview":"max-video-preview:-1"},"canonical":"https:\/\/myheritagelanguage.com\/sq\/about\/about-hlt\/","og_locale":"sq_AL","og_type":"article","og_title":"Mbi MGJP | HLT","og_description":"&nbsp;&nbsp; \u00c7far\u00eb \u00ebsht\u00eb m\u00ebsimi n\u00eb gjuh\u00ebn e prejardhjes (MGJP)? Si m\u00ebsim n\u00eb gjuh\u00ebn e prejardhjes (MGJP, n\u00eb Zvic\u00ebr GJKA) em\u00ebrtohet m\u00ebsimi plot\u00ebsues fakultativ, i cili n\u00eb shum\u00eb vende t\u00eb emigrimit u ofrohet nx\u00ebn\u00ebsve\/-eve me sfond migrimi n\u00eb gjuh\u00ebn e tyre t\u00eb par\u00eb ose n\u00eb gjuh\u00ebn e prejardhjes. N\u00eb var\u00ebsi t\u00eb vendit dhe rajonit MGJP quhet [&hellip;]","og_url":"https:\/\/myheritagelanguage.com\/sq\/about\/about-hlt\/","og_site_name":"HLT","article_modified_time":"2018-07-21T12:04:09+00:00","og_image":[{"width":1200,"height":474,"url":"https:\/\/myheritagelanguage.com\/wp-content\/uploads\/2018\/07\/5I3A9392-Kopie.jpg","path":"\/home\/httpd\/vhosts\/myheritagelanguage.com\/httpdocs\/wp-content\/uploads\/2018\/07\/5I3A9392-Kopie.jpg","size":"full","id":1638,"alt":"","pixels":568800,"type":"image\/jpeg"}],"twitter_card":"summary","twitter_misc":{"Est. reading time":"3 minuta"},"schema":{"@context":"https:\/\/schema.org","@graph":[{"@type":"WebSite","@id":"https:\/\/myheritagelanguage.com\/sq\/#website","url":"https:\/\/myheritagelanguage.com\/sq\/","name":"HLT","description":"Heritage Language Teaching","potentialAction":[{"@type":"SearchAction","target":{"@type":"EntryPoint","urlTemplate":"https:\/\/myheritagelanguage.com\/sq\/?s={search_term_string}"},"query-input":"required name=search_term_string"}],"inLanguage":"sq"},{"@type":"ImageObject","@id":"https:\/\/myheritagelanguage.com\/sq\/about\/about-hlt\/#primaryimage","inLanguage":"sq","url":"https:\/\/myheritagelanguage.com\/wp-content\/uploads\/2018\/07\/5I3A9392-Kopie.jpg","contentUrl":"https:\/\/myheritagelanguage.com\/wp-content\/uploads\/2018\/07\/5I3A9392-Kopie.jpg","width":1200,"height":474},{"@type":"WebPage","@id":"https:\/\/myheritagelanguage.com\/sq\/about\/about-hlt\/#webpage","url":"https:\/\/myheritagelanguage.com\/sq\/about\/about-hlt\/","name":"Mbi MGJP | HLT","isPartOf":{"@id":"https:\/\/myheritagelanguage.com\/sq\/#website"},"primaryImageOfPage":{"@id":"https:\/\/myheritagelanguage.com\/sq\/about\/about-hlt\/#primaryimage"},"datePublished":"2018-04-12T05:29:54+00:00","dateModified":"2018-07-21T12:04:09+00:00","breadcrumb":{"@id":"https:\/\/myheritagelanguage.com\/sq\/about\/about-hlt\/#breadcrumb"},"inLanguage":"sq","potentialAction":[{"@type":"ReadAction","target":["https:\/\/myheritagelanguage.com\/sq\/about\/about-hlt\/"]}]},{"@type":"BreadcrumbList","@id":"https:\/\/myheritagelanguage.com\/sq\/about\/about-hlt\/#breadcrumb","itemListElement":[{"@type":"ListItem","position":1,"name":"Home","item":"https:\/\/myheritagelanguage.com\/sq\/"},{"@type":"ListItem","position":2,"name":"Rreth nesh","item":"https:\/\/myheritagelanguage.com\/sq\/about\/"},{"@type":"ListItem","position":3,"name":"Mbi MGJP"}]}]}},"_links":{"self":[{"href":"https:\/\/myheritagelanguage.com\/sq\/wp-json\/wp\/v2\/pages\/1753"}],"collection":[{"href":"https:\/\/myheritagelanguage.com\/sq\/wp-json\/wp\/v2\/pages"}],"about":[{"href":"https:\/\/myheritagelanguage.com\/sq\/wp-json\/wp\/v2\/types\/page"}],"author":[{"embeddable":true,"href":"https:\/\/myheritagelanguage.com\/sq\/wp-json\/wp\/v2\/users\/1"}],"replies":[{"embeddable":true,"href":"https:\/\/myheritagelanguage.com\/sq\/wp-json\/wp\/v2\/comments?post=1753"}],"version-history":[{"count":2,"href":"https:\/\/myheritagelanguage.com\/sq\/wp-json\/wp\/v2\/pages\/1753\/revisions"}],"predecessor-version":[{"id":1757,"href":"https:\/\/myheritagelanguage.com\/sq\/wp-json\/wp\/v2\/pages\/1753\/revisions\/1757"}],"up":[{"embeddable":true,"href":"https:\/\/myheritagelanguage.com\/sq\/wp-json\/wp\/v2\/pages\/1754"}],"wp:featuredmedia":[{"embeddable":true,"href":"https:\/\/myheritagelanguage.com\/sq\/wp-json\/wp\/v2\/media\/1638"}],"wp:attachment":[{"href":"https:\/\/myheritagelanguage.com\/sq\/wp-json\/wp\/v2\/media?parent=1753"}],"curies":[{"name":"wp","href":"https:\/\/api.w.org\/{rel}","templated":true}]}}