{"id":1754,"date":"2018-04-12T07:29:40","date_gmt":"2018-04-12T05:29:40","guid":{"rendered":"https:\/\/myheritagelanguage.com\/about\/"},"modified":"2025-04-24T10:47:02","modified_gmt":"2025-04-24T08:47:02","slug":"about","status":"publish","type":"page","link":"https:\/\/myheritagelanguage.com\/sq\/about\/","title":{"rendered":"Rreth nesh"},"content":{"rendered":"<p>&nbsp;<br \/>\nSeria &#8220;Materiale p\u00ebr m\u00ebsimin n\u00eb gjuh\u00ebn e prejardhjes&#8221; paraqet principe didaktike dhe metoda t\u00eb cilat jan\u00eb udh\u00ebrr\u00ebfyese p\u00ebr m\u00ebsimin aktual n\u00eb shkollat evropiane per\u00ebndimore dhe veriore. Broshurat e ndryshme t\u00eb seris\u00eb ofrojn\u00eb informacione baz\u00eb teorike si dhe shum\u00eb propozime konkrete p\u00ebr praktik\u00ebn shkollore. Fal\u00eb uebfaqes s\u00eb re, t\u00eb gjitha materialet gjenden leht\u00eb dhe jan\u00eb t\u00eb gatshme p\u00ebr shkarkim. Q\u00ebllimi \u00ebsht\u00eb q\u00eb m\u00ebsimdh\u00ebn\u00ebsit e m\u00ebsimit n\u00eb gjuh\u00ebn e prejardhjes kudo ku gjenden n\u00eb bot\u00eb t\u00eb p\u00ebrkrahen n\u00eb detyr\u00ebn e tyre t\u00eb r\u00ebnd\u00ebsishme dhe me k\u00ebrkesa t\u00eb larta.<\/p>\n<p><!-- ROW 1 --><\/p>\n<div class=\"row\">\n<p><!-- COL 1.1--><\/p>\n<div class=\"col-sm-6\" style=\"padding-top: 20px;\">\n<a href=\"https:\/\/myheritagelanguage.com\/sq\/about\/about-hlt\/\"><\/p>\n<div class=\"row\">\n<div class=\"col-sm-12\">\n<h2>Mbi MGJP<\/h2>\n<\/div>\n<div class=\"col-sm-12\"><img loading=\"lazy\" class=\"alignnone size-large wp-image-1638\" src=\"\/wp-content\/uploads\/2018\/07\/5I3A9392-Kopie-1024x404.jpg\" alt=\"\" width=\"1024\" height=\"404\" srcset=\"https:\/\/myheritagelanguage.com\/wp-content\/uploads\/2018\/07\/5I3A9392-Kopie-1024x404.jpg 1024w, https:\/\/myheritagelanguage.com\/wp-content\/uploads\/2018\/07\/5I3A9392-Kopie-300x119.jpg 300w, https:\/\/myheritagelanguage.com\/wp-content\/uploads\/2018\/07\/5I3A9392-Kopie-768x303.jpg 768w, https:\/\/myheritagelanguage.com\/wp-content\/uploads\/2018\/07\/5I3A9392-Kopie.jpg 1200w\" sizes=\"(max-width: 1024px) 100vw, 1024px\" \/><\/div>\n<div class=\"col-sm-12\" style=\"padding-top: 5px;\">Si m\u00ebsim n\u00eb gjuh\u00ebn e prejardhjes (MGJP, n\u00eb Zvic\u00ebr GJKA) em\u00ebrtohet m\u00ebsimi plot\u00ebsues fakultativ, i cili n\u00eb shum\u00eb vende t\u00eb emigrimit u ofrohet nx\u00ebn\u00ebsve\/-eve me sfond migrimi n\u00eb gjuh\u00ebn e tyre t\u00eb par\u00eb ose n\u00eb gjuh\u00ebn e prejardhjes. <span style=\"color: #337ab7; text-decoration: underline;\">Lexoni m\u00eb shum\u00eb<\/span><\/div>\n<\/div>\n<p><\/a><br \/>\n&nbsp;\n<\/div>\n<p><!-- COL 1.2--><\/p>\n<div class=\"col-sm-6\" style=\"padding-top: 20px;\">\n<a href=\"https:\/\/myheritagelanguage.com\/sq\/about\/about-us\/\"><\/p>\n<div class=\"row\">\n<div class=\"col-sm-12\">\n<h2>Rreth nesh<\/h2>\n<\/div>\n<div class=\"col-sm-12\"><img loading=\"lazy\" class=\"alignnone size-large wp-image-1638\" src=\"\/wp-content\/uploads\/2018\/07\/5I3A9272-Kopie.jpg\" alt=\"\" width=\"1024\" height=\"404\" \/><\/div>\n<div class=\"col-sm-12\" style=\"padding-top: 5px;\">Materialet p\u00ebr m\u00ebsimin n\u00eb gjuh\u00ebn e prejardhjes kan\u00eb lindur nga bashk\u00ebpunimi i autor\u00ebve t\u00eb shumt\u00eb, ekspert\u00ebve arsimor\u00eb dhe m\u00ebsimdh\u00ebn\u00ebsve, t\u00eb koordinuar nga Departamenti i Zhvillimit Nd\u00ebrkomb\u00ebtar t\u00eb Arsimit&#8230;  <span style=\"color: #337ab7; text-decoration: underline;\">Lexoni m\u00eb shum\u00eb <\/span><\/div>\n<\/div>\n<\/div>\n<p><\/a><\/p>\n<\/div>\n<p><!-- ROW 2 --><\/p>\n<div class=\"row\">\n<p><!-- COL 2.1--><\/p>\n<div class=\"col-sm-6\" style=\"padding-top: 20px;\">\n<a href=\"https:\/\/myheritagelanguage.com\/sq\/about\/about-phzh\/\"><\/p>\n<div class=\"row\">\n<div class=\"col-sm-12\">\n<h2>Mbi SHLP t\u00eb Cyrihut<\/h2>\n<\/div>\n<div class=\"col-sm-12\"><img loading=\"lazy\" class=\"alignnone size-full wp-image-1665\" src=\"\/wp-content\/uploads\/2018\/07\/about_phzh_teazer.jpg\" alt=\"\" width=\"900\" height=\"355\" srcset=\"https:\/\/myheritagelanguage.com\/wp-content\/uploads\/2018\/07\/about_phzh_teazer.jpg 900w, https:\/\/myheritagelanguage.com\/wp-content\/uploads\/2018\/07\/about_phzh_teazer-300x118.jpg 300w, https:\/\/myheritagelanguage.com\/wp-content\/uploads\/2018\/07\/about_phzh_teazer-768x303.jpg 768w\" sizes=\"(max-width: 900px) 100vw, 900px\" \/>\n<\/div>\n<div class=\"col-sm-12\" style=\"padding-top: 5px;\">Shkolla e Lart\u00eb Pedagogjike e Cyrihut (SHLP Cyrih) \u00ebsht\u00eb qend\u00ebr e arsimimit dhe arsimimit t\u00eb m\u00ebtejm\u00eb p\u00ebr m\u00ebsimdh\u00ebn\u00ebsit n\u00eb kantonin e Cyrihut. <span style=\"color: #337ab7; text-decoration: underline;\">Lexoni m\u00eb shum\u00eb <\/span><\/div>\n<\/div>\n<p><\/a>\n<\/div>\n<p><!-- COL 2.2--><\/p>\n<div class=\"col-sm-6\" style=\"padding-top: 20px;\">\n<a href=\"https:\/\/myheritagelanguage.com\/sq\/about\/donors\/\"><\/p>\n<div class=\"row\">\n<div class=\"col-sm-12\">\n<h2>Partner\u00ebt<\/h2>\n<\/div>\n<div class=\"col-sm-12\">\n<img loading=\"lazy\" src=\"https:\/\/myheritagelanguage.com\/wp-content\/uploads\/2018\/10\/donors_teaser_800x315.jpg\" alt=\"\" width=\"800\" height=\"316\" class=\"alignnone size-full wp-image-1701\" \/>\n<\/div>\n<div class=\"col-sm-12\" style=\"padding-top: 5px;\">Seria Materiale p\u00ebr m\u00ebsimin n\u00eb gjuh\u00ebn e prejardhjes nuk do t\u00eb ishte e mundur pa mb\u00ebshtetjen shoq\u00ebrore t\u00eb partner\u00ebve tan\u00eb <span style=\"color: #337ab7; text-decoration: underline;\">Lexoni m\u00eb shum\u00eb <\/span><\/div>\n<\/div>\n<\/div>\n<p><\/a>\n<\/div>\n","protected":false},"excerpt":{"rendered":"<p>&nbsp; Seria &#8220;Materiale p\u00ebr m\u00ebsimin n\u00eb gjuh\u00ebn e prejardhjes&#8221; paraqet principe didaktike dhe metoda t\u00eb cilat jan\u00eb udh\u00ebrr\u00ebfyese p\u00ebr m\u00ebsimin aktual n\u00eb shkollat evropiane per\u00ebndimore dhe veriore. Broshurat e ndryshme t\u00eb seris\u00eb ofrojn\u00eb informacione baz\u00eb teorike si dhe shum\u00eb propozime konkrete p\u00ebr praktik\u00ebn shkollore. Fal\u00eb uebfaqes s\u00eb re, t\u00eb gjitha materialet gjenden leht\u00eb dhe jan\u00eb [&hellip;]<\/p>\n","protected":false},"author":1,"featured_media":0,"parent":0,"menu_order":0,"comment_status":"closed","ping_status":"closed","template":"page-full.php","meta":[],"yoast_head":"<!-- This site is optimized with the Yoast SEO plugin v17.0 - https:\/\/yoast.com\/wordpress\/plugins\/seo\/ -->\n<meta name=\"robots\" content=\"index, follow, max-snippet:-1, max-image-preview:large, max-video-preview:-1\" \/>\n<link rel=\"canonical\" href=\"https:\/\/myheritagelanguage.com\/sq\/about\/\" \/>\n<meta property=\"og:locale\" content=\"sq_AL\" \/>\n<meta property=\"og:type\" content=\"article\" \/>\n<meta property=\"og:title\" content=\"Rreth nesh | HLT\" \/>\n<meta property=\"og:description\" content=\"&nbsp; Seria &#8220;Materiale p\u00ebr m\u00ebsimin n\u00eb gjuh\u00ebn e prejardhjes&#8221; paraqet principe didaktike dhe metoda t\u00eb cilat jan\u00eb udh\u00ebrr\u00ebfyese p\u00ebr m\u00ebsimin aktual n\u00eb shkollat evropiane per\u00ebndimore dhe veriore. Broshurat e ndryshme t\u00eb seris\u00eb ofrojn\u00eb informacione baz\u00eb teorike si dhe shum\u00eb propozime konkrete p\u00ebr praktik\u00ebn shkollore. Fal\u00eb uebfaqes s\u00eb re, t\u00eb gjitha materialet gjenden leht\u00eb dhe jan\u00eb [&hellip;]\" \/>\n<meta property=\"og:url\" content=\"https:\/\/myheritagelanguage.com\/sq\/about\/\" \/>\n<meta property=\"og:site_name\" content=\"HLT\" \/>\n<meta property=\"article:modified_time\" content=\"2025-04-24T08:47:02+00:00\" \/>\n<meta property=\"og:image\" content=\"https:\/\/myheritagelanguage.com\/wp-content\/uploads\/2018\/07\/5I3A9392-Kopie-1024x404.jpg\" \/>\n<meta name=\"twitter:card\" content=\"summary\" \/>\n<meta name=\"twitter:label1\" content=\"Est. reading time\" \/>\n\t<meta name=\"twitter:data1\" content=\"1 minut\u00eb\" \/>\n<script type=\"application\/ld+json\" class=\"yoast-schema-graph\">{\"@context\":\"https:\/\/schema.org\",\"@graph\":[{\"@type\":\"WebSite\",\"@id\":\"https:\/\/myheritagelanguage.com\/sq\/#website\",\"url\":\"https:\/\/myheritagelanguage.com\/sq\/\",\"name\":\"HLT\",\"description\":\"Heritage Language Teaching\",\"potentialAction\":[{\"@type\":\"SearchAction\",\"target\":{\"@type\":\"EntryPoint\",\"urlTemplate\":\"https:\/\/myheritagelanguage.com\/sq\/?s={search_term_string}\"},\"query-input\":\"required name=search_term_string\"}],\"inLanguage\":\"sq\"},{\"@type\":\"ImageObject\",\"@id\":\"https:\/\/myheritagelanguage.com\/sq\/about\/#primaryimage\",\"inLanguage\":\"sq\",\"url\":\"\/wp-content\/uploads\/2018\/07\/5I3A9392-Kopie-1024x404.jpg\",\"contentUrl\":\"\/wp-content\/uploads\/2018\/07\/5I3A9392-Kopie-1024x404.jpg\"},{\"@type\":\"WebPage\",\"@id\":\"https:\/\/myheritagelanguage.com\/sq\/about\/#webpage\",\"url\":\"https:\/\/myheritagelanguage.com\/sq\/about\/\",\"name\":\"Rreth nesh | HLT\",\"isPartOf\":{\"@id\":\"https:\/\/myheritagelanguage.com\/sq\/#website\"},\"primaryImageOfPage\":{\"@id\":\"https:\/\/myheritagelanguage.com\/sq\/about\/#primaryimage\"},\"datePublished\":\"2018-04-12T05:29:40+00:00\",\"dateModified\":\"2025-04-24T08:47:02+00:00\",\"breadcrumb\":{\"@id\":\"https:\/\/myheritagelanguage.com\/sq\/about\/#breadcrumb\"},\"inLanguage\":\"sq\",\"potentialAction\":[{\"@type\":\"ReadAction\",\"target\":[\"https:\/\/myheritagelanguage.com\/sq\/about\/\"]}]},{\"@type\":\"BreadcrumbList\",\"@id\":\"https:\/\/myheritagelanguage.com\/sq\/about\/#breadcrumb\",\"itemListElement\":[{\"@type\":\"ListItem\",\"position\":1,\"name\":\"Home\",\"item\":\"https:\/\/myheritagelanguage.com\/sq\/\"},{\"@type\":\"ListItem\",\"position\":2,\"name\":\"Rreth nesh\"}]}]}<\/script>\n<!-- \/ Yoast SEO plugin. -->","yoast_head_json":{"robots":{"index":"index","follow":"follow","max-snippet":"max-snippet:-1","max-image-preview":"max-image-preview:large","max-video-preview":"max-video-preview:-1"},"canonical":"https:\/\/myheritagelanguage.com\/sq\/about\/","og_locale":"sq_AL","og_type":"article","og_title":"Rreth nesh | HLT","og_description":"&nbsp; Seria &#8220;Materiale p\u00ebr m\u00ebsimin n\u00eb gjuh\u00ebn e prejardhjes&#8221; paraqet principe didaktike dhe metoda t\u00eb cilat jan\u00eb udh\u00ebrr\u00ebfyese p\u00ebr m\u00ebsimin aktual n\u00eb shkollat evropiane per\u00ebndimore dhe veriore. Broshurat e ndryshme t\u00eb seris\u00eb ofrojn\u00eb informacione baz\u00eb teorike si dhe shum\u00eb propozime konkrete p\u00ebr praktik\u00ebn shkollore. Fal\u00eb uebfaqes s\u00eb re, t\u00eb gjitha materialet gjenden leht\u00eb dhe jan\u00eb [&hellip;]","og_url":"https:\/\/myheritagelanguage.com\/sq\/about\/","og_site_name":"HLT","article_modified_time":"2025-04-24T08:47:02+00:00","og_image":[{"url":"https:\/\/myheritagelanguage.com\/wp-content\/uploads\/2018\/07\/5I3A9392-Kopie-1024x404.jpg"}],"twitter_card":"summary","twitter_misc":{"Est. reading time":"1 minut\u00eb"},"schema":{"@context":"https:\/\/schema.org","@graph":[{"@type":"WebSite","@id":"https:\/\/myheritagelanguage.com\/sq\/#website","url":"https:\/\/myheritagelanguage.com\/sq\/","name":"HLT","description":"Heritage Language Teaching","potentialAction":[{"@type":"SearchAction","target":{"@type":"EntryPoint","urlTemplate":"https:\/\/myheritagelanguage.com\/sq\/?s={search_term_string}"},"query-input":"required name=search_term_string"}],"inLanguage":"sq"},{"@type":"ImageObject","@id":"https:\/\/myheritagelanguage.com\/sq\/about\/#primaryimage","inLanguage":"sq","url":"\/wp-content\/uploads\/2018\/07\/5I3A9392-Kopie-1024x404.jpg","contentUrl":"\/wp-content\/uploads\/2018\/07\/5I3A9392-Kopie-1024x404.jpg"},{"@type":"WebPage","@id":"https:\/\/myheritagelanguage.com\/sq\/about\/#webpage","url":"https:\/\/myheritagelanguage.com\/sq\/about\/","name":"Rreth nesh | HLT","isPartOf":{"@id":"https:\/\/myheritagelanguage.com\/sq\/#website"},"primaryImageOfPage":{"@id":"https:\/\/myheritagelanguage.com\/sq\/about\/#primaryimage"},"datePublished":"2018-04-12T05:29:40+00:00","dateModified":"2025-04-24T08:47:02+00:00","breadcrumb":{"@id":"https:\/\/myheritagelanguage.com\/sq\/about\/#breadcrumb"},"inLanguage":"sq","potentialAction":[{"@type":"ReadAction","target":["https:\/\/myheritagelanguage.com\/sq\/about\/"]}]},{"@type":"BreadcrumbList","@id":"https:\/\/myheritagelanguage.com\/sq\/about\/#breadcrumb","itemListElement":[{"@type":"ListItem","position":1,"name":"Home","item":"https:\/\/myheritagelanguage.com\/sq\/"},{"@type":"ListItem","position":2,"name":"Rreth nesh"}]}]}},"_links":{"self":[{"href":"https:\/\/myheritagelanguage.com\/sq\/wp-json\/wp\/v2\/pages\/1754"}],"collection":[{"href":"https:\/\/myheritagelanguage.com\/sq\/wp-json\/wp\/v2\/pages"}],"about":[{"href":"https:\/\/myheritagelanguage.com\/sq\/wp-json\/wp\/v2\/types\/page"}],"author":[{"embeddable":true,"href":"https:\/\/myheritagelanguage.com\/sq\/wp-json\/wp\/v2\/users\/1"}],"replies":[{"embeddable":true,"href":"https:\/\/myheritagelanguage.com\/sq\/wp-json\/wp\/v2\/comments?post=1754"}],"version-history":[{"count":5,"href":"https:\/\/myheritagelanguage.com\/sq\/wp-json\/wp\/v2\/pages\/1754\/revisions"}],"predecessor-version":[{"id":5596,"href":"https:\/\/myheritagelanguage.com\/sq\/wp-json\/wp\/v2\/pages\/1754\/revisions\/5596"}],"wp:attachment":[{"href":"https:\/\/myheritagelanguage.com\/sq\/wp-json\/wp\/v2\/media?parent=1754"}],"curies":[{"name":"wp","href":"https:\/\/api.w.org\/{rel}","templated":true}]}}