{"id":1758,"date":"2018-04-12T07:30:09","date_gmt":"2018-04-12T05:30:09","guid":{"rendered":"https:\/\/myheritagelanguage.com\/about\/about-phzh\/"},"modified":"2025-04-24T11:28:54","modified_gmt":"2025-04-24T09:28:54","slug":"about-phzh","status":"publish","type":"page","link":"https:\/\/myheritagelanguage.com\/sq\/about\/about-phzh\/","title":{"rendered":"Mbi SHLP t\u00eb Cyrihut"},"content":{"rendered":"<p>Shkolla e Lart\u00eb Pedagogjike e Cyrihut (SHLP Cyrih) \u00ebsht\u00eb qend\u00ebr e arsimimit dhe arsimimit t\u00eb m\u00ebtejm\u00eb p\u00ebr m\u00ebsimdh\u00ebn\u00ebsit n\u00eb kantonin e Cyrihut.<\/p>\n<p><img loading=\"lazy\" class=\"aligncenter wp-image-1389 size-large\" src=\"http:\/\/hlt.cwd.gr\/wp-content\/uploads\/2018\/06\/phzh_01-1024x683.jpg\" alt=\"\" width=\"1024\" height=\"683\" srcset=\"https:\/\/myheritagelanguage.com\/wp-content\/uploads\/2018\/06\/phzh_01.jpg 1024w, https:\/\/myheritagelanguage.com\/wp-content\/uploads\/2018\/06\/phzh_01-300x200.jpg 300w, https:\/\/myheritagelanguage.com\/wp-content\/uploads\/2018\/06\/phzh_01-768x512.jpg 768w\" sizes=\"(max-width: 1024px) 100vw, 1024px\" \/><\/p>\n<p>Ajo u themelua n\u00eb vjesht\u00ebn e vitit 2002 me bashkimin e nj\u00ebmb\u00ebdhjet\u00eb institucioneve t\u00eb m\u00ebparshme t\u00eb arsimimit t\u00eb m\u00ebsuesve. SHLP e Cyrihut i takon Lidhjes kantonale t\u00eb shkollave t\u00eb larta dhe \u00ebsht\u00eb e ndar\u00eb n\u00eb fushat e m\u00ebposhtme:<\/p>\n<ul>\n<li>Arsimim p\u00ebr m\u00ebsuesit dhe m\u00ebsueset  q\u00eb d\u00ebshirojn\u00eb t\u00eb b\u00ebhen m\u00ebsimdh\u00ebn\u00ebs p\u00ebr  t\u00eb gjitha nivelet<\/li>\n<li>Arsimim i m\u00ebtejsh\u00ebm  dhe sh\u00ebrbime p\u00ebr m\u00ebsuesit, udh\u00ebheq\u00ebsit e shkollave dhe autoritetet shkollore<\/li>\n<li>Hulumtim dhe zhvillim<\/li>\n<\/ul>\n<p>Rreth 3800 student\u00eb, 21000 pjes\u00ebmarr\u00ebs t\u00eb tjer\u00eb t\u00eb arsimimeve t\u00eb m\u00ebtejme, rreth 600 ligj\u00ebrues, bashk\u00ebpun\u00ebtor\u00eb shkencor\u00eb dhe asistent\u00eb si dhe 300 punonj\u00ebs n\u00eb funksionet administrative, teknike dhe operacionale (me orar t\u00eb plot\u00eb ose me koh\u00eb t\u00eb pjesshme) jan\u00eb t\u00eb angazhuar n\u00eb SHLP t\u00eb Cyrihut.<\/p>\n<p><img loading=\"lazy\" class=\"aligncenter wp-image-1390 size-large\" src=\"http:\/\/hlt.cwd.gr\/wp-content\/uploads\/2018\/06\/phzh_02-1024x683.jpg\" alt=\"\" width=\"1024\" height=\"683\" srcset=\"https:\/\/myheritagelanguage.com\/wp-content\/uploads\/2018\/06\/phzh_02-1024x683.jpg 1024w, https:\/\/myheritagelanguage.com\/wp-content\/uploads\/2018\/06\/phzh_02-300x200.jpg 300w, https:\/\/myheritagelanguage.com\/wp-content\/uploads\/2018\/06\/phzh_02-768x512.jpg 768w, https:\/\/myheritagelanguage.com\/wp-content\/uploads\/2018\/06\/phzh_02.jpg 2048w\" sizes=\"(max-width: 1024px) 100vw, 1024px\" \/><\/p>\n<p><img loading=\"lazy\" class=\"alignnone size-large wp-image-1391\" src=\"http:\/\/hlt.cwd.gr\/wp-content\/uploads\/2018\/06\/phzh_03-1024x683.jpg\" alt=\"\" width=\"1024\" height=\"683\" srcset=\"https:\/\/myheritagelanguage.com\/wp-content\/uploads\/2018\/06\/phzh_03-1024x683.jpg 1024w, https:\/\/myheritagelanguage.com\/wp-content\/uploads\/2018\/06\/phzh_03-300x200.jpg 300w, https:\/\/myheritagelanguage.com\/wp-content\/uploads\/2018\/06\/phzh_03-768x512.jpg 768w, https:\/\/myheritagelanguage.com\/wp-content\/uploads\/2018\/06\/phzh_03.jpg 2048w\" sizes=\"(max-width: 1024px) 100vw, 1024px\" \/><\/p>\n<p>&nbsp;<\/p>\n<p>Vendburim: <a href=\"https:\/\/phzh.ch\/en\/about-phzh\/\" target=\"_blank\" rel=\"noopener\">PHZH\u00a0<\/a><\/p>\n","protected":false},"excerpt":{"rendered":"<p>Shkolla e Lart\u00eb Pedagogjike e Cyrihut (SHLP Cyrih) \u00ebsht\u00eb qend\u00ebr e arsimimit dhe arsimimit t\u00eb m\u00ebtejm\u00eb p\u00ebr m\u00ebsimdh\u00ebn\u00ebsit n\u00eb kantonin e Cyrihut. Ajo u themelua n\u00eb vjesht\u00ebn e vitit 2002 me bashkimin e nj\u00ebmb\u00ebdhjet\u00eb institucioneve t\u00eb m\u00ebparshme t\u00eb arsimimit t\u00eb m\u00ebsuesve. SHLP e Cyrihut i takon Lidhjes kantonale t\u00eb shkollave t\u00eb larta dhe \u00ebsht\u00eb e [&hellip;]<\/p>\n","protected":false},"author":1,"featured_media":0,"parent":1754,"menu_order":0,"comment_status":"closed","ping_status":"closed","template":"","meta":[],"yoast_head":"<!-- This site is optimized with the Yoast SEO plugin v17.0 - https:\/\/yoast.com\/wordpress\/plugins\/seo\/ -->\n<meta name=\"robots\" content=\"index, follow, max-snippet:-1, max-image-preview:large, max-video-preview:-1\" \/>\n<link rel=\"canonical\" href=\"https:\/\/myheritagelanguage.com\/sq\/about\/about-phzh\/\" \/>\n<meta property=\"og:locale\" content=\"sq_AL\" \/>\n<meta property=\"og:type\" content=\"article\" \/>\n<meta property=\"og:title\" content=\"Mbi SHLP t\u00eb Cyrihut | HLT\" \/>\n<meta property=\"og:description\" content=\"Shkolla e Lart\u00eb Pedagogjike e Cyrihut (SHLP Cyrih) \u00ebsht\u00eb qend\u00ebr e arsimimit dhe arsimimit t\u00eb m\u00ebtejm\u00eb p\u00ebr m\u00ebsimdh\u00ebn\u00ebsit n\u00eb kantonin e Cyrihut. Ajo u themelua n\u00eb vjesht\u00ebn e vitit 2002 me bashkimin e nj\u00ebmb\u00ebdhjet\u00eb institucioneve t\u00eb m\u00ebparshme t\u00eb arsimimit t\u00eb m\u00ebsuesve. SHLP e Cyrihut i takon Lidhjes kantonale t\u00eb shkollave t\u00eb larta dhe \u00ebsht\u00eb e [&hellip;]\" \/>\n<meta property=\"og:url\" content=\"https:\/\/myheritagelanguage.com\/sq\/about\/about-phzh\/\" \/>\n<meta property=\"og:site_name\" content=\"HLT\" \/>\n<meta property=\"article:modified_time\" content=\"2025-04-24T09:28:54+00:00\" \/>\n<meta property=\"og:image\" content=\"http:\/\/hlt.cwd.gr\/wp-content\/uploads\/2018\/06\/phzh_01-1024x683.jpg\" \/>\n<meta name=\"twitter:card\" content=\"summary\" \/>\n<meta name=\"twitter:label1\" content=\"Est. reading time\" \/>\n\t<meta name=\"twitter:data1\" content=\"1 minut\u00eb\" \/>\n<script type=\"application\/ld+json\" class=\"yoast-schema-graph\">{\"@context\":\"https:\/\/schema.org\",\"@graph\":[{\"@type\":\"WebSite\",\"@id\":\"https:\/\/myheritagelanguage.com\/sq\/#website\",\"url\":\"https:\/\/myheritagelanguage.com\/sq\/\",\"name\":\"HLT\",\"description\":\"Heritage Language Teaching\",\"potentialAction\":[{\"@type\":\"SearchAction\",\"target\":{\"@type\":\"EntryPoint\",\"urlTemplate\":\"https:\/\/myheritagelanguage.com\/sq\/?s={search_term_string}\"},\"query-input\":\"required name=search_term_string\"}],\"inLanguage\":\"sq\"},{\"@type\":\"ImageObject\",\"@id\":\"https:\/\/myheritagelanguage.com\/sq\/about\/about-phzh\/#primaryimage\",\"inLanguage\":\"sq\",\"url\":\"http:\/\/hlt.cwd.gr\/wp-content\/uploads\/2018\/06\/phzh_01-1024x683.jpg\",\"contentUrl\":\"http:\/\/hlt.cwd.gr\/wp-content\/uploads\/2018\/06\/phzh_01-1024x683.jpg\"},{\"@type\":\"WebPage\",\"@id\":\"https:\/\/myheritagelanguage.com\/sq\/about\/about-phzh\/#webpage\",\"url\":\"https:\/\/myheritagelanguage.com\/sq\/about\/about-phzh\/\",\"name\":\"Mbi SHLP t\\u00eb Cyrihut | HLT\",\"isPartOf\":{\"@id\":\"https:\/\/myheritagelanguage.com\/sq\/#website\"},\"primaryImageOfPage\":{\"@id\":\"https:\/\/myheritagelanguage.com\/sq\/about\/about-phzh\/#primaryimage\"},\"datePublished\":\"2018-04-12T05:30:09+00:00\",\"dateModified\":\"2025-04-24T09:28:54+00:00\",\"breadcrumb\":{\"@id\":\"https:\/\/myheritagelanguage.com\/sq\/about\/about-phzh\/#breadcrumb\"},\"inLanguage\":\"sq\",\"potentialAction\":[{\"@type\":\"ReadAction\",\"target\":[\"https:\/\/myheritagelanguage.com\/sq\/about\/about-phzh\/\"]}]},{\"@type\":\"BreadcrumbList\",\"@id\":\"https:\/\/myheritagelanguage.com\/sq\/about\/about-phzh\/#breadcrumb\",\"itemListElement\":[{\"@type\":\"ListItem\",\"position\":1,\"name\":\"Home\",\"item\":\"https:\/\/myheritagelanguage.com\/sq\/\"},{\"@type\":\"ListItem\",\"position\":2,\"name\":\"Rreth nesh\",\"item\":\"https:\/\/myheritagelanguage.com\/sq\/about\/\"},{\"@type\":\"ListItem\",\"position\":3,\"name\":\"Mbi SHLP t\\u00eb Cyrihut\"}]}]}<\/script>\n<!-- \/ Yoast SEO plugin. -->","yoast_head_json":{"robots":{"index":"index","follow":"follow","max-snippet":"max-snippet:-1","max-image-preview":"max-image-preview:large","max-video-preview":"max-video-preview:-1"},"canonical":"https:\/\/myheritagelanguage.com\/sq\/about\/about-phzh\/","og_locale":"sq_AL","og_type":"article","og_title":"Mbi SHLP t\u00eb Cyrihut | HLT","og_description":"Shkolla e Lart\u00eb Pedagogjike e Cyrihut (SHLP Cyrih) \u00ebsht\u00eb qend\u00ebr e arsimimit dhe arsimimit t\u00eb m\u00ebtejm\u00eb p\u00ebr m\u00ebsimdh\u00ebn\u00ebsit n\u00eb kantonin e Cyrihut. Ajo u themelua n\u00eb vjesht\u00ebn e vitit 2002 me bashkimin e nj\u00ebmb\u00ebdhjet\u00eb institucioneve t\u00eb m\u00ebparshme t\u00eb arsimimit t\u00eb m\u00ebsuesve. SHLP e Cyrihut i takon Lidhjes kantonale t\u00eb shkollave t\u00eb larta dhe \u00ebsht\u00eb e [&hellip;]","og_url":"https:\/\/myheritagelanguage.com\/sq\/about\/about-phzh\/","og_site_name":"HLT","article_modified_time":"2025-04-24T09:28:54+00:00","og_image":[{"url":"http:\/\/hlt.cwd.gr\/wp-content\/uploads\/2018\/06\/phzh_01-1024x683.jpg"}],"twitter_card":"summary","twitter_misc":{"Est. reading time":"1 minut\u00eb"},"schema":{"@context":"https:\/\/schema.org","@graph":[{"@type":"WebSite","@id":"https:\/\/myheritagelanguage.com\/sq\/#website","url":"https:\/\/myheritagelanguage.com\/sq\/","name":"HLT","description":"Heritage Language Teaching","potentialAction":[{"@type":"SearchAction","target":{"@type":"EntryPoint","urlTemplate":"https:\/\/myheritagelanguage.com\/sq\/?s={search_term_string}"},"query-input":"required name=search_term_string"}],"inLanguage":"sq"},{"@type":"ImageObject","@id":"https:\/\/myheritagelanguage.com\/sq\/about\/about-phzh\/#primaryimage","inLanguage":"sq","url":"http:\/\/hlt.cwd.gr\/wp-content\/uploads\/2018\/06\/phzh_01-1024x683.jpg","contentUrl":"http:\/\/hlt.cwd.gr\/wp-content\/uploads\/2018\/06\/phzh_01-1024x683.jpg"},{"@type":"WebPage","@id":"https:\/\/myheritagelanguage.com\/sq\/about\/about-phzh\/#webpage","url":"https:\/\/myheritagelanguage.com\/sq\/about\/about-phzh\/","name":"Mbi SHLP t\u00eb Cyrihut | HLT","isPartOf":{"@id":"https:\/\/myheritagelanguage.com\/sq\/#website"},"primaryImageOfPage":{"@id":"https:\/\/myheritagelanguage.com\/sq\/about\/about-phzh\/#primaryimage"},"datePublished":"2018-04-12T05:30:09+00:00","dateModified":"2025-04-24T09:28:54+00:00","breadcrumb":{"@id":"https:\/\/myheritagelanguage.com\/sq\/about\/about-phzh\/#breadcrumb"},"inLanguage":"sq","potentialAction":[{"@type":"ReadAction","target":["https:\/\/myheritagelanguage.com\/sq\/about\/about-phzh\/"]}]},{"@type":"BreadcrumbList","@id":"https:\/\/myheritagelanguage.com\/sq\/about\/about-phzh\/#breadcrumb","itemListElement":[{"@type":"ListItem","position":1,"name":"Home","item":"https:\/\/myheritagelanguage.com\/sq\/"},{"@type":"ListItem","position":2,"name":"Rreth nesh","item":"https:\/\/myheritagelanguage.com\/sq\/about\/"},{"@type":"ListItem","position":3,"name":"Mbi SHLP t\u00eb Cyrihut"}]}]}},"_links":{"self":[{"href":"https:\/\/myheritagelanguage.com\/sq\/wp-json\/wp\/v2\/pages\/1758"}],"collection":[{"href":"https:\/\/myheritagelanguage.com\/sq\/wp-json\/wp\/v2\/pages"}],"about":[{"href":"https:\/\/myheritagelanguage.com\/sq\/wp-json\/wp\/v2\/types\/page"}],"author":[{"embeddable":true,"href":"https:\/\/myheritagelanguage.com\/sq\/wp-json\/wp\/v2\/users\/1"}],"replies":[{"embeddable":true,"href":"https:\/\/myheritagelanguage.com\/sq\/wp-json\/wp\/v2\/comments?post=1758"}],"version-history":[{"count":3,"href":"https:\/\/myheritagelanguage.com\/sq\/wp-json\/wp\/v2\/pages\/1758\/revisions"}],"predecessor-version":[{"id":17972,"href":"https:\/\/myheritagelanguage.com\/sq\/wp-json\/wp\/v2\/pages\/1758\/revisions\/17972"}],"up":[{"embeddable":true,"href":"https:\/\/myheritagelanguage.com\/sq\/wp-json\/wp\/v2\/pages\/1754"}],"wp:attachment":[{"href":"https:\/\/myheritagelanguage.com\/sq\/wp-json\/wp\/v2\/media?parent=1758"}],"curies":[{"name":"wp","href":"https:\/\/api.w.org\/{rel}","templated":true}]}}