{"id":7416,"date":"2017-11-06T15:57:17","date_gmt":"2017-11-06T15:57:17","guid":{"rendered":"https:\/\/myheritagelanguage.com\/books\/"},"modified":"2018-12-09T12:25:19","modified_gmt":"2018-12-09T10:25:19","slug":"books","status":"publish","type":"page","link":"https:\/\/myheritagelanguage.com\/tr\/books\/","title":{"rendered":"Kitaplar"},"content":{"rendered":"<p>B\u00fcy\u00fcyen mobilite ile okul \u00e7ok k\u00fclt\u00fcrl\u00fc bir yer haline gelmi\u015ftir. G\u00f6\u00e7 hikayesi bulunan \u00e7ocuklar ve gen\u00e7ler g\u00f6\u00e7 ettikleri \u00fclkenin dilini \u00f6\u011frenmeli ve ayn\u0131 zamanda ana dilini korumaya da devam etmelidirler. En son bahsedilen konuyla ilgili olarak \u00f6zellikle ana dil e\u011fitimi dersi veren \u00f6\u011fretmenler sorumludur. Verilen dersin kalitesi ve kabul\u00fc i\u00e7in \u00f6nemli olan, oradaki ders metodlar\u0131n\u0131n genel e\u011fitim okulundaki \u00f6\u011frencilerin deneyimleriyle iyi bir \u015fekilde uyumlu olmas\u0131d\u0131r. &#8220;Ana Dil E\u011fitimi \u0130\u00e7in Ders Materyalleri&#8221; serisi \u00f6\u011fretmenlere tam da gerekli deste\u011fi sa\u011flamaktad\u0131r.<\/p>\n<p>&#8220;Temeller ve Arkaplanlar&#8221; cildi, g\u00f6\u00e7men \u00fclkelerdeki mevcut\/g\u00fcncel pedagoji, didaktik ve metodolojinin temel noktalar\u0131n\u0131 tan\u0131tmaktad\u0131r. Didaktik \u00f6nerileriyle \u00e7al\u0131\u015fma kitaplar\u0131, pratiye y\u00f6nelik ders \u00f6nerileri ve dil e\u011fitiminin farkl\u0131 b\u00f6l\u00fcmleri i\u00e7in planlama \u00f6rnekleri sunmaktad\u0131r.<\/p>\n","protected":false},"excerpt":{"rendered":"<p>B\u00fcy\u00fcyen mobilite ile okul \u00e7ok k\u00fclt\u00fcrl\u00fc bir yer haline gelmi\u015ftir. G\u00f6\u00e7 hikayesi bulunan \u00e7ocuklar ve gen\u00e7ler g\u00f6\u00e7 ettikleri \u00fclkenin dilini \u00f6\u011frenmeli ve ayn\u0131 zamanda ana dilini korumaya da devam etmelidirler. En son bahsedilen konuyla ilgili olarak \u00f6zellikle ana dil e\u011fitimi dersi veren \u00f6\u011fretmenler sorumludur. Verilen dersin kalitesi ve kabul\u00fc i\u00e7in \u00f6nemli olan, oradaki ders metodlar\u0131n\u0131n [&hellip;]<\/p>\n","protected":false},"author":1,"featured_media":0,"parent":0,"menu_order":0,"comment_status":"closed","ping_status":"closed","template":"","meta":[],"yoast_head":"<!-- This site is optimized with the Yoast SEO plugin v17.0 - https:\/\/yoast.com\/wordpress\/plugins\/seo\/ -->\n<meta name=\"robots\" content=\"index, follow, max-snippet:-1, max-image-preview:large, max-video-preview:-1\" \/>\n<link rel=\"canonical\" href=\"https:\/\/myheritagelanguage.com\/tr\/books\/\" \/>\n<meta property=\"og:locale\" content=\"tr_TR\" \/>\n<meta property=\"og:type\" content=\"article\" \/>\n<meta property=\"og:title\" content=\"Kitaplar | HLT\" \/>\n<meta property=\"og:description\" content=\"B\u00fcy\u00fcyen mobilite ile okul \u00e7ok k\u00fclt\u00fcrl\u00fc bir yer haline gelmi\u015ftir. G\u00f6\u00e7 hikayesi bulunan \u00e7ocuklar ve gen\u00e7ler g\u00f6\u00e7 ettikleri \u00fclkenin dilini \u00f6\u011frenmeli ve ayn\u0131 zamanda ana dilini korumaya da devam etmelidirler. En son bahsedilen konuyla ilgili olarak \u00f6zellikle ana dil e\u011fitimi dersi veren \u00f6\u011fretmenler sorumludur. Verilen dersin kalitesi ve kabul\u00fc i\u00e7in \u00f6nemli olan, oradaki ders metodlar\u0131n\u0131n [&hellip;]\" \/>\n<meta property=\"og:url\" content=\"https:\/\/myheritagelanguage.com\/tr\/books\/\" \/>\n<meta property=\"og:site_name\" content=\"HLT\" \/>\n<meta property=\"article:modified_time\" content=\"2018-12-09T10:25:19+00:00\" \/>\n<meta name=\"twitter:card\" content=\"summary\" \/>\n<meta name=\"twitter:label1\" content=\"Tahmini okuma s\u00fcresi\" \/>\n\t<meta name=\"twitter:data1\" content=\"1 dakika\" \/>\n<script type=\"application\/ld+json\" class=\"yoast-schema-graph\">{\"@context\":\"https:\/\/schema.org\",\"@graph\":[{\"@type\":\"WebSite\",\"@id\":\"https:\/\/myheritagelanguage.com\/tr\/#website\",\"url\":\"https:\/\/myheritagelanguage.com\/tr\/\",\"name\":\"HLT\",\"description\":\"Heritage Language Teaching\",\"potentialAction\":[{\"@type\":\"SearchAction\",\"target\":{\"@type\":\"EntryPoint\",\"urlTemplate\":\"https:\/\/myheritagelanguage.com\/tr\/?s={search_term_string}\"},\"query-input\":\"required name=search_term_string\"}],\"inLanguage\":\"tr\"},{\"@type\":\"WebPage\",\"@id\":\"https:\/\/myheritagelanguage.com\/tr\/books\/#webpage\",\"url\":\"https:\/\/myheritagelanguage.com\/tr\/books\/\",\"name\":\"Kitaplar | HLT\",\"isPartOf\":{\"@id\":\"https:\/\/myheritagelanguage.com\/tr\/#website\"},\"datePublished\":\"2017-11-06T15:57:17+00:00\",\"dateModified\":\"2018-12-09T10:25:19+00:00\",\"breadcrumb\":{\"@id\":\"https:\/\/myheritagelanguage.com\/tr\/books\/#breadcrumb\"},\"inLanguage\":\"tr\",\"potentialAction\":[{\"@type\":\"ReadAction\",\"target\":[\"https:\/\/myheritagelanguage.com\/tr\/books\/\"]}]},{\"@type\":\"BreadcrumbList\",\"@id\":\"https:\/\/myheritagelanguage.com\/tr\/books\/#breadcrumb\",\"itemListElement\":[{\"@type\":\"ListItem\",\"position\":1,\"name\":\"Home\",\"item\":\"https:\/\/myheritagelanguage.com\/tr\/\"},{\"@type\":\"ListItem\",\"position\":2,\"name\":\"Kitaplar\"}]}]}<\/script>\n<!-- \/ Yoast SEO plugin. -->","yoast_head_json":{"robots":{"index":"index","follow":"follow","max-snippet":"max-snippet:-1","max-image-preview":"max-image-preview:large","max-video-preview":"max-video-preview:-1"},"canonical":"https:\/\/myheritagelanguage.com\/tr\/books\/","og_locale":"tr_TR","og_type":"article","og_title":"Kitaplar | HLT","og_description":"B\u00fcy\u00fcyen mobilite ile okul \u00e7ok k\u00fclt\u00fcrl\u00fc bir yer haline gelmi\u015ftir. G\u00f6\u00e7 hikayesi bulunan \u00e7ocuklar ve gen\u00e7ler g\u00f6\u00e7 ettikleri \u00fclkenin dilini \u00f6\u011frenmeli ve ayn\u0131 zamanda ana dilini korumaya da devam etmelidirler. En son bahsedilen konuyla ilgili olarak \u00f6zellikle ana dil e\u011fitimi dersi veren \u00f6\u011fretmenler sorumludur. Verilen dersin kalitesi ve kabul\u00fc i\u00e7in \u00f6nemli olan, oradaki ders metodlar\u0131n\u0131n [&hellip;]","og_url":"https:\/\/myheritagelanguage.com\/tr\/books\/","og_site_name":"HLT","article_modified_time":"2018-12-09T10:25:19+00:00","twitter_card":"summary","twitter_misc":{"Tahmini okuma s\u00fcresi":"1 dakika"},"schema":{"@context":"https:\/\/schema.org","@graph":[{"@type":"WebSite","@id":"https:\/\/myheritagelanguage.com\/tr\/#website","url":"https:\/\/myheritagelanguage.com\/tr\/","name":"HLT","description":"Heritage Language Teaching","potentialAction":[{"@type":"SearchAction","target":{"@type":"EntryPoint","urlTemplate":"https:\/\/myheritagelanguage.com\/tr\/?s={search_term_string}"},"query-input":"required name=search_term_string"}],"inLanguage":"tr"},{"@type":"WebPage","@id":"https:\/\/myheritagelanguage.com\/tr\/books\/#webpage","url":"https:\/\/myheritagelanguage.com\/tr\/books\/","name":"Kitaplar | HLT","isPartOf":{"@id":"https:\/\/myheritagelanguage.com\/tr\/#website"},"datePublished":"2017-11-06T15:57:17+00:00","dateModified":"2018-12-09T10:25:19+00:00","breadcrumb":{"@id":"https:\/\/myheritagelanguage.com\/tr\/books\/#breadcrumb"},"inLanguage":"tr","potentialAction":[{"@type":"ReadAction","target":["https:\/\/myheritagelanguage.com\/tr\/books\/"]}]},{"@type":"BreadcrumbList","@id":"https:\/\/myheritagelanguage.com\/tr\/books\/#breadcrumb","itemListElement":[{"@type":"ListItem","position":1,"name":"Home","item":"https:\/\/myheritagelanguage.com\/tr\/"},{"@type":"ListItem","position":2,"name":"Kitaplar"}]}]}},"_links":{"self":[{"href":"https:\/\/myheritagelanguage.com\/tr\/wp-json\/wp\/v2\/pages\/7416"}],"collection":[{"href":"https:\/\/myheritagelanguage.com\/tr\/wp-json\/wp\/v2\/pages"}],"about":[{"href":"https:\/\/myheritagelanguage.com\/tr\/wp-json\/wp\/v2\/types\/page"}],"author":[{"embeddable":true,"href":"https:\/\/myheritagelanguage.com\/tr\/wp-json\/wp\/v2\/users\/1"}],"replies":[{"embeddable":true,"href":"https:\/\/myheritagelanguage.com\/tr\/wp-json\/wp\/v2\/comments?post=7416"}],"version-history":[{"count":1,"href":"https:\/\/myheritagelanguage.com\/tr\/wp-json\/wp\/v2\/pages\/7416\/revisions"}],"predecessor-version":[{"id":7417,"href":"https:\/\/myheritagelanguage.com\/tr\/wp-json\/wp\/v2\/pages\/7416\/revisions\/7417"}],"wp:attachment":[{"href":"https:\/\/myheritagelanguage.com\/tr\/wp-json\/wp\/v2\/media?parent=7416"}],"curies":[{"name":"wp","href":"https:\/\/api.w.org\/{rel}","templated":true}]}}