{"id":7644,"date":"2018-04-12T07:29:40","date_gmt":"2018-04-12T05:29:40","guid":{"rendered":"https:\/\/myheritagelanguage.com\/about\/"},"modified":"2018-12-28T14:16:43","modified_gmt":"2018-12-28T12:16:43","slug":"about","status":"publish","type":"page","link":"https:\/\/myheritagelanguage.com\/tr\/about\/","title":{"rendered":"Hakkimizda"},"content":{"rendered":"<p>&#8220;Ana Dil E\u011fitimi \u0130\u00e7in Ders Materyalleri&#8221; serisi, Bat\u0131 ve Kuzey Avrupa okullar\u0131ndaki g\u00fcncel ders i\u00e7in yol g\u00f6sterici olan, didaktik prensip ve metodlar\u0131 tan\u0131t\u0131r. Serinin farkl\u0131 ciltleri teorik olarak arka plan bilgileri sundu\u011fu gibi, okuldaki pratik uygulamalar i\u00e7in de somut \u00f6neriler sunmaktad\u0131r. Yeni olu\u015fturulan web sayfas\u0131 sayesinde t\u00fcm materyallere kolayl\u0131kla ula\u015f\u0131labilmekte ve indirilebilmektedir. Ama\u00e7, Ana Dil E\u011fitimi \u00f6\u011fretmenlerini bu \u00f6nemli ve zorlu g\u00f6revlerinde d\u00fcnya \u00e7ap\u0131nda desteklemektir.<\/p>\n<p><!-- ROW 1 --><\/p>\n<div class=\"row\">\n<p><!-- COL 1.1--><\/p>\n<div class=\"col-sm-6\" style=\"padding-top: 20px;\">\n<a href=\"\/tr\/about-hlt\/\"><\/p>\n<div class=\"row\">\n<div class=\"col-sm-12\">\n<h2>HSU hakk\u0131nda<\/h2>\n<\/div>\n<div class=\"col-sm-12\"><img loading=\"lazy\" class=\"alignnone size-large wp-image-1638\" src=\"\/wp-content\/uploads\/2018\/07\/5I3A9392-Kopie-1024x404.jpg\" alt=\"\" width=\"1024\" height=\"404\" srcset=\"https:\/\/myheritagelanguage.com\/wp-content\/uploads\/2018\/07\/5I3A9392-Kopie-1024x404.jpg 1024w, https:\/\/myheritagelanguage.com\/wp-content\/uploads\/2018\/07\/5I3A9392-Kopie-300x119.jpg 300w, https:\/\/myheritagelanguage.com\/wp-content\/uploads\/2018\/07\/5I3A9392-Kopie-768x303.jpg 768w, https:\/\/myheritagelanguage.com\/wp-content\/uploads\/2018\/07\/5I3A9392-Kopie.jpg 1200w\" sizes=\"(max-width: 1024px) 100vw, 1024px\" \/><\/div>\n<div class=\"col-sm-12\" style=\"padding-top: 5px;\">Ana dil e\u011fitimi (HSU; \u0130svi\u00e7re\u2019de HSK), g\u00f6\u00e7 edilen bir\u00e7ok \u00fclkede g\u00f6\u00e7 ge\u00e7mi\u015fi bulunan \u00f6\u011frenciler i\u00e7in birinci veya ana dilde sunulan, iste\u011fe ba\u011fl\u0131 ek ders anlam\u0131na gelmektedir. <span style=\"color: #337ab7; text-decoration: underline;\">daha fazla oku<\/span><\/div>\n<\/div>\n<p><\/a><br \/>\n&nbsp;<\/p>\n<\/div>\n<p><!-- COL 1.2--><\/p>\n<div class=\"col-sm-6\" style=\"padding-top: 20px;\">\n<a href=\"\/tr\/about\/about-us\/\"><\/p>\n<div class=\"row\">\n<div class=\"col-sm-12\">\n<h2>Hakk\u0131m\u0131zda<\/h2>\n<\/div>\n<div class=\"col-sm-12\"><img loading=\"lazy\" class=\"alignnone size-large wp-image-1638\" src=\"\/wp-content\/uploads\/2018\/07\/5I3A9272-Kopie.jpg\" alt=\"\" width=\"1024\" height=\"404\" \/><\/div>\n<div class=\"col-sm-12\" style=\"padding-top: 5px;\">Ana dil e\u011fitimi i\u00e7in ders materyalleri serisi, Z\u00fcrih Pedagoji \u00dcniversitesi\u2019nin Uluslararas\u0131 E\u011fitim Merkezi (International Projects in Education -IPE) taraf\u0131ndan koordine edilerek bir\u00e7ok yazar\u0131n&#8230; <span style=\"color: #337ab7; text-decoration: underline;\">daha fazla oku<\/span><\/div>\n<\/div>\n<\/div>\n<p><\/a><br \/>\n&nbsp;<\/p>\n<\/div>\n<p><!-- ROW 2 --><\/p>\n<div class=\"row\">\n<p><!-- COL 2.1--><\/p>\n<div class=\"col-sm-6\" style=\"padding-top: 20px;\">\n<a href=\"\/tr\/about\/about-phzh\/\"><\/p>\n<div class=\"row\">\n<div class=\"col-sm-12\">\n<h2>PHZH hakk\u0131nda<\/h2>\n<\/div>\n<div class=\"col-sm-12\"><img loading=\"lazy\" class=\"alignnone size-full wp-image-1665\" src=\"\/wp-content\/uploads\/2018\/07\/about_phzh_teazer.jpg\" alt=\"\" width=\"900\" height=\"355\" srcset=\"https:\/\/myheritagelanguage.com\/wp-content\/uploads\/2018\/07\/about_phzh_teazer.jpg 900w, https:\/\/myheritagelanguage.com\/wp-content\/uploads\/2018\/07\/about_phzh_teazer-300x118.jpg 300w, https:\/\/myheritagelanguage.com\/wp-content\/uploads\/2018\/07\/about_phzh_teazer-768x303.jpg 768w\" sizes=\"(max-width: 900px) 100vw, 900px\" \/><\/div>\n<div class=\"col-sm-12\" style=\"padding-top: 5px;\">Z\u00fcrih Pedagoji \u00dcniversitesi  (PH Z\u00fcrich), Z\u00fcrih Kantonu\u2019ndaki \u00f6\u011fretmenler i\u00e7in meslek ve geli\u015ftirme e\u011fitimi merkezidir. <span style=\"color: #337ab7; text-decoration: underline;\">daha fazla oku<\/span><\/div>\n<\/div>\n<p><\/a><br \/>\n&nbsp;<\/p>\n<\/div>\n<p><!-- COL 2.2--><\/p>\n<div class=\"col-sm-6\" style=\"padding-top: 20px;\">\n<a href=\"\/tr\/about\/donors\/\"><\/p>\n<div class=\"row\">\n<div class=\"col-sm-12\">\n<h2>Partnerler<\/h2>\n<\/div>\n<div class=\"col-sm-12\"><img loading=\"lazy\" class=\"alignnone size-full wp-image-1701\" src=\"https:\/\/myheritagelanguage.com\/wp-content\/uploads\/2018\/10\/donors_teaser_800x315.jpg\" alt=\"\" width=\"800\" height=\"316\" \/><\/div>\n<div class=\"col-sm-12\" style=\"padding-top: 5px;\">Ana dil e\u011fitimi i\u00e7in ders materyalleri serisi partnerlerimizin dostane deste\u011fi olmadan ger\u00e7ekle\u015ftirilemezdi. <span style=\"color: #337ab7; text-decoration: underline;\">daha fazla oku<\/span><\/div>\n<\/div>\n<\/div>\n<p><\/a><br \/>\n&nbsp;<\/p>\n<\/div>\n","protected":false},"excerpt":{"rendered":"<p>&#8220;Ana Dil E\u011fitimi \u0130\u00e7in Ders Materyalleri&#8221; serisi, Bat\u0131 ve Kuzey Avrupa okullar\u0131ndaki g\u00fcncel ders i\u00e7in yol g\u00f6sterici olan, didaktik prensip ve metodlar\u0131 tan\u0131t\u0131r. Serinin farkl\u0131 ciltleri teorik olarak arka plan bilgileri sundu\u011fu gibi, okuldaki pratik uygulamalar i\u00e7in de somut \u00f6neriler sunmaktad\u0131r. Yeni olu\u015fturulan web sayfas\u0131 sayesinde t\u00fcm materyallere kolayl\u0131kla ula\u015f\u0131labilmekte ve indirilebilmektedir. Ama\u00e7, Ana Dil [&hellip;]<\/p>\n","protected":false},"author":1,"featured_media":0,"parent":0,"menu_order":0,"comment_status":"closed","ping_status":"closed","template":"page-full.php","meta":[],"yoast_head":"<!-- This site is optimized with the Yoast SEO plugin v17.0 - https:\/\/yoast.com\/wordpress\/plugins\/seo\/ -->\n<meta name=\"robots\" content=\"index, follow, max-snippet:-1, max-image-preview:large, max-video-preview:-1\" \/>\n<link rel=\"canonical\" href=\"https:\/\/myheritagelanguage.com\/tr\/about\/\" \/>\n<meta property=\"og:locale\" content=\"tr_TR\" \/>\n<meta property=\"og:type\" content=\"article\" \/>\n<meta property=\"og:title\" content=\"Hakkimizda | HLT\" \/>\n<meta property=\"og:description\" content=\"&#8220;Ana Dil E\u011fitimi \u0130\u00e7in Ders Materyalleri&#8221; serisi, Bat\u0131 ve Kuzey Avrupa okullar\u0131ndaki g\u00fcncel ders i\u00e7in yol g\u00f6sterici olan, didaktik prensip ve metodlar\u0131 tan\u0131t\u0131r. Serinin farkl\u0131 ciltleri teorik olarak arka plan bilgileri sundu\u011fu gibi, okuldaki pratik uygulamalar i\u00e7in de somut \u00f6neriler sunmaktad\u0131r. Yeni olu\u015fturulan web sayfas\u0131 sayesinde t\u00fcm materyallere kolayl\u0131kla ula\u015f\u0131labilmekte ve indirilebilmektedir. Ama\u00e7, Ana Dil [&hellip;]\" \/>\n<meta property=\"og:url\" content=\"https:\/\/myheritagelanguage.com\/tr\/about\/\" \/>\n<meta property=\"og:site_name\" content=\"HLT\" \/>\n<meta property=\"article:modified_time\" content=\"2018-12-28T12:16:43+00:00\" \/>\n<meta property=\"og:image\" content=\"https:\/\/myheritagelanguage.com\/wp-content\/uploads\/2018\/07\/5I3A9392-Kopie-1024x404.jpg\" \/>\n<meta name=\"twitter:card\" content=\"summary\" \/>\n<meta name=\"twitter:label1\" content=\"Tahmini okuma s\u00fcresi\" \/>\n\t<meta name=\"twitter:data1\" content=\"1 dakika\" \/>\n<script type=\"application\/ld+json\" class=\"yoast-schema-graph\">{\"@context\":\"https:\/\/schema.org\",\"@graph\":[{\"@type\":\"WebSite\",\"@id\":\"https:\/\/myheritagelanguage.com\/tr\/#website\",\"url\":\"https:\/\/myheritagelanguage.com\/tr\/\",\"name\":\"HLT\",\"description\":\"Heritage Language Teaching\",\"potentialAction\":[{\"@type\":\"SearchAction\",\"target\":{\"@type\":\"EntryPoint\",\"urlTemplate\":\"https:\/\/myheritagelanguage.com\/tr\/?s={search_term_string}\"},\"query-input\":\"required name=search_term_string\"}],\"inLanguage\":\"tr\"},{\"@type\":\"ImageObject\",\"@id\":\"https:\/\/myheritagelanguage.com\/tr\/about\/#primaryimage\",\"inLanguage\":\"tr\",\"url\":\"\/wp-content\/uploads\/2018\/07\/5I3A9392-Kopie-1024x404.jpg\",\"contentUrl\":\"\/wp-content\/uploads\/2018\/07\/5I3A9392-Kopie-1024x404.jpg\"},{\"@type\":\"WebPage\",\"@id\":\"https:\/\/myheritagelanguage.com\/tr\/about\/#webpage\",\"url\":\"https:\/\/myheritagelanguage.com\/tr\/about\/\",\"name\":\"Hakkimizda | HLT\",\"isPartOf\":{\"@id\":\"https:\/\/myheritagelanguage.com\/tr\/#website\"},\"primaryImageOfPage\":{\"@id\":\"https:\/\/myheritagelanguage.com\/tr\/about\/#primaryimage\"},\"datePublished\":\"2018-04-12T05:29:40+00:00\",\"dateModified\":\"2018-12-28T12:16:43+00:00\",\"breadcrumb\":{\"@id\":\"https:\/\/myheritagelanguage.com\/tr\/about\/#breadcrumb\"},\"inLanguage\":\"tr\",\"potentialAction\":[{\"@type\":\"ReadAction\",\"target\":[\"https:\/\/myheritagelanguage.com\/tr\/about\/\"]}]},{\"@type\":\"BreadcrumbList\",\"@id\":\"https:\/\/myheritagelanguage.com\/tr\/about\/#breadcrumb\",\"itemListElement\":[{\"@type\":\"ListItem\",\"position\":1,\"name\":\"Home\",\"item\":\"https:\/\/myheritagelanguage.com\/tr\/\"},{\"@type\":\"ListItem\",\"position\":2,\"name\":\"Hakkimizda\"}]}]}<\/script>\n<!-- \/ Yoast SEO plugin. -->","yoast_head_json":{"robots":{"index":"index","follow":"follow","max-snippet":"max-snippet:-1","max-image-preview":"max-image-preview:large","max-video-preview":"max-video-preview:-1"},"canonical":"https:\/\/myheritagelanguage.com\/tr\/about\/","og_locale":"tr_TR","og_type":"article","og_title":"Hakkimizda | HLT","og_description":"&#8220;Ana Dil E\u011fitimi \u0130\u00e7in Ders Materyalleri&#8221; serisi, Bat\u0131 ve Kuzey Avrupa okullar\u0131ndaki g\u00fcncel ders i\u00e7in yol g\u00f6sterici olan, didaktik prensip ve metodlar\u0131 tan\u0131t\u0131r. Serinin farkl\u0131 ciltleri teorik olarak arka plan bilgileri sundu\u011fu gibi, okuldaki pratik uygulamalar i\u00e7in de somut \u00f6neriler sunmaktad\u0131r. Yeni olu\u015fturulan web sayfas\u0131 sayesinde t\u00fcm materyallere kolayl\u0131kla ula\u015f\u0131labilmekte ve indirilebilmektedir. Ama\u00e7, Ana Dil [&hellip;]","og_url":"https:\/\/myheritagelanguage.com\/tr\/about\/","og_site_name":"HLT","article_modified_time":"2018-12-28T12:16:43+00:00","og_image":[{"url":"https:\/\/myheritagelanguage.com\/wp-content\/uploads\/2018\/07\/5I3A9392-Kopie-1024x404.jpg"}],"twitter_card":"summary","twitter_misc":{"Tahmini okuma s\u00fcresi":"1 dakika"},"schema":{"@context":"https:\/\/schema.org","@graph":[{"@type":"WebSite","@id":"https:\/\/myheritagelanguage.com\/tr\/#website","url":"https:\/\/myheritagelanguage.com\/tr\/","name":"HLT","description":"Heritage Language Teaching","potentialAction":[{"@type":"SearchAction","target":{"@type":"EntryPoint","urlTemplate":"https:\/\/myheritagelanguage.com\/tr\/?s={search_term_string}"},"query-input":"required name=search_term_string"}],"inLanguage":"tr"},{"@type":"ImageObject","@id":"https:\/\/myheritagelanguage.com\/tr\/about\/#primaryimage","inLanguage":"tr","url":"\/wp-content\/uploads\/2018\/07\/5I3A9392-Kopie-1024x404.jpg","contentUrl":"\/wp-content\/uploads\/2018\/07\/5I3A9392-Kopie-1024x404.jpg"},{"@type":"WebPage","@id":"https:\/\/myheritagelanguage.com\/tr\/about\/#webpage","url":"https:\/\/myheritagelanguage.com\/tr\/about\/","name":"Hakkimizda | HLT","isPartOf":{"@id":"https:\/\/myheritagelanguage.com\/tr\/#website"},"primaryImageOfPage":{"@id":"https:\/\/myheritagelanguage.com\/tr\/about\/#primaryimage"},"datePublished":"2018-04-12T05:29:40+00:00","dateModified":"2018-12-28T12:16:43+00:00","breadcrumb":{"@id":"https:\/\/myheritagelanguage.com\/tr\/about\/#breadcrumb"},"inLanguage":"tr","potentialAction":[{"@type":"ReadAction","target":["https:\/\/myheritagelanguage.com\/tr\/about\/"]}]},{"@type":"BreadcrumbList","@id":"https:\/\/myheritagelanguage.com\/tr\/about\/#breadcrumb","itemListElement":[{"@type":"ListItem","position":1,"name":"Home","item":"https:\/\/myheritagelanguage.com\/tr\/"},{"@type":"ListItem","position":2,"name":"Hakkimizda"}]}]}},"_links":{"self":[{"href":"https:\/\/myheritagelanguage.com\/tr\/wp-json\/wp\/v2\/pages\/7644"}],"collection":[{"href":"https:\/\/myheritagelanguage.com\/tr\/wp-json\/wp\/v2\/pages"}],"about":[{"href":"https:\/\/myheritagelanguage.com\/tr\/wp-json\/wp\/v2\/types\/page"}],"author":[{"embeddable":true,"href":"https:\/\/myheritagelanguage.com\/tr\/wp-json\/wp\/v2\/users\/1"}],"replies":[{"embeddable":true,"href":"https:\/\/myheritagelanguage.com\/tr\/wp-json\/wp\/v2\/comments?post=7644"}],"version-history":[{"count":3,"href":"https:\/\/myheritagelanguage.com\/tr\/wp-json\/wp\/v2\/pages\/7644\/revisions"}],"predecessor-version":[{"id":9194,"href":"https:\/\/myheritagelanguage.com\/tr\/wp-json\/wp\/v2\/pages\/7644\/revisions\/9194"}],"wp:attachment":[{"href":"https:\/\/myheritagelanguage.com\/tr\/wp-json\/wp\/v2\/media?parent=7644"}],"curies":[{"name":"wp","href":"https:\/\/api.w.org\/{rel}","templated":true}]}}