{"id":7648,"date":"2018-04-12T07:29:54","date_gmt":"2018-04-12T05:29:54","guid":{"rendered":"https:\/\/myheritagelanguage.com\/about\/about-hlt\/"},"modified":"2018-12-16T10:25:05","modified_gmt":"2018-12-16T08:25:05","slug":"about-hlt","status":"publish","type":"page","link":"https:\/\/myheritagelanguage.com\/tr\/about\/about-hlt\/","title":{"rendered":"HSU hakk\u0131nda"},"content":{"rendered":"<p>&nbsp;&nbsp;<\/p>\n<h2>Ana dil e\u011fitimi (HSU) nedir?<\/h2>\n<p>Ana dil e\u011fitimi (HSU; \u0130svi\u00e7re\u2019de HSK), g\u00f6\u00e7 edilen bir\u00e7ok \u00fclkede g\u00f6\u00e7 ge\u00e7mi\u015fi bulunan \u00f6\u011frenciler i\u00e7in birinci veya ana dilde sunulan, iste\u011fe ba\u011fl\u0131 ek ders anlam\u0131na gelmektedir. HSU \u00fclke ve b\u00f6lgeye ba\u011fl\u0131 olarak, Ana Dil Dersi\/E\u011fitimi veya Ana Dil E\u011fitimi ve K\u00fclt\u00fcr\u00fc Dersi olarak isimlendirilir. Frans\u0131zca konu\u015fulan b\u00f6lgede ELCO (enseignement de langue et culture d\u2019origine), \u0130ngilizce konu\u015fulan b\u00f6lgede supplementary schools olarak an\u0131l\u0131r.<\/p>\n<p>Ana dil e\u011fitimi normal olarak birinci s\u0131n\u0131ftan dokuzuncu s\u0131n\u0131fa kadar verilir. \u00c7o\u011funlukla d\u00fczenli derslerin ard\u0131ndan veya haftada bir \u00f6\u011fleden sonralar\u0131n\u0131n bo\u015f oldu\u011fu g\u00fcnlerde, iki ders \u00fcnitesi olarak yer al\u0131r. HSU-S\u0131n\u0131flar\u0131nda \u00e7o\u011fu zaman farkl\u0131 ya\u015flardan ve iki ya da \u00fc\u00e7 e\u011fitim basama\u011f\u0131ndan (ana okulu, ilk ve orta okul) \u00f6\u011frenciler bulunur. HSU&#8217;nun \u00f6\u011fretmenleri ana dili konu\u015fan ki\u015filer ve e\u011fitimli \u00f6\u011fretmenlerdir.<br \/>\n&nbsp;<\/p>\n<h2>HSU\u2019nun hedefleri nelerdir?<\/h2>\n<div class=\"row\">\n<div class=\"col-sm-6\" style=\"padding-top:10px\">\n<p>Ana dil e\u011fitimi iki temel hedefi g\u00f6zetir: Bir yandan \u00f6\u011frenciler ana dil ve k\u00fclt\u00fcrlerinde te\u015fvik edilmeli, ancak di\u011fer taraftan da HSU \u00f6\u011frencilerin g\u00f6\u00e7 ettikleri \u00fclkenin okul sistemi ve toplumuna oryantasyonu ve entegrasyonuna katk\u0131 sa\u011flamal\u0131d\u0131r. \u0130kinci bak\u0131\u015f a\u00e7\u0131s\u0131, okullar\u0131ndan mezun olduktan sonra \u00fclkelerine d\u00f6nmeyecek \u00f6\u011frenciler i\u00e7in \u00f6zellikle \u00f6nem ta\u015f\u0131maktad\u0131r. Bu anlamda HSU, dengeli iki dilli ve iki k\u00fclt\u00fcrl\u00fc kimli\u011fe giden yolda \u00f6nemli bir rol oynamaktad\u0131r. Ayn\u0131 zamanda, \u00e7ok dillili\u011fin toplum i\u00e7in son derece \u00f6nemli bir kaynak olarak kabul edilmesini sa\u011flamaya yard\u0131mc\u0131 olur.<\/p>\n<\/div>\n<div class=\"col-sm-6\" style=\"padding-top:10px\">\n<img loading=\"lazy\" src=\"https:\/\/myheritagelanguage.com\/wp-content\/uploads\/2018\/07\/5I3A9867-Kopie-1024x404.jpg\" alt=\"\" width=\"1024\" height=\"404\" class=\"alignnone size-large wp-image-1650\" srcset=\"https:\/\/myheritagelanguage.com\/wp-content\/uploads\/2018\/07\/5I3A9867-Kopie-1024x404.jpg 1024w, https:\/\/myheritagelanguage.com\/wp-content\/uploads\/2018\/07\/5I3A9867-Kopie-300x119.jpg 300w, https:\/\/myheritagelanguage.com\/wp-content\/uploads\/2018\/07\/5I3A9867-Kopie-768x303.jpg 768w, https:\/\/myheritagelanguage.com\/wp-content\/uploads\/2018\/07\/5I3A9867-Kopie.jpg 1200w\" sizes=\"(max-width: 1024px) 100vw, 1024px\" \/>\n<\/div>\n<\/div>\n<p>&nbsp;<\/p>\n<h2>HSU\u2019yu kim organize eder ve genel e\u011fitim veren okullara nas\u0131l entegre edilebilir?<\/h2>\n<p>HSU\u2019nun nas\u0131l d\u00fczenlendi\u011fi, k\u00f6ken \u00fclkeye ba\u011fl\u0131d\u0131r. Kurslar imk\u00e2n \u00f6l\u00e7\u00fcs\u00fcnde, g\u00f6\u00e7 edilen \u00fclke, k\u00f6ken \u00fclke konsolosluklar\u0131 veya el\u00e7ilikleri ya da \u00f6zel kurumlar taraf\u0131ndan kar\u015f\u0131lan\u0131r. B\u00f6ylece finansman kayna\u011f\u0131na ba\u011fl\u0131 olarak, HSU \u00f6\u011fretmenlerinin \u00fccret \u00f6demeleri b\u00fcy\u00fck \u00f6l\u00e7\u00fcde de\u011fi\u015fmektedir. <\/p>\n<p>Ana dil e\u011fitiminin yerel okul sistemine ne derece entegre oldu\u011fu g\u00f6\u00e7 edilen \u00fclkeye ba\u011fl\u0131d\u0131r. HSU&#8217;nun normal okul ders program\u0131na entegre edilip edilmedi\u011fi, HSU ve normal okul aras\u0131nda i\u015fbirli\u011fi projelerinin olup olmad\u0131\u011f\u0131, HSU&#8217;lu \u00f6\u011fretmenler i\u00e7in \u00f6zel geli\u015ftirme e\u011fitimi programlar\u0131n\u0131n olup olmad\u0131\u011f\u0131 ve \u00fccretlerinin nas\u0131l oldu\u011fu hususlar\u0131 bunun g\u00f6stergeleridir.<br \/>\n&nbsp;<\/p>\n<h2>HSU\u2019nun kar\u015f\u0131la\u015ft\u0131\u011f\u0131 zorluklar nelerdir?<\/h2>\n<p>Ana dil e\u011fitiminin kar\u015f\u0131la\u015ft\u0131\u011f\u0131 en \u00f6nemli zorluklar \u015funlard\u0131r:<\/p>\n<ul>\n<li>HSU kurslar\u0131 \u00e7ok say\u0131da bo\u015f zaman aktivitesi ile rekabet halinde bulunmaktad\u0131r. Sonu\u00e7 olarak, bir\u00e7ok yerde \u00f6\u011frenci say\u0131s\u0131 s\u00fcrekli olarak azalmaktad\u0131r.<\/li>\n<li>Bu durum, \u00f6zellikle ana dil e\u011fitiminin, genel e\u011fitim veren okul sistemine entegre edilmedi\u011fi yerlerde s\u00f6z konusudur ve ayr\u0131ca bir sorun olu\u015fturmaktad\u0131r.<\/li>\n<li>Kurslar genellikle, ya\u015f ve dil seviyeleri a\u00e7\u0131s\u0131ndan karma gruplarda \u00f6\u011fretilir. \u00d6\u011frencilerin bu nedenle \u00e7ok farkl\u0131 temelleri ve ihtiya\u00e7lar\u0131 vard\u0131r.<\/li>\n<li>HSU \u00f6\u011fretmenlerinin istihdam ko\u015fullar\u0131 ve maa\u015flar\u0131 \u00e7o\u011funlukla yetersizdir.<\/li>\n<li>Genel e\u011fitim veren okullardaki \u00f6\u011fretmenlerle birlikte \u00e7al\u0131\u015fma f\u0131rsat\u0131 nadiren vard\u0131r.<\/li>\n<\/ul>\n<div class=\"row\">\n<div class=\"col-sm-6\" style=\"padding-top:10px\">\n<img loading=\"lazy\" src=\"https:\/\/myheritagelanguage.com\/wp-content\/uploads\/2018\/07\/5I3A9851-Kopie-1024x404.jpg\" alt=\"\" width=\"1024\" height=\"404\" class=\"alignnone size-large wp-image-1649\" srcset=\"https:\/\/myheritagelanguage.com\/wp-content\/uploads\/2018\/07\/5I3A9851-Kopie-1024x404.jpg 1024w, https:\/\/myheritagelanguage.com\/wp-content\/uploads\/2018\/07\/5I3A9851-Kopie-300x119.jpg 300w, https:\/\/myheritagelanguage.com\/wp-content\/uploads\/2018\/07\/5I3A9851-Kopie-768x303.jpg 768w, https:\/\/myheritagelanguage.com\/wp-content\/uploads\/2018\/07\/5I3A9851-Kopie.jpg 1200w\" sizes=\"(max-width: 1024px) 100vw, 1024px\" \/>\n<\/div>\n<div class=\"col-sm-6\" style=\"padding-top:10px\">\n<img loading=\"lazy\" src=\"https:\/\/myheritagelanguage.com\/wp-content\/uploads\/2018\/07\/5I3A9558-Kopie-1024x404.jpg\" alt=\"\" width=\"1024\" height=\"404\" class=\"alignnone size-large wp-image-1646\" srcset=\"https:\/\/myheritagelanguage.com\/wp-content\/uploads\/2018\/07\/5I3A9558-Kopie-1024x404.jpg 1024w, https:\/\/myheritagelanguage.com\/wp-content\/uploads\/2018\/07\/5I3A9558-Kopie-300x119.jpg 300w, https:\/\/myheritagelanguage.com\/wp-content\/uploads\/2018\/07\/5I3A9558-Kopie-768x303.jpg 768w, https:\/\/myheritagelanguage.com\/wp-content\/uploads\/2018\/07\/5I3A9558-Kopie.jpg 1200w\" sizes=\"(max-width: 1024px) 100vw, 1024px\" \/>\n<\/div>\n<\/div>\n","protected":false},"excerpt":{"rendered":"<p>&nbsp;&nbsp; Ana dil e\u011fitimi (HSU) nedir? Ana dil e\u011fitimi (HSU; \u0130svi\u00e7re\u2019de HSK), g\u00f6\u00e7 edilen bir\u00e7ok \u00fclkede g\u00f6\u00e7 ge\u00e7mi\u015fi bulunan \u00f6\u011frenciler i\u00e7in birinci veya ana dilde sunulan, iste\u011fe ba\u011fl\u0131 ek ders anlam\u0131na gelmektedir. HSU \u00fclke ve b\u00f6lgeye ba\u011fl\u0131 olarak, Ana Dil Dersi\/E\u011fitimi veya Ana Dil E\u011fitimi ve K\u00fclt\u00fcr\u00fc Dersi olarak isimlendirilir. Frans\u0131zca konu\u015fulan b\u00f6lgede ELCO (enseignement [&hellip;]<\/p>\n","protected":false},"author":1,"featured_media":7650,"parent":7644,"menu_order":0,"comment_status":"closed","ping_status":"closed","template":"page-full.php","meta":[],"yoast_head":"<!-- This site is optimized with the Yoast SEO plugin v17.0 - https:\/\/yoast.com\/wordpress\/plugins\/seo\/ -->\n<meta name=\"robots\" content=\"index, follow, max-snippet:-1, max-image-preview:large, max-video-preview:-1\" \/>\n<link rel=\"canonical\" href=\"https:\/\/myheritagelanguage.com\/tr\/about\/about-hlt\/\" \/>\n<meta property=\"og:locale\" content=\"tr_TR\" \/>\n<meta property=\"og:type\" content=\"article\" \/>\n<meta property=\"og:title\" content=\"HSU hakk\u0131nda | HLT\" \/>\n<meta property=\"og:description\" content=\"&nbsp;&nbsp; Ana dil e\u011fitimi (HSU) nedir? Ana dil e\u011fitimi (HSU; \u0130svi\u00e7re\u2019de HSK), g\u00f6\u00e7 edilen bir\u00e7ok \u00fclkede g\u00f6\u00e7 ge\u00e7mi\u015fi bulunan \u00f6\u011frenciler i\u00e7in birinci veya ana dilde sunulan, iste\u011fe ba\u011fl\u0131 ek ders anlam\u0131na gelmektedir. HSU \u00fclke ve b\u00f6lgeye ba\u011fl\u0131 olarak, Ana Dil Dersi\/E\u011fitimi veya Ana Dil E\u011fitimi ve K\u00fclt\u00fcr\u00fc Dersi olarak isimlendirilir. Frans\u0131zca konu\u015fulan b\u00f6lgede ELCO (enseignement [&hellip;]\" \/>\n<meta property=\"og:url\" content=\"https:\/\/myheritagelanguage.com\/tr\/about\/about-hlt\/\" \/>\n<meta property=\"og:site_name\" content=\"HLT\" \/>\n<meta property=\"article:modified_time\" content=\"2018-12-16T08:25:05+00:00\" \/>\n<meta property=\"og:image\" content=\"https:\/\/myheritagelanguage.com\/wp-content\/uploads\/2018\/07\/5I3A9392-Kopie.jpg\" \/>\n\t<meta property=\"og:image:width\" content=\"1200\" \/>\n\t<meta property=\"og:image:height\" content=\"474\" \/>\n<meta name=\"twitter:card\" content=\"summary\" \/>\n<meta name=\"twitter:label1\" content=\"Tahmini okuma s\u00fcresi\" \/>\n\t<meta name=\"twitter:data1\" content=\"3 dakika\" \/>\n<script type=\"application\/ld+json\" class=\"yoast-schema-graph\">{\"@context\":\"https:\/\/schema.org\",\"@graph\":[{\"@type\":\"WebSite\",\"@id\":\"https:\/\/myheritagelanguage.com\/tr\/#website\",\"url\":\"https:\/\/myheritagelanguage.com\/tr\/\",\"name\":\"HLT\",\"description\":\"Heritage Language Teaching\",\"potentialAction\":[{\"@type\":\"SearchAction\",\"target\":{\"@type\":\"EntryPoint\",\"urlTemplate\":\"https:\/\/myheritagelanguage.com\/tr\/?s={search_term_string}\"},\"query-input\":\"required name=search_term_string\"}],\"inLanguage\":\"tr\"},{\"@type\":\"ImageObject\",\"@id\":\"https:\/\/myheritagelanguage.com\/tr\/about\/about-hlt\/#primaryimage\",\"inLanguage\":\"tr\",\"url\":\"https:\/\/myheritagelanguage.com\/wp-content\/uploads\/2018\/07\/5I3A9392-Kopie.jpg\",\"contentUrl\":\"https:\/\/myheritagelanguage.com\/wp-content\/uploads\/2018\/07\/5I3A9392-Kopie.jpg\",\"width\":1200,\"height\":474},{\"@type\":\"WebPage\",\"@id\":\"https:\/\/myheritagelanguage.com\/tr\/about\/about-hlt\/#webpage\",\"url\":\"https:\/\/myheritagelanguage.com\/tr\/about\/about-hlt\/\",\"name\":\"HSU hakk\\u0131nda | HLT\",\"isPartOf\":{\"@id\":\"https:\/\/myheritagelanguage.com\/tr\/#website\"},\"primaryImageOfPage\":{\"@id\":\"https:\/\/myheritagelanguage.com\/tr\/about\/about-hlt\/#primaryimage\"},\"datePublished\":\"2018-04-12T05:29:54+00:00\",\"dateModified\":\"2018-12-16T08:25:05+00:00\",\"breadcrumb\":{\"@id\":\"https:\/\/myheritagelanguage.com\/tr\/about\/about-hlt\/#breadcrumb\"},\"inLanguage\":\"tr\",\"potentialAction\":[{\"@type\":\"ReadAction\",\"target\":[\"https:\/\/myheritagelanguage.com\/tr\/about\/about-hlt\/\"]}]},{\"@type\":\"BreadcrumbList\",\"@id\":\"https:\/\/myheritagelanguage.com\/tr\/about\/about-hlt\/#breadcrumb\",\"itemListElement\":[{\"@type\":\"ListItem\",\"position\":1,\"name\":\"Home\",\"item\":\"https:\/\/myheritagelanguage.com\/tr\/\"},{\"@type\":\"ListItem\",\"position\":2,\"name\":\"Hakkimizda\",\"item\":\"https:\/\/myheritagelanguage.com\/tr\/about\/\"},{\"@type\":\"ListItem\",\"position\":3,\"name\":\"HSU hakk\\u0131nda\"}]}]}<\/script>\n<!-- \/ Yoast SEO plugin. -->","yoast_head_json":{"robots":{"index":"index","follow":"follow","max-snippet":"max-snippet:-1","max-image-preview":"max-image-preview:large","max-video-preview":"max-video-preview:-1"},"canonical":"https:\/\/myheritagelanguage.com\/tr\/about\/about-hlt\/","og_locale":"tr_TR","og_type":"article","og_title":"HSU hakk\u0131nda | HLT","og_description":"&nbsp;&nbsp; Ana dil e\u011fitimi (HSU) nedir? Ana dil e\u011fitimi (HSU; \u0130svi\u00e7re\u2019de HSK), g\u00f6\u00e7 edilen bir\u00e7ok \u00fclkede g\u00f6\u00e7 ge\u00e7mi\u015fi bulunan \u00f6\u011frenciler i\u00e7in birinci veya ana dilde sunulan, iste\u011fe ba\u011fl\u0131 ek ders anlam\u0131na gelmektedir. HSU \u00fclke ve b\u00f6lgeye ba\u011fl\u0131 olarak, Ana Dil Dersi\/E\u011fitimi veya Ana Dil E\u011fitimi ve K\u00fclt\u00fcr\u00fc Dersi olarak isimlendirilir. Frans\u0131zca konu\u015fulan b\u00f6lgede ELCO (enseignement [&hellip;]","og_url":"https:\/\/myheritagelanguage.com\/tr\/about\/about-hlt\/","og_site_name":"HLT","article_modified_time":"2018-12-16T08:25:05+00:00","og_image":[{"width":1200,"height":474,"url":"https:\/\/myheritagelanguage.com\/wp-content\/uploads\/2018\/07\/5I3A9392-Kopie.jpg","path":"\/home\/httpd\/vhosts\/myheritagelanguage.com\/httpdocs\/wp-content\/uploads\/2018\/07\/5I3A9392-Kopie.jpg","size":"full","id":7650,"alt":"","pixels":568800,"type":"image\/jpeg"}],"twitter_card":"summary","twitter_misc":{"Tahmini okuma s\u00fcresi":"3 dakika"},"schema":{"@context":"https:\/\/schema.org","@graph":[{"@type":"WebSite","@id":"https:\/\/myheritagelanguage.com\/tr\/#website","url":"https:\/\/myheritagelanguage.com\/tr\/","name":"HLT","description":"Heritage Language Teaching","potentialAction":[{"@type":"SearchAction","target":{"@type":"EntryPoint","urlTemplate":"https:\/\/myheritagelanguage.com\/tr\/?s={search_term_string}"},"query-input":"required name=search_term_string"}],"inLanguage":"tr"},{"@type":"ImageObject","@id":"https:\/\/myheritagelanguage.com\/tr\/about\/about-hlt\/#primaryimage","inLanguage":"tr","url":"https:\/\/myheritagelanguage.com\/wp-content\/uploads\/2018\/07\/5I3A9392-Kopie.jpg","contentUrl":"https:\/\/myheritagelanguage.com\/wp-content\/uploads\/2018\/07\/5I3A9392-Kopie.jpg","width":1200,"height":474},{"@type":"WebPage","@id":"https:\/\/myheritagelanguage.com\/tr\/about\/about-hlt\/#webpage","url":"https:\/\/myheritagelanguage.com\/tr\/about\/about-hlt\/","name":"HSU hakk\u0131nda | HLT","isPartOf":{"@id":"https:\/\/myheritagelanguage.com\/tr\/#website"},"primaryImageOfPage":{"@id":"https:\/\/myheritagelanguage.com\/tr\/about\/about-hlt\/#primaryimage"},"datePublished":"2018-04-12T05:29:54+00:00","dateModified":"2018-12-16T08:25:05+00:00","breadcrumb":{"@id":"https:\/\/myheritagelanguage.com\/tr\/about\/about-hlt\/#breadcrumb"},"inLanguage":"tr","potentialAction":[{"@type":"ReadAction","target":["https:\/\/myheritagelanguage.com\/tr\/about\/about-hlt\/"]}]},{"@type":"BreadcrumbList","@id":"https:\/\/myheritagelanguage.com\/tr\/about\/about-hlt\/#breadcrumb","itemListElement":[{"@type":"ListItem","position":1,"name":"Home","item":"https:\/\/myheritagelanguage.com\/tr\/"},{"@type":"ListItem","position":2,"name":"Hakkimizda","item":"https:\/\/myheritagelanguage.com\/tr\/about\/"},{"@type":"ListItem","position":3,"name":"HSU hakk\u0131nda"}]}]}},"_links":{"self":[{"href":"https:\/\/myheritagelanguage.com\/tr\/wp-json\/wp\/v2\/pages\/7648"}],"collection":[{"href":"https:\/\/myheritagelanguage.com\/tr\/wp-json\/wp\/v2\/pages"}],"about":[{"href":"https:\/\/myheritagelanguage.com\/tr\/wp-json\/wp\/v2\/types\/page"}],"author":[{"embeddable":true,"href":"https:\/\/myheritagelanguage.com\/tr\/wp-json\/wp\/v2\/users\/1"}],"replies":[{"embeddable":true,"href":"https:\/\/myheritagelanguage.com\/tr\/wp-json\/wp\/v2\/comments?post=7648"}],"version-history":[{"count":2,"href":"https:\/\/myheritagelanguage.com\/tr\/wp-json\/wp\/v2\/pages\/7648\/revisions"}],"predecessor-version":[{"id":7652,"href":"https:\/\/myheritagelanguage.com\/tr\/wp-json\/wp\/v2\/pages\/7648\/revisions\/7652"}],"up":[{"embeddable":true,"href":"https:\/\/myheritagelanguage.com\/tr\/wp-json\/wp\/v2\/pages\/7644"}],"wp:featuredmedia":[{"embeddable":true,"href":"https:\/\/myheritagelanguage.com\/tr\/wp-json\/wp\/v2\/media\/7650"}],"wp:attachment":[{"href":"https:\/\/myheritagelanguage.com\/tr\/wp-json\/wp\/v2\/media?parent=7648"}],"curies":[{"name":"wp","href":"https:\/\/api.w.org\/{rel}","templated":true}]}}