{"id":7666,"date":"2018-04-12T07:30:09","date_gmt":"2018-04-12T05:30:09","guid":{"rendered":"https:\/\/myheritagelanguage.com\/about\/about-phzh\/"},"modified":"2025-04-24T11:32:19","modified_gmt":"2025-04-24T09:32:19","slug":"about-phzh","status":"publish","type":"page","link":"https:\/\/myheritagelanguage.com\/tr\/about\/about-phzh\/","title":{"rendered":"PHZH hakk\u0131nda"},"content":{"rendered":"<p>Z\u00fcrih Pedagoji \u00dcniversitesi  (PH Z\u00fcrich), Z\u00fcrih Kantonu\u2019ndaki \u00f6\u011fretmenler i\u00e7in meslek ve geli\u015ftirme e\u011fitimi merkezidir.<\/p>\n<p><img loading=\"lazy\" class=\"aligncenter wp-image-1389 size-large\" src=\"http:\/\/hlt.cwd.gr\/wp-content\/uploads\/2018\/06\/phzh_01-1024x683.jpg\" alt=\"\" width=\"1024\" height=\"683\" srcset=\"https:\/\/myheritagelanguage.com\/wp-content\/uploads\/2018\/06\/phzh_01.jpg 1024w, https:\/\/myheritagelanguage.com\/wp-content\/uploads\/2018\/06\/phzh_01-300x200.jpg 300w, https:\/\/myheritagelanguage.com\/wp-content\/uploads\/2018\/06\/phzh_01-768x512.jpg 768w\" sizes=\"(max-width: 1024px) 100vw, 1024px\" \/><\/p>\n<p>\u00dcniversite 2002\u2019nin sonbahar\u0131nda \u015fu ana kadar mevcut \u00f6\u011fretmenlik e\u011fitimi veren on bir enstit\u00fcn\u00fcn birle\u015fmesiyle kurulmu\u015ftur. PH Z\u00fcrih, kantona ba\u011fl\u0131 Uygulamal\u0131 Bilimler \u00dcniversitesi Birli\u011fi\u2019ne ait olup a\u015fa\u011f\u0131daki alanlara ayr\u0131lm\u0131\u015ft\u0131r:<\/p>\n<ul>\n<li>Her seviyede \u00f6\u011fretmen adaylar\u0131 i\u00e7in mesleki e\u011fitim<\/li>\n<li>\u00d6\u011fretmenler, okul y\u00f6neticileri ve e\u011fitim kurumlar\u0131 i\u00e7in geli\u015ftirme e\u011fitimi ve hizmetler<\/li>\n<li>Ara\u015ft\u0131rma ve Geli\u015ftirme<\/li>\n<\/ul>\n<p>Yakla\u015f\u0131k 3800 \u00fcniversite \u00f6\u011frencisi, 21.000 geli\u015ftirme e\u011fitimi kat\u0131l\u0131mc\u0131s\u0131, yakla\u015f\u0131k 600 \u00f6\u011fretim g\u00f6revlisi, ara\u015ft\u0131rma g\u00f6revlisi ve asistan, ayr\u0131ca 300 idari, teknik ve operasyonel fonksiyonlardaki (tam veya yar\u0131 zamanl\u0131) personel PH Z\u00fcrih\u2019de \u00e7al\u0131\u015fmaktad\u0131r.<\/p>\n<p><img loading=\"lazy\" class=\"aligncenter wp-image-1390 size-large\" src=\"http:\/\/hlt.cwd.gr\/wp-content\/uploads\/2018\/06\/phzh_02-1024x683.jpg\" alt=\"\" width=\"1024\" height=\"683\" srcset=\"https:\/\/myheritagelanguage.com\/wp-content\/uploads\/2018\/06\/phzh_02-1024x683.jpg 1024w, https:\/\/myheritagelanguage.com\/wp-content\/uploads\/2018\/06\/phzh_02-300x200.jpg 300w, https:\/\/myheritagelanguage.com\/wp-content\/uploads\/2018\/06\/phzh_02-768x512.jpg 768w, https:\/\/myheritagelanguage.com\/wp-content\/uploads\/2018\/06\/phzh_02.jpg 2048w\" sizes=\"(max-width: 1024px) 100vw, 1024px\" \/><\/p>\n<p><img loading=\"lazy\" class=\"alignnone size-large wp-image-1391\" src=\"http:\/\/hlt.cwd.gr\/wp-content\/uploads\/2018\/06\/phzh_03-1024x683.jpg\" alt=\"\" width=\"1024\" height=\"683\" srcset=\"https:\/\/myheritagelanguage.com\/wp-content\/uploads\/2018\/06\/phzh_03-1024x683.jpg 1024w, https:\/\/myheritagelanguage.com\/wp-content\/uploads\/2018\/06\/phzh_03-300x200.jpg 300w, https:\/\/myheritagelanguage.com\/wp-content\/uploads\/2018\/06\/phzh_03-768x512.jpg 768w, https:\/\/myheritagelanguage.com\/wp-content\/uploads\/2018\/06\/phzh_03.jpg 2048w\" sizes=\"(max-width: 1024px) 100vw, 1024px\" \/><\/p>\n<p>&nbsp;<\/p>\n<p>Kaynak: <a href=\"https:\/\/phzh.ch\/en\/about-phzh\/\" target=\"_blank\" rel=\"noopener\">PHZH<\/a><\/p>\n","protected":false},"excerpt":{"rendered":"<p>Z\u00fcrih Pedagoji \u00dcniversitesi (PH Z\u00fcrich), Z\u00fcrih Kantonu\u2019ndaki \u00f6\u011fretmenler i\u00e7in meslek ve geli\u015ftirme e\u011fitimi merkezidir. \u00dcniversite 2002\u2019nin sonbahar\u0131nda \u015fu ana kadar mevcut \u00f6\u011fretmenlik e\u011fitimi veren on bir enstit\u00fcn\u00fcn birle\u015fmesiyle kurulmu\u015ftur. PH Z\u00fcrih, kantona ba\u011fl\u0131 Uygulamal\u0131 Bilimler \u00dcniversitesi Birli\u011fi\u2019ne ait olup a\u015fa\u011f\u0131daki alanlara ayr\u0131lm\u0131\u015ft\u0131r: Her seviyede \u00f6\u011fretmen adaylar\u0131 i\u00e7in mesleki e\u011fitim \u00d6\u011fretmenler, okul y\u00f6neticileri ve e\u011fitim kurumlar\u0131 [&hellip;]<\/p>\n","protected":false},"author":1,"featured_media":0,"parent":7644,"menu_order":0,"comment_status":"closed","ping_status":"closed","template":"","meta":[],"yoast_head":"<!-- This site is optimized with the Yoast SEO plugin v17.0 - https:\/\/yoast.com\/wordpress\/plugins\/seo\/ -->\n<meta name=\"robots\" content=\"index, follow, max-snippet:-1, max-image-preview:large, max-video-preview:-1\" \/>\n<link rel=\"canonical\" href=\"https:\/\/myheritagelanguage.com\/tr\/about\/about-phzh\/\" \/>\n<meta property=\"og:locale\" content=\"tr_TR\" \/>\n<meta property=\"og:type\" content=\"article\" \/>\n<meta property=\"og:title\" content=\"PHZH hakk\u0131nda | HLT\" \/>\n<meta property=\"og:description\" content=\"Z\u00fcrih Pedagoji \u00dcniversitesi (PH Z\u00fcrich), Z\u00fcrih Kantonu\u2019ndaki \u00f6\u011fretmenler i\u00e7in meslek ve geli\u015ftirme e\u011fitimi merkezidir. \u00dcniversite 2002\u2019nin sonbahar\u0131nda \u015fu ana kadar mevcut \u00f6\u011fretmenlik e\u011fitimi veren on bir enstit\u00fcn\u00fcn birle\u015fmesiyle kurulmu\u015ftur. PH Z\u00fcrih, kantona ba\u011fl\u0131 Uygulamal\u0131 Bilimler \u00dcniversitesi Birli\u011fi\u2019ne ait olup a\u015fa\u011f\u0131daki alanlara ayr\u0131lm\u0131\u015ft\u0131r: Her seviyede \u00f6\u011fretmen adaylar\u0131 i\u00e7in mesleki e\u011fitim \u00d6\u011fretmenler, okul y\u00f6neticileri ve e\u011fitim kurumlar\u0131 [&hellip;]\" \/>\n<meta property=\"og:url\" content=\"https:\/\/myheritagelanguage.com\/tr\/about\/about-phzh\/\" \/>\n<meta property=\"og:site_name\" content=\"HLT\" \/>\n<meta property=\"article:modified_time\" content=\"2025-04-24T09:32:19+00:00\" \/>\n<meta property=\"og:image\" content=\"http:\/\/hlt.cwd.gr\/wp-content\/uploads\/2018\/06\/phzh_01-1024x683.jpg\" \/>\n<meta name=\"twitter:card\" content=\"summary\" \/>\n<meta name=\"twitter:label1\" content=\"Tahmini okuma s\u00fcresi\" \/>\n\t<meta name=\"twitter:data1\" content=\"1 dakika\" \/>\n<script type=\"application\/ld+json\" class=\"yoast-schema-graph\">{\"@context\":\"https:\/\/schema.org\",\"@graph\":[{\"@type\":\"WebSite\",\"@id\":\"https:\/\/myheritagelanguage.com\/tr\/#website\",\"url\":\"https:\/\/myheritagelanguage.com\/tr\/\",\"name\":\"HLT\",\"description\":\"Heritage Language Teaching\",\"potentialAction\":[{\"@type\":\"SearchAction\",\"target\":{\"@type\":\"EntryPoint\",\"urlTemplate\":\"https:\/\/myheritagelanguage.com\/tr\/?s={search_term_string}\"},\"query-input\":\"required name=search_term_string\"}],\"inLanguage\":\"tr\"},{\"@type\":\"ImageObject\",\"@id\":\"https:\/\/myheritagelanguage.com\/tr\/about\/about-phzh\/#primaryimage\",\"inLanguage\":\"tr\",\"url\":\"http:\/\/hlt.cwd.gr\/wp-content\/uploads\/2018\/06\/phzh_01-1024x683.jpg\",\"contentUrl\":\"http:\/\/hlt.cwd.gr\/wp-content\/uploads\/2018\/06\/phzh_01-1024x683.jpg\"},{\"@type\":\"WebPage\",\"@id\":\"https:\/\/myheritagelanguage.com\/tr\/about\/about-phzh\/#webpage\",\"url\":\"https:\/\/myheritagelanguage.com\/tr\/about\/about-phzh\/\",\"name\":\"PHZH hakk\\u0131nda | HLT\",\"isPartOf\":{\"@id\":\"https:\/\/myheritagelanguage.com\/tr\/#website\"},\"primaryImageOfPage\":{\"@id\":\"https:\/\/myheritagelanguage.com\/tr\/about\/about-phzh\/#primaryimage\"},\"datePublished\":\"2018-04-12T05:30:09+00:00\",\"dateModified\":\"2025-04-24T09:32:19+00:00\",\"breadcrumb\":{\"@id\":\"https:\/\/myheritagelanguage.com\/tr\/about\/about-phzh\/#breadcrumb\"},\"inLanguage\":\"tr\",\"potentialAction\":[{\"@type\":\"ReadAction\",\"target\":[\"https:\/\/myheritagelanguage.com\/tr\/about\/about-phzh\/\"]}]},{\"@type\":\"BreadcrumbList\",\"@id\":\"https:\/\/myheritagelanguage.com\/tr\/about\/about-phzh\/#breadcrumb\",\"itemListElement\":[{\"@type\":\"ListItem\",\"position\":1,\"name\":\"Home\",\"item\":\"https:\/\/myheritagelanguage.com\/tr\/\"},{\"@type\":\"ListItem\",\"position\":2,\"name\":\"Hakkimizda\",\"item\":\"https:\/\/myheritagelanguage.com\/tr\/about\/\"},{\"@type\":\"ListItem\",\"position\":3,\"name\":\"PHZH hakk\\u0131nda\"}]}]}<\/script>\n<!-- \/ Yoast SEO plugin. -->","yoast_head_json":{"robots":{"index":"index","follow":"follow","max-snippet":"max-snippet:-1","max-image-preview":"max-image-preview:large","max-video-preview":"max-video-preview:-1"},"canonical":"https:\/\/myheritagelanguage.com\/tr\/about\/about-phzh\/","og_locale":"tr_TR","og_type":"article","og_title":"PHZH hakk\u0131nda | HLT","og_description":"Z\u00fcrih Pedagoji \u00dcniversitesi (PH Z\u00fcrich), Z\u00fcrih Kantonu\u2019ndaki \u00f6\u011fretmenler i\u00e7in meslek ve geli\u015ftirme e\u011fitimi merkezidir. \u00dcniversite 2002\u2019nin sonbahar\u0131nda \u015fu ana kadar mevcut \u00f6\u011fretmenlik e\u011fitimi veren on bir enstit\u00fcn\u00fcn birle\u015fmesiyle kurulmu\u015ftur. PH Z\u00fcrih, kantona ba\u011fl\u0131 Uygulamal\u0131 Bilimler \u00dcniversitesi Birli\u011fi\u2019ne ait olup a\u015fa\u011f\u0131daki alanlara ayr\u0131lm\u0131\u015ft\u0131r: Her seviyede \u00f6\u011fretmen adaylar\u0131 i\u00e7in mesleki e\u011fitim \u00d6\u011fretmenler, okul y\u00f6neticileri ve e\u011fitim kurumlar\u0131 [&hellip;]","og_url":"https:\/\/myheritagelanguage.com\/tr\/about\/about-phzh\/","og_site_name":"HLT","article_modified_time":"2025-04-24T09:32:19+00:00","og_image":[{"url":"http:\/\/hlt.cwd.gr\/wp-content\/uploads\/2018\/06\/phzh_01-1024x683.jpg"}],"twitter_card":"summary","twitter_misc":{"Tahmini okuma s\u00fcresi":"1 dakika"},"schema":{"@context":"https:\/\/schema.org","@graph":[{"@type":"WebSite","@id":"https:\/\/myheritagelanguage.com\/tr\/#website","url":"https:\/\/myheritagelanguage.com\/tr\/","name":"HLT","description":"Heritage Language Teaching","potentialAction":[{"@type":"SearchAction","target":{"@type":"EntryPoint","urlTemplate":"https:\/\/myheritagelanguage.com\/tr\/?s={search_term_string}"},"query-input":"required name=search_term_string"}],"inLanguage":"tr"},{"@type":"ImageObject","@id":"https:\/\/myheritagelanguage.com\/tr\/about\/about-phzh\/#primaryimage","inLanguage":"tr","url":"http:\/\/hlt.cwd.gr\/wp-content\/uploads\/2018\/06\/phzh_01-1024x683.jpg","contentUrl":"http:\/\/hlt.cwd.gr\/wp-content\/uploads\/2018\/06\/phzh_01-1024x683.jpg"},{"@type":"WebPage","@id":"https:\/\/myheritagelanguage.com\/tr\/about\/about-phzh\/#webpage","url":"https:\/\/myheritagelanguage.com\/tr\/about\/about-phzh\/","name":"PHZH hakk\u0131nda | HLT","isPartOf":{"@id":"https:\/\/myheritagelanguage.com\/tr\/#website"},"primaryImageOfPage":{"@id":"https:\/\/myheritagelanguage.com\/tr\/about\/about-phzh\/#primaryimage"},"datePublished":"2018-04-12T05:30:09+00:00","dateModified":"2025-04-24T09:32:19+00:00","breadcrumb":{"@id":"https:\/\/myheritagelanguage.com\/tr\/about\/about-phzh\/#breadcrumb"},"inLanguage":"tr","potentialAction":[{"@type":"ReadAction","target":["https:\/\/myheritagelanguage.com\/tr\/about\/about-phzh\/"]}]},{"@type":"BreadcrumbList","@id":"https:\/\/myheritagelanguage.com\/tr\/about\/about-phzh\/#breadcrumb","itemListElement":[{"@type":"ListItem","position":1,"name":"Home","item":"https:\/\/myheritagelanguage.com\/tr\/"},{"@type":"ListItem","position":2,"name":"Hakkimizda","item":"https:\/\/myheritagelanguage.com\/tr\/about\/"},{"@type":"ListItem","position":3,"name":"PHZH hakk\u0131nda"}]}]}},"_links":{"self":[{"href":"https:\/\/myheritagelanguage.com\/tr\/wp-json\/wp\/v2\/pages\/7666"}],"collection":[{"href":"https:\/\/myheritagelanguage.com\/tr\/wp-json\/wp\/v2\/pages"}],"about":[{"href":"https:\/\/myheritagelanguage.com\/tr\/wp-json\/wp\/v2\/types\/page"}],"author":[{"embeddable":true,"href":"https:\/\/myheritagelanguage.com\/tr\/wp-json\/wp\/v2\/users\/1"}],"replies":[{"embeddable":true,"href":"https:\/\/myheritagelanguage.com\/tr\/wp-json\/wp\/v2\/comments?post=7666"}],"version-history":[{"count":2,"href":"https:\/\/myheritagelanguage.com\/tr\/wp-json\/wp\/v2\/pages\/7666\/revisions"}],"predecessor-version":[{"id":17978,"href":"https:\/\/myheritagelanguage.com\/tr\/wp-json\/wp\/v2\/pages\/7666\/revisions\/17978"}],"up":[{"embeddable":true,"href":"https:\/\/myheritagelanguage.com\/tr\/wp-json\/wp\/v2\/pages\/7644"}],"wp:attachment":[{"href":"https:\/\/myheritagelanguage.com\/tr\/wp-json\/wp\/v2\/media?parent=7666"}],"curies":[{"name":"wp","href":"https:\/\/api.w.org\/{rel}","templated":true}]}}