{"id":7669,"date":"2018-04-12T07:30:20","date_gmt":"2018-04-12T05:30:20","guid":{"rendered":"https:\/\/myheritagelanguage.com\/about\/about-us\/"},"modified":"2025-04-24T11:26:14","modified_gmt":"2025-04-24T09:26:14","slug":"about-us","status":"publish","type":"page","link":"https:\/\/myheritagelanguage.com\/tr\/about\/about-us\/","title":{"rendered":"Hakk\u0131m\u0131zda"},"content":{"rendered":"<p>&nbsp;<br \/>\n&nbsp;<\/p>\n<h2>The IPE<\/h2>\n<p>Ana dil e\u011fitimi i\u00e7in ders materyalleri serisi, Z\u00fcrih Pedagoji \u00dcniversitesi\u2019nin Uluslararas\u0131 E\u011fitim Merkezi (International Projects in Education -IPE) taraf\u0131ndan koordine edilerek bir\u00e7ok yazar\u0131n, e\u011fitim uzman\u0131n\u0131n ve \u00f6\u011fretmenin birlikte \u00e7al\u0131\u015fmas\u0131 sonucu meydana gelmi\u015ftir. IPE pedagojik kalk\u0131nma i\u015fbirli\u011fi alan\u0131nda \u00f6zellikle Do\u011fu Avrupa, Balkanlar, Asya ve Afrika\u2019da aktiftir. Pedagojik \u00dcniversite\u2019nin bir par\u00e7as\u0131 olarak, IPE, \u0130svi\u00e7re\u2019de ve yurt d\u0131\u015f\u0131nda e\u011fitim alan\u0131nda kendini kan\u0131tlam\u0131\u015f uzmanlardan ve \u00f6\u011fretmen e\u011fitiminde \u00fcniversite hocalar\u0131ndan faydalanma olana\u011f\u0131na sahiptir.<\/p>\n<p>\u00d6\u011fretmen e\u011fitimi, yo\u011fun olarak, g\u00f6\u00e7 hik\u00e2yesi olan \u00f6\u011frenciler taraf\u0131ndan a\u015f\u0131lmas\u0131 gereken zorluklar \u00fczerinde \u00e7al\u0131\u015fmaktad\u0131r. Bunlar aras\u0131nda e\u011fitim dilinin \u00f6\u011frenilmesi ve ayn\u0131 zamanda ana dilin korunmas\u0131 ihtiyac\u0131 vard\u0131r. Bu ayn\u0131 zamanda IPE&#8217;nin ana dil e\u011fitimi i\u00e7in materyallerin yay\u0131nlanmas\u0131 hususunda, bran\u015f didakti\u011fi, pedagoji ve \u00e7ok dillilik alanlar\u0131nda kendi uzman a\u011f\u0131ndan faydalanmas\u0131n\u0131n da bir nedenidir.<\/p>\n<p>IPE&#8217;nin di\u011fer \u00e7al\u0131\u015ft\u0131\u011f\u0131 a\u011f\u0131rl\u0131k noktalar\u0131 politik e\u011fitim, mesleki y\u00f6nlendirme ve ya\u015fam becerilerinin desteklenmesidir.<\/p>\n<p><a href=\"https:\/\/ipe.phzh.ch\/\" target=\"_blank\" rel=\"noopener\">IPE hakk\u0131nda daha fazla bilgi i\u00e7in<\/a><\/p>\n<p>&nbsp;<\/p>\n<h2>Ana dil e\u011fitimi i\u00e7in ders materyalleri serisinin yay\u0131mc\u0131s\u0131<\/h2>\n<p>Ana dil e\u011fitimi yay\u0131n\u0131n\u0131n arkas\u0131ndaki itici g\u00fc\u00e7 Prof. Dr.Dr. Basil Schader olmu\u015ftur. Almanca Bran\u015f Didakti\u011fi, \u0130kinci Dil olarak Almanca ve K\u00fclt\u00fcrleraras\u0131 E\u011fitim alanlar\u0131nda Z\u00fcrih Pedagoji \u00dcniversitesi\u2019nde uzun s\u00fcreli \u00fcniversite hocas\u0131 olarak g\u00f6rev yapm\u0131\u015f ve \u00e7ok say\u0131da okul ve ders kitab\u0131n\u0131n yazar\u0131d\u0131r. Tiran \u00dcniversitesi&#8217;nde yapt\u0131\u011f\u0131 \u00e7al\u0131\u015fmalar (Alman Filolojisi, Pedagoji, Etnoloji) ve Arnavut\u00e7a&#8217;daki ikinci doktora \u00e7al\u0131\u015fmalar\u0131 sayesinde, ana dil e\u011fitiminin ne kadar karma\u015f\u0131k oldu\u011funun fark\u0131ndayd\u0131. Bu alanda sahip oldu\u011fu derin bilgi birikimini, Z\u00fcrih Kantonu\u2019ndaki Arnavut HSU \u00f6\u011fretmenleri i\u00e7in uzun y\u0131llar boyunca g\u00f6n\u00fcll\u00fc olarak y\u00fcr\u00fctt\u00fc\u011f\u00fc destek \u00e7al\u0131\u015fmalar\u0131na da bor\u00e7ludur. K\u00fclt\u00fcrleraras\u0131 dil \u00f6\u011fretimi alan\u0131nda uzman olarak, ana dil e\u011fitimi i\u00e7in ders materyalleri hususunda katk\u0131da bulunabilecek geni\u015f bir uzman a\u011f\u0131na sahiptir.<\/p>\n","protected":false},"excerpt":{"rendered":"<p>&nbsp; &nbsp; The IPE Ana dil e\u011fitimi i\u00e7in ders materyalleri serisi, Z\u00fcrih Pedagoji \u00dcniversitesi\u2019nin Uluslararas\u0131 E\u011fitim Merkezi (International Projects in Education -IPE) taraf\u0131ndan koordine edilerek bir\u00e7ok yazar\u0131n, e\u011fitim uzman\u0131n\u0131n ve \u00f6\u011fretmenin birlikte \u00e7al\u0131\u015fmas\u0131 sonucu meydana gelmi\u015ftir. IPE pedagojik kalk\u0131nma i\u015fbirli\u011fi alan\u0131nda \u00f6zellikle Do\u011fu Avrupa, Balkanlar, Asya ve Afrika\u2019da aktiftir. Pedagojik \u00dcniversite\u2019nin bir par\u00e7as\u0131 olarak, IPE, [&hellip;]<\/p>\n","protected":false},"author":1,"featured_media":7649,"parent":7644,"menu_order":0,"comment_status":"closed","ping_status":"closed","template":"page-full.php","meta":[],"yoast_head":"<!-- This site is optimized with the Yoast SEO plugin v17.0 - https:\/\/yoast.com\/wordpress\/plugins\/seo\/ -->\n<meta name=\"robots\" content=\"index, follow, max-snippet:-1, max-image-preview:large, max-video-preview:-1\" \/>\n<link rel=\"canonical\" href=\"https:\/\/myheritagelanguage.com\/tr\/about\/about-us\/\" \/>\n<meta property=\"og:locale\" content=\"tr_TR\" \/>\n<meta property=\"og:type\" content=\"article\" \/>\n<meta property=\"og:title\" content=\"Hakk\u0131m\u0131zda | HLT\" \/>\n<meta property=\"og:description\" content=\"&nbsp; &nbsp; The IPE Ana dil e\u011fitimi i\u00e7in ders materyalleri serisi, Z\u00fcrih Pedagoji \u00dcniversitesi\u2019nin Uluslararas\u0131 E\u011fitim Merkezi (International Projects in Education -IPE) taraf\u0131ndan koordine edilerek bir\u00e7ok yazar\u0131n, e\u011fitim uzman\u0131n\u0131n ve \u00f6\u011fretmenin birlikte \u00e7al\u0131\u015fmas\u0131 sonucu meydana gelmi\u015ftir. IPE pedagojik kalk\u0131nma i\u015fbirli\u011fi alan\u0131nda \u00f6zellikle Do\u011fu Avrupa, Balkanlar, Asya ve Afrika\u2019da aktiftir. Pedagojik \u00dcniversite\u2019nin bir par\u00e7as\u0131 olarak, IPE, [&hellip;]\" \/>\n<meta property=\"og:url\" content=\"https:\/\/myheritagelanguage.com\/tr\/about\/about-us\/\" \/>\n<meta property=\"og:site_name\" content=\"HLT\" \/>\n<meta property=\"article:modified_time\" content=\"2025-04-24T09:26:14+00:00\" \/>\n<meta property=\"og:image\" content=\"https:\/\/myheritagelanguage.com\/wp-content\/uploads\/2018\/07\/5I3A9272-Kopie.jpg\" \/>\n\t<meta property=\"og:image:width\" content=\"1200\" \/>\n\t<meta property=\"og:image:height\" content=\"474\" \/>\n<meta name=\"twitter:card\" content=\"summary\" \/>\n<meta name=\"twitter:label1\" content=\"Tahmini okuma s\u00fcresi\" \/>\n\t<meta name=\"twitter:data1\" content=\"2 dakika\" \/>\n<script type=\"application\/ld+json\" class=\"yoast-schema-graph\">{\"@context\":\"https:\/\/schema.org\",\"@graph\":[{\"@type\":\"WebSite\",\"@id\":\"https:\/\/myheritagelanguage.com\/tr\/#website\",\"url\":\"https:\/\/myheritagelanguage.com\/tr\/\",\"name\":\"HLT\",\"description\":\"Heritage Language Teaching\",\"potentialAction\":[{\"@type\":\"SearchAction\",\"target\":{\"@type\":\"EntryPoint\",\"urlTemplate\":\"https:\/\/myheritagelanguage.com\/tr\/?s={search_term_string}\"},\"query-input\":\"required name=search_term_string\"}],\"inLanguage\":\"tr\"},{\"@type\":\"ImageObject\",\"@id\":\"https:\/\/myheritagelanguage.com\/tr\/about\/about-us\/#primaryimage\",\"inLanguage\":\"tr\",\"url\":\"https:\/\/myheritagelanguage.com\/wp-content\/uploads\/2018\/07\/5I3A9272-Kopie.jpg\",\"contentUrl\":\"https:\/\/myheritagelanguage.com\/wp-content\/uploads\/2018\/07\/5I3A9272-Kopie.jpg\",\"width\":1200,\"height\":474},{\"@type\":\"WebPage\",\"@id\":\"https:\/\/myheritagelanguage.com\/tr\/about\/about-us\/#webpage\",\"url\":\"https:\/\/myheritagelanguage.com\/tr\/about\/about-us\/\",\"name\":\"Hakk\\u0131m\\u0131zda | HLT\",\"isPartOf\":{\"@id\":\"https:\/\/myheritagelanguage.com\/tr\/#website\"},\"primaryImageOfPage\":{\"@id\":\"https:\/\/myheritagelanguage.com\/tr\/about\/about-us\/#primaryimage\"},\"datePublished\":\"2018-04-12T05:30:20+00:00\",\"dateModified\":\"2025-04-24T09:26:14+00:00\",\"breadcrumb\":{\"@id\":\"https:\/\/myheritagelanguage.com\/tr\/about\/about-us\/#breadcrumb\"},\"inLanguage\":\"tr\",\"potentialAction\":[{\"@type\":\"ReadAction\",\"target\":[\"https:\/\/myheritagelanguage.com\/tr\/about\/about-us\/\"]}]},{\"@type\":\"BreadcrumbList\",\"@id\":\"https:\/\/myheritagelanguage.com\/tr\/about\/about-us\/#breadcrumb\",\"itemListElement\":[{\"@type\":\"ListItem\",\"position\":1,\"name\":\"Home\",\"item\":\"https:\/\/myheritagelanguage.com\/tr\/\"},{\"@type\":\"ListItem\",\"position\":2,\"name\":\"Hakkimizda\",\"item\":\"https:\/\/myheritagelanguage.com\/tr\/about\/\"},{\"@type\":\"ListItem\",\"position\":3,\"name\":\"Hakk\\u0131m\\u0131zda\"}]}]}<\/script>\n<!-- \/ Yoast SEO plugin. -->","yoast_head_json":{"robots":{"index":"index","follow":"follow","max-snippet":"max-snippet:-1","max-image-preview":"max-image-preview:large","max-video-preview":"max-video-preview:-1"},"canonical":"https:\/\/myheritagelanguage.com\/tr\/about\/about-us\/","og_locale":"tr_TR","og_type":"article","og_title":"Hakk\u0131m\u0131zda | HLT","og_description":"&nbsp; &nbsp; The IPE Ana dil e\u011fitimi i\u00e7in ders materyalleri serisi, Z\u00fcrih Pedagoji \u00dcniversitesi\u2019nin Uluslararas\u0131 E\u011fitim Merkezi (International Projects in Education -IPE) taraf\u0131ndan koordine edilerek bir\u00e7ok yazar\u0131n, e\u011fitim uzman\u0131n\u0131n ve \u00f6\u011fretmenin birlikte \u00e7al\u0131\u015fmas\u0131 sonucu meydana gelmi\u015ftir. IPE pedagojik kalk\u0131nma i\u015fbirli\u011fi alan\u0131nda \u00f6zellikle Do\u011fu Avrupa, Balkanlar, Asya ve Afrika\u2019da aktiftir. Pedagojik \u00dcniversite\u2019nin bir par\u00e7as\u0131 olarak, IPE, [&hellip;]","og_url":"https:\/\/myheritagelanguage.com\/tr\/about\/about-us\/","og_site_name":"HLT","article_modified_time":"2025-04-24T09:26:14+00:00","og_image":[{"width":1200,"height":474,"url":"https:\/\/myheritagelanguage.com\/wp-content\/uploads\/2018\/07\/5I3A9272-Kopie.jpg","path":"\/home\/httpd\/vhosts\/myheritagelanguage.com\/httpdocs\/wp-content\/uploads\/2018\/07\/5I3A9272-Kopie.jpg","size":"full","id":7649,"alt":"","pixels":568800,"type":"image\/jpeg"}],"twitter_card":"summary","twitter_misc":{"Tahmini okuma s\u00fcresi":"2 dakika"},"schema":{"@context":"https:\/\/schema.org","@graph":[{"@type":"WebSite","@id":"https:\/\/myheritagelanguage.com\/tr\/#website","url":"https:\/\/myheritagelanguage.com\/tr\/","name":"HLT","description":"Heritage Language Teaching","potentialAction":[{"@type":"SearchAction","target":{"@type":"EntryPoint","urlTemplate":"https:\/\/myheritagelanguage.com\/tr\/?s={search_term_string}"},"query-input":"required name=search_term_string"}],"inLanguage":"tr"},{"@type":"ImageObject","@id":"https:\/\/myheritagelanguage.com\/tr\/about\/about-us\/#primaryimage","inLanguage":"tr","url":"https:\/\/myheritagelanguage.com\/wp-content\/uploads\/2018\/07\/5I3A9272-Kopie.jpg","contentUrl":"https:\/\/myheritagelanguage.com\/wp-content\/uploads\/2018\/07\/5I3A9272-Kopie.jpg","width":1200,"height":474},{"@type":"WebPage","@id":"https:\/\/myheritagelanguage.com\/tr\/about\/about-us\/#webpage","url":"https:\/\/myheritagelanguage.com\/tr\/about\/about-us\/","name":"Hakk\u0131m\u0131zda | HLT","isPartOf":{"@id":"https:\/\/myheritagelanguage.com\/tr\/#website"},"primaryImageOfPage":{"@id":"https:\/\/myheritagelanguage.com\/tr\/about\/about-us\/#primaryimage"},"datePublished":"2018-04-12T05:30:20+00:00","dateModified":"2025-04-24T09:26:14+00:00","breadcrumb":{"@id":"https:\/\/myheritagelanguage.com\/tr\/about\/about-us\/#breadcrumb"},"inLanguage":"tr","potentialAction":[{"@type":"ReadAction","target":["https:\/\/myheritagelanguage.com\/tr\/about\/about-us\/"]}]},{"@type":"BreadcrumbList","@id":"https:\/\/myheritagelanguage.com\/tr\/about\/about-us\/#breadcrumb","itemListElement":[{"@type":"ListItem","position":1,"name":"Home","item":"https:\/\/myheritagelanguage.com\/tr\/"},{"@type":"ListItem","position":2,"name":"Hakkimizda","item":"https:\/\/myheritagelanguage.com\/tr\/about\/"},{"@type":"ListItem","position":3,"name":"Hakk\u0131m\u0131zda"}]}]}},"_links":{"self":[{"href":"https:\/\/myheritagelanguage.com\/tr\/wp-json\/wp\/v2\/pages\/7669"}],"collection":[{"href":"https:\/\/myheritagelanguage.com\/tr\/wp-json\/wp\/v2\/pages"}],"about":[{"href":"https:\/\/myheritagelanguage.com\/tr\/wp-json\/wp\/v2\/types\/page"}],"author":[{"embeddable":true,"href":"https:\/\/myheritagelanguage.com\/tr\/wp-json\/wp\/v2\/users\/1"}],"replies":[{"embeddable":true,"href":"https:\/\/myheritagelanguage.com\/tr\/wp-json\/wp\/v2\/comments?post=7669"}],"version-history":[{"count":2,"href":"https:\/\/myheritagelanguage.com\/tr\/wp-json\/wp\/v2\/pages\/7669\/revisions"}],"predecessor-version":[{"id":17971,"href":"https:\/\/myheritagelanguage.com\/tr\/wp-json\/wp\/v2\/pages\/7669\/revisions\/17971"}],"up":[{"embeddable":true,"href":"https:\/\/myheritagelanguage.com\/tr\/wp-json\/wp\/v2\/pages\/7644"}],"wp:featuredmedia":[{"embeddable":true,"href":"https:\/\/myheritagelanguage.com\/tr\/wp-json\/wp\/v2\/media\/7649"}],"wp:attachment":[{"href":"https:\/\/myheritagelanguage.com\/tr\/wp-json\/wp\/v2\/media?parent=7669"}],"curies":[{"name":"wp","href":"https:\/\/api.w.org\/{rel}","templated":true}]}}